{"id":33713,"date":"2023-05-30T13:34:47","date_gmt":"2023-05-30T11:34:47","guid":{"rendered":"https:\/\/www.cermepos.com\/cash-automation-erweiterte-bargeldverarbeitung\/"},"modified":"2025-02-04T00:19:12","modified_gmt":"2025-02-03T23:19:12","slug":"cash-automation-erweiterte-bargeldverarbeitung","status":"publish","type":"page","link":"https:\/\/cermepos.com\/de\/cash-automation-erweiterte-bargeldverarbeitung\/","title":{"rendered":"Cash Automation, erweiterte Bargeldverarbeitung"},"content":{"rendered":"\t\t<div data-elementor-type=\"wp-page\" data-elementor-id=\"33713\" class=\"elementor elementor-33713 elementor-31000\">\n\t\t\t\t<div class=\"elementor-element elementor-element-bd8737c wd-section-stretch e-flex e-con-boxed e-con e-parent\" data-id=\"bd8737c\" data-element_type=\"container\" data-settings=\"{&quot;background_background&quot;:&quot;classic&quot;,&quot;shape_divider_bottom&quot;:&quot;wd_curved_line&quot;}\">\n\t\t\t\t\t<div class=\"e-con-inner\">\n\t\t\t\t<div class=\"elementor-shape elementor-shape-bottom\" aria-hidden=\"true\" data-negative=\"false\">\n\t\t\t<svg xmlns=\"http:\/\/www.w3.org\/2000\/svg\" class=\"wd-divider\" xmlns:xlink=\"http:\/\/www.w3.org\/1999\/xlink\" x=\"0px\" y=\"0px\"\n\t viewBox=\"0 0 100 100\" width=\"100%\" height=\"50px\" preserveAspectRatio=\"none\">\n<path class=\"elementor-shape-fill\" display=\"none\" d=\"M100,25.8V100H0V52.5c-4.9-6.8-9.5-13.8-15-19.7V101h125V20.9C106.3,22,103,23.7,100,25.8z\"\/>\n<path class=\"elementor-shape-fill\" d=\"M0,0v99c22-20.6,28.7-69.7,61.4-69.7c18.8,0,29.1,16.2,38.6,34V0L0,0z\"\/>\n<\/svg>\n\t\t<\/div>\n\t\t<div class=\"elementor-element elementor-element-060c6eb e-con-full e-flex e-con e-child\" data-id=\"060c6eb\" data-element_type=\"container\" data-settings=\"{&quot;background_background&quot;:&quot;video&quot;}\">\n\t\t\t\t<div class=\"elementor-element elementor-element-5d538fc elementor-widget elementor-widget-elementskit-heading\" data-id=\"5d538fc\" data-element_type=\"widget\" data-widget_type=\"elementskit-heading.default\">\n\t\t\t\t\t<div class=\"ekit-wid-con\" ><div class=\"ekit-heading elementskit-section-title-wraper text_center   ekit_heading_tablet-   ekit_heading_mobile-\">\t\t\t\t<span class='ekit-heading__shadow-text'>\n\t\t\t\t\tCermePOS\t\t\t\t<\/span>\n\t\t\t<h1 class=\"ekit-heading--title elementskit-section-title \"> <span><span>Cash Automation<\/span><\/span> <\/h1><\/div><\/div>\t\t\t\t<\/div>\n\t\t\t\t<div class=\"elementor-element elementor-element-4c2e8e2 color-scheme-inherit text-left elementor-widget elementor-widget-text-editor\" data-id=\"4c2e8e2\" data-element_type=\"widget\" data-widget_type=\"text-editor.default\">\n\t\t\t\t\t\t\t\t\t<p>Bargeldautomatisierung mit den Gory Machines. Der Umgang mit Bargeld in Ihrem Einzelhandel kann kostspielig sein und die Effizienz des Personals, die Gesch\u00e4ftsabl\u00e4ufe, die Hygiene und die Sicherheit beeintr\u00e4chtigen. Die Cash-Recycling-Systeme von Glory sind Teil der dynamischen CASHINFINITY\u2122-L\u00f6sung.<\/p>\n\t\t\t\t\t\t\t\t<\/div>\n\t\t\t\t<\/div>\n\t\t<div class=\"elementor-element elementor-element-42b682a e-con-full elementor-hidden-tablet elementor-hidden-mobile e-flex e-con e-child\" data-id=\"42b682a\" data-element_type=\"container\">\n\t\t\t\t<\/div>\n\t\t\t\t\t<\/div>\n\t\t\t\t<\/div>\n\t\t<div class=\"elementor-element elementor-element-f17d3e8 wd-section-stretch e-flex e-con-boxed e-con e-parent\" data-id=\"f17d3e8\" data-element_type=\"container\">\n\t\t\t\t\t<div class=\"e-con-inner\">\n\t\t<div class=\"elementor-element elementor-element-2ee7b85 e-con-full e-flex e-con e-child\" data-id=\"2ee7b85\" data-element_type=\"container\">\n\t\t\t\t<div class=\"elementor-element elementor-element-b3e5152 elementor-widget elementor-widget-wd_text_block\" data-id=\"b3e5152\" data-element_type=\"widget\" data-widget_type=\"wd_text_block.default\">\n\t\t\t\t<div class=\"elementor-widget-container\">\n\t\t\t\t\t\t\t<div class=\"wd-text-block reset-last-child text-left\">\n\t\t\t\n\t\t\t<h2 style=\"text-align: left;\">Bargeld-Automatisierung<\/h2><p style=\"text-align: left;\">Wenn Cash Automation-L\u00f6sungen in unser POS-System integriert werden, wird die Bargeldbearbeitung automatisiert, da die Glory CASHINFINITY\u2122-Automaten die Einziehung und ordnungsgem\u00e4\u00dfe Auszahlung des Wechselgeldes \u00fcbernehmen. Das Risiko von Kassenfehlern oder Betrug wird minimiert und sowohl die Hygiene als auch die Produktivit\u00e4t verbessert.<\/p><p style=\"text-align: center;\"><span style=\"color: #000080;\"><strong>Gut zu wissen, dass alle Glory-Automaten auf Falschgeld gepr\u00fcft werden!<\/strong><\/span><\/p><p><strong>Glory Machine - CI-10X<br \/><\/strong>Der gro\u00dfe Bruder des CI-5X, dieser Geldwechselautomat wird auf dem Boden aufgestellt. Das Fassungsverm\u00f6gen reicht f\u00fcr bis zu 600 Transaktionen, bevor Sie die Geldkassette leeren oder nachf\u00fcllen m\u00fcssen.<\/p>\n\t\t\t\t\t<\/div>\n\t\t\t\t\t\t<\/div>\n\t\t\t\t<\/div>\n\t\t\t\t<div class=\"elementor-element elementor-element-388cde0 color-scheme-inherit text-left elementor-widget elementor-widget-text-editor\" data-id=\"388cde0\" data-element_type=\"widget\" data-widget_type=\"text-editor.default\">\n\t\t\t\t\t\t\t\t\t<p><strong>Glory Machine &#8211; CI-5X<br \/><\/strong>Dieser Geldautomat wird in Gesch\u00e4ften mit hohem Bargeldaufkommen eingesetzt, wie z.B. in Fast Food, B\u00e4ckereien oder Superm\u00e4rkten. Es ist von begrenzter Gr\u00f6\u00dfe und nimmt wenig Platz ein. <span style=\"background-color: var(--wd-main-bgcolor); color: var(--wd-text-color); font-size: 18px;\">Kapazit\u00e4t: durchschnittlich 200 Transaktionen, bevor Sie die Geldkassette nachf\u00fcllen oder leeren m\u00fcssen.<\/span><\/p>\n\t\t\t\t\t\t\t\t<\/div>\n\t\t\t\t<div class=\"elementor-element elementor-element-ebe38bd elementor-widget elementor-widget-wd_text_block\" data-id=\"ebe38bd\" data-element_type=\"widget\" data-widget_type=\"wd_text_block.default\">\n\t\t\t\t<div class=\"elementor-widget-container\">\n\t\t\t\t\t\t\t<div class=\"wd-text-block reset-last-child text-left\">\n\t\t\t\n\t\t\t<p><strong>Glory Machine - CI-10X<br \/><\/strong>Der gro\u00dfe Bruder des CI-5X, dieser Geldwechselautomat wird auf dem Boden aufgestellt. Das Fassungsverm\u00f6gen reicht f\u00fcr bis zu 600 Transaktionen, bevor Sie die Geldkassette leeren oder nachf\u00fcllen m\u00fcssen.<\/p>\n\t\t\t\t\t<\/div>\n\t\t\t\t\t\t<\/div>\n\t\t\t\t<\/div>\n\t\t\t\t<div class=\"elementor-element elementor-element-44accac elementor-widget elementor-widget-wd_text_block\" data-id=\"44accac\" data-element_type=\"widget\" data-widget_type=\"wd_text_block.default\">\n\t\t\t\t<div class=\"elementor-widget-container\">\n\t\t\t\t\t\t\t<div class=\"wd-text-block reset-last-child text-left\">\n\t\t\t\n\t\t\t<p><strong>Glory Machine - CI-50<br><\/strong>Geeignet u.a. f\u00fcr einen Gro\u00dfmarkt, wo gro\u00dfe Bargeldbetr\u00e4ge schnell gez\u00e4hlt und auf Falschgeld \u00fcberpr\u00fcft werden m\u00fcssen. Kapazit\u00e4t, bevor Sie die Geldkassette nachf\u00fcllen oder leeren m\u00fcssen, 1.200 Transaktionen.<\/p>\n\t\t\t\t\t<\/div>\n\t\t\t\t\t\t<\/div>\n\t\t\t\t<\/div>\n\t\t\t\t<\/div>\n\t\t<div class=\"elementor-element elementor-element-a8504e2 e-con-full e-flex e-con e-child\" data-id=\"a8504e2\" data-element_type=\"container\">\n\t\t\t\t<div class=\"elementor-element elementor-element-f9f9029 elementor-widget__width-initial elementor-widget elementor-widget-wd_text_block\" data-id=\"f9f9029\" data-element_type=\"widget\" data-widget_type=\"wd_text_block.default\">\n\t\t\t\t<div class=\"elementor-widget-container\">\n\t\t\t\t\t\t\t<div class=\"wd-text-block reset-last-child text-left\">\n\t\t\t\n\t\t\t<p style=\"margin: 0cm; margin-bottom: .0001pt;\"><strong>Sicherheit<\/strong><\/p><p style=\"margin: 0cm; margin-bottom: .0001pt;\">\u00dcberpr\u00fcfung auf Falschgeld, Z\u00e4hlung und Umtausch. Sie wissen jederzeit auf den Cent genau, wie viel Bargeld vorhanden ist. Auf diese Daten kann \u00fcber die CermePOS-Cloud-Umgebung zugegriffen werden.<\/p><p style=\"margin: 0cm; margin-bottom: .0001pt;\"> <\/p><p style=\"margin: 0cm; margin-bottom: .0001pt;\"><b>Ende des Tages <\/b><\/p><p style=\"margin: 0cm; margin-bottom: .0001pt;\">Bei Tagesabschluss oder Kassiererwechsel ist die Bargeldformatierung eine Frage des Knopfdrucks. Sie brauchen sich keine Sorgen zu machen, es wird alles stimmen, bis auf den letzten Pfennig!<\/p><p style=\"margin: 0cm; margin-bottom: .0001pt;\"><strong> <\/strong><\/p><p style=\"margin: 0cm; margin-bottom: .0001pt;\"><strong>Hygiene <\/strong><\/p><p style=\"margin: 0cm; margin-bottom: .0001pt;\">Geld wechselt h\u00e4ufig den Besitzer und kommt mit verschiedenen Oberfl\u00e4chen in Ber\u00fchrung, wodurch es zu einem Reservoir f\u00fcr Mikroorganismen, einschlie\u00dflich Bakterien, werden kann. Mit einem Geldwechselautomaten von Glory erh\u00f6hen Sie die Hygiene f\u00fcr sich und Ihre Mitarbeiter.<\/p>\n\t\t\t\t\t<\/div>\n\t\t\t\t\t\t<\/div>\n\t\t\t\t<\/div>\n\t\t\t\t<div class=\"elementor-element elementor-element-4dec279 elementor-widget elementor-widget-wd_products_tabs\" data-id=\"4dec279\" data-element_type=\"widget\" data-widget_type=\"wd_products_tabs.default\">\n\t\t\t\t<div class=\"elementor-widget-container\">\n\t\t\t\t\t\t\t<div class=\"wd-tabs wd-products-tabs tabs-design-default\">\n\t\t\t<div class=\"wd-tabs-header text-center\">\n\t\t\t\t\n\t\t\t\t\n\t\t\t\t<div class=\"wd-nav-wrapper wd-nav-tabs-wrapper tabs-navigation-wrapper\">\n\n\t\t\t\t\t<ul class=\"wd-nav wd-nav-tabs products-tabs-title wd-style-underline wd-icon-pos-top\">\n\t\t\t\t\t\t\t\t\t\t\t\t\t\n\t\t\t\t\t\t\t<li data-atts=\"{&quot;layout&quot;:&quot;grid&quot;,&quot;pagination&quot;:&quot;&quot;,&quot;pagination_arrows_position&quot;:null,&quot;items_per_page&quot;:12,&quot;spacing&quot;:&quot;10&quot;,&quot;spacing_tablet&quot;:&quot;&quot;,&quot;spacing_mobile&quot;:&quot;&quot;,&quot;columns&quot;:{&quot;unit&quot;:&quot;px&quot;,&quot;size&quot;:3,&quot;sizes&quot;:[]},&quot;products_masonry&quot;:&quot;&quot;,&quot;products_different_sizes&quot;:&quot;&quot;,&quot;product_quantity&quot;:&quot;&quot;,&quot;product_hover&quot;:&quot;inherit&quot;,&quot;sale_countdown&quot;:&quot;0&quot;,&quot;stretch_product_tablet&quot;:0,&quot;stretch_product_mobile&quot;:0,&quot;stock_progress_bar&quot;:&quot;0&quot;,&quot;highlighted_products&quot;:0,&quot;products_divider&quot;:null,&quot;products_bordered_grid&quot;:&quot;&quot;,&quot;products_bordered_grid_style&quot;:null,&quot;products_with_background&quot;:&quot;0&quot;,&quot;products_shadow&quot;:&quot;&quot;,&quot;products_color_scheme&quot;:&quot;default&quot;,&quot;img_size&quot;:&quot;woodmart_shop_catalog_x2&quot;,&quot;elementor&quot;:true,&quot;sync_parent_id&quot;:null,&quot;slides_per_view&quot;:null,&quot;scroll_per_page&quot;:null,&quot;center_mode&quot;:null,&quot;wrap&quot;:null,&quot;autoheight&quot;:null,&quot;autoplay&quot;:null,&quot;speed&quot;:null,&quot;scroll_carousel_init&quot;:null,&quot;disable_overflow_carousel&quot;:null,&quot;hide_prev_next_buttons&quot;:null,&quot;carousel_arrows_position&quot;:null,&quot;hide_pagination_control&quot;:null,&quot;dynamic_pagination_control&quot;:null,&quot;hide_scrollbar&quot;:null,&quot;carousel_sync&quot;:null,&quot;sync_child_id&quot;:null,&quot;img_size_custom&quot;:null,&quot;stretch_product&quot;:null,&quot;grid_gallery&quot;:&quot;&quot;,&quot;grid_gallery_control&quot;:null,&quot;grid_gallery_enable_arrows&quot;:null,&quot;lazy_loading&quot;:&quot;no&quot;,&quot;post_type&quot;:&quot;ids&quot;,&quot;include&quot;:[&quot;31134&quot;,&quot;31208&quot;,&quot;31213&quot;],&quot;taxonomies&quot;:null,&quot;ajax_recently_viewed&quot;:null,&quot;orderby&quot;:&quot;&quot;,&quot;offset&quot;:null,&quot;query_type&quot;:&quot;OR&quot;,&quot;order&quot;:null,&quot;hide_out_of_stock&quot;:&quot;no&quot;,&quot;meta_key&quot;:null,&quot;exclude&quot;:null}\" class=\" wd-active\">\n\t\t\t\t\t\t\t\t<a href=\"#\" class=\"wd-nav-link\">\n\t\t\t\t\t\t\t\t\t\n\t\t\t\t\t\t\t\t\t<span class=\"tab-label nav-link-text\">\n\t\t\t\t\t\t\t\t\t\tBargeldlose Verwaltung\t\t\t\t\t\t\t\t\t<\/span>\n\t\t\t\t\t\t\t\t<\/a>\n\t\t\t\t\t\t\t<\/li>\n\t\t\t\t\t\t\t\t\t\t\t<\/ul>\n\t\t\t\t<\/div>\n\t\t\t<\/div>\n\n\t\t\t\t\t\t\t\t\t\t\t\t<div class=\"wd-tabs-content-wrapper\">\n\t\t\t\t\t<div class=\"wd-sticky-loader\"><span class=\"wd-loader\"><\/span><\/div>\n\t\t\t\t\n\t\t\t\t\t\t\t<div class=\"wd-products-element wd-tab-content wd-active wd-in\">\n\n\t\t\t\n\t\t\t\n\t\t\t\n\t\t\t\n\t\t\t<div class=\"products wd-products grid-columns-3 elements-grid title-line-one wd-grid-g\" data-paged=\"1\" data-atts=\"{&quot;speed&quot;:null,&quot;slides_per_view&quot;:null,&quot;wrap&quot;:null,&quot;autoplay&quot;:null,&quot;autoheight&quot;:null,&quot;hide_pagination_control&quot;:null,&quot;dynamic_pagination_control&quot;:null,&quot;hide_prev_next_buttons&quot;:null,&quot;carousel_arrows_position&quot;:null,&quot;hide_scrollbar&quot;:null,&quot;scroll_per_page&quot;:null,&quot;center_mode&quot;:null,&quot;post_type&quot;:&quot;ids&quot;,&quot;spacing&quot;:&quot;10&quot;,&quot;carousel_sync&quot;:null,&quot;sync_parent_id&quot;:null,&quot;sync_child_id&quot;:null,&quot;scroll_carousel_init&quot;:null,&quot;disable_overflow_carousel&quot;:null,&quot;include&quot;:[&quot;31134&quot;,&quot;31208&quot;,&quot;31213&quot;],&quot;taxonomies&quot;:null,&quot;offset&quot;:null,&quot;order&quot;:null,&quot;meta_key&quot;:null,&quot;exclude&quot;:null,&quot;ajax_recently_viewed&quot;:null,&quot;pagination_arrows_position&quot;:null,&quot;columns&quot;:{&quot;unit&quot;:&quot;px&quot;,&quot;size&quot;:3,&quot;sizes&quot;:[]},&quot;products_masonry&quot;:&quot;&quot;,&quot;products_different_sizes&quot;:&quot;&quot;,&quot;product_quantity&quot;:&quot;&quot;,&quot;sale_countdown&quot;:&quot;0&quot;,&quot;stretch_product&quot;:null,&quot;stock_progress_bar&quot;:&quot;0&quot;,&quot;products_divider&quot;:null,&quot;products_bordered_grid&quot;:&quot;&quot;,&quot;products_bordered_grid_style&quot;:null,&quot;products_with_background&quot;:&quot;0&quot;,&quot;products_shadow&quot;:&quot;&quot;,&quot;img_size&quot;:&quot;woodmart_shop_catalog_x2&quot;,&quot;img_size_custom&quot;:null,&quot;grid_gallery_control&quot;:null,&quot;grid_gallery_enable_arrows&quot;:null,&quot;force_not_ajax&quot;:&quot;no&quot;,&quot;wrapper_classes&quot;:&quot; wd-tab-content wd-active wd-in&quot;,&quot;elementor&quot;:true}\" data-source=\"shortcode\" data-columns=\"3\" data-grid-gallery=\"\" style=\"--wd-col-lg:3;--wd-col-md:3;--wd-col-sm:2;--wd-gap-lg:10px;\">\n\t\t\n\t\t\t\t\t\t\t\t<div class=\"wd-product wd-hover-tiled wd-col product-grid-item product type-product post-34465 status-publish instock product_cat-bargeld-automatisierung product_cat-hardware-kassensysteme has-post-thumbnail shipping-taxable product-type-simple\" data-loop=\"1\" data-id=\"34465\">\n\t\t\t\t\n\t\n<div class=\"product-wrapper\">\n\t<div class=\"product-element-top wd-quick-shop\">\n\t\t<a href=\"https:\/\/cermepos.com\/de\/oplossing\/glory-machine-ci-10x\/\" class=\"product-image-link\" tabindex=\"-1\" aria-label=\"Ruhmesmaschine &#8211; CI-10X\">\n\t\t\t<img decoding=\"async\" width=\"600\" height=\"600\" src=\"https:\/\/cermepos.com\/wp-content\/uploads\/2023\/06\/ci10X-hero-680x970-desktop-600x600.png\" class=\"attachment-woodmart_shop_catalog_x2 size-woodmart_shop_catalog_x2\" alt=\"\" srcset=\"https:\/\/cermepos.com\/wp-content\/uploads\/2023\/06\/ci10X-hero-680x970-desktop-600x600.png 600w, https:\/\/cermepos.com\/wp-content\/uploads\/2023\/06\/ci10X-hero-680x970-desktop-300x300.png 300w, https:\/\/cermepos.com\/wp-content\/uploads\/2023\/06\/ci10X-hero-680x970-desktop-1024x1024.png 1024w, https:\/\/cermepos.com\/wp-content\/uploads\/2023\/06\/ci10X-hero-680x970-desktop-150x150.png 150w, https:\/\/cermepos.com\/wp-content\/uploads\/2023\/06\/ci10X-hero-680x970-desktop-768x768.png 768w, https:\/\/cermepos.com\/wp-content\/uploads\/2023\/06\/ci10X-hero-680x970-desktop-1536x1536.png 1536w, https:\/\/cermepos.com\/wp-content\/uploads\/2023\/06\/ci10X-hero-680x970-desktop-800x800.png 800w, https:\/\/cermepos.com\/wp-content\/uploads\/2023\/06\/ci10X-hero-680x970-desktop.png 2048w\" sizes=\"(max-width: 600px) 100vw, 600px\" \/>\t\t<\/a>\n\n\t\t\n\t\t<div class=\"wd-buttons wd-pos-r-t\">\n\t\t\t\t\t\t<div class=\"wd-add-btn wd-action-btn wd-style-icon wd-add-cart-icon\"><\/div>\n\t\t\t\t\t\t\t\t\t\t\t<\/div>\n\t<\/div>\n\n\t<div class=\"product-element-bottom\">\n\t\t<h3 class=\"wd-entities-title\"><a href=\"https:\/\/cermepos.com\/de\/oplossing\/glory-machine-ci-10x\/\">Ruhmesmaschine &#8211; CI-10X<\/a><\/h3>\t\t\t\t\t\t\t\t\t\t\n\n\t\t\n\t\t\t\t\n\t\t\t<\/div>\n<\/div>\n<\/div>\n\t\t\t\t\t\t\t\t<div class=\"wd-product wd-hover-tiled wd-col product-grid-item product type-product post-34467 status-publish instock product_cat-bargeld-automatisierung product_cat-hardware-kassensysteme has-post-thumbnail shipping-taxable product-type-simple\" data-loop=\"2\" data-id=\"34467\">\n\t\t\t\t\n\t\n<div class=\"product-wrapper\">\n\t<div class=\"product-element-top wd-quick-shop\">\n\t\t<a href=\"https:\/\/cermepos.com\/de\/oplossing\/ruhm-maschine-ci-5\/\" class=\"product-image-link\" tabindex=\"-1\" aria-label=\"Ruhmesmaschine &#8211; CI-5\">\n\t\t\t<img decoding=\"async\" width=\"600\" height=\"600\" src=\"https:\/\/cermepos.com\/wp-content\/uploads\/2023\/06\/glory-CI-5-products-and-service-hero-detail_desktop-600x600.png\" class=\"attachment-woodmart_shop_catalog_x2 size-woodmart_shop_catalog_x2\" alt=\"\" srcset=\"https:\/\/cermepos.com\/wp-content\/uploads\/2023\/06\/glory-CI-5-products-and-service-hero-detail_desktop-600x600.png 600w, https:\/\/cermepos.com\/wp-content\/uploads\/2023\/06\/glory-CI-5-products-and-service-hero-detail_desktop-300x300.png 300w, https:\/\/cermepos.com\/wp-content\/uploads\/2023\/06\/glory-CI-5-products-and-service-hero-detail_desktop-1024x1024.png 1024w, https:\/\/cermepos.com\/wp-content\/uploads\/2023\/06\/glory-CI-5-products-and-service-hero-detail_desktop-150x150.png 150w, https:\/\/cermepos.com\/wp-content\/uploads\/2023\/06\/glory-CI-5-products-and-service-hero-detail_desktop-768x768.png 768w, https:\/\/cermepos.com\/wp-content\/uploads\/2023\/06\/glory-CI-5-products-and-service-hero-detail_desktop-1536x1536.png 1536w, https:\/\/cermepos.com\/wp-content\/uploads\/2023\/06\/glory-CI-5-products-and-service-hero-detail_desktop-800x800.png 800w, https:\/\/cermepos.com\/wp-content\/uploads\/2023\/06\/glory-CI-5-products-and-service-hero-detail_desktop.png 2048w\" sizes=\"(max-width: 600px) 100vw, 600px\" \/>\t\t<\/a>\n\n\t\t\n\t\t<div class=\"wd-buttons wd-pos-r-t\">\n\t\t\t\t\t\t<div class=\"wd-add-btn wd-action-btn wd-style-icon wd-add-cart-icon\"><\/div>\n\t\t\t\t\t\t\t\t\t\t\t<\/div>\n\t<\/div>\n\n\t<div class=\"product-element-bottom\">\n\t\t<h3 class=\"wd-entities-title\"><a href=\"https:\/\/cermepos.com\/de\/oplossing\/ruhm-maschine-ci-5\/\">Ruhmesmaschine &#8211; CI-5<\/a><\/h3>\t\t\t\t\t\t\t\t\t\t\n\n\t\t\n\t\t\t\t\n\t\t\t<\/div>\n<\/div>\n<\/div>\n\t\t\t\t\t\t\t\t<div class=\"wd-product wd-hover-tiled wd-col product-grid-item product type-product post-34464 status-publish last instock product_cat-bargeld-automatisierung product_cat-hardware-kassensysteme has-post-thumbnail shipping-taxable product-type-simple\" data-loop=\"3\" data-id=\"34464\">\n\t\t\t\t\n\t\n<div class=\"product-wrapper\">\n\t<div class=\"product-element-top wd-quick-shop\">\n\t\t<a href=\"https:\/\/cermepos.com\/de\/oplossing\/ruhm-maschine-ci-50\/\" class=\"product-image-link\" tabindex=\"-1\" aria-label=\"Ruhmesmaschine &#8211; CI-50\">\n\t\t\t<img decoding=\"async\" width=\"600\" height=\"600\" src=\"https:\/\/cermepos.com\/wp-content\/uploads\/2023\/06\/ci-50-backoffice-hero-detail-desktop-600x600.png\" class=\"attachment-woodmart_shop_catalog_x2 size-woodmart_shop_catalog_x2\" alt=\"\" srcset=\"https:\/\/cermepos.com\/wp-content\/uploads\/2023\/06\/ci-50-backoffice-hero-detail-desktop-600x600.png 600w, https:\/\/cermepos.com\/wp-content\/uploads\/2023\/06\/ci-50-backoffice-hero-detail-desktop-300x300.png 300w, https:\/\/cermepos.com\/wp-content\/uploads\/2023\/06\/ci-50-backoffice-hero-detail-desktop-1024x1024.png 1024w, https:\/\/cermepos.com\/wp-content\/uploads\/2023\/06\/ci-50-backoffice-hero-detail-desktop-150x150.png 150w, https:\/\/cermepos.com\/wp-content\/uploads\/2023\/06\/ci-50-backoffice-hero-detail-desktop-768x768.png 768w, https:\/\/cermepos.com\/wp-content\/uploads\/2023\/06\/ci-50-backoffice-hero-detail-desktop-1536x1536.png 1536w, https:\/\/cermepos.com\/wp-content\/uploads\/2023\/06\/ci-50-backoffice-hero-detail-desktop-800x800.png 800w, https:\/\/cermepos.com\/wp-content\/uploads\/2023\/06\/ci-50-backoffice-hero-detail-desktop.png 2048w\" sizes=\"(max-width: 600px) 100vw, 600px\" \/>\t\t<\/a>\n\n\t\t\n\t\t<div class=\"wd-buttons wd-pos-r-t\">\n\t\t\t\t\t\t<div class=\"wd-add-btn wd-action-btn wd-style-icon wd-add-cart-icon\"><\/div>\n\t\t\t\t\t\t\t\t\t\t\t<\/div>\n\t<\/div>\n\n\t<div class=\"product-element-bottom\">\n\t\t<h3 class=\"wd-entities-title\"><a href=\"https:\/\/cermepos.com\/de\/oplossing\/ruhm-maschine-ci-50\/\">Ruhmesmaschine &#8211; CI-50<\/a><\/h3>\t\t\t\t\t\t\t\t\t\t\n\n\t\t\n\t\t\t\t\n\t\t\t<\/div>\n<\/div>\n<\/div>\n\t\t\n\t\t\t\t<\/div>\n\t\n\t\t\n\t\t\n\t\t\t\t\t<\/div>\n\t\t\n\t\t\n\t\t\t\t\t<\/div>\n\t\t\t\t\t\t\t\t\t<\/div>\n\t\t\t\t\t\t<\/div>\n\t\t\t\t<\/div>\n\t\t\t\t<\/div>\n\t\t\t\t\t<\/div>\n\t\t\t\t<\/div>\n\t\t\t\t<\/div>\n\t\t","protected":false},"excerpt":{"rendered":"<p>CermePOS Cash Automation Bargeldautomatisierung mit den Gory Machines. Der Umgang mit Bargeld in Ihrem Einzelhandel kann kostspielig sein und die<\/p>\n","protected":false},"author":3,"featured_media":0,"parent":0,"menu_order":0,"comment_status":"closed","ping_status":"closed","template":"","meta":{"footnotes":""},"class_list":["post-33713","page","type-page","status-publish","hentry"],"brizy_media":[],"_links":{"self":[{"href":"https:\/\/cermepos.com\/de\/wp-json\/wp\/v2\/pages\/33713","targetHints":{"allow":["GET"]}}],"collection":[{"href":"https:\/\/cermepos.com\/de\/wp-json\/wp\/v2\/pages"}],"about":[{"href":"https:\/\/cermepos.com\/de\/wp-json\/wp\/v2\/types\/page"}],"author":[{"embeddable":true,"href":"https:\/\/cermepos.com\/de\/wp-json\/wp\/v2\/users\/3"}],"replies":[{"embeddable":true,"href":"https:\/\/cermepos.com\/de\/wp-json\/wp\/v2\/comments?post=33713"}],"version-history":[{"count":3,"href":"https:\/\/cermepos.com\/de\/wp-json\/wp\/v2\/pages\/33713\/revisions"}],"predecessor-version":[{"id":36374,"href":"https:\/\/cermepos.com\/de\/wp-json\/wp\/v2\/pages\/33713\/revisions\/36374"}],"wp:attachment":[{"href":"https:\/\/cermepos.com\/de\/wp-json\/wp\/v2\/media?parent=33713"}],"curies":[{"name":"wp","href":"https:\/\/api.w.org\/{rel}","templated":true}]}}