{"id":33743,"date":"2019-05-23T05:10:04","date_gmt":"2019-05-23T03:10:04","guid":{"rendered":"https:\/\/www.cermepos.com\/shop-automatisierung\/"},"modified":"2023-06-26T18:29:28","modified_gmt":"2023-06-26T16:29:28","slug":"shop-automatisierung","status":"publish","type":"page","link":"https:\/\/cermepos.com\/de\/shop-automatisierung\/","title":{"rendered":"Shop-Automatisierung"},"content":{"rendered":"\t\t<div data-elementor-type=\"wp-post\" data-elementor-id=\"33743\" class=\"elementor elementor-33743 elementor-12962\">\n\t\t\t\t<div class=\"elementor-element elementor-element-a076c1a wd-section-stretch e-flex e-con-boxed e-con e-parent\" data-id=\"a076c1a\" data-element_type=\"container\" data-e-type=\"container\" data-settings=\"{&quot;background_background&quot;:&quot;classic&quot;,&quot;shape_divider_bottom&quot;:&quot;wd_sweet_wave&quot;}\">\n\t\t\t\t\t<div class=\"e-con-inner\">\n\t\t\t\t<div class=\"elementor-shape elementor-shape-bottom\" aria-hidden=\"true\" data-negative=\"false\">\n\t\t\t<svg width=\"100%\" height=\"50px\" viewBox=\"0 0 1920 80\" xmlns=\"http:\/\/www.w3.org\/2000\/svg\" class=\"wd-divider\" preserveAspectRatio=\"none\">\n<path class=\"elementor-shape-fill\" d=\"M1920,60s-169.5,20-510,20S850.5,20,510,20,0,60,0,60V0H1920Z\" \/>\n<\/svg>\n\t\t<\/div>\n\t\t<div class=\"elementor-element elementor-element-c4b42af e-con-full e-flex e-con e-parent\" data-id=\"c4b42af\" data-element_type=\"container\" data-e-type=\"container\">\n\t\t<div class=\"elementor-element elementor-element-546c7c6 e-con-full e-flex e-con e-parent\" data-id=\"546c7c6\" data-element_type=\"container\" data-e-type=\"container\">\n\t\t<div class=\"elementor-element elementor-element-1fbe351 e-con-full e-flex e-con e-parent\" data-id=\"1fbe351\" data-element_type=\"container\" data-e-type=\"container\">\n\t\t\t\t<div class=\"elementor-element elementor-element-3030c0f wd-width-100 elementor-widget elementor-widget-wd_title\" data-id=\"3030c0f\" data-element_type=\"widget\" data-e-type=\"widget\" data-widget_type=\"wd_title.default\">\n\t\t\t\t<div class=\"elementor-widget-container\">\n\t\t\t\t\t\t\t<div class=\"title-wrapper wd-set-mb reset-last-child wd-title-color-white wd-title-style-underlined wd-title-size-default text-left\">\n\n\t\t\t\t\t\t\t\t\t\t\t<div class=\"title-subtitle subtitle-color-white subtitle-style-background wd-fontsize-xs\">\n\t\t\t\t\tCermePOS Kassensoftware\t\t\t\t<\/div>\n\t\t\t\n\t\t\t<div class=\"liner-continer\">\n\t\t\t\t<h4 class=\"woodmart-title-container title wd-fontsize-l\">Shop-Automatisierung mit CermePOS<\/h4> \n\t\t\t\t\t\t\t<\/div>\n\n\t\t\t\t\t\t\t<div class=\"title-after_title reset-last-child wd-fontsize-xs\">\n\t\t\t\t\t<p>Filialautomatisierung mit CermePOS, einem hochmodernen System, das Ihr Gesch\u00e4ft im Handumdrehen profitabel macht. Sie sind der Konkurrenz immer einen Schritt voraus. Mit CermePOS k\u00f6nnen Sie Ihr Gesch\u00e4ft verwalten, den Bestand kontrollieren und den Umsatz steigern.<\/p><p>Es funktioniert mit Barcodes: So k\u00f6nnen Sie an der Kasse viel Zeit sparen und Ihren Kunden einen besseren Service bieten. Sie vermeiden Fehler bei der Preiseingabe und die Unterschlagung von Geld durch Kassierer.<\/p><p>So haben Sie zu jeder Tageszeit einen \u00dcberblick \u00fcber Ihren Umsatz und den genauen Betrag in jeder Kasse! Mit wenigen Klicks k\u00f6nnen Sie Ihr Inventar und die Liste der Bestellungen ausdrucken.<\/p><p>Und es ist auch sehr einfach zu bedienen. Ihre Mitarbeiter k\u00f6nnen dies in wenigen Stunden erledigen, auch ohne Computerkenntnisse. CermePOS ist bekannt f\u00fcr seine Einfachheit, Genauigkeit und Schnelligkeit: unverzichtbar f\u00fcr eine bessere Verwaltung Ihres Gesch\u00e4fts.<\/p><p>CermePOS ist NMI-zertifiziert und hat daher eine Zulassungsnummer. CermePOS kann somit direkt mit einer integrierten Kassenwaage verbunden werden.<\/p>\t\t\t\t<\/div>\n\t\t\t\t\t<\/div>\n\t\t\t\t\t\t<\/div>\n\t\t\t\t<\/div>\n\t\t\t\t<\/div>\n\t\t\t\t<\/div>\n\t\t\t\t<\/div>\n\t\t<div class=\"elementor-element elementor-element-058a1f0 e-con-full e-flex e-con e-parent\" data-id=\"058a1f0\" data-element_type=\"container\" data-e-type=\"container\">\n\t\t\t\t\t<link rel=\"stylesheet\" id=\"wd-mod-animations-keyframes-css\" href=\"https:\/\/cermepos.com\/wp-content\/themes\/woodmart\/css\/parts\/mod-animations-keyframes.min.css?ver=8.4.1\" type=\"text\/css\" media=\"all\" \/> \t\t\t\t\t<div class=\"elementor-element elementor-element-e20742a elementor-invisible elementor-widget elementor-widget-image\" data-id=\"e20742a\" data-element_type=\"widget\" data-e-type=\"widget\" data-settings=\"{&quot;_animation&quot;:&quot;slideInRight&quot;}\" data-widget_type=\"image.default\">\n\t\t\t\t\t\t\t\t\t\t\t\t\t\t\t<img decoding=\"async\" src=\"https:\/\/www.cermepos.com\/wp-content\/uploads\/2019\/05\/cerme-pos-software-hardware-solutions.jpg\" title=\"\" alt=\"\" loading=\"lazy\" \/>\t\t\t\t\t\t\t\t\t\t\t\t\t\t\t<\/div>\n\t\t\t\t<\/div>\n\t\t\t\t\t<\/div>\n\t\t\t\t<\/div>\n\t\t\t\t<\/div>\n\t\t","protected":false},"excerpt":{"rendered":"<p>CermePOS Kassensoftware Shop-Automatisierung mit CermePOS Filialautomatisierung mit CermePOS, einem hochmodernen System, das Ihr Gesch\u00e4ft im Handumdrehen profitabel macht. Sie sind<\/p>\n","protected":false},"author":1,"featured_media":0,"parent":0,"menu_order":0,"comment_status":"closed","ping_status":"closed","template":"","meta":{"footnotes":""},"class_list":["post-33743","page","type-page","status-publish","hentry"],"brizy_media":[],"_links":{"self":[{"href":"https:\/\/cermepos.com\/de\/wp-json\/wp\/v2\/pages\/33743","targetHints":{"allow":["GET"]}}],"collection":[{"href":"https:\/\/cermepos.com\/de\/wp-json\/wp\/v2\/pages"}],"about":[{"href":"https:\/\/cermepos.com\/de\/wp-json\/wp\/v2\/types\/page"}],"author":[{"embeddable":true,"href":"https:\/\/cermepos.com\/de\/wp-json\/wp\/v2\/users\/1"}],"replies":[{"embeddable":true,"href":"https:\/\/cermepos.com\/de\/wp-json\/wp\/v2\/comments?post=33743"}],"version-history":[{"count":0,"href":"https:\/\/cermepos.com\/de\/wp-json\/wp\/v2\/pages\/33743\/revisions"}],"wp:attachment":[{"href":"https:\/\/cermepos.com\/de\/wp-json\/wp\/v2\/media?parent=33743"}],"curies":[{"name":"wp","href":"https:\/\/api.w.org\/{rel}","templated":true}]}}