{"id":33811,"date":"2023-04-04T14:25:48","date_gmt":"2023-04-04T12:25:48","guid":{"rendered":"https:\/\/www.cermepos.com\/feinkost-pos-system-software\/"},"modified":"2025-02-04T00:00:30","modified_gmt":"2025-02-03T23:00:30","slug":"feinkost-pos-system-software","status":"publish","type":"page","link":"https:\/\/cermepos.com\/de\/feinkost-pos-system-software\/","title":{"rendered":"Feinkost-POS-System, Software"},"content":{"rendered":"\t\t<div data-elementor-type=\"wp-page\" data-elementor-id=\"33811\" class=\"elementor elementor-33811 elementor-27610\">\n\t\t\t\t<div class=\"elementor-element elementor-element-75ee205 wd-section-stretch e-flex e-con-boxed e-con e-parent\" data-id=\"75ee205\" data-element_type=\"container\" data-settings=\"{&quot;background_background&quot;:&quot;video&quot;,&quot;background_video_link&quot;:&quot;https:\\\/\\\/www.cermepos.com\\\/wp-content\\\/uploads\\\/2023\\\/05\\\/delicatessen-cashier-klanten.mp4&quot;,&quot;shape_divider_bottom&quot;:&quot;wd_curved_line&quot;}\">\n\t\t\t\t\t<div class=\"e-con-inner\">\n\t\t<div class=\"elementor-background-video-container elementor-hidden-mobile\" aria-hidden=\"true\">\n\t\t\t\t\t\t\t<video class=\"elementor-background-video-hosted\" autoplay muted playsinline loop><\/video>\n\t\t\t\t\t<\/div>\t\t<div class=\"elementor-shape elementor-shape-bottom\" aria-hidden=\"true\" data-negative=\"false\">\n\t\t\t<svg xmlns=\"http:\/\/www.w3.org\/2000\/svg\" class=\"wd-divider\" xmlns:xlink=\"http:\/\/www.w3.org\/1999\/xlink\" x=\"0px\" y=\"0px\"\n\t viewBox=\"0 0 100 100\" width=\"100%\" height=\"50px\" preserveAspectRatio=\"none\">\n<path class=\"elementor-shape-fill\" display=\"none\" d=\"M100,25.8V100H0V52.5c-4.9-6.8-9.5-13.8-15-19.7V101h125V20.9C106.3,22,103,23.7,100,25.8z\"\/>\n<path class=\"elementor-shape-fill\" d=\"M0,0v99c22-20.6,28.7-69.7,61.4-69.7c18.8,0,29.1,16.2,38.6,34V0L0,0z\"\/>\n<\/svg>\n\t\t<\/div>\n\t\t<div class=\"elementor-element elementor-element-9a79be8 e-con-full e-flex e-con e-child\" data-id=\"9a79be8\" data-element_type=\"container\" data-settings=\"{&quot;background_background&quot;:&quot;video&quot;}\">\n\t\t\t\t<div class=\"elementor-element elementor-element-3da3f97 elementor-widget elementor-widget-wd_text_block\" data-id=\"3da3f97\" data-element_type=\"widget\" data-widget_type=\"wd_text_block.default\">\n\t\t\t\t<div class=\"elementor-widget-container\">\n\t\t\t\t\t\t\t<div class=\"wd-text-block reset-last-child text-left\">\n\t\t\t\n\t\t\t<h2>POS-System f\u00fcr Feinkostgesch\u00e4fte<\/h2><p>Delikatessen wie feine K\u00e4sesorten, Schokolade, Tr\u00fcffel und exklusive Weine werden oft als Luxusartikel angesehen und in Fachgesch\u00e4ften verkauft. Diese Produkte werden nach Gewicht oder als abgepackte Einheit verkauft. Mit CermePOS Feinkost k\u00f6nnen Sie blitzschnell vorverpacken. Wenn Sie vorverpacken, m\u00fcssen Sie eine Liste der Zutaten und\/oder Allergene vorlegen. Dies geschieht in der Regel durch Kennzeichnung des Produkts. Dieses Barcode-Etikett beschleunigt und vereinfacht den Kassiervorgang. Durch das Einscannen eines Strichcodes werden die Fehler der manuellen Eingabe vermieden.<\/p>\n\t\t\t\t\t<\/div>\n\t\t\t\t\t\t<\/div>\n\t\t\t\t<\/div>\n\t\t\t\t<\/div>\n\t\t<div class=\"elementor-element elementor-element-995b042 e-con-full elementor-hidden-tablet elementor-hidden-mobile e-flex e-con e-child\" data-id=\"995b042\" data-element_type=\"container\">\n\t\t\t\t<div class=\"elementor-element elementor-element-13637e7 elementor-widget elementor-widget-elementskit-heading\" data-id=\"13637e7\" data-element_type=\"widget\" data-widget_type=\"elementskit-heading.default\">\n\t\t\t\t\t<div class=\"ekit-wid-con\" ><div class=\"ekit-heading elementskit-section-title-wraper text_center   ekit_heading_tablet-   ekit_heading_mobile-\">\t\t\t\t<span class='ekit-heading__shadow-text'>\n\t\t\t\t\tCermePOS\t\t\t\t<\/span>\n\t\t\t<h1 class=\"ekit-heading--title elementskit-section-title \">POS-System <span><span>Delicatesse<\/span><\/span> Gesch\u00e4fte  <\/h1><\/div><\/div>\t\t\t\t<\/div>\n\t\t\t\t<\/div>\n\t\t\t\t\t<\/div>\n\t\t\t\t<\/div>\n\t\t<div class=\"elementor-element elementor-element-0ef7c2b wd-section-stretch e-flex e-con-boxed e-con e-parent\" data-id=\"0ef7c2b\" data-element_type=\"container\">\n\t\t\t\t\t<div class=\"e-con-inner\">\n\t\t<div class=\"elementor-element elementor-element-6446954 e-con-full e-flex e-con e-child\" data-id=\"6446954\" data-element_type=\"container\">\n\t\t\t\t<div class=\"elementor-element elementor-element-812e8ad elementor-widget elementor-widget-wd_text_block\" data-id=\"812e8ad\" data-element_type=\"widget\" data-widget_type=\"wd_text_block.default\">\n\t\t\t\t<div class=\"elementor-widget-container\">\n\t\t\t\t\t\t\t<div class=\"wd-text-block reset-last-child text-left\">\n\t\t\t\n\t\t\t<p><strong>Extra Profit, Bulk zu marktf\u00e4higen Anteilen<\/strong><\/p><p>Das Umpacken von loser Ware in verkaufsf\u00e4hige Portionen ist eine g\u00e4ngige Methode des Einzelhandels, um zus\u00e4tzliche Gewinne zu erzielen. Dieser Prozess kann zeitaufw\u00e4ndig sein, da eine Portion mit Preis, Gewicht, Zutaten und Allergenen gekennzeichnet werden muss.<\/p><p>Zum Gl\u00fcck hat die Cermepos-Waage eine praktische Funktion. Stellen Sie einfach den Preis pro Gramm ein, schalten Sie den Umpackmodus ein und sobald Sie die Portion von der Waage nehmen, wird automatisch ein Barcode-Etikett gedruckt.<\/p><p><img decoding=\"async\" class=\" wd-lazy-fade alignnone size-medium wp-image-32323\" src=\"https:\/\/cermepos.com\/wp-content\/themes\/woodmart\/images\/lazy.svg\" data-src=\"https:\/\/www.cermepos.com\/wp-content\/uploads\/2023\/06\/delicatessen-300x169.jpg\" alt=\"Delikatessen-Kassensystem\" width=\"300\" height=\"169\" srcset=\"\" data-srcset=\"https:\/\/cermepos.com\/wp-content\/uploads\/2023\/06\/delicatessen-300x169.jpg 300w, https:\/\/cermepos.com\/wp-content\/uploads\/2023\/06\/delicatessen-1024x576.jpg 1024w, https:\/\/cermepos.com\/wp-content\/uploads\/2023\/06\/delicatessen-768x432.jpg 768w, https:\/\/cermepos.com\/wp-content\/uploads\/2023\/06\/delicatessen-1536x864.jpg 1536w, https:\/\/cermepos.com\/wp-content\/uploads\/2023\/06\/delicatessen-2048x1152.jpg 2048w, https:\/\/cermepos.com\/wp-content\/uploads\/2023\/06\/delicatessen-20x11.jpg 20w, https:\/\/cermepos.com\/wp-content\/uploads\/2023\/06\/delicatessen-800x450.jpg 800w, https:\/\/cermepos.com\/wp-content\/uploads\/2023\/06\/delicatessen-150x84.jpg 150w\" sizes=\"(max-width: 300px) 100vw, 300px\" \/><\/p><p>Mit intelligenter Software zus\u00e4tzliche Gewinne erzielen? <span style=\"font-size: 18px; background-color: var(--wd-main-bgcolor); color: var(--wd-text-color);\">Informieren Sie sich gemeinsam mit Ihrem POS-Berater.<\/span><\/p>\n\t\t\t\t\t<\/div>\n\t\t\t\t\t\t<\/div>\n\t\t\t\t<\/div>\n\t\t\t\t<\/div>\n\t\t<div class=\"elementor-element elementor-element-21e5002 e-con-full e-flex e-con e-child\" data-id=\"21e5002\" data-element_type=\"container\">\n\t\t\t\t<div class=\"elementor-element elementor-element-01e28ce color-scheme-inherit text-left elementor-widget elementor-widget-text-editor\" data-id=\"01e28ce\" data-element_type=\"widget\" data-widget_type=\"text-editor.default\">\n\t\t\t\t\t\t\t\t\t<p><strong>Wiegen <\/strong><\/p>\n<p>Es gibt drei Optionen: den Wintec <a href=\"https:\/\/www.cermepos.com\/oplossing\/wintec-s100-weegschaal\/\">S100<\/a>, <a href=\"https:\/\/www.cermepos.com\/oplossing\/wintec-s300-kassa-weegschaal-en-kassabon-printer-in-een\/\">S300<\/a> oder <a href=\"https:\/\/www.cermepos.com\/oplossing\/wintec-s500\/\">S500<\/a>. M\u00f6chten Sie nur wiegen und ein Barcode-Etikett drucken? Die <a href=\"https:\/\/www.cermepos.com\/oplossing\/wintec-s100-weegschaal\/\">S100<\/a> erf\u00fcllt diese Anforderungen. Kein Barcode-Etikett, aber Wiegen und Kassieren? Die Entscheidung f\u00fcr einen <a href=\"https:\/\/www.cermepos.com\/oplossing\/wintec-s300-kassa-weegschaal-en-kassabon-printer-in-een\/\">S300<\/a> ist eine gute Entscheidung. Sie wollen eine All-in-One-L\u00f6sung, Waage, Barcode-Etikettendrucker, Registrierkasse und Belegdrucker in einem Ger\u00e4t? Der Wintec <a href=\"https:\/\/www.cermepos.com\/oplossing\/wintec-s500\/\">S500<\/a> ist die Antwort, dieses Arbeitstier wird Sie nicht im Stich lassen.<\/p>\n\t\t\t\t\t\t\t\t<\/div>\n\t\t\t\t<div class=\"elementor-element elementor-element-228e440 elementor-widget elementor-widget-wd_products_tabs\" data-id=\"228e440\" data-element_type=\"widget\" data-widget_type=\"wd_products_tabs.default\">\n\t\t\t\t<div class=\"elementor-widget-container\">\n\t\t\t\t\t\t\t<div class=\"wd-tabs wd-products-tabs tabs-design-default\">\n\t\t\t<div class=\"wd-tabs-header text-center\">\n\t\t\t\t\n\t\t\t\t\n\t\t\t\t<div class=\"wd-nav-wrapper wd-nav-tabs-wrapper tabs-navigation-wrapper\">\n\n\t\t\t\t\t<ul class=\"wd-nav wd-nav-tabs products-tabs-title wd-style-underline wd-icon-pos-top\">\n\t\t\t\t\t\t\t\t\t\t\t\t\t\n\t\t\t\t\t\t\t<li data-atts=\"{&quot;layout&quot;:&quot;grid&quot;,&quot;pagination&quot;:&quot;&quot;,&quot;pagination_arrows_position&quot;:null,&quot;items_per_page&quot;:12,&quot;spacing&quot;:&quot;10&quot;,&quot;spacing_tablet&quot;:&quot;&quot;,&quot;spacing_mobile&quot;:&quot;&quot;,&quot;columns&quot;:{&quot;unit&quot;:&quot;px&quot;,&quot;size&quot;:3,&quot;sizes&quot;:[]},&quot;products_masonry&quot;:&quot;&quot;,&quot;products_different_sizes&quot;:&quot;&quot;,&quot;product_quantity&quot;:&quot;&quot;,&quot;product_hover&quot;:&quot;inherit&quot;,&quot;sale_countdown&quot;:&quot;0&quot;,&quot;stretch_product_tablet&quot;:0,&quot;stretch_product_mobile&quot;:0,&quot;stock_progress_bar&quot;:&quot;0&quot;,&quot;highlighted_products&quot;:0,&quot;products_divider&quot;:null,&quot;products_bordered_grid&quot;:&quot;&quot;,&quot;products_bordered_grid_style&quot;:null,&quot;products_with_background&quot;:&quot;0&quot;,&quot;products_shadow&quot;:&quot;&quot;,&quot;products_color_scheme&quot;:&quot;default&quot;,&quot;img_size&quot;:&quot;woodmart_shop_catalog_x2&quot;,&quot;elementor&quot;:true,&quot;sync_parent_id&quot;:null,&quot;slides_per_view&quot;:null,&quot;scroll_per_page&quot;:null,&quot;center_mode&quot;:null,&quot;wrap&quot;:null,&quot;autoheight&quot;:null,&quot;autoplay&quot;:null,&quot;speed&quot;:null,&quot;scroll_carousel_init&quot;:null,&quot;disable_overflow_carousel&quot;:null,&quot;hide_prev_next_buttons&quot;:null,&quot;carousel_arrows_position&quot;:null,&quot;hide_pagination_control&quot;:null,&quot;dynamic_pagination_control&quot;:null,&quot;hide_scrollbar&quot;:null,&quot;carousel_sync&quot;:null,&quot;sync_child_id&quot;:null,&quot;img_size_custom&quot;:null,&quot;stretch_product&quot;:null,&quot;grid_gallery&quot;:&quot;&quot;,&quot;grid_gallery_control&quot;:null,&quot;grid_gallery_enable_arrows&quot;:null,&quot;lazy_loading&quot;:&quot;no&quot;,&quot;post_type&quot;:&quot;ids&quot;,&quot;include&quot;:[&quot;28625&quot;,&quot;28621&quot;,&quot;28615&quot;],&quot;taxonomies&quot;:null,&quot;ajax_recently_viewed&quot;:null,&quot;orderby&quot;:&quot;&quot;,&quot;offset&quot;:null,&quot;query_type&quot;:&quot;OR&quot;,&quot;order&quot;:null,&quot;hide_out_of_stock&quot;:&quot;no&quot;,&quot;meta_key&quot;:null,&quot;exclude&quot;:null}\" class=\" wd-active\">\n\t\t\t\t\t\t\t\t<a href=\"#\" class=\"wd-nav-link\">\n\t\t\t\t\t\t\t\t\t\n\t\t\t\t\t\t\t\t\t<span class=\"tab-label nav-link-text\">\n\t\t\t\t\t\t\t\t\t\tSkalen\t\t\t\t\t\t\t\t\t<\/span>\n\t\t\t\t\t\t\t\t<\/a>\n\t\t\t\t\t\t\t<\/li>\n\t\t\t\t\t\t\t\t\t\t\t<\/ul>\n\t\t\t\t<\/div>\n\t\t\t<\/div>\n\n\t\t\t\t\t\t\t\t\t\t\t\t<div class=\"wd-tabs-content-wrapper\">\n\t\t\t\t\t<div class=\"wd-sticky-loader\"><span class=\"wd-loader\"><\/span><\/div>\n\t\t\t\t\n\t\t\t\t\t\t\t<div class=\"wd-products-element wd-tab-content wd-active wd-in\">\n\n\t\t\t\n\t\t\t\n\t\t\t\n\t\t\t\n\t\t\t<div class=\"products wd-products grid-columns-3 elements-grid title-line-one wd-grid-g\" data-paged=\"1\" data-atts=\"{&quot;speed&quot;:null,&quot;slides_per_view&quot;:null,&quot;wrap&quot;:null,&quot;autoplay&quot;:null,&quot;autoheight&quot;:null,&quot;hide_pagination_control&quot;:null,&quot;dynamic_pagination_control&quot;:null,&quot;hide_prev_next_buttons&quot;:null,&quot;carousel_arrows_position&quot;:null,&quot;hide_scrollbar&quot;:null,&quot;scroll_per_page&quot;:null,&quot;center_mode&quot;:null,&quot;post_type&quot;:&quot;ids&quot;,&quot;spacing&quot;:&quot;10&quot;,&quot;carousel_sync&quot;:null,&quot;sync_parent_id&quot;:null,&quot;sync_child_id&quot;:null,&quot;scroll_carousel_init&quot;:null,&quot;disable_overflow_carousel&quot;:null,&quot;include&quot;:[&quot;28625&quot;,&quot;28621&quot;,&quot;28615&quot;],&quot;taxonomies&quot;:null,&quot;offset&quot;:null,&quot;order&quot;:null,&quot;meta_key&quot;:null,&quot;exclude&quot;:null,&quot;ajax_recently_viewed&quot;:null,&quot;pagination_arrows_position&quot;:null,&quot;columns&quot;:{&quot;unit&quot;:&quot;px&quot;,&quot;size&quot;:3,&quot;sizes&quot;:[]},&quot;products_masonry&quot;:&quot;&quot;,&quot;products_different_sizes&quot;:&quot;&quot;,&quot;product_quantity&quot;:&quot;&quot;,&quot;sale_countdown&quot;:&quot;0&quot;,&quot;stretch_product&quot;:null,&quot;stock_progress_bar&quot;:&quot;0&quot;,&quot;products_divider&quot;:null,&quot;products_bordered_grid&quot;:&quot;&quot;,&quot;products_bordered_grid_style&quot;:null,&quot;products_with_background&quot;:&quot;0&quot;,&quot;products_shadow&quot;:&quot;&quot;,&quot;img_size&quot;:&quot;woodmart_shop_catalog_x2&quot;,&quot;img_size_custom&quot;:null,&quot;grid_gallery_control&quot;:null,&quot;grid_gallery_enable_arrows&quot;:null,&quot;force_not_ajax&quot;:&quot;no&quot;,&quot;wrapper_classes&quot;:&quot; wd-tab-content wd-active wd-in&quot;,&quot;elementor&quot;:true}\" data-source=\"shortcode\" data-columns=\"3\" data-grid-gallery=\"\" style=\"--wd-col-lg:3;--wd-col-md:3;--wd-col-sm:2;--wd-gap-lg:10px;\">\n\t\t\n\t\t\t\t\t\t\t\t<div class=\"wd-product wd-hover-tiled wd-col product-grid-item product type-product post-34550 status-publish instock product_cat-skalen has-post-thumbnail shipping-taxable product-type-simple\" data-loop=\"1\" data-id=\"34550\">\n\t\t\t\t\n\t\n<div class=\"product-wrapper\">\n\t<div class=\"product-element-top wd-quick-shop\">\n\t\t<a href=\"https:\/\/cermepos.com\/de\/oplossing\/wintec-s100-waage\/\" class=\"product-image-link\" tabindex=\"-1\" aria-label=\"Wintec S100 Waage\">\n\t\t\t<img decoding=\"async\" width=\"600\" height=\"600\" src=\"https:\/\/cermepos.com\/wp-content\/uploads\/2023\/04\/wintec-s100-600x600.png\" class=\"attachment-woodmart_shop_catalog_x2 size-woodmart_shop_catalog_x2\" alt=\"\" srcset=\"https:\/\/cermepos.com\/wp-content\/uploads\/2023\/04\/wintec-s100-600x600.png 600w, https:\/\/cermepos.com\/wp-content\/uploads\/2023\/04\/wintec-s100-300x300.png 300w, https:\/\/cermepos.com\/wp-content\/uploads\/2023\/04\/wintec-s100-1024x1024.png 1024w, https:\/\/cermepos.com\/wp-content\/uploads\/2023\/04\/wintec-s100-150x150.png 150w, https:\/\/cermepos.com\/wp-content\/uploads\/2023\/04\/wintec-s100-768x768.png 768w, https:\/\/cermepos.com\/wp-content\/uploads\/2023\/04\/wintec-s100-1536x1536.png 1536w, https:\/\/cermepos.com\/wp-content\/uploads\/2023\/04\/wintec-s100-800x800.png 800w, https:\/\/cermepos.com\/wp-content\/uploads\/2023\/04\/wintec-s100-500x500.png 500w, https:\/\/cermepos.com\/wp-content\/uploads\/2023\/04\/wintec-s100.png 2048w\" sizes=\"(max-width: 600px) 100vw, 600px\" \/>\t\t<\/a>\n\n\t\t\n\t\t<div class=\"wd-buttons wd-pos-r-t\">\n\t\t\t\t\t\t<div class=\"wd-add-btn wd-action-btn wd-style-icon wd-add-cart-icon\"><\/div>\n\t\t\t\t\t\t\t\t\t\t\t<\/div>\n\t<\/div>\n\n\t<div class=\"product-element-bottom\">\n\t\t<h3 class=\"wd-entities-title\"><a href=\"https:\/\/cermepos.com\/de\/oplossing\/wintec-s100-waage\/\">Wintec S100 Waage<\/a><\/h3>\t\t\t\t\t\t\t\t\t\t\n\n\t\t\n\t\t\t\t\n\t\t\t<\/div>\n<\/div>\n<\/div>\n\t\t\t\t\t\t\t\t<div class=\"wd-product wd-hover-tiled wd-col product-grid-item product type-product post-34543 status-publish instock product_cat-skalen has-post-thumbnail shipping-taxable product-type-simple\" data-loop=\"2\" data-id=\"34543\">\n\t\t\t\t\n\t\n<div class=\"product-wrapper\">\n\t<div class=\"product-element-top wd-quick-shop\">\n\t\t<a href=\"https:\/\/cermepos.com\/de\/oplossing\/wintec-s300-pos-waage-und-bon-drucker-in-einem\/\" class=\"product-image-link\" tabindex=\"-1\" aria-label=\"Wintec S300, Kassenwaage und Bondrucker in einem\">\n\t\t\t<img decoding=\"async\" width=\"600\" height=\"600\" src=\"https:\/\/cermepos.com\/wp-content\/uploads\/2023\/04\/wintec-s300-600x600.png\" class=\"attachment-woodmart_shop_catalog_x2 size-woodmart_shop_catalog_x2\" alt=\"\" srcset=\"https:\/\/cermepos.com\/wp-content\/uploads\/2023\/04\/wintec-s300-600x600.png 600w, https:\/\/cermepos.com\/wp-content\/uploads\/2023\/04\/wintec-s300-300x300.png 300w, https:\/\/cermepos.com\/wp-content\/uploads\/2023\/04\/wintec-s300-1024x1024.png 1024w, https:\/\/cermepos.com\/wp-content\/uploads\/2023\/04\/wintec-s300-150x150.png 150w, https:\/\/cermepos.com\/wp-content\/uploads\/2023\/04\/wintec-s300-768x768.png 768w, https:\/\/cermepos.com\/wp-content\/uploads\/2023\/04\/wintec-s300-1536x1536.png 1536w, https:\/\/cermepos.com\/wp-content\/uploads\/2023\/04\/wintec-s300-800x800.png 800w, https:\/\/cermepos.com\/wp-content\/uploads\/2023\/04\/wintec-s300-500x500.png 500w, https:\/\/cermepos.com\/wp-content\/uploads\/2023\/04\/wintec-s300.png 2048w\" sizes=\"(max-width: 600px) 100vw, 600px\" \/>\t\t<\/a>\n\n\t\t\n\t\t<div class=\"wd-buttons wd-pos-r-t\">\n\t\t\t\t\t\t<div class=\"wd-add-btn wd-action-btn wd-style-icon wd-add-cart-icon\"><\/div>\n\t\t\t\t\t\t\t\t\t\t\t<\/div>\n\t<\/div>\n\n\t<div class=\"product-element-bottom\">\n\t\t<h3 class=\"wd-entities-title\"><a href=\"https:\/\/cermepos.com\/de\/oplossing\/wintec-s300-pos-waage-und-bon-drucker-in-einem\/\">Wintec S300, Kassenwaage und Bondrucker in einem<\/a><\/h3>\t\t\t\t\t\t\t\t\t\t\n\n\t\t\n\t\t\t\t\n\t\t\t<\/div>\n<\/div>\n<\/div>\n\t\t\t\t\t\t\t\t<div class=\"wd-product wd-hover-tiled wd-col product-grid-item product type-product post-34547 status-publish last instock product_cat-skalen has-post-thumbnail shipping-taxable product-type-simple\" data-loop=\"3\" data-id=\"34547\">\n\t\t\t\t\n\t\n<div class=\"product-wrapper\">\n\t<div class=\"product-element-top wd-quick-shop\">\n\t\t<a href=\"https:\/\/cermepos.com\/de\/oplossing\/wintec-s500-scalepos\/\" class=\"product-image-link\" tabindex=\"-1\" aria-label=\"Wintec S500 Scalepos\">\n\t\t\t<img decoding=\"async\" width=\"600\" height=\"600\" src=\"https:\/\/cermepos.com\/wp-content\/uploads\/2023\/04\/acs-s500-weegschaal-600x600.png\" class=\"attachment-woodmart_shop_catalog_x2 size-woodmart_shop_catalog_x2\" alt=\"\" srcset=\"https:\/\/cermepos.com\/wp-content\/uploads\/2023\/04\/acs-s500-weegschaal-600x600.png 600w, https:\/\/cermepos.com\/wp-content\/uploads\/2023\/04\/acs-s500-weegschaal-300x300.png 300w, https:\/\/cermepos.com\/wp-content\/uploads\/2023\/04\/acs-s500-weegschaal-1024x1024.png 1024w, https:\/\/cermepos.com\/wp-content\/uploads\/2023\/04\/acs-s500-weegschaal-150x150.png 150w, https:\/\/cermepos.com\/wp-content\/uploads\/2023\/04\/acs-s500-weegschaal-768x768.png 768w, https:\/\/cermepos.com\/wp-content\/uploads\/2023\/04\/acs-s500-weegschaal-1536x1536.png 1536w, https:\/\/cermepos.com\/wp-content\/uploads\/2023\/04\/acs-s500-weegschaal-800x800.png 800w, https:\/\/cermepos.com\/wp-content\/uploads\/2023\/04\/acs-s500-weegschaal-500x500.png 500w, https:\/\/cermepos.com\/wp-content\/uploads\/2023\/04\/acs-s500-weegschaal.png 2048w\" sizes=\"(max-width: 600px) 100vw, 600px\" \/>\t\t<\/a>\n\n\t\t\n\t\t<div class=\"wd-buttons wd-pos-r-t\">\n\t\t\t\t\t\t<div class=\"wd-add-btn wd-action-btn wd-style-icon wd-add-cart-icon\"><\/div>\n\t\t\t\t\t\t\t\t\t\t\t<\/div>\n\t<\/div>\n\n\t<div class=\"product-element-bottom\">\n\t\t<h3 class=\"wd-entities-title\"><a href=\"https:\/\/cermepos.com\/de\/oplossing\/wintec-s500-scalepos\/\">Wintec S500 Scalepos<\/a><\/h3>\t\t\t\t\t\t\t\t\t\t\n\n\t\t\n\t\t\t\t\n\t\t\t<\/div>\n<\/div>\n<\/div>\n\t\t\n\t\t\t\t<\/div>\n\t\n\t\t\n\t\t\n\t\t\t\t\t<\/div>\n\t\t\n\t\t\n\t\t\t\t\t<\/div>\n\t\t\t\t\t\t\t\t\t<\/div>\n\t\t\t\t\t\t<\/div>\n\t\t\t\t<\/div>\n\t\t\t\t<\/div>\n\t\t\t\t\t<\/div>\n\t\t\t\t<\/div>\n\t\t\t\t<\/div>\n\t\t","protected":false},"excerpt":{"rendered":"<p>POS-System f\u00fcr Feinkostgesch\u00e4fte Delikatessen wie feine K\u00e4sesorten, Schokolade, Tr\u00fcffel und exklusive Weine werden oft als Luxusartikel angesehen und in Fachgesch\u00e4ften<\/p>\n","protected":false},"author":1,"featured_media":0,"parent":0,"menu_order":0,"comment_status":"closed","ping_status":"closed","template":"","meta":{"footnotes":""},"class_list":["post-33811","page","type-page","status-publish","hentry"],"brizy_media":[],"_links":{"self":[{"href":"https:\/\/cermepos.com\/de\/wp-json\/wp\/v2\/pages\/33811","targetHints":{"allow":["GET"]}}],"collection":[{"href":"https:\/\/cermepos.com\/de\/wp-json\/wp\/v2\/pages"}],"about":[{"href":"https:\/\/cermepos.com\/de\/wp-json\/wp\/v2\/types\/page"}],"author":[{"embeddable":true,"href":"https:\/\/cermepos.com\/de\/wp-json\/wp\/v2\/users\/1"}],"replies":[{"embeddable":true,"href":"https:\/\/cermepos.com\/de\/wp-json\/wp\/v2\/comments?post=33811"}],"version-history":[{"count":6,"href":"https:\/\/cermepos.com\/de\/wp-json\/wp\/v2\/pages\/33811\/revisions"}],"predecessor-version":[{"id":36320,"href":"https:\/\/cermepos.com\/de\/wp-json\/wp\/v2\/pages\/33811\/revisions\/36320"}],"wp:attachment":[{"href":"https:\/\/cermepos.com\/de\/wp-json\/wp\/v2\/media?parent=33811"}],"curies":[{"name":"wp","href":"https:\/\/api.w.org\/{rel}","templated":true}]}}