{"id":33832,"date":"2019-05-21T00:11:48","date_gmt":"2019-05-20T22:11:48","guid":{"rendered":"https:\/\/www.cermepos.com\/hardware-fuer-registrierkassen\/"},"modified":"2023-06-20T13:21:04","modified_gmt":"2023-06-20T11:21:04","slug":"hardware-fuer-registrierkassen","status":"publish","type":"page","link":"https:\/\/cermepos.com\/de\/hardware-fuer-registrierkassen\/","title":{"rendered":"Hardware f\u00fcr Registrierkassen"},"content":{"rendered":"\t\t<div data-elementor-type=\"wp-post\" data-elementor-id=\"33832\" class=\"elementor elementor-33832 elementor-12844\">\n\t\t\t\t\t\t<section class=\"wd-negative-gap elementor-section elementor-top-section elementor-element elementor-element-afd05d9 elementor-section-boxed elementor-section-height-default elementor-section-height-default\" data-id=\"afd05d9\" data-element_type=\"section\" data-settings=\"{&quot;background_background&quot;:&quot;classic&quot;}\">\n\t\t\t\t\t\t<div class=\"elementor-container elementor-column-gap-default\">\n\t\t\t\t\t<div class=\"elementor-column elementor-col-50 elementor-top-column elementor-element elementor-element-bd06529\" data-id=\"bd06529\" data-element_type=\"column\" data-settings=\"{&quot;background_background&quot;:&quot;gradient&quot;}\">\n\t\t\t<div class=\"elementor-widget-wrap elementor-element-populated\">\n\t\t\t\t\t\t<div class=\"elementor-element elementor-element-1f82806 elementor-widget elementor-widget-spacer\" data-id=\"1f82806\" data-element_type=\"widget\" data-widget_type=\"spacer.default\">\n\t\t\t\t\t\t\t<div class=\"elementor-spacer\">\n\t\t\t<div class=\"elementor-spacer-inner\"><\/div>\n\t\t<\/div>\n\t\t\t\t\t\t<\/div>\n\t\t\t\t<div class=\"elementor-element elementor-element-97e4896 color-scheme-inherit text-left elementor-widget elementor-widget-text-editor\" data-id=\"97e4896\" data-element_type=\"widget\" data-widget_type=\"text-editor.default\">\n\t\t\t\t\t\t\t\t\t<h2>Hardware f\u00fcr Registrierkassen<\/h2>\n<p>POS-Hardware gibt es in integrierter oder dezentraler Ausf\u00fchrung. Einfach ausgedr\u00fcckt: Entweder befindet sich alles in einem Ger\u00e4t oder es sind separate POS-Komponenten. Wenn Sie in einem Supermarkt mit einer Kasse arbeiten, entscheiden Sie sich f\u00fcr eine verteilte Version, weil die Ger\u00e4te bereits eingebaut sind. Die CermePOS POS-Software funktioniert auch auf einem Tablet oder Personal Computer, stellen Sie nur sicher, dass es gen\u00fcgend Anschl\u00fcsse f\u00fcr die Peripherieger\u00e4te gibt.<\/p>\n<p>Zu den von Cerme gelieferten Marken geh\u00f6ren Colormetrics, EBN, Prox, HP, Epson und Elo.<\/p>\n<p>W\u00e4hlen Sie die Peripherieger\u00e4te, die Sie ben\u00f6tigen:  <\/p>\n\t\t\t\t\t\t\t\t<\/div>\n\t\t\t\t<div class=\"elementor-element elementor-element-4414308 color-scheme-inherit text-left elementor-widget elementor-widget-text-editor\" data-id=\"4414308\" data-element_type=\"widget\" data-widget_type=\"text-editor.default\">\n\t\t\t\t\t\t\t\t\t<p>Und optional der unten aufgef\u00fchrten Peripherieger\u00e4te.<\/p>\n\t\t\t\t\t\t\t\t<\/div>\n\t\t\t\t<section class=\"wd-negative-gap elementor-section elementor-inner-section elementor-element elementor-element-e112ea6 elementor-section-boxed elementor-section-height-default elementor-section-height-default\" data-id=\"e112ea6\" data-element_type=\"section\">\n\t\t\t\t\t\t<div class=\"elementor-container elementor-column-gap-default\">\n\t\t\t\t\t<div class=\"elementor-column elementor-col-50 elementor-inner-column elementor-element elementor-element-948c8a6\" data-id=\"948c8a6\" data-element_type=\"column\">\n\t\t\t<div class=\"elementor-widget-wrap\">\n\t\t\t\t\t\t\t<\/div>\n\t\t<\/div>\n\t\t\t\t<div class=\"elementor-column elementor-col-50 elementor-inner-column elementor-element elementor-element-fc1ce2a\" data-id=\"fc1ce2a\" data-element_type=\"column\">\n\t\t\t<div class=\"elementor-widget-wrap\">\n\t\t\t\t\t\t\t<\/div>\n\t\t<\/div>\n\t\t\t\t\t<\/div>\n\t\t<\/section>\n\t\t\t\t\t<\/div>\n\t\t<\/div>\n\t\t\t\t<div class=\"elementor-column elementor-col-50 elementor-top-column elementor-element elementor-element-9fdb3ab\" data-id=\"9fdb3ab\" data-element_type=\"column\">\n\t\t\t<div class=\"elementor-widget-wrap elementor-element-populated\">\n\t\t\t\t\t\t<div class=\"elementor-element elementor-element-2217be8 elementor-widget elementor-widget-spacer\" data-id=\"2217be8\" data-element_type=\"widget\" data-widget_type=\"spacer.default\">\n\t\t\t\t\t\t\t<div class=\"elementor-spacer\">\n\t\t\t<div class=\"elementor-spacer-inner\"><\/div>\n\t\t<\/div>\n\t\t\t\t\t\t<\/div>\n\t\t\t\t<div class=\"elementor-element elementor-element-9692e65 elementor-widget elementor-widget-image\" data-id=\"9692e65\" data-element_type=\"widget\" data-widget_type=\"image.default\">\n\t\t\t\t\t\t\t\t\t\t\t\t\t\t\t<img decoding=\"async\" width=\"264\" height=\"300\" src=\"https:\/\/cermepos.com\/wp-content\/themes\/woodmart\/images\/lazy.svg\" class=\"attachment-medium size-medium wp-image-32998 wd-lazy-fade\" alt=\"\" srcset=\"\" sizes=\"(max-width: 264px) 100vw, 264px\" data-src=\"https:\/\/cermepos.com\/wp-content\/uploads\/2023\/04\/color_p4100-1-264x300.jpg\" data-srcset=\"https:\/\/cermepos.com\/wp-content\/uploads\/2023\/04\/color_p4100-1-264x300.jpg 264w, https:\/\/cermepos.com\/wp-content\/uploads\/2023\/04\/color_p4100-1-150x171.jpg 150w, https:\/\/cermepos.com\/wp-content\/uploads\/2023\/04\/color_p4100-1.jpg 358w\" \/>\t\t\t\t\t\t\t\t\t\t\t\t\t\t\t<\/div>\n\t\t\t\t\t<\/div>\n\t\t<\/div>\n\t\t\t\t\t<\/div>\n\t\t<\/section>\n\t\t\t\t<section class=\"wd-negative-gap elementor-section elementor-top-section elementor-element elementor-element-b256520 elementor-section-boxed elementor-section-height-default elementor-section-height-default\" data-id=\"b256520\" data-element_type=\"section\">\n\t\t\t\t\t\t<div class=\"elementor-container elementor-column-gap-default\">\n\t\t\t\t\t<div class=\"elementor-column elementor-col-50 elementor-top-column elementor-element elementor-element-458e91a\" data-id=\"458e91a\" data-element_type=\"column\">\n\t\t\t<div class=\"elementor-widget-wrap elementor-element-populated\">\n\t\t\t\t\t\t<div class=\"elementor-element elementor-element-7e40991 elementor-widget elementor-widget-spacer\" data-id=\"7e40991\" data-element_type=\"widget\" data-widget_type=\"spacer.default\">\n\t\t\t\t\t\t\t<div class=\"elementor-spacer\">\n\t\t\t<div class=\"elementor-spacer-inner\"><\/div>\n\t\t<\/div>\n\t\t\t\t\t\t<\/div>\n\t\t\t\t<div class=\"elementor-element elementor-element-ebc465a elementor-widget elementor-widget-image\" data-id=\"ebc465a\" data-element_type=\"widget\" data-widget_type=\"image.default\">\n\t\t\t\t\t\t\t\t\t\t\t\t\t\t\t<img decoding=\"async\" width=\"300\" height=\"290\" src=\"https:\/\/cermepos.com\/wp-content\/themes\/woodmart\/images\/lazy.svg\" class=\"attachment-medium size-medium wp-image-32608 wd-lazy-fade\" alt=\"\" srcset=\"\" sizes=\"(max-width: 300px) 100vw, 300px\" data-src=\"https:\/\/cermepos.com\/wp-content\/uploads\/2019\/05\/yomani-kassa-gekoppeld-ecr-kopen-1-300x290.jpg\" data-srcset=\"https:\/\/cermepos.com\/wp-content\/uploads\/2019\/05\/yomani-kassa-gekoppeld-ecr-kopen-1-300x290.jpg 300w, https:\/\/cermepos.com\/wp-content\/uploads\/2019\/05\/yomani-kassa-gekoppeld-ecr-kopen-1-768x742.jpg 768w, https:\/\/cermepos.com\/wp-content\/uploads\/2019\/05\/yomani-kassa-gekoppeld-ecr-kopen-1-800x773.jpg 800w, https:\/\/cermepos.com\/wp-content\/uploads\/2019\/05\/yomani-kassa-gekoppeld-ecr-kopen-1-150x145.jpg 150w, https:\/\/cermepos.com\/wp-content\/uploads\/2019\/05\/yomani-kassa-gekoppeld-ecr-kopen-1-20x20.jpg 20w, https:\/\/cermepos.com\/wp-content\/uploads\/2019\/05\/yomani-kassa-gekoppeld-ecr-kopen-1.jpg 1024w\" \/>\t\t\t\t\t\t\t\t\t\t\t\t\t\t\t<\/div>\n\t\t\t\t\t<\/div>\n\t\t<\/div>\n\t\t\t\t<div class=\"elementor-column elementor-col-50 elementor-top-column elementor-element elementor-element-4c6079b\" data-id=\"4c6079b\" data-element_type=\"column\" data-settings=\"{&quot;background_background&quot;:&quot;classic&quot;}\">\n\t\t\t<div class=\"elementor-widget-wrap elementor-element-populated\">\n\t\t\t\t\t\t<div class=\"elementor-element elementor-element-5f637c1 elementor-widget elementor-widget-spacer\" data-id=\"5f637c1\" data-element_type=\"widget\" data-widget_type=\"spacer.default\">\n\t\t\t\t\t\t\t<div class=\"elementor-spacer\">\n\t\t\t<div class=\"elementor-spacer-inner\"><\/div>\n\t\t<\/div>\n\t\t\t\t\t\t<\/div>\n\t\t\t\t<div class=\"elementor-element elementor-element-949793b color-scheme-inherit text-left elementor-widget elementor-widget-text-editor\" data-id=\"949793b\" data-element_type=\"widget\" data-widget_type=\"text-editor.default\">\n\t\t\t\t\t\t\t\t\t<p>CermePOS software ist ein zertifizierter Partner von Atos Worldline EFT systems. EFT steht f\u00fcr Electronic Financial Transfer, das System hinter dem PIN-Ger\u00e4t. Dieses Zahlungssystem ist direkt mit unserem POS-System verbunden, daher k\u00fcmmern wir uns um die Anwendung und die Wartung.<\/p>\n<p>Ein Ansprechpartner mit nur einem Vertrag, f\u00fcr Ihren Shop und Webshop, einfach und klar.<\/p>\n<p><span style=\"font-weight: 400;\">Ben\u00f6tigen Sie ein mobiles PIN-Ger\u00e4t? Auch das ist m\u00f6glich, nehmen Sie Kontakt mit uns auf.  <\/span><\/p>\n\t\t\t\t\t\t\t\t<\/div>\n\t\t\t\t<section class=\"wd-negative-gap elementor-section elementor-inner-section elementor-element elementor-element-028d892 elementor-section-boxed elementor-section-height-default elementor-section-height-default\" data-id=\"028d892\" data-element_type=\"section\">\n\t\t\t\t\t\t<div class=\"elementor-container elementor-column-gap-default\">\n\t\t\t\t\t<div class=\"elementor-column elementor-col-50 elementor-inner-column elementor-element elementor-element-a01f586\" data-id=\"a01f586\" data-element_type=\"column\">\n\t\t\t<div class=\"elementor-widget-wrap\">\n\t\t\t\t\t\t\t<\/div>\n\t\t<\/div>\n\t\t\t\t<div class=\"elementor-column elementor-col-50 elementor-inner-column elementor-element elementor-element-5303ad9\" data-id=\"5303ad9\" data-element_type=\"column\">\n\t\t\t<div class=\"elementor-widget-wrap\">\n\t\t\t\t\t\t\t<\/div>\n\t\t<\/div>\n\t\t\t\t\t<\/div>\n\t\t<\/section>\n\t\t\t\t\t<\/div>\n\t\t<\/div>\n\t\t\t\t\t<\/div>\n\t\t<\/section>\n\t\t\t\t<section class=\"wd-negative-gap elementor-section elementor-top-section elementor-element elementor-element-9cbec38 elementor-section-boxed elementor-section-height-default elementor-section-height-default\" data-id=\"9cbec38\" data-element_type=\"section\" data-settings=\"{&quot;background_background&quot;:&quot;classic&quot;}\">\n\t\t\t\t\t\t<div class=\"elementor-container elementor-column-gap-default\">\n\t\t\t\t\t<div class=\"elementor-column elementor-col-50 elementor-top-column elementor-element elementor-element-3d638b5\" data-id=\"3d638b5\" data-element_type=\"column\" data-settings=\"{&quot;background_background&quot;:&quot;classic&quot;}\">\n\t\t\t<div class=\"elementor-widget-wrap elementor-element-populated\">\n\t\t\t\t\t\t<div class=\"elementor-element elementor-element-ea89dc1 elementor-widget elementor-widget-spacer\" data-id=\"ea89dc1\" data-element_type=\"widget\" data-widget_type=\"spacer.default\">\n\t\t\t\t\t\t\t<div class=\"elementor-spacer\">\n\t\t\t<div class=\"elementor-spacer-inner\"><\/div>\n\t\t<\/div>\n\t\t\t\t\t\t<\/div>\n\t\t\t\t<div class=\"elementor-element elementor-element-0319921 color-scheme-inherit text-left elementor-widget elementor-widget-text-editor\" data-id=\"0319921\" data-element_type=\"widget\" data-widget_type=\"text-editor.default\">\n\t\t\t\t\t\t\t\t\t<p>Windows Mobile-Terminal, Datensammler verwenden f\u00fcr:<\/p>\n\t\t\t\t\t\t\t\t<\/div>\n\t\t\t\t<div class=\"elementor-element elementor-element-6a58955 color-scheme-inherit text-left elementor-widget elementor-widget-text-editor\" data-id=\"6a58955\" data-element_type=\"widget\" data-widget_type=\"text-editor.default\">\n\t\t\t\t\t\t\t\t\t<p>Android Mobile Terminal, verwenden Sie das Terminal f\u00fcr:<\/p>\n\t\t\t\t\t\t\t\t<\/div>\n\t\t\t\t\t<\/div>\n\t\t<\/div>\n\t\t\t\t<div class=\"elementor-column elementor-col-50 elementor-top-column elementor-element elementor-element-4d4b924\" data-id=\"4d4b924\" data-element_type=\"column\">\n\t\t\t<div class=\"elementor-widget-wrap elementor-element-populated\">\n\t\t\t\t\t\t<div class=\"elementor-element elementor-element-b00995f elementor-widget elementor-widget-spacer\" data-id=\"b00995f\" data-element_type=\"widget\" data-widget_type=\"spacer.default\">\n\t\t\t\t\t\t\t<div class=\"elementor-spacer\">\n\t\t\t<div class=\"elementor-spacer-inner\"><\/div>\n\t\t<\/div>\n\t\t\t\t\t\t<\/div>\n\t\t\t\t<div class=\"elementor-element elementor-element-9740d6d elementor-widget elementor-widget-image\" data-id=\"9740d6d\" data-element_type=\"widget\" data-widget_type=\"image.default\">\n\t\t\t\t\t\t\t\t\t\t\t\t<figure class=\"wp-caption\">\n\t\t\t\t\t\t\t\t\t\t<img decoding=\"async\" src=\"https:\/\/www.cermepos.com\/wp-content\/uploads\/2021\/11\/zebra-tc22.jpg\" title=\"\" alt=\"\" loading=\"lazy\" \/>\t\t\t\t\t\t\t\t\t\t\t<figcaption class=\"widget-image-caption wp-caption-text\">Windows Mobile-Terminal<\/figcaption>\n\t\t\t\t\t\t\t\t\t\t<\/figure>\n\t\t\t\t\t\t\t\t\t<\/div>\n\t\t\t\t<div class=\"elementor-element elementor-element-3b5ec83 elementor-widget elementor-widget-image\" data-id=\"3b5ec83\" data-element_type=\"widget\" data-widget_type=\"image.default\">\n\t\t\t\t\t\t\t\t\t\t\t\t<figure class=\"wp-caption\">\n\t\t\t\t\t\t\t\t\t\t<img decoding=\"async\" width=\"150\" height=\"150\" src=\"https:\/\/cermepos.com\/wp-content\/themes\/woodmart\/images\/lazy.svg\" class=\"attachment-thumbnail size-thumbnail wp-image-32467 wd-lazy-fade\" alt=\"\" srcset=\"\" sizes=\"(max-width: 150px) 100vw, 150px\" data-src=\"https:\/\/cermepos.com\/wp-content\/uploads\/2019\/04\/IMG-20190415-WA0001-150x150.jpg\" data-srcset=\"https:\/\/cermepos.com\/wp-content\/uploads\/2019\/04\/IMG-20190415-WA0001-150x150.jpg 150w, https:\/\/cermepos.com\/wp-content\/uploads\/2019\/04\/IMG-20190415-WA0001-300x300.jpg 300w\" \/>\t\t\t\t\t\t\t\t\t\t\t<figcaption class=\"widget-image-caption wp-caption-text\">Mobiles Android-Terminal<\/figcaption>\n\t\t\t\t\t\t\t\t\t\t<\/figure>\n\t\t\t\t\t\t\t\t\t<\/div>\n\t\t\t\t\t<\/div>\n\t\t<\/div>\n\t\t\t\t\t<\/div>\n\t\t<\/section>\n\t\t\t\t<section class=\"wd-negative-gap elementor-section elementor-top-section elementor-element elementor-element-14981ee elementor-section-height-min-height elementor-section-boxed elementor-section-height-default elementor-section-items-middle\" data-id=\"14981ee\" data-element_type=\"section\">\n\t\t\t\t\t\t<div class=\"elementor-container elementor-column-gap-default\">\n\t\t\t\t\t<div class=\"elementor-column elementor-col-50 elementor-top-column elementor-element elementor-element-6c1ec44\" data-id=\"6c1ec44\" data-element_type=\"column\">\n\t\t\t<div class=\"elementor-widget-wrap elementor-element-populated\">\n\t\t\t\t\t\t<div class=\"elementor-element elementor-element-5d36584 elementor-widget elementor-widget-image\" data-id=\"5d36584\" data-element_type=\"widget\" data-widget_type=\"image.default\">\n\t\t\t\t\t\t\t\t\t\t\t\t\t\t\t<img decoding=\"async\" class=\" wd-lazy-fade\" src=\"https:\/\/cermepos.com\/wp-content\/themes\/woodmart\/images\/lazy.svg\" data-src=\"https:\/\/www.cermepos.com\/website\/wp-content\/uploads\/2019\/04\/IMG-20190409-WA0003.jpg\" title=\"\" alt=\"\" loading=\"lazy\" \/>\t\t\t\t\t\t\t\t\t\t\t\t\t\t\t<\/div>\n\t\t\t\t\t<\/div>\n\t\t<\/div>\n\t\t\t\t<div class=\"elementor-column elementor-col-50 elementor-top-column elementor-element elementor-element-044c726\" data-id=\"044c726\" data-element_type=\"column\" data-settings=\"{&quot;background_background&quot;:&quot;classic&quot;}\">\n\t\t\t<div class=\"elementor-widget-wrap elementor-element-populated\">\n\t\t\t\t\t\t<div class=\"elementor-element elementor-element-892a641 elementor-widget elementor-widget-spacer\" data-id=\"892a641\" data-element_type=\"widget\" data-widget_type=\"spacer.default\">\n\t\t\t\t\t\t\t<div class=\"elementor-spacer\">\n\t\t\t<div class=\"elementor-spacer-inner\"><\/div>\n\t\t<\/div>\n\t\t\t\t\t\t<\/div>\n\t\t\t\t<section class=\"wd-negative-gap elementor-section elementor-inner-section elementor-element elementor-element-7016664 elementor-section-boxed elementor-section-height-default elementor-section-height-default\" data-id=\"7016664\" data-element_type=\"section\">\n\t\t\t\t\t\t<div class=\"elementor-container elementor-column-gap-default\">\n\t\t\t\t\t<div class=\"elementor-column elementor-col-50 elementor-inner-column elementor-element elementor-element-2b93cf4\" data-id=\"2b93cf4\" data-element_type=\"column\">\n\t\t\t<div class=\"elementor-widget-wrap\">\n\t\t\t\t\t\t\t<\/div>\n\t\t<\/div>\n\t\t\t\t<div class=\"elementor-column elementor-col-50 elementor-inner-column elementor-element elementor-element-21a848c\" data-id=\"21a848c\" data-element_type=\"column\">\n\t\t\t<div class=\"elementor-widget-wrap\">\n\t\t\t\t\t\t\t<\/div>\n\t\t<\/div>\n\t\t\t\t\t<\/div>\n\t\t<\/section>\n\t\t\t\t\t<\/div>\n\t\t<\/div>\n\t\t\t\t\t<\/div>\n\t\t<\/section>\n\t\t\t\t<section class=\"wd-negative-gap elementor-section elementor-top-section elementor-element elementor-element-02d0926 elementor-section-boxed elementor-section-height-default elementor-section-height-default\" data-id=\"02d0926\" data-element_type=\"section\">\n\t\t\t\t\t\t<div class=\"elementor-container elementor-column-gap-default\">\n\t\t\t\t\t<div class=\"elementor-column elementor-col-50 elementor-top-column elementor-element elementor-element-6c1d0af\" data-id=\"6c1d0af\" data-element_type=\"column\" data-settings=\"{&quot;background_background&quot;:&quot;classic&quot;}\">\n\t\t\t<div class=\"elementor-widget-wrap elementor-element-populated\">\n\t\t\t\t\t\t<div class=\"elementor-element elementor-element-aebe838 elementor-widget elementor-widget-spacer\" data-id=\"aebe838\" data-element_type=\"widget\" data-widget_type=\"spacer.default\">\n\t\t\t\t\t\t\t<div class=\"elementor-spacer\">\n\t\t\t<div class=\"elementor-spacer-inner\"><\/div>\n\t\t<\/div>\n\t\t\t\t\t\t<\/div>\n\t\t\t\t<div class=\"elementor-element elementor-element-157dd88 color-scheme-inherit text-left elementor-widget elementor-widget-text-editor\" data-id=\"157dd88\" data-element_type=\"widget\" data-widget_type=\"text-editor.default\">\n\t\t\t\t\t\t\t\t\t<p>CermePOS bietet einen integrierten Etikettendruckservice. W\u00e4hlen Sie aus den verschiedenen implementierten Modellen. W\u00e4hlen Sie aus verschiedenen Farben und Gr\u00f6\u00dfen von Etiketten:<\/p>\n\t\t\t\t\t\t\t\t<\/div>\n\t\t\t\t<div class=\"elementor-element elementor-element-97e111b color-scheme-inherit text-left elementor-widget elementor-widget-text-editor\" data-id=\"97e111b\" data-element_type=\"widget\" data-widget_type=\"text-editor.default\">\n\t\t\t\t\t\t\t\t\t<p>Wenn Sie es w\u00fcnschen, k\u00f6nnen wir ein Etikett entwerfen, das Ihren Anforderungen entspricht.<\/p>\n\t\t\t\t\t\t\t\t<\/div>\n\t\t\t\t\t<\/div>\n\t\t<\/div>\n\t\t\t\t<div class=\"elementor-column elementor-col-50 elementor-top-column elementor-element elementor-element-85f9709\" data-id=\"85f9709\" data-element_type=\"column\">\n\t\t\t<div class=\"elementor-widget-wrap elementor-element-populated\">\n\t\t\t\t\t\t<div class=\"elementor-element elementor-element-22212c6 elementor-widget elementor-widget-image\" data-id=\"22212c6\" data-element_type=\"widget\" data-widget_type=\"image.default\">\n\t\t\t\t\t\t\t\t\t\t\t\t\t\t\t<img decoding=\"async\" src=\"https:\/\/www.cermepos.com\/website\/wp-content\/uploads\/2019\/04\/IMG-20190409-WA0006.jpg\" title=\"\" alt=\"\" loading=\"lazy\" \/>\t\t\t\t\t\t\t\t\t\t\t\t\t\t\t<\/div>\n\t\t\t\t\t<\/div>\n\t\t<\/div>\n\t\t\t\t\t<\/div>\n\t\t<\/section>\n\t\t\t\t<section class=\"wd-negative-gap elementor-section elementor-top-section elementor-element elementor-element-e3c391c elementor-section-boxed elementor-section-height-default elementor-section-height-default\" data-id=\"e3c391c\" data-element_type=\"section\">\n\t\t\t\t\t\t<div class=\"elementor-container elementor-column-gap-default\">\n\t\t\t\t\t<div class=\"elementor-column elementor-col-50 elementor-top-column elementor-element elementor-element-b48324e\" data-id=\"b48324e\" data-element_type=\"column\">\n\t\t\t<div class=\"elementor-widget-wrap elementor-element-populated\">\n\t\t\t\t\t\t<div class=\"elementor-element elementor-element-6fbb3a7 elementor-widget elementor-widget-image\" data-id=\"6fbb3a7\" data-element_type=\"widget\" data-widget_type=\"image.default\">\n\t\t\t\t\t\t\t\t\t\t\t\t\t\t\t<img decoding=\"async\" src=\"https:\/\/www.cermepos.com\/website\/wp-content\/uploads\/2019\/04\/weegschalen_foto1-1.jpg\" title=\"\" alt=\"\" loading=\"lazy\" \/>\t\t\t\t\t\t\t\t\t\t\t\t\t\t\t<\/div>\n\t\t\t\t\t<\/div>\n\t\t<\/div>\n\t\t\t\t<div class=\"elementor-column elementor-col-50 elementor-top-column elementor-element elementor-element-7153295\" data-id=\"7153295\" data-element_type=\"column\" data-settings=\"{&quot;background_background&quot;:&quot;classic&quot;}\">\n\t\t\t<div class=\"elementor-widget-wrap elementor-element-populated\">\n\t\t\t\t\t\t<div class=\"elementor-element elementor-element-0084c9a elementor-widget elementor-widget-spacer\" data-id=\"0084c9a\" data-element_type=\"widget\" data-widget_type=\"spacer.default\">\n\t\t\t\t\t\t\t<div class=\"elementor-spacer\">\n\t\t\t<div class=\"elementor-spacer-inner\"><\/div>\n\t\t<\/div>\n\t\t\t\t\t\t<\/div>\n\t\t\t\t<div class=\"elementor-element elementor-element-bd71f70 color-scheme-inherit text-left elementor-widget elementor-widget-text-editor\" data-id=\"bd71f70\" data-element_type=\"widget\" data-widget_type=\"text-editor.default\">\n\t\t\t\t\t\t\t\t\t<p>Die CermePOS POS-Software hilft Ihnen bei der Abrechnung von Produkten in Ihrem Gesch\u00e4ft. Zugelassen vom Niederl\u00e4ndischen Institut f\u00fcr Messwesen durch das Zertifikat TC0852 f\u00fcr die Verwendung mit eingebauten Waagen\/Scannern, wie z.B. Datalogic Magellan. Unsere Software funktioniert mit fast allen digitalen Waagen und auch mit All-in-One-POS-Waagen wie den Marken Toledo, Bizerba, Digi oder Dibal.<\/p>\n<p>Wenn Sie ein Gesch\u00e4ft mit begrenztem Platzangebot und Produkten haben, die gewogen werden m\u00fcssen, ist eine All-in-One-Kassenwaage die L\u00f6sung. Wenn Sie bereits eine Kassenwaage haben, Sie suchen nur ein modernes Kassensystem, dann sind Sie auch hier an der richtigen Stelle.&nbsp;<\/p><p><span style=\"font-size: 18px; color: var(--wd-text-color);\">Kontaktieren Sie uns, gemeinsam finden wir die ideale L\u00f6sung!<\/span><\/p>\n<p><\/p>\t\t\t\t\t\t\t\t<\/div>\n\t\t\t\t<section class=\"wd-negative-gap elementor-section elementor-inner-section elementor-element elementor-element-6563bb2 elementor-section-boxed elementor-section-height-default elementor-section-height-default\" data-id=\"6563bb2\" data-element_type=\"section\">\n\t\t\t\t\t\t<div class=\"elementor-container elementor-column-gap-default\">\n\t\t\t\t\t<div class=\"elementor-column elementor-col-50 elementor-inner-column elementor-element elementor-element-5f282d0\" data-id=\"5f282d0\" data-element_type=\"column\">\n\t\t\t<div class=\"elementor-widget-wrap\">\n\t\t\t\t\t\t\t<\/div>\n\t\t<\/div>\n\t\t\t\t<div class=\"elementor-column elementor-col-50 elementor-inner-column elementor-element elementor-element-4e9d9cd\" data-id=\"4e9d9cd\" data-element_type=\"column\">\n\t\t\t<div class=\"elementor-widget-wrap\">\n\t\t\t\t\t\t\t<\/div>\n\t\t<\/div>\n\t\t\t\t\t<\/div>\n\t\t<\/section>\n\t\t\t\t\t<\/div>\n\t\t<\/div>\n\t\t\t\t\t<\/div>\n\t\t<\/section>\n\t\t\t\t<section class=\"wd-negative-gap elementor-section elementor-top-section elementor-element elementor-element-c9e63ad elementor-section-boxed elementor-section-height-default elementor-section-height-default\" data-id=\"c9e63ad\" data-element_type=\"section\">\n\t\t\t\t\t\t<div class=\"elementor-container elementor-column-gap-default\">\n\t\t\t\t\t<div class=\"elementor-column elementor-col-50 elementor-top-column elementor-element elementor-element-1d8c8c7\" data-id=\"1d8c8c7\" data-element_type=\"column\" data-settings=\"{&quot;background_background&quot;:&quot;classic&quot;}\">\n\t\t\t<div class=\"elementor-widget-wrap elementor-element-populated\">\n\t\t\t\t\t\t<div class=\"elementor-element elementor-element-5c222cd elementor-widget elementor-widget-spacer\" data-id=\"5c222cd\" data-element_type=\"widget\" data-widget_type=\"spacer.default\">\n\t\t\t\t\t\t\t<div class=\"elementor-spacer\">\n\t\t\t<div class=\"elementor-spacer-inner\"><\/div>\n\t\t<\/div>\n\t\t\t\t\t\t<\/div>\n\t\t\t\t<div class=\"elementor-element elementor-element-3aa558e color-scheme-inherit text-left elementor-widget elementor-widget-text-editor\" data-id=\"3aa558e\" data-element_type=\"widget\" data-widget_type=\"text-editor.default\">\n\t\t\t\t\t\t\t\t\t<p>Verwenden Sie einen Fingerabdruckleser, um die Arbeitszeit Ihres Personals (An- und Abmeldung) oder die Anmeldung der Kassierer in den CermePOS Verkaufsbildschirmen zu erfassen.<\/p>\n\t\t\t\t\t\t\t\t<\/div>\n\t\t\t\t\t<\/div>\n\t\t<\/div>\n\t\t\t\t<div class=\"elementor-column elementor-col-50 elementor-top-column elementor-element elementor-element-ff9b3b2\" data-id=\"ff9b3b2\" data-element_type=\"column\">\n\t\t\t<div class=\"elementor-widget-wrap elementor-element-populated\">\n\t\t\t\t\t\t<div class=\"elementor-element elementor-element-34ff1be elementor-widget elementor-widget-image\" data-id=\"34ff1be\" data-element_type=\"widget\" data-widget_type=\"image.default\">\n\t\t\t\t\t\t\t\t\t\t\t\t\t\t\t<img decoding=\"async\" src=\"https:\/\/www.cermepos.com\/website\/wp-content\/uploads\/2019\/04\/fingerprinter_reader.png\" title=\"\" alt=\"\" loading=\"lazy\" \/>\t\t\t\t\t\t\t\t\t\t\t\t\t\t\t<\/div>\n\t\t\t\t\t<\/div>\n\t\t<\/div>\n\t\t\t\t\t<\/div>\n\t\t<\/section>\n\t\t\t\t<\/div>\n\t\t","protected":false},"excerpt":{"rendered":"<p>Hardware f\u00fcr Registrierkassen POS-Hardware gibt es in integrierter oder dezentraler Ausf\u00fchrung. Einfach ausgedr\u00fcckt: Entweder befindet sich alles in einem Ger\u00e4t<\/p>\n","protected":false},"author":1,"featured_media":0,"parent":0,"menu_order":0,"comment_status":"closed","ping_status":"closed","template":"","meta":{"footnotes":""},"class_list":["post-33832","page","type-page","status-publish","hentry"],"brizy_media":[],"_links":{"self":[{"href":"https:\/\/cermepos.com\/de\/wp-json\/wp\/v2\/pages\/33832","targetHints":{"allow":["GET"]}}],"collection":[{"href":"https:\/\/cermepos.com\/de\/wp-json\/wp\/v2\/pages"}],"about":[{"href":"https:\/\/cermepos.com\/de\/wp-json\/wp\/v2\/types\/page"}],"author":[{"embeddable":true,"href":"https:\/\/cermepos.com\/de\/wp-json\/wp\/v2\/users\/1"}],"replies":[{"embeddable":true,"href":"https:\/\/cermepos.com\/de\/wp-json\/wp\/v2\/comments?post=33832"}],"version-history":[{"count":0,"href":"https:\/\/cermepos.com\/de\/wp-json\/wp\/v2\/pages\/33832\/revisions"}],"wp:attachment":[{"href":"https:\/\/cermepos.com\/de\/wp-json\/wp\/v2\/media?parent=33832"}],"curies":[{"name":"wp","href":"https:\/\/api.w.org\/{rel}","templated":true}]}}