{"id":33868,"date":"2023-05-08T13:41:03","date_gmt":"2023-05-08T11:41:03","guid":{"rendered":"https:\/\/www.cermepos.com\/reinigungssoftware-cermepos-6-0-leistungsstarke-pos-loesung-fuer-die-reinigungsbranche\/"},"modified":"2025-02-04T00:10:07","modified_gmt":"2025-02-03T23:10:07","slug":"reinigungssoftware-cermepos-6-0-leistungsstarke-pos-loesung-fuer-die-reinigungsbranche","status":"publish","type":"page","link":"https:\/\/cermepos.com\/de\/reinigungssoftware-cermepos-6-0-leistungsstarke-pos-loesung-fuer-die-reinigungsbranche\/","title":{"rendered":"Reinigungssoftware &#8211; CermePOS 6.0 Leistungsstarke POS-L\u00f6sung f\u00fcr die Reinigungsbranche"},"content":{"rendered":"\t\t<div data-elementor-type=\"wp-page\" data-elementor-id=\"33868\" class=\"elementor elementor-33868 elementor-29366\">\n\t\t\t\t<div class=\"elementor-element elementor-element-68ebcb0 wd-section-stretch e-flex e-con-boxed e-con e-parent\" data-id=\"68ebcb0\" data-element_type=\"container\" data-e-type=\"container\" data-settings=\"{&quot;background_background&quot;:&quot;video&quot;,&quot;background_video_link&quot;:&quot;https:\\\/\\\/www.cermepos.com\\\/wp-content\\\/uploads\\\/2023\\\/05\\\/stomerij-video.mp4&quot;,&quot;shape_divider_bottom&quot;:&quot;wd_curved_line&quot;}\">\n\t\t\t\t\t<div class=\"e-con-inner\">\n\t\t<div class=\"elementor-background-video-container elementor-hidden-mobile\">\n\t\t\t\t\t\t\t<video class=\"elementor-background-video-hosted\" role=\"presentation\" autoplay muted playsinline loop><\/video>\n\t\t\t\t\t<\/div>\t\t<div class=\"elementor-shape elementor-shape-bottom\" aria-hidden=\"true\" data-negative=\"false\">\n\t\t\t<svg xmlns=\"http:\/\/www.w3.org\/2000\/svg\" class=\"wd-divider\" xmlns:xlink=\"http:\/\/www.w3.org\/1999\/xlink\" x=\"0px\" y=\"0px\"\n\t viewBox=\"0 0 100 100\" width=\"100%\" height=\"50px\" preserveAspectRatio=\"none\">\n<path class=\"elementor-shape-fill\" display=\"none\" d=\"M100,25.8V100H0V52.5c-4.9-6.8-9.5-13.8-15-19.7V101h125V20.9C106.3,22,103,23.7,100,25.8z\"\/>\n<path class=\"elementor-shape-fill\" d=\"M0,0v99c22-20.6,28.7-69.7,61.4-69.7c18.8,0,29.1,16.2,38.6,34V0L0,0z\"\/>\n<\/svg>\n\t\t<\/div>\n\t\t<div class=\"elementor-element elementor-element-ddead5b e-con-full elementor-hidden-tablet elementor-hidden-mobile e-flex e-con e-child\" data-id=\"ddead5b\" data-element_type=\"container\" data-e-type=\"container\">\n\t\t\t\t<\/div>\n\t\t<div class=\"elementor-element elementor-element-9f5dd93 e-con-full e-flex e-con e-child\" data-id=\"9f5dd93\" data-element_type=\"container\" data-e-type=\"container\" data-settings=\"{&quot;background_background&quot;:&quot;video&quot;}\">\n\t\t\t\t<div class=\"elementor-element elementor-element-c7510e6 elementor-widget elementor-widget-elementskit-heading\" data-id=\"c7510e6\" data-element_type=\"widget\" data-e-type=\"widget\" data-widget_type=\"elementskit-heading.default\">\n\t\t\t\t\t<div class=\"ekit-wid-con\" ><div class=\"ekit-heading elementskit-section-title-wraper text_left   ekit_heading_tablet-   ekit_heading_mobile-\">\t\t\t\t<span class='ekit-heading__shadow-text'>\n\t\t\t\t\tCermePOS\t\t\t\t<\/span>\n\t\t\t<h1 class=\"ekit-heading--title elementskit-section-title  ekit-heading__title-has-border start\">Leistungsstarke Software f\u00fcr die <span><span>Stomerijbranche<\/span><\/h1><\/div><\/div>\t\t\t\t<\/div>\n\t\t\t\t<div class=\"elementor-element elementor-element-62e802b elementor-widget elementor-widget-wd_text_block\" data-id=\"62e802b\" data-element_type=\"widget\" data-e-type=\"widget\" data-widget_type=\"wd_text_block.default\">\n\t\t\t\t<div class=\"elementor-widget-container\">\n\t\t\t\t\t\t\t<div class=\"wd-text-block reset-last-child text-left\">\n\t\t\t\n\t\t\t<h1>Software f\u00fcr die chemische Reinigung<\/h1><p>Die Software f\u00fcr die chemische Reinigung funktioniert anders als herk\u00f6mmliche Verkaufsstellenl\u00f6sungen f\u00fcr Gesch\u00e4fte. Das Bringen, Abholen und Abliefern von Kleidung sollte eindeutig dokumentiert werden. Mittels eines abwaschbaren Gutscheins werden die Gegenst\u00e4nde vor Beginn der Behandlung gekennzeichnet. Wenn der Kunde die gelieferte Ware wieder abholt, wollen Sie in k\u00fcrzester Zeit sehen, wo sie ist. Deshalb haben sich die Entwickler ein praktisches System ausgedacht: Barcodes, die man einfach einscannen muss. Dieser Strichcode wird auf den Kassenbon gedruckt. Und bei der Abholung macht Sie das Kassensystem darauf aufmerksam, dass die Zahlung noch aussteht.<\/p><p style=\"text-align: center;\"><strong>Ihr POS-Berater ist gerne bereit, Ihnen eine Demonstration zu geben. <\/strong><\/p>\n\t\t\t\t\t<\/div>\n\t\t\t\t\t\t<\/div>\n\t\t\t\t<\/div>\n\t\t\t\t<\/div>\n\t\t\t\t\t<\/div>\n\t\t\t\t<\/div>\n\t\t<div class=\"elementor-element elementor-element-82dedaf wd-section-stretch e-flex e-con-boxed e-con e-parent\" data-id=\"82dedaf\" data-element_type=\"container\" data-e-type=\"container\">\n\t\t\t\t\t<div class=\"e-con-inner\">\n\t\t<div class=\"elementor-element elementor-element-dbd80cf e-con-full e-flex e-con e-child\" data-id=\"dbd80cf\" data-element_type=\"container\" data-e-type=\"container\">\n\t\t\t\t<div class=\"elementor-element elementor-element-821808d elementor-widget elementor-widget-wd_text_block\" data-id=\"821808d\" data-element_type=\"widget\" data-e-type=\"widget\" data-widget_type=\"wd_text_block.default\">\n\t\t\t\t<div class=\"elementor-widget-container\">\n\t\t\t\t\t\t\t<div class=\"wd-text-block reset-last-child text-left\">\n\t\t\t\n\t\t\t<h2>POS-System f\u00fcr chemische Reinigung<\/h2><p><span style=\"color: var(--wd-text-color); font-size: 18px;\">Wenn Sie besondere Vereinbarungen mit Firmen haben, dann ist es gut zu wissen, dass unser Kassensystem mit Reinigungssoftware auch auf Rechnung liefern kann. Gro\u00dfe Unternehmen mit vielen Chemischreinigungsauftr\u00e4gen, z. B. solche mit Uniformen wie der Sicherheitsdienst, das Gesundheitswesen und der \u00f6ffentliche Verkehr, arbeiten h\u00e4ufig mit einem Punktesystem. Mit CermePOS ist das \u00fcberhaupt kein Problem, Sie legen einen Kunden an und listen die Sondervereinbarungen auf, die eingereichten Auftr\u00e4ge werden gesammelt und periodisch abgerechnet. <\/span><\/p><p style=\"text-align: center;\"><b>Ihr POS-Berater ist gerne bereit, Ihnen eine Demonstration zu geben. <\/b><\/p><p>Lorem ipsum dolor sit amet, consectetur adipiscing elit. Ut elit tellus, luctus nec ullamcorper mattis, pulvinar dapibus leo.<\/p>\n\t\t\t\t\t<\/div>\n\t\t\t\t\t\t<\/div>\n\t\t\t\t<\/div>\n\t\t\t\t<\/div>\n\t\t<div class=\"elementor-element elementor-element-e3c7116 e-con-full e-flex e-con e-child\" data-id=\"e3c7116\" data-element_type=\"container\" data-e-type=\"container\">\n\t\t\t\t<div class=\"elementor-element elementor-element-f6acda7 elementor-widget elementor-widget-wd_text_block\" data-id=\"f6acda7\" data-element_type=\"widget\" data-e-type=\"widget\" data-widget_type=\"wd_text_block.default\">\n\t\t\t\t<div class=\"elementor-widget-container\">\n\t\t\t\t\t\t\t<div class=\"wd-text-block reset-last-child text-left\">\n\t\t\t\n\t\t\t<h3>Chemische Reinigung Software - Lieferung und Abholung<\/h3><p>Wenn der Kunde Artikel mitbringt, k\u00f6nnen Sie in der Software f\u00fcr die chemische Reinigung angeben, ob der Artikel aus Teilen besteht, z. B. ein dreiteiliger Anzug. Aber was ist mit der Bemerkung \"Reinigen auf eigene Gefahr\"? Manchmal gibt es einen Fleck oder der Gegenstand befindet sich in einem Zustand, in dem nicht garantiert werden kann, dass er durch den Reinigungsprozess sauber und unversehrt bleibt. Mit der Software f\u00fcr die chemische Reinigung k\u00f6nnen Sie auf Knopfdruck pro Artikel angeben, ob etwas Besonderes vorliegt. Auf diese Weise ist f\u00fcr jeden klar, was die Vereinbarungen sind.<\/p><p>Lorem ipsum dolor sit amet, consectetur adipiscing elit. Ut elit tellus, luctus nec ullamcorper mattis, pulvinar dapibus leo.<\/p>\n\t\t\t\t\t<\/div>\n\t\t\t\t\t\t<\/div>\n\t\t\t\t<\/div>\n\t\t\t\t<\/div>\n\t\t\t\t\t<\/div>\n\t\t\t\t<\/div>\n\t\t<div class=\"wd-negative-gap elementor-element elementor-element-a14853a e-flex e-con-boxed e-con e-parent\" data-id=\"a14853a\" data-element_type=\"container\" data-e-type=\"container\">\n\t\t\t\t\t<div class=\"e-con-inner\">\n\t\t\t\t<div class=\"elementor-element elementor-element-2bc2fbb elementor-widget elementor-widget-wd_text_block\" data-id=\"2bc2fbb\" data-element_type=\"widget\" data-e-type=\"widget\" data-widget_type=\"wd_text_block.default\">\n\t\t\t\t<div class=\"elementor-widget-container\">\n\t\t\t\t\t\t\t<div class=\"wd-text-block reset-last-child text-left\">\n\t\t\t\n\t\t\t<h4><strong>Chemische Reinigung Bonprinter<\/strong><\/h4><p><img decoding=\"async\" class=\" wd-lazy-fade size-medium wp-image-31751 alignleft\" src=\"https:\/\/cermepos.com\/wp-content\/themes\/woodmart\/images\/lazy.svg\" data-src=\"https:\/\/www.cermepos.com\/wp-content\/uploads\/2023\/06\/Epson-Wasbare-Bonprinter-300x290.png\" alt=\"Software f\u00fcr die chemische Reinigung - abwaschbarer Belegdrucker\" width=\"300\" height=\"290\" srcset=\"\" data-srcset=\"https:\/\/cermepos.com\/wp-content\/uploads\/2023\/06\/Epson-Wasbare-Bonprinter-300x290.png 300w, https:\/\/cermepos.com\/wp-content\/uploads\/2023\/06\/Epson-Wasbare-Bonprinter-20x20.png 20w, https:\/\/cermepos.com\/wp-content\/uploads\/2023\/06\/Epson-Wasbare-Bonprinter-150x145.png 150w, https:\/\/cermepos.com\/wp-content\/uploads\/2023\/06\/Epson-Wasbare-Bonprinter.png 605w\" sizes=\"(max-width: 300px) 100vw, 300px\" \/><\/p><p>Die zu behandelnden Gegenst\u00e4nde sind mit einem abwaschbaren Gutschein versehen, der gegen Feuchtigkeit und andere Reinigungsverfahren resistent ist. Wenn Sie eine Barcode-Pistole verwenden, gen\u00fcgt ein Scan, um alle Informationen \u00fcber den Artikel auf dem Bildschirm Ihres POS-Systems anzuzeigen.\u00a0Wenn Sie einen Artikel haben, der aus mehreren Teilen besteht, z. B. einen dreiteiligen Anzug, druckt der Drucker automatisch drei Quittungen aus, so dass Sie nie etwas verlieren.<\/p>\n\t\t\t\t\t<\/div>\n\t\t\t\t\t\t<\/div>\n\t\t\t\t<\/div>\n\t\t\t\t\t<\/div>\n\t\t\t\t<\/div>\n\t\t\t\t<\/div>\n\t\t","protected":false},"excerpt":{"rendered":"<p>CermePOS Leistungsstarke Software f\u00fcr die Stomerijbranche Software f\u00fcr die chemische Reinigung Die Software f\u00fcr die chemische Reinigung funktioniert anders als<\/p>\n","protected":false},"author":1,"featured_media":0,"parent":0,"menu_order":0,"comment_status":"closed","ping_status":"closed","template":"","meta":{"footnotes":""},"class_list":["post-33868","page","type-page","status-publish","hentry"],"brizy_media":[],"_links":{"self":[{"href":"https:\/\/cermepos.com\/de\/wp-json\/wp\/v2\/pages\/33868","targetHints":{"allow":["GET"]}}],"collection":[{"href":"https:\/\/cermepos.com\/de\/wp-json\/wp\/v2\/pages"}],"about":[{"href":"https:\/\/cermepos.com\/de\/wp-json\/wp\/v2\/types\/page"}],"author":[{"embeddable":true,"href":"https:\/\/cermepos.com\/de\/wp-json\/wp\/v2\/users\/1"}],"replies":[{"embeddable":true,"href":"https:\/\/cermepos.com\/de\/wp-json\/wp\/v2\/comments?post=33868"}],"version-history":[{"count":3,"href":"https:\/\/cermepos.com\/de\/wp-json\/wp\/v2\/pages\/33868\/revisions"}],"predecessor-version":[{"id":36344,"href":"https:\/\/cermepos.com\/de\/wp-json\/wp\/v2\/pages\/33868\/revisions\/36344"}],"wp:attachment":[{"href":"https:\/\/cermepos.com\/de\/wp-json\/wp\/v2\/media?parent=33868"}],"curies":[{"name":"wp","href":"https:\/\/api.w.org\/{rel}","templated":true}]}}