{"id":33923,"date":"2023-05-10T12:20:45","date_gmt":"2023-05-10T10:20:45","guid":{"rendered":"https:\/\/www.cermepos.com\/point-of-sale-kassensysteme-cermepos-6-0-leistungsstarke-software-fuer-den-einzel-gross-und-einzelhandel\/"},"modified":"2023-06-20T13:37:41","modified_gmt":"2023-06-20T11:37:41","slug":"point-of-sale-kassensysteme-cermepos-6-0-leistungsstarke-software-fuer-den-einzel-gross-und-einzelhandel","status":"publish","type":"page","link":"https:\/\/cermepos.com\/de\/point-of-sale-kassensysteme-cermepos-6-0-leistungsstarke-software-fuer-den-einzel-gross-und-einzelhandel\/","title":{"rendered":"Point of Sale Kassensysteme, CermePOS 6.0, leistungsstarke Software f\u00fcr den Einzel-, Gro\u00df- und Einzelhandel"},"content":{"rendered":"\t\t<div data-elementor-type=\"wp-page\" data-elementor-id=\"33923\" class=\"elementor elementor-33923 elementor-29815\">\n\t\t\t\t\t\t<section class=\"wd-negative-gap elementor-section elementor-top-section elementor-element elementor-element-46f787e7 elementor-section-boxed elementor-section-height-default elementor-section-height-default\" data-id=\"46f787e7\" data-element_type=\"section\">\n\t\t\t\t\t\t<div class=\"elementor-container elementor-column-gap-default\">\n\t\t\t\t\t<div class=\"elementor-column elementor-col-100 elementor-top-column elementor-element elementor-element-74408c3f\" data-id=\"74408c3f\" data-element_type=\"column\">\n\t\t\t<div class=\"elementor-widget-wrap elementor-element-populated\">\n\t\t\t\t\t\t<div class=\"elementor-element elementor-element-2834929b color-scheme-inherit text-left elementor-widget elementor-widget-text-editor\" data-id=\"2834929b\" data-element_type=\"widget\" data-widget_type=\"text-editor.default\">\n\t\t\t\t\t\t\t\t\t<h3>Point of Sale Kassensysteme f\u00fcr den Einzelhandel und Gro\u00dfhandel von einem der besten POS-Partner<\/h3>\n<p style=\"margin: 0cm; margin-bottom: .0001pt;\">Unsere POS-Systeme sind f\u00fcr den Einzel-, Gro\u00df- und Einzelhandel konzipiert. Zuverl\u00e4ssige und sichere Software, die Einzel- und Gro\u00dfhandelsunternehmen dabei hilft, Verkaufsprozesse zu rationalisieren, die Logistik zu optimieren, den Bestand zu verwalten und das Kundenerlebnis zu verbessern. Wir verwenden fortschrittliche Technologien und Frameworks f\u00fcr die Entwicklung unserer POS-L\u00f6sungen, darunter WinDev, Java, Angular, iOS, Android, C# und .NET. Unsere erfahrenen Softwareentwickler, Projektmanager und Qualit\u00e4tskontrolleure konzentrieren sich auf die Entwicklung von POS-L\u00f6sungen, die den spezifischen Anforderungen der Kunden entsprechen.<\/p>\n<p style=\"margin: 0cm; margin-bottom: .0001pt;\"><strong> <\/strong><\/p>\n<p style=\"margin: 0cm; margin-bottom: .0001pt;\"><strong><img decoding=\"async\" class=\" wd-lazy-fade wp-image-31554 alignright\" src=\"https:\/\/cermepos.com\/wp-content\/themes\/woodmart\/images\/lazy.svg\" data-src=\"https:\/\/www.cermepos.com\/wp-content\/uploads\/2023\/06\/Kassasystemen_beveiligd_gecertificeerd-300x214.jpg\" alt=\"Point of Sale POS-Systeme zertifiziert und gesichert\" width=\"229\" height=\"180\"> <\/strong><\/p>\n<h3 style=\"margin: 0cm; margin-bottom: .0001pt;\">Zertifizierung, Hosting, Sicherheit und regelm\u00e4\u00dfiges Audit<\/h3>\n<div> <\/div>\n<p style=\"margin: 0cm; margin-bottom: .0001pt;\">Unsere Plattformen werden in einem zertifizierten Rechenzentrum gehostet, sind ausbalanciert und mehr als ausreichend gesichert. F\u00fcr flexible Skalierbarkeit nutzen wir unter anderem Kubernetes und Droplets. Dar\u00fcber hinaus werden unsere Anwendungen und Plattformen regelm\u00e4\u00dfig \u00fcberpr\u00fcft, um unsere Zertifizierung auf dem neuesten Stand zu halten.<\/p>\n<p align=\"center\">\n<p style=\"text-align: center;\" align=\"center\">Machen Sie den ersten Schritt auf eine neue Ebene, kontaktieren Sie uns noch heute f\u00fcr ein Inspirationsgespr\u00e4ch!<\/p>\n\t\t\t\t\t\t\t\t<\/div>\n\t\t\t\t\t<\/div>\n\t\t<\/div>\n\t\t\t\t\t<\/div>\n\t\t<\/section>\n\t\t\t\t<\/div>\n\t\t","protected":false},"excerpt":{"rendered":"<p>Point of Sale Kassensysteme f\u00fcr den Einzelhandel und Gro\u00dfhandel von einem der besten POS-Partner Unsere POS-Systeme sind f\u00fcr den Einzel-,<\/p>\n","protected":false},"author":3,"featured_media":0,"parent":0,"menu_order":0,"comment_status":"closed","ping_status":"closed","template":"","meta":{"footnotes":""},"class_list":["post-33923","page","type-page","status-publish","hentry"],"brizy_media":[],"_links":{"self":[{"href":"https:\/\/cermepos.com\/de\/wp-json\/wp\/v2\/pages\/33923","targetHints":{"allow":["GET"]}}],"collection":[{"href":"https:\/\/cermepos.com\/de\/wp-json\/wp\/v2\/pages"}],"about":[{"href":"https:\/\/cermepos.com\/de\/wp-json\/wp\/v2\/types\/page"}],"author":[{"embeddable":true,"href":"https:\/\/cermepos.com\/de\/wp-json\/wp\/v2\/users\/3"}],"replies":[{"embeddable":true,"href":"https:\/\/cermepos.com\/de\/wp-json\/wp\/v2\/comments?post=33923"}],"version-history":[{"count":0,"href":"https:\/\/cermepos.com\/de\/wp-json\/wp\/v2\/pages\/33923\/revisions"}],"wp:attachment":[{"href":"https:\/\/cermepos.com\/de\/wp-json\/wp\/v2\/media?parent=33923"}],"curies":[{"name":"wp","href":"https:\/\/api.w.org\/{rel}","templated":true}]}}