{"id":33932,"date":"2019-05-20T23:29:58","date_gmt":"2019-05-20T21:29:58","guid":{"rendered":"https:\/\/www.cermepos.com\/ueber-uns\/"},"modified":"2025-02-04T00:37:01","modified_gmt":"2025-02-03T23:37:01","slug":"ueber-uns","status":"publish","type":"page","link":"https:\/\/cermepos.com\/de\/ueber-uns\/","title":{"rendered":"\u00dcber uns"},"content":{"rendered":"\t\t<div data-elementor-type=\"wp-post\" data-elementor-id=\"33932\" class=\"elementor elementor-33932 elementor-12817\">\n\t\t\t\t<div class=\"elementor-element elementor-element-d30fbe9 wd-section-stretch e-flex e-con-boxed e-con e-parent\" data-id=\"d30fbe9\" data-element_type=\"container\" data-settings=\"{&quot;background_background&quot;:&quot;classic&quot;,&quot;shape_divider_bottom&quot;:&quot;triangle-asymmetrical&quot;}\">\n\t\t\t\t\t<div class=\"e-con-inner\">\n\t\t\t\t<div class=\"elementor-shape elementor-shape-bottom\" aria-hidden=\"true\" data-negative=\"false\">\n\t\t\t<svg xmlns=\"http:\/\/www.w3.org\/2000\/svg\" viewBox=\"0 0 1000 100\" preserveAspectRatio=\"none\">\n\t<path class=\"elementor-shape-fill\" d=\"M738,99l262-93V0H0v5.6L738,99z\"\/>\n<\/svg>\t\t<\/div>\n\t\t<div class=\"elementor-element elementor-element-7ecbcfa e-con-full e-flex e-con e-child\" data-id=\"7ecbcfa\" data-element_type=\"container\">\n\t\t\t\t<div class=\"elementor-element elementor-element-fc9fcea wd-width-100 elementor-widget elementor-widget-wd_title\" data-id=\"fc9fcea\" data-element_type=\"widget\" data-widget_type=\"wd_title.default\">\n\t\t\t\t<div class=\"elementor-widget-container\">\n\t\t\t\t\t\t\t<div class=\"title-wrapper wd-set-mb reset-last-child wd-title-color-white wd-title-style-underlined wd-title-size-default text-center\">\n\n\t\t\t\t\t\t\t\t\t\t\t<div class=\"title-subtitle subtitle-color-white subtitle-style-background wd-fontsize-xs\">\n\t\t\t\t\tWER WIR SIND\t\t\t\t<\/div>\n\t\t\t\n\t\t\t<div class=\"liner-continer\">\n\t\t\t\t<h4 class=\"woodmart-title-container title wd-fontsize-l\">Inspirierte Entwickler in einem Point-of-Sale-Markt<\/h4> \n\t\t\t\t\t\t\t<\/div>\n\n\t\t\t\t\t<\/div>\n\t\t\t\t\t\t<\/div>\n\t\t\t\t<\/div>\n\t\t\t\t<div class=\"elementor-element elementor-element-8de3325 elementor-widget elementor-widget-wd_text_block\" data-id=\"8de3325\" data-element_type=\"widget\" data-widget_type=\"wd_text_block.default\">\n\t\t\t\t<div class=\"elementor-widget-container\">\n\t\t\t\t\t\t\t<div class=\"wd-text-block reset-last-child text-left color-scheme-light\">\n\t\t\t\n\t\t\t<p>Cerme ICT Bv bietet Ihnen die Freiheit, die Herausforderungen und Chancen, die sich Ihnen bieten, erfolgreich zu meistern und dabei einen Mehrwert f\u00fcr Ihre Kunden und sich selbst zu schaffen. Unser POS-POS-System eignet sich f\u00fcr verschiedene Branchen in den Bereichen Einzelhandel, Gro\u00dfhandel, Gastgewerbe, Gesundheitswesen und Veranstaltungen.<\/p><p>Mit mehr als 20 Jahren Erfahrung hat sich Cerme ICT zu einem professionellen POS-Partner entwickelt. Wir glauben daran, dass wir unser Wissen und unsere Erfahrung weitergeben, um Sie zu st\u00e4rken. Vom Start-up bis zum etablierten Unternehmen, Cerme ist bereit, Sie zu unterst\u00fctzen.<\/p>\n\t\t\t\t\t<\/div>\n\t\t\t\t\t\t<\/div>\n\t\t\t\t<\/div>\n\t\t\t\t<\/div>\n\t\t<div class=\"elementor-element elementor-element-832422b e-con-full e-flex e-con e-child\" data-id=\"832422b\" data-element_type=\"container\">\n\t\t\t\t<div class=\"elementor-element elementor-element-3478ccb elementor-widget elementor-widget-wd_text_block\" data-id=\"3478ccb\" data-element_type=\"widget\" data-widget_type=\"wd_text_block.default\">\n\t\t\t\t<div class=\"elementor-widget-container\">\n\t\t\t\t\t\t\t<div class=\"wd-text-block reset-last-child text-left color-scheme-light\">\n\t\t\t\n\t\t\t<p><strong>Geschichte, die Urspr\u00fcnge von Cerme ICT Bv<\/strong><\/p><p>Wir schreiben das Jahr 1999, als drei Freunde, die sich von ihrem Studium an der TU Delft her kennen, ihr eigenes Unternehmen gr\u00fcnden wollen. Nachdem er f\u00fcr KPN Research, ING und Qwest gearbeitet hatte, fiel die Wahl auf die IT-Beratungsbranche. In der Zwischenzeit baten Freunde und Bekannte mit Gesch\u00e4ften um ihre technische Unterst\u00fctzung, man brauchte ein System, um das Gesch\u00e4ft und den Gro\u00dfhandel besser zu f\u00fchren.<\/p><p><strong>Gulden zu Euro<\/strong><\/p><p>Unterdessen bereitet sich Europa auf die W\u00e4hrungsunion vor. Der Einzelh\u00e4ndler musste vor\u00fcbergehend mit zwei W\u00e4hrungen rechnen. Um dies zu bewerkstelligen, wandten sie sich h\u00e4ufiger an die Freunde von Cerme ICT. Eins und eins ist zwei dachten sich die ehemaligen Kommilitonen und so wurde die erste Shopping-Applikation namens: CermePOS geboren.<\/p>\n\t\t\t\t\t<\/div>\n\t\t\t\t\t\t<\/div>\n\t\t\t\t<\/div>\n\t\t\t\t<\/div>\n\t\t\t\t\t<\/div>\n\t\t\t\t<\/div>\n\t\t<div class=\"wd-negative-gap elementor-element elementor-element-78c2de6 e-flex e-con-boxed e-con e-parent\" data-id=\"78c2de6\" data-element_type=\"container\">\n\t\t\t\t\t<div class=\"e-con-inner\">\n\t\t\t\t<div class=\"elementor-element elementor-element-b2e7038 elementor-widget elementor-widget-wd_text_block\" data-id=\"b2e7038\" data-element_type=\"widget\" data-widget_type=\"wd_text_block.default\">\n\t\t\t\t<div class=\"elementor-widget-container\">\n\t\t\t\t\t\t\t<div class=\"wd-text-block reset-last-child text-left\">\n\t\t\t\n\t\t\t<p><strong>Inzwischen<br \/><\/strong>Wir schreiben jetzt das Jahr 2023 und CermePOS hat ein betr\u00e4chtliches Wachstum erlebt, die Version ist jetzt 6.0 und zahlreiche Module f\u00fcr verschiedene Branchen sind eine Tatsache. Mittlerweile gibt es 15 FTEs und im kommenden Jahr werden zahlreiche neue Services mit Cloud-L\u00f6sungen ausgerollt.<\/p><p><strong>T\u00e4gliches Management<\/strong><\/p><p>Zwei der Gr\u00fcnder sind in den Hintergrund getreten und haben eine beratende Funktion. Das Tagesgesch\u00e4ft liegt in den H\u00e4nden von Herrn Newzat \u00d6nal.<\/p>\n\t\t\t\t\t<\/div>\n\t\t\t\t\t\t<\/div>\n\t\t\t\t<\/div>\n\t\t\t\t<div class=\"elementor-element elementor-element-fdccc94 elementor-widget elementor-widget-wd_text_block\" data-id=\"fdccc94\" data-element_type=\"widget\" data-widget_type=\"wd_text_block.default\">\n\t\t\t\t<div class=\"elementor-widget-container\">\n\t\t\t\t\t\t\t<div class=\"wd-text-block reset-last-child text-left\">\n\t\t\t\n\t\t\t<p><strong>Wer ist Newzat?<\/strong><\/p><p>Im Herzen ein Familienmensch. Zusammen mit seiner Frau hat er drei Kinder. Newzat: \"Als Hobby spiele ich Fu\u00dfball und ich gehe gerne mit meiner Familie aus. Das ist manchmal etwas schwierig, weil die Mitarbeiter auch eine Art Familie sind, aber es macht mir Spa\u00df und ich habe viel Vertrauen in die Zukunft.\"<\/p>\n\t\t\t\t\t<\/div>\n\t\t\t\t\t\t<\/div>\n\t\t\t\t<\/div>\n\t\t\t\t\t<\/div>\n\t\t\t\t<\/div>\n\t\t<div class=\"elementor-element elementor-element-66f70f8 wd-section-stretch elementor-hidden-desktop elementor-hidden-tablet elementor-hidden-mobile e-flex e-con-boxed e-con e-parent\" data-id=\"66f70f8\" data-element_type=\"container\" data-settings=\"{&quot;background_background&quot;:&quot;classic&quot;,&quot;shape_divider_top&quot;:&quot;triangle-asymmetrical&quot;,&quot;shape_divider_bottom&quot;:&quot;opacity-tilt&quot;}\">\n\t\t\t\t\t<div class=\"e-con-inner\">\n\t\t\t\t<div class=\"elementor-shape elementor-shape-top\" aria-hidden=\"true\" data-negative=\"false\">\n\t\t\t<svg xmlns=\"http:\/\/www.w3.org\/2000\/svg\" viewBox=\"0 0 1000 100\" preserveAspectRatio=\"none\">\n\t<path class=\"elementor-shape-fill\" d=\"M738,99l262-93V0H0v5.6L738,99z\"\/>\n<\/svg>\t\t<\/div>\n\t\t\t\t<div class=\"elementor-shape elementor-shape-bottom\" aria-hidden=\"true\" data-negative=\"false\">\n\t\t\t<svg xmlns=\"http:\/\/www.w3.org\/2000\/svg\" viewBox=\"0 0 2600 131.1\" preserveAspectRatio=\"none\">\n\t<path class=\"elementor-shape-fill\" d=\"M0 0L2600 0 2600 69.1 0 0z\"\/>\n\t<path class=\"elementor-shape-fill\" style=\"opacity:0.5\" d=\"M0 0L2600 0 2600 69.1 0 69.1z\"\/>\n\t<path class=\"elementor-shape-fill\" style=\"opacity:0.25\" d=\"M2600 0L0 0 0 130.1 2600 69.1z\"\/>\n<\/svg>\t\t<\/div>\n\t\t<div class=\"elementor-element elementor-element-604e1e5 e-con-full e-flex e-con e-child\" data-id=\"604e1e5\" data-element_type=\"container\">\n\t\t\t\t<\/div>\n\t\t<div class=\"elementor-element elementor-element-8a964ee e-con-full e-flex e-con e-child\" data-id=\"8a964ee\" data-element_type=\"container\">\n\t\t\t\t<div class=\"elementor-element elementor-element-caeb382 wd-width-100 elementor-widget elementor-widget-wd_title\" data-id=\"caeb382\" data-element_type=\"widget\" data-widget_type=\"wd_title.default\">\n\t\t\t\t<div class=\"elementor-widget-container\">\n\t\t\t\t\t\t\t<div class=\"title-wrapper wd-set-mb reset-last-child wd-title-color-white wd-title-style-underlined wd-title-size-default text-center\">\n\n\t\t\t\t\t\t\t\t\t\t\t<div class=\"title-subtitle subtitle-color-white subtitle-style-background wd-fontsize-xs\">\n\t\t\t\t\tKUNDEN UND ZUFRIEDENHEIT IN ZAHLEN\t\t\t\t<\/div>\n\t\t\t\n\t\t\t<div class=\"liner-continer\">\n\t\t\t\t<h4 class=\"woodmart-title-container title wd-fontsize-l\"><\/h4> \n\t\t\t\t\t\t\t<\/div>\n\n\t\t\t\t\t<\/div>\n\t\t\t\t\t\t<\/div>\n\t\t\t\t<\/div>\n\t\t\t\t<div class=\"elementor-element elementor-element-9dc879b animated-fast color-scheme-light text-left elementor-invisible elementor-widget elementor-widget-text-editor\" data-id=\"9dc879b\" data-element_type=\"widget\" data-settings=\"{&quot;_animation&quot;:&quot;fadeInUp&quot;}\" data-widget_type=\"text-editor.default\">\n\t\t\t\t\t\t\t\t\t<p style=\"text-align: left;\">Unsere Entwicklungsabteilung, deren Programmierer bei Cerme angestellt sind, wird regelm\u00e4\u00dfig von den CermePOS-Benutzern bewertet<\/p>\n\t\t\t\t\t\t\t\t<\/div>\n\t\t\t\t<div class=\"elementor-element elementor-element-87a4dba elementor-widget elementor-widget-progress\" data-id=\"87a4dba\" data-element_type=\"widget\" data-widget_type=\"progress.default\">\n\t\t\t\t\t\t\t\t<span class=\"elementor-title\" id=\"elementor-progress-bar-87a4dba\">\n\t\t\t\tWebshop\t\t\t<\/span>\n\t\t\n\t\t<div aria-labelledby=\"elementor-progress-bar-87a4dba\" class=\"elementor-progress-wrapper\" role=\"progressbar\" aria-valuemin=\"0\" aria-valuemax=\"100\" aria-valuenow=\"95\">\n\t\t\t<div class=\"elementor-progress-bar\" data-max=\"95\">\n\t\t\t\t<span class=\"elementor-progress-text\"><\/span>\n\t\t\t\t\t\t\t\t\t<span class=\"elementor-progress-percentage\">95%<\/span>\n\t\t\t\t\t\t\t<\/div>\n\t\t<\/div>\n\t\t\t\t\t\t<\/div>\n\t\t\t\t<div class=\"elementor-element elementor-element-e162e9f elementor-widget elementor-widget-progress\" data-id=\"e162e9f\" data-element_type=\"widget\" data-widget_type=\"progress.default\">\n\t\t\t\t\t\t\t\t<span class=\"elementor-title\" id=\"elementor-progress-bar-e162e9f\">\n\t\t\t\tEinzelhandel\t\t\t<\/span>\n\t\t\n\t\t<div aria-labelledby=\"elementor-progress-bar-e162e9f\" class=\"elementor-progress-wrapper\" role=\"progressbar\" aria-valuemin=\"0\" aria-valuemax=\"100\" aria-valuenow=\"95\">\n\t\t\t<div class=\"elementor-progress-bar\" data-max=\"95\">\n\t\t\t\t<span class=\"elementor-progress-text\"><\/span>\n\t\t\t\t\t\t\t\t\t<span class=\"elementor-progress-percentage\">95%<\/span>\n\t\t\t\t\t\t\t<\/div>\n\t\t<\/div>\n\t\t\t\t\t\t<\/div>\n\t\t\t\t<div class=\"elementor-element elementor-element-4e90a85 elementor-widget elementor-widget-progress\" data-id=\"4e90a85\" data-element_type=\"widget\" data-widget_type=\"progress.default\">\n\t\t\t\t\t\t\t\t<span class=\"elementor-title\" id=\"elementor-progress-bar-4e90a85\">\n\t\t\t\tHandel\t\t\t<\/span>\n\t\t\n\t\t<div aria-labelledby=\"elementor-progress-bar-4e90a85\" class=\"elementor-progress-wrapper\" role=\"progressbar\" aria-valuemin=\"0\" aria-valuemax=\"100\" aria-valuenow=\"90\">\n\t\t\t<div class=\"elementor-progress-bar\" data-max=\"90\">\n\t\t\t\t<span class=\"elementor-progress-text\"><\/span>\n\t\t\t\t\t\t\t\t\t<span class=\"elementor-progress-percentage\">90%<\/span>\n\t\t\t\t\t\t\t<\/div>\n\t\t<\/div>\n\t\t\t\t\t\t<\/div>\n\t\t\t\t<div class=\"elementor-element elementor-element-5cbd3fe elementor-widget elementor-widget-progress\" data-id=\"5cbd3fe\" data-element_type=\"widget\" data-widget_type=\"progress.default\">\n\t\t\t\t\t\t\t\t<span class=\"elementor-title\" id=\"elementor-progress-bar-5cbd3fe\">\n\t\t\t\tChemische Reinigung\t\t\t<\/span>\n\t\t\n\t\t<div aria-labelledby=\"elementor-progress-bar-5cbd3fe\" class=\"elementor-progress-wrapper\" role=\"progressbar\" aria-valuemin=\"0\" aria-valuemax=\"100\" aria-valuenow=\"90\">\n\t\t\t<div class=\"elementor-progress-bar\" data-max=\"90\">\n\t\t\t\t<span class=\"elementor-progress-text\"><\/span>\n\t\t\t\t\t\t\t\t\t<span class=\"elementor-progress-percentage\">90%<\/span>\n\t\t\t\t\t\t\t<\/div>\n\t\t<\/div>\n\t\t\t\t\t\t<\/div>\n\t\t\t\t<div class=\"elementor-element elementor-element-36fc544 elementor-widget elementor-widget-progress\" data-id=\"36fc544\" data-element_type=\"widget\" data-widget_type=\"progress.default\">\n\t\t\t\t\t\t\t\t<span class=\"elementor-title\" id=\"elementor-progress-bar-36fc544\">\n\t\t\t\tGastfreundschaft\t\t\t<\/span>\n\t\t\n\t\t<div aria-labelledby=\"elementor-progress-bar-36fc544\" class=\"elementor-progress-wrapper\" role=\"progressbar\" aria-valuemin=\"0\" aria-valuemax=\"100\" aria-valuenow=\"95\">\n\t\t\t<div class=\"elementor-progress-bar\" data-max=\"95\">\n\t\t\t\t<span class=\"elementor-progress-text\"><\/span>\n\t\t\t\t\t\t\t\t\t<span class=\"elementor-progress-percentage\">95%<\/span>\n\t\t\t\t\t\t\t<\/div>\n\t\t<\/div>\n\t\t\t\t\t\t<\/div>\n\t\t\t\t<div class=\"elementor-element elementor-element-8007d7d elementor-widget elementor-widget-progress\" data-id=\"8007d7d\" data-element_type=\"widget\" data-widget_type=\"progress.default\">\n\t\t\t\t\t\t\t\t<span class=\"elementor-title\" id=\"elementor-progress-bar-8007d7d\">\n\t\t\t\tLagerverwaltung\t\t\t<\/span>\n\t\t\n\t\t<div aria-labelledby=\"elementor-progress-bar-8007d7d\" class=\"elementor-progress-wrapper\" role=\"progressbar\" aria-valuemin=\"0\" aria-valuemax=\"100\" aria-valuenow=\"85\">\n\t\t\t<div class=\"elementor-progress-bar\" data-max=\"85\">\n\t\t\t\t<span class=\"elementor-progress-text\"><\/span>\n\t\t\t\t\t\t\t\t\t<span class=\"elementor-progress-percentage\">85%<\/span>\n\t\t\t\t\t\t\t<\/div>\n\t\t<\/div>\n\t\t\t\t\t\t<\/div>\n\t\t\t\t<div class=\"elementor-element elementor-element-67d8d1a elementor-widget elementor-widget-spacer\" data-id=\"67d8d1a\" data-element_type=\"widget\" data-widget_type=\"spacer.default\">\n\t\t\t\t\t\t\t<div class=\"elementor-spacer\">\n\t\t\t<div class=\"elementor-spacer-inner\"><\/div>\n\t\t<\/div>\n\t\t\t\t\t\t<\/div>\n\t\t\t\t<\/div>\n\t\t\t\t\t<\/div>\n\t\t\t\t<\/div>\n\t\t\t\t<\/div>\n\t\t","protected":false},"excerpt":{"rendered":"<p>WER WIR SIND Inspirierte Entwickler in einem Point-of-Sale-Markt Cerme ICT Bv bietet Ihnen die Freiheit, die Herausforderungen und Chancen, die<\/p>\n","protected":false},"author":1,"featured_media":0,"parent":0,"menu_order":0,"comment_status":"closed","ping_status":"closed","template":"","meta":{"footnotes":""},"class_list":["post-33932","page","type-page","status-publish","hentry"],"brizy_media":[],"_links":{"self":[{"href":"https:\/\/cermepos.com\/de\/wp-json\/wp\/v2\/pages\/33932","targetHints":{"allow":["GET"]}}],"collection":[{"href":"https:\/\/cermepos.com\/de\/wp-json\/wp\/v2\/pages"}],"about":[{"href":"https:\/\/cermepos.com\/de\/wp-json\/wp\/v2\/types\/page"}],"author":[{"embeddable":true,"href":"https:\/\/cermepos.com\/de\/wp-json\/wp\/v2\/users\/1"}],"replies":[{"embeddable":true,"href":"https:\/\/cermepos.com\/de\/wp-json\/wp\/v2\/comments?post=33932"}],"version-history":[{"count":3,"href":"https:\/\/cermepos.com\/de\/wp-json\/wp\/v2\/pages\/33932\/revisions"}],"predecessor-version":[{"id":36431,"href":"https:\/\/cermepos.com\/de\/wp-json\/wp\/v2\/pages\/33932\/revisions\/36431"}],"wp:attachment":[{"href":"https:\/\/cermepos.com\/de\/wp-json\/wp\/v2\/media?parent=33932"}],"curies":[{"name":"wp","href":"https:\/\/api.w.org\/{rel}","templated":true}]}}