{"id":33940,"date":"2023-04-03T13:57:38","date_gmt":"2023-04-03T11:57:38","guid":{"rendered":"https:\/\/www.cermepos.com\/pin-geraet\/"},"modified":"2023-06-26T16:31:47","modified_gmt":"2023-06-26T14:31:47","slug":"pin-geraet","status":"publish","type":"page","link":"https:\/\/cermepos.com\/de\/pin-geraet\/","title":{"rendered":"PIN-Ger\u00e4t"},"content":{"rendered":"\t\t<div data-elementor-type=\"wp-page\" data-elementor-id=\"33940\" class=\"elementor elementor-33940 elementor-27428\">\n\t\t\t\t<div class=\"elementor-element elementor-element-7ba78bb wd-section-stretch e-flex e-con-boxed e-con e-parent\" data-id=\"7ba78bb\" data-element_type=\"container\" data-settings=\"{&quot;background_background&quot;:&quot;video&quot;,&quot;background_video_link&quot;:&quot;https:\\\/\\\/www.cermepos.com\\\/wp-content\\\/uploads\\\/2023\\\/05\\\/pinpay.mp4&quot;,&quot;shape_divider_bottom&quot;:&quot;wd_curved_line&quot;}\">\n\t\t\t\t\t<div class=\"e-con-inner\">\n\t\t<div class=\"elementor-background-video-container elementor-hidden-mobile\" aria-hidden=\"true\">\n\t\t\t\t\t\t\t<video class=\"elementor-background-video-hosted\" autoplay muted playsinline loop><\/video>\n\t\t\t\t\t<\/div>\t\t<div class=\"elementor-shape elementor-shape-bottom\" aria-hidden=\"true\" data-negative=\"false\">\n\t\t\t<svg xmlns=\"http:\/\/www.w3.org\/2000\/svg\" class=\"wd-divider\" xmlns:xlink=\"http:\/\/www.w3.org\/1999\/xlink\" x=\"0px\" y=\"0px\"\n\t viewBox=\"0 0 100 100\" width=\"100%\" height=\"50px\" preserveAspectRatio=\"none\">\n<path class=\"elementor-shape-fill\" display=\"none\" d=\"M100,25.8V100H0V52.5c-4.9-6.8-9.5-13.8-15-19.7V101h125V20.9C106.3,22,103,23.7,100,25.8z\"\/>\n<path class=\"elementor-shape-fill\" d=\"M0,0v99c22-20.6,28.7-69.7,61.4-69.7c18.8,0,29.1,16.2,38.6,34V0L0,0z\"\/>\n<\/svg>\n\t\t<\/div>\n\t\t<div class=\"elementor-element elementor-element-b9a11b4 e-con-full e-flex e-con e-parent\" data-id=\"b9a11b4\" data-element_type=\"container\">\n\t\t\t\t<div class=\"elementor-element elementor-element-94542df elementor-widget elementor-widget-elementskit-heading\" data-id=\"94542df\" data-element_type=\"widget\" data-widget_type=\"elementskit-heading.default\">\n\t\t\t\t\t<div class=\"ekit-wid-con\" ><div class=\"ekit-heading elementskit-section-title-wraper text_center   ekit_heading_tablet-   ekit_heading_mobile-\">\t\t\t\t<span class='ekit-heading__shadow-text'>\n\t\t\t\t\tCermePOS\t\t\t\t<\/span>\n\t\t\t<h1 class=\"ekit-heading--title elementskit-section-title \">POS-System <span><span>Horeca<\/span><\/span> Software<\/h1><\/div><\/div>\t\t\t\t<\/div>\n\t\t\t\t<div class=\"elementor-element elementor-element-d2d5922 eael-dual-header-content-align-left elementor-widget elementor-widget-eael-dual-color-header\" data-id=\"d2d5922\" data-element_type=\"widget\" data-widget_type=\"eael-dual-color-header.default\">\n\t\t\t\t\t\t\t\t<div class=\"eael-dual-header\">\n\t\t\t\t<h1 class=\"title eael-dch-title\"><span class=\"eael-dch-title-text eael-dch-title-lead lead solid-color\">PIN<\/span> <span class=\"eael-dch-title-text\">Ger\u00e4te<\/span><\/h1>\t\t\t\t\t<span class=\"subtext\"><h2><strong>PIN-Ger\u00e4t Yomani<\/strong><\/h2>\n<p>PIN-Ger\u00e4t und PIN-Terminal sind zwei Bezeichnungen f\u00fcr dasselbe Produkt. Cerme ICT BV ist zertifizierter Partner der EFT-Systeme (Electronic Funds Transfer) von Atos Worldline. Wir binden die Bezahlterminals direkt an unser Kassensystem an. M\u00f6chten Sie nur EC-Karten oder auch Kreditkarten akzeptieren oder m\u00f6chten Sie, dass Ihre Kunden ihre EC-Karte auf der Terrasse nutzen? Wir k\u00f6nnen dies f\u00fcr Sie \u00fcber einen Vertrag organisieren, auch f\u00fcr ein mobiles PIN-Ger\u00e4t. Wir k\u00f6nnen auch ein Zahlungsportal f\u00fcr Ihre Website bereitstellen.<\/p>\n<h3><strong>PIN-Ger\u00e4t Yoximo<\/strong><\/h3>\n<p>Yoximo, das mobile Zahlungsterminal. Ab sofort k\u00f6nnen Sie \u00fcberall, kontaktlos oder Plug-in, mit Ihrem Handy, am Tisch, auf Ihrer Terrasse oder an einem Veranstaltungsort bezahlen. Kurz gesagt, wo immer Sie sind. Das Ger\u00e4t verbindet sich \u00fcber eine SIM-Karte oder WLAN\/Hotspot <\/p>\n<\/span>\n\t\t\t\t\t\t\t\t\t<span class=\"eael-dch-svg-icon\"><\/span>\t\t\t\t\t\t\t<\/div>\n\n\t\t\t\t\t\t<\/div>\n\t\t\t\t<\/div>\n\t\t<div class=\"elementor-element elementor-element-4039400 e-con-full e-flex e-con e-parent\" data-id=\"4039400\" data-element_type=\"container\">\n\t\t\t\t<\/div>\n\t\t\t\t\t<\/div>\n\t\t\t\t<\/div>\n\t\t<div class=\"wd-negative-gap elementor-element elementor-element-30eb2fe e-flex e-con-boxed e-con e-parent\" data-id=\"30eb2fe\" data-element_type=\"container\">\n\t\t\t\t\t<div class=\"e-con-inner\">\n\t\t\t\t<div class=\"elementor-element elementor-element-d5e596b elementor-widget elementor-widget-wd_products_tabs\" data-id=\"d5e596b\" data-element_type=\"widget\" data-widget_type=\"wd_products_tabs.default\">\n\t\t\t\t<div class=\"elementor-widget-container\">\n\t\t\t\t\t\t\t<div class=\"wd-tabs wd-products-tabs tabs-design-alt\">\n\t\t\t<div class=\"wd-tabs-header\">\n\t\t\t\t\n\t\t\t\t\n\t\t\t\t<div class=\"wd-nav-wrapper wd-nav-tabs-wrapper tabs-navigation-wrapper\">\n\n\t\t\t\t\t<ul class=\"wd-nav wd-nav-tabs products-tabs-title wd-style-underline wd-icon-pos-top\">\n\t\t\t\t\t\t\t\t\t\t\t\t\t\n\t\t\t\t\t\t\t<li data-atts=\"{&quot;layout&quot;:&quot;grid&quot;,&quot;pagination&quot;:&quot;&quot;,&quot;pagination_arrows_position&quot;:null,&quot;items_per_page&quot;:12,&quot;spacing&quot;:&quot;10&quot;,&quot;spacing_tablet&quot;:&quot;&quot;,&quot;spacing_mobile&quot;:&quot;&quot;,&quot;columns&quot;:{&quot;unit&quot;:&quot;px&quot;,&quot;size&quot;:4,&quot;sizes&quot;:[]},&quot;products_masonry&quot;:&quot;&quot;,&quot;products_different_sizes&quot;:&quot;&quot;,&quot;product_quantity&quot;:&quot;&quot;,&quot;product_hover&quot;:&quot;inherit&quot;,&quot;sale_countdown&quot;:&quot;0&quot;,&quot;stretch_product_tablet&quot;:0,&quot;stretch_product_mobile&quot;:0,&quot;stock_progress_bar&quot;:&quot;0&quot;,&quot;highlighted_products&quot;:0,&quot;products_divider&quot;:null,&quot;products_bordered_grid&quot;:&quot;&quot;,&quot;products_bordered_grid_style&quot;:null,&quot;products_with_background&quot;:&quot;&quot;,&quot;products_shadow&quot;:&quot;1&quot;,&quot;products_color_scheme&quot;:&quot;default&quot;,&quot;img_size&quot;:&quot;woodmart_shop_catalog_x2&quot;,&quot;elementor&quot;:true,&quot;slides_per_view&quot;:null,&quot;scroll_per_page&quot;:null,&quot;center_mode&quot;:null,&quot;wrap&quot;:null,&quot;autoheight&quot;:null,&quot;autoplay&quot;:null,&quot;speed&quot;:null,&quot;scroll_carousel_init&quot;:null,&quot;disable_overflow_carousel&quot;:null,&quot;hide_prev_next_buttons&quot;:null,&quot;carousel_arrows_position&quot;:null,&quot;hide_pagination_control&quot;:null,&quot;dynamic_pagination_control&quot;:null,&quot;hide_scrollbar&quot;:null,&quot;carousel_sync&quot;:null,&quot;sync_parent_id&quot;:null,&quot;sync_child_id&quot;:null,&quot;img_size_custom&quot;:null,&quot;stretch_product&quot;:null,&quot;grid_gallery&quot;:&quot;&quot;,&quot;grid_gallery_control&quot;:null,&quot;grid_gallery_enable_arrows&quot;:null,&quot;lazy_loading&quot;:&quot;no&quot;,&quot;post_type&quot;:&quot;ids&quot;,&quot;include&quot;:[&quot;1083&quot;,&quot;29484&quot;],&quot;taxonomies&quot;:null,&quot;orderby&quot;:&quot;id&quot;,&quot;ajax_recently_viewed&quot;:null,&quot;offset&quot;:null,&quot;query_type&quot;:&quot;OR&quot;,&quot;order&quot;:null,&quot;hide_out_of_stock&quot;:&quot;no&quot;,&quot;meta_key&quot;:null,&quot;exclude&quot;:null}\" class=\" wd-active\">\n\t\t\t\t\t\t\t\t<a href=\"#\" class=\"wd-nav-link\">\n\t\t\t\t\t\t\t\t\t\n\t\t\t\t\t\t\t\t\t<span class=\"tab-label nav-link-text\">\n\t\t\t\t\t\t\t\t\t\tPIN-GER\u00c4TE\t\t\t\t\t\t\t\t\t<\/span>\n\t\t\t\t\t\t\t\t<\/a>\n\t\t\t\t\t\t\t<\/li>\n\t\t\t\t\t\t\t\t\t\t\t<\/ul>\n\t\t\t\t<\/div>\n\t\t\t<\/div>\n\n\t\t\t\t\t\t\t\t\t\t\t\t<div class=\"wd-tabs-content-wrapper\">\n\t\t\t\t\t<div class=\"wd-sticky-loader\"><span class=\"wd-loader\"><\/span><\/div>\n\t\t\t\t\n\t\t\t\t\t\t\t<div class=\"wd-products-element wd-tab-content wd-active wd-in\">\n\n\t\t\t\n\t\t\t\n\t\t\t\n\t\t\t\n\t\t\t<div class=\"products wd-products grid-columns-4 elements-grid title-line-one wd-grid-g wd-products-with-shadow\" data-paged=\"1\" data-atts=\"{&quot;speed&quot;:null,&quot;slides_per_view&quot;:null,&quot;wrap&quot;:null,&quot;autoplay&quot;:null,&quot;autoheight&quot;:null,&quot;hide_pagination_control&quot;:null,&quot;dynamic_pagination_control&quot;:null,&quot;hide_prev_next_buttons&quot;:null,&quot;carousel_arrows_position&quot;:null,&quot;hide_scrollbar&quot;:null,&quot;scroll_per_page&quot;:null,&quot;center_mode&quot;:null,&quot;post_type&quot;:&quot;ids&quot;,&quot;spacing&quot;:&quot;10&quot;,&quot;carousel_sync&quot;:null,&quot;sync_parent_id&quot;:null,&quot;sync_child_id&quot;:null,&quot;scroll_carousel_init&quot;:null,&quot;disable_overflow_carousel&quot;:null,&quot;include&quot;:[&quot;1083&quot;,&quot;29484&quot;],&quot;taxonomies&quot;:null,&quot;offset&quot;:null,&quot;orderby&quot;:&quot;id&quot;,&quot;order&quot;:null,&quot;meta_key&quot;:null,&quot;exclude&quot;:null,&quot;ajax_recently_viewed&quot;:null,&quot;pagination_arrows_position&quot;:null,&quot;columns&quot;:{&quot;unit&quot;:&quot;px&quot;,&quot;size&quot;:4,&quot;sizes&quot;:[]},&quot;products_masonry&quot;:&quot;&quot;,&quot;products_different_sizes&quot;:&quot;&quot;,&quot;product_quantity&quot;:&quot;&quot;,&quot;sale_countdown&quot;:&quot;0&quot;,&quot;stretch_product&quot;:null,&quot;stock_progress_bar&quot;:&quot;0&quot;,&quot;products_divider&quot;:null,&quot;products_bordered_grid&quot;:&quot;&quot;,&quot;products_bordered_grid_style&quot;:null,&quot;products_with_background&quot;:&quot;&quot;,&quot;products_shadow&quot;:&quot;1&quot;,&quot;img_size&quot;:&quot;woodmart_shop_catalog_x2&quot;,&quot;img_size_custom&quot;:null,&quot;grid_gallery_control&quot;:null,&quot;grid_gallery_enable_arrows&quot;:null,&quot;force_not_ajax&quot;:&quot;no&quot;,&quot;wrapper_classes&quot;:&quot; wd-tab-content wd-active wd-in&quot;,&quot;elementor&quot;:true}\" data-source=\"shortcode\" data-columns=\"4\" data-grid-gallery=\"\" style=\"--wd-col-lg:4;--wd-col-md:4;--wd-col-sm:2;--wd-gap-lg:10px;\">\n\t\t\n\t\t\t\t\t\t\t\t<div class=\"wd-product wd-with-labels wd-hover-tiled wd-col product-grid-item product type-product post-34532 status-publish instock product_cat-hardware-kassensysteme has-post-thumbnail featured shipping-taxable product-type-simple\" data-loop=\"1\" data-id=\"34532\">\n\t\t\t\t\n\t\n<div class=\"product-wrapper\">\n\t<div class=\"product-element-top wd-quick-shop\">\n\t\t<a href=\"https:\/\/cermepos.com\/de\/oplossing\/worldline-yoximo\/\" class=\"product-image-link\" tabindex=\"-1\" aria-label=\"Worldline Yoximo\">\n\t\t\t<img decoding=\"async\" width=\"600\" height=\"600\" src=\"https:\/\/cermepos.com\/wp-content\/uploads\/2023\/05\/worldline-yoximo-600x600.png\" class=\"attachment-woodmart_shop_catalog_x2 size-woodmart_shop_catalog_x2\" alt=\"\" srcset=\"https:\/\/cermepos.com\/wp-content\/uploads\/2023\/05\/worldline-yoximo-600x600.png 600w, https:\/\/cermepos.com\/wp-content\/uploads\/2023\/05\/worldline-yoximo-300x300.png 300w, https:\/\/cermepos.com\/wp-content\/uploads\/2023\/05\/worldline-yoximo-1024x1024.png 1024w, https:\/\/cermepos.com\/wp-content\/uploads\/2023\/05\/worldline-yoximo-150x150.png 150w, https:\/\/cermepos.com\/wp-content\/uploads\/2023\/05\/worldline-yoximo-768x768.png 768w, https:\/\/cermepos.com\/wp-content\/uploads\/2023\/05\/worldline-yoximo-1536x1536.png 1536w, https:\/\/cermepos.com\/wp-content\/uploads\/2023\/05\/worldline-yoximo-800x800.png 800w, https:\/\/cermepos.com\/wp-content\/uploads\/2023\/05\/worldline-yoximo.png 2048w\" sizes=\"(max-width: 600px) 100vw, 600px\" \/>\t\t<\/a>\n\n\t\t\n\t\t<div class=\"wd-buttons wd-pos-r-t\">\n\t\t\t\t\t\t<div class=\"wd-add-btn wd-action-btn wd-style-icon wd-add-cart-icon\"><\/div>\n\t\t\t\t\t\t\t\t\t\t\t<\/div>\n\t<\/div>\n\n\t<div class=\"product-element-bottom\">\n\t\t<h3 class=\"wd-entities-title\"><a href=\"https:\/\/cermepos.com\/de\/oplossing\/worldline-yoximo\/\">Worldline Yoximo<\/a><\/h3>\t\t\t\t\t\t\t\t\t\t\n\n\t\t\n\t\t\t\t\n\t\t\t<\/div>\n<\/div>\n<\/div>\n\t\t\t\t\t\t\t\t<div class=\"wd-product wd-with-labels wd-hover-tiled wd-col product-grid-item product type-product post-34548 status-publish instock product_cat-hardware-kassensysteme has-post-thumbnail featured shipping-taxable product-type-simple\" data-loop=\"2\" data-id=\"34548\">\n\t\t\t\t\n\t\n<div class=\"product-wrapper\">\n\t<div class=\"product-element-top wd-quick-shop\">\n\t\t<a href=\"https:\/\/cermepos.com\/de\/oplossing\/yomani-stift-terminal\/\" class=\"product-image-link\" tabindex=\"-1\" aria-label=\"Yomani Stift-Terminal\">\n\t\t\t<img decoding=\"async\" width=\"600\" height=\"600\" src=\"https:\/\/cermepos.com\/wp-content\/uploads\/2022\/05\/yomani-pin-apparaat-600x600.png\" class=\"attachment-woodmart_shop_catalog_x2 size-woodmart_shop_catalog_x2\" alt=\"\" srcset=\"https:\/\/cermepos.com\/wp-content\/uploads\/2022\/05\/yomani-pin-apparaat-600x600.png 600w, https:\/\/cermepos.com\/wp-content\/uploads\/2022\/05\/yomani-pin-apparaat-300x300.png 300w, https:\/\/cermepos.com\/wp-content\/uploads\/2022\/05\/yomani-pin-apparaat-1024x1024.png 1024w, https:\/\/cermepos.com\/wp-content\/uploads\/2022\/05\/yomani-pin-apparaat-150x150.png 150w, https:\/\/cermepos.com\/wp-content\/uploads\/2022\/05\/yomani-pin-apparaat-768x768.png 768w, https:\/\/cermepos.com\/wp-content\/uploads\/2022\/05\/yomani-pin-apparaat-1536x1536.png 1536w, https:\/\/cermepos.com\/wp-content\/uploads\/2022\/05\/yomani-pin-apparaat-800x800.png 800w, https:\/\/cermepos.com\/wp-content\/uploads\/2022\/05\/yomani-pin-apparaat.png 2048w\" sizes=\"(max-width: 600px) 100vw, 600px\" \/>\t\t<\/a>\n\n\t\t\n\t\t<div class=\"wd-buttons wd-pos-r-t\">\n\t\t\t\t\t\t<div class=\"wd-add-btn wd-action-btn wd-style-icon wd-add-cart-icon\"><\/div>\n\t\t\t\t\t\t\t\t\t\t\t<\/div>\n\t<\/div>\n\n\t<div class=\"product-element-bottom\">\n\t\t<h3 class=\"wd-entities-title\"><a href=\"https:\/\/cermepos.com\/de\/oplossing\/yomani-stift-terminal\/\">Yomani Stift-Terminal<\/a><\/h3>\t\t\t\t\t\t\t\t\t\t\n\n\t\t\n\t\t\t\t\n\t\t\t<\/div>\n<\/div>\n<\/div>\n\t\t\n\t\t\t\t<\/div>\n\t\n\t\t\n\t\t\n\t\t\t\t\t<\/div>\n\t\t\n\t\t\n\t\t\t\t\t<\/div>\n\t\t\t\t\t\t\t\t\t<\/div>\n\t\t\t\t\t\t<\/div>\n\t\t\t\t<\/div>\n\t\t\t\t\t<\/div>\n\t\t\t\t<\/div>\n\t\t\t\t<\/div>\n\t\t","protected":false},"excerpt":{"rendered":"<p>CermePOS POS-System Horeca Software PIN Ger\u00e4te PIN-Ger\u00e4t Yomani PIN-Ger\u00e4t und PIN-Terminal sind zwei Bezeichnungen f\u00fcr dasselbe Produkt. Cerme ICT BV<\/p>\n","protected":false},"author":1,"featured_media":0,"parent":0,"menu_order":0,"comment_status":"closed","ping_status":"closed","template":"","meta":{"footnotes":""},"class_list":["post-33940","page","type-page","status-publish","hentry"],"brizy_media":[],"_links":{"self":[{"href":"https:\/\/cermepos.com\/de\/wp-json\/wp\/v2\/pages\/33940","targetHints":{"allow":["GET"]}}],"collection":[{"href":"https:\/\/cermepos.com\/de\/wp-json\/wp\/v2\/pages"}],"about":[{"href":"https:\/\/cermepos.com\/de\/wp-json\/wp\/v2\/types\/page"}],"author":[{"embeddable":true,"href":"https:\/\/cermepos.com\/de\/wp-json\/wp\/v2\/users\/1"}],"replies":[{"embeddable":true,"href":"https:\/\/cermepos.com\/de\/wp-json\/wp\/v2\/comments?post=33940"}],"version-history":[{"count":0,"href":"https:\/\/cermepos.com\/de\/wp-json\/wp\/v2\/pages\/33940\/revisions"}],"wp:attachment":[{"href":"https:\/\/cermepos.com\/de\/wp-json\/wp\/v2\/media?parent=33940"}],"curies":[{"name":"wp","href":"https:\/\/api.w.org\/{rel}","templated":true}]}}