{"id":33990,"date":"2023-05-08T13:51:00","date_gmt":"2023-05-08T11:51:00","guid":{"rendered":"https:\/\/www.cermepos.com\/software-produkte\/"},"modified":"2023-06-26T16:20:25","modified_gmt":"2023-06-26T14:20:25","slug":"software-produkte","status":"publish","type":"page","link":"https:\/\/cermepos.com\/de\/software-produkte\/","title":{"rendered":"POS-System-Software"},"content":{"rendered":"\t\t<div data-elementor-type=\"wp-page\" data-elementor-id=\"33990\" class=\"elementor elementor-33990 elementor-29370\">\n\t\t\t\t<div class=\"elementor-element elementor-element-18ff90c wd-section-stretch e-flex e-con-boxed e-con e-parent\" data-id=\"18ff90c\" data-element_type=\"container\" data-e-type=\"container\" data-settings=\"{&quot;background_background&quot;:&quot;video&quot;,&quot;shape_divider_bottom&quot;:&quot;wd_curved_line&quot;}\">\n\t\t\t\t\t<div class=\"e-con-inner\">\n\t\t\t\t<div class=\"elementor-shape elementor-shape-bottom\" aria-hidden=\"true\" data-negative=\"false\">\n\t\t\t<svg xmlns=\"http:\/\/www.w3.org\/2000\/svg\" class=\"wd-divider\" xmlns:xlink=\"http:\/\/www.w3.org\/1999\/xlink\" x=\"0px\" y=\"0px\"\n\t viewBox=\"0 0 100 100\" width=\"100%\" height=\"50px\" preserveAspectRatio=\"none\">\n<path class=\"elementor-shape-fill\" display=\"none\" d=\"M100,25.8V100H0V52.5c-4.9-6.8-9.5-13.8-15-19.7V101h125V20.9C106.3,22,103,23.7,100,25.8z\"\/>\n<path class=\"elementor-shape-fill\" d=\"M0,0v99c22-20.6,28.7-69.7,61.4-69.7c18.8,0,29.1,16.2,38.6,34V0L0,0z\"\/>\n<\/svg>\n\t\t<\/div>\n\t\t<div class=\"elementor-element elementor-element-1277a25 e-con-full e-flex e-con e-parent\" data-id=\"1277a25\" data-element_type=\"container\" data-e-type=\"container\" data-settings=\"{&quot;background_background&quot;:&quot;video&quot;}\">\n\t\t\t\t<div class=\"elementor-element elementor-element-61e58f6 elementor-widget elementor-widget-elementskit-heading\" data-id=\"61e58f6\" data-element_type=\"widget\" data-e-type=\"widget\" data-widget_type=\"elementskit-heading.default\">\n\t\t\t\t\t<div class=\"ekit-wid-con\" ><div class=\"ekit-heading elementskit-section-title-wraper text_left   ekit_heading_tablet-   ekit_heading_mobile-\">\t\t\t\t<span class='ekit-heading__shadow-text'>\n\t\t\t\t\tCermePOS\t\t\t\t<\/span>\n\t\t\t<h1 class=\"ekit-heading--title elementskit-section-title \">CermePOS <span><span>SOFTWARE <\/span><\/span> Produkte<\/h1><\/div><\/div>\t\t\t\t<\/div>\n\t\t\t\t<div class=\"elementor-element elementor-element-97659dc color-scheme-inherit text-left elementor-widget elementor-widget-text-editor\" data-id=\"97659dc\" data-element_type=\"widget\" data-e-type=\"widget\" data-widget_type=\"text-editor.default\">\n\t\t\t\t\t\t\t\t\t<p><strong>Zuverl\u00e4ssiger und erfahrener POS-Partner<\/strong><\/p>\n<p style=\"margin: 0cm; margin-bottom: .0001pt;\">Cerme ICT BV bietet Standard- und ma\u00dfgeschneiderte POS-L\u00f6sungen f\u00fcr den Einzelhandel, den Einzel- und den Gro\u00dfhandel. Unsere zuverl\u00e4ssige und sichere POS-Software hilft Einzelhandels-, Einzel- und Gro\u00dfhandelsunternehmen, ihre Verkaufsprozesse zu rationalisieren, die Logistik zu optimieren, den Bestand zu verwalten und das Kundenerlebnis zu verbessern. Wir verwenden fortschrittliche Technologien und Frameworks f\u00fcr die Entwicklung unserer POS-L\u00f6sungen, darunter WinDev, Java, Angular, iOS, Android, C# und .NET. Unsere erfahrenen Softwareentwickler, Projektmanager und Qualit\u00e4tskontrolleure konzentrieren sich auf die Entwicklung von POS-L\u00f6sungen, die den spezifischen Kundenanforderungen entsprechen.<\/p>\n<p style=\"margin: 0cm; margin-bottom: .0001pt;\"><strong> <\/strong><strong> <\/strong><\/p>\n<p style=\"margin: 0cm; margin-bottom: .0001pt;\"><strong>Zertifiziertes Hosting, Sicherheit und regelm\u00e4\u00dfige Audits<\/strong><\/p>\n<p style=\"margin: 0cm; margin-bottom: .0001pt;\">Unsere Plattformen werden in einem zertifizierten Rechenzentrum gehostet, sind ausbalanciert und mehr als ausreichend gesichert. F\u00fcr flexible Skalierbarkeit nutzen wir unter anderem Kubernetes und Droplets. Dar\u00fcber hinaus werden unsere Anwendungen und Plattformen regelm\u00e4\u00dfig \u00fcberpr\u00fcft, um unsere Zertifizierung auf dem neuesten Stand zu halten.<\/p>\n<p align=\"center\">\n<p style=\"text-align: center;\" align=\"center\"><em>Machen Sie den ersten Schritt auf eine neue Ebene, nehmen Sie Kontakt auf f\u00fcr ein inspirierendes Gespr\u00e4ch!<\/em><\/p>\n\t\t\t\t\t\t\t\t<\/div>\n\t\t\t\t<\/div>\n\t\t\t\t\t<\/div>\n\t\t\t\t<\/div>\n\t\t<div class=\"wd-negative-gap elementor-element elementor-element-c7b0037 e-flex e-con-boxed e-con e-parent\" data-id=\"c7b0037\" data-element_type=\"container\" data-e-type=\"container\">\n\t\t\t\t\t<div class=\"e-con-inner\">\n\t\t\t\t\t<\/div>\n\t\t\t\t<\/div>\n\t\t\t\t<\/div>\n\t\t","protected":false},"excerpt":{"rendered":"<p>CermePOS CermePOS SOFTWARE Produkte Zuverl\u00e4ssiger und erfahrener POS-Partner Cerme ICT BV bietet Standard- und ma\u00dfgeschneiderte POS-L\u00f6sungen f\u00fcr den Einzelhandel, den<\/p>\n","protected":false},"author":1,"featured_media":0,"parent":0,"menu_order":0,"comment_status":"closed","ping_status":"closed","template":"","meta":{"footnotes":""},"class_list":["post-33990","page","type-page","status-publish","hentry"],"brizy_media":[],"_links":{"self":[{"href":"https:\/\/cermepos.com\/de\/wp-json\/wp\/v2\/pages\/33990","targetHints":{"allow":["GET"]}}],"collection":[{"href":"https:\/\/cermepos.com\/de\/wp-json\/wp\/v2\/pages"}],"about":[{"href":"https:\/\/cermepos.com\/de\/wp-json\/wp\/v2\/types\/page"}],"author":[{"embeddable":true,"href":"https:\/\/cermepos.com\/de\/wp-json\/wp\/v2\/users\/1"}],"replies":[{"embeddable":true,"href":"https:\/\/cermepos.com\/de\/wp-json\/wp\/v2\/comments?post=33990"}],"version-history":[{"count":0,"href":"https:\/\/cermepos.com\/de\/wp-json\/wp\/v2\/pages\/33990\/revisions"}],"wp:attachment":[{"href":"https:\/\/cermepos.com\/de\/wp-json\/wp\/v2\/media?parent=33990"}],"curies":[{"name":"wp","href":"https:\/\/api.w.org\/{rel}","templated":true}]}}