{"id":35420,"date":"2023-06-19T11:27:39","date_gmt":"2023-06-19T09:27:39","guid":{"rendered":"https:\/\/www.cermepos.com\/geschmack-2\/"},"modified":"2023-06-26T17:59:12","modified_gmt":"2023-06-26T15:59:12","slug":"geschmack-2","status":"publish","type":"page","link":"https:\/\/cermepos.com\/de\/geschmack-2\/","title":{"rendered":"Geschmack"},"content":{"rendered":"\t\t<div data-elementor-type=\"wp-page\" data-elementor-id=\"35420\" class=\"elementor elementor-35420 elementor-32374\">\n\t\t\t\t<div class=\"elementor-element elementor-element-364e706 wd-section-stretch e-flex e-con-boxed e-con e-parent\" data-id=\"364e706\" data-element_type=\"container\" data-settings=\"{&quot;background_background&quot;:&quot;classic&quot;}\">\n\t\t\t\t\t<div class=\"e-con-inner\">\n\t\t\t\t<div class=\"elementor-element elementor-element-5cfddab wd-width-100 elementor-widget elementor-widget-wd_title\" data-id=\"5cfddab\" data-element_type=\"widget\" data-widget_type=\"wd_title.default\">\n\t\t\t\t<div class=\"elementor-widget-container\">\n\t\t\t\t\t\t\t<div class=\"title-wrapper wd-set-mb reset-last-child wd-title-color-default wd-title-style-default wd-title-size-default text-center\">\n\n\t\t\t\n\t\t\t<div class=\"liner-continer\">\n\t\t\t\t<h2 class=\"woodmart-title-container title wd-fontsize-l\">Herzlichen Gl\u00fcckwunsch zu Ihrem neuen Shop!<\/h2> \n\t\t\t\t\t\t\t<\/div>\n\n\t\t\t\t\t<\/div>\n\t\t\t\t\t\t<\/div>\n\t\t\t\t<\/div>\n\t\t\t\t<div class=\"elementor-element elementor-element-8021c63 color-scheme-inherit text-left elementor-widget elementor-widget-text-editor\" data-id=\"8021c63\" data-element_type=\"widget\" data-widget_type=\"text-editor.default\">\n\t\t\t\t\t\t\t\t\t<p>  Herzlichen Gl\u00fcckwunsch zu Ihrem neuen Shop! Wir m\u00f6chten Ihnen helfen, eine gute Kassen- und PIN-L\u00f6sung f\u00fcr Ihr Unternehmen zu finden. Egal, ob Sie ein komplettes Zahlungssystem, eine physische Registrierkasse, die Software mit oder ohne Webshop suchen, wir haben eine zuverl\u00e4ssige L\u00f6sung.<\/p>\n<p>Eigens entwickelte Technologie, einfach zu bedienen und Sie k\u00f6nnen pro Monat bezahlen. Erz\u00e4hlen Sie uns ein paar Dinge \u00fcber Ihr Unternehmen, Sie erhalten ein wettbewerbsf\u00e4higes Angebot mit kostenloser Testversion.<\/p>\n\t\t\t\t\t\t\t\t<\/div>\n\t\t\t\t\t<\/div>\n\t\t\t\t<\/div>\n\t\t<div class=\"wd-negative-gap elementor-element elementor-element-87bd02d e-flex e-con-boxed e-con e-parent\" data-id=\"87bd02d\" data-element_type=\"container\">\n\t\t\t\t\t<div class=\"e-con-inner\">\n\t\t\t\t<div class=\"elementor-element elementor-element-856cdae elementor-widget elementor-widget-image\" data-id=\"856cdae\" data-element_type=\"widget\" data-widget_type=\"image.default\">\n\t\t\t\t\t\t\t\t\t\t\t\t\t\t\t<img decoding=\"async\" width=\"1024\" height=\"175\" src=\"https:\/\/cermepos.com\/wp-content\/themes\/woodmart\/images\/lazy.svg\" data-src=\"https:\/\/cermepos.com\/wp-content\/uploads\/2023\/06\/bericht-voor-bottom-1024x175.jpg\" class=\" wd-lazy-fade attachment-large size-large wp-image-34202\" alt=\"Kassasysteem op proef\" srcset=\"\" data-srcset=\"https:\/\/cermepos.com\/wp-content\/uploads\/2023\/06\/bericht-voor-bottom-1024x175.jpg 1024w, https:\/\/cermepos.com\/wp-content\/uploads\/2023\/06\/bericht-voor-bottom-300x51.jpg 300w, https:\/\/cermepos.com\/wp-content\/uploads\/2023\/06\/bericht-voor-bottom-768x131.jpg 768w, https:\/\/cermepos.com\/wp-content\/uploads\/2023\/06\/bericht-voor-bottom-1536x263.jpg 1536w, https:\/\/cermepos.com\/wp-content\/uploads\/2023\/06\/bericht-voor-bottom-2048x350.jpg 2048w, https:\/\/cermepos.com\/wp-content\/uploads\/2023\/06\/bericht-voor-bottom-800x137.jpg 800w, https:\/\/cermepos.com\/wp-content\/uploads\/2023\/06\/bericht-voor-bottom-150x26.jpg 150w\" sizes=\"(max-width: 1024px) 100vw, 1024px\" \/>\t\t\t\t\t\t\t\t\t\t\t\t\t\t\t<\/div>\n\t\t\t\t<div class=\"elementor-element elementor-element-d0ebb2f elementor-widget elementor-widget-wd_text_block\" data-id=\"d0ebb2f\" data-element_type=\"widget\" data-widget_type=\"wd_text_block.default\">\n\t\t\t\t<div class=\"elementor-widget-container\">\n\t\t\t\t\t\t\t<div class=\"wd-text-block reset-last-child text-left\">\n\t\t\t\n\t\t\t<p style=\"text-align: center;\"><strong>Ja, wenn ich bereit bin, m\u00f6chte ich mich drei Monate lang unverbindlich mit dem Kassensystem CermePOS vertraut machen.<\/strong><\/p>\n\t\t\t\t\t<\/div>\n\t\t\t\t\t\t<\/div>\n\t\t\t\t<\/div>\n\t\t<div class=\"wd-negative-gap elementor-element elementor-element-07f48ec e-flex e-con-boxed e-con e-parent\" data-id=\"07f48ec\" data-element_type=\"container\">\n\t\t\t\t\t<div class=\"e-con-inner\">\n\t\t<div class=\"wd-negative-gap elementor-element elementor-element-c415177 e-flex e-con-boxed e-con e-parent\" data-id=\"c415177\" data-element_type=\"container\">\n\t\t\t\t\t<div class=\"e-con-inner\">\n\t\t\t\t<div class=\"elementor-element elementor-element-256f63e elementor-widget elementor-widget-pafe-form-builder-field\" data-id=\"256f63e\" data-element_type=\"widget\" data-widget_type=\"pafe-form-builder-field.default\">\n\t\t\t\t<div class=\"elementor-widget-container\">\n\t\t\t\t\t\t\t\r\n\t\t<div class=\"elementor-form-fields-wrapper elementor-labels-above pafe-form-builder-field pafe-form-builder-label-animation\">\r\n\t\t\t<div class=\"elementor-field-type-text elementor-field-group elementor-column elementor-field-group-postcode elementor-col-100 elementor-field-required elementor-mark-required\">\r\n\t\t\t\t<label for=\"form-field-postcode\" class=\"elementor-field-label pafe-label-inline\">PLZ-Adresse des Gesch\u00e4fts:<\/label><div class=\"pafe-field-container pafe-field-inline\"><input size=\"1\" class=\"elementor-field elementor-size- \" type=\"text\" name=\"form_fields[postcode]\" id=\"form-field-postcode\" autocomplete=\"on\" data-pafe-form-builder-default-value=\"\" required=\"required\" aria-required=\"true\" data-pafe-form-builder-form-id=\"NieuweWinkel\"><\/div><div data-pafe-form-builder-required><\/div>\t\t\t<\/div>\r\n\t\t<\/div>\r\n\t\t\t\t\t<\/div>\n\t\t\t\t<\/div>\n\t\t\t\t<div class=\"elementor-element elementor-element-23b2cf4 elementor-widget elementor-widget-pafe-form-builder-field\" data-id=\"23b2cf4\" data-element_type=\"widget\" data-widget_type=\"pafe-form-builder-field.default\">\n\t\t\t\t<div class=\"elementor-widget-container\">\n\t\t\t\t\t\t\t\r\n\t\t<div class=\"elementor-form-fields-wrapper elementor-labels-above pafe-form-builder-field pafe-form-builder-label-animation\">\r\n\t\t\t<div class=\"elementor-field-type-text elementor-field-group elementor-column elementor-field-group-naam elementor-col-100 elementor-field-required elementor-mark-required\">\r\n\t\t\t\t<label for=\"form-field-naam\" class=\"elementor-field-label pafe-label-inline\">Name<\/label><div class=\"pafe-field-container pafe-field-inline\"><input size=\"1\" class=\"elementor-field elementor-size- \" type=\"text\" name=\"form_fields[naam]\" id=\"form-field-naam\" autocomplete=\"on\" data-pafe-form-builder-default-value=\"\" required=\"required\" aria-required=\"true\" data-pafe-form-builder-form-id=\"NieuweWinkel\"><\/div><div data-pafe-form-builder-required><\/div>\t\t\t<\/div>\r\n\t\t<\/div>\r\n\t\t\t\t\t<\/div>\n\t\t\t\t<\/div>\n\t\t\t\t\t<\/div>\n\t\t\t\t<\/div>\n\t\t<div class=\"wd-negative-gap elementor-element elementor-element-846c08e e-flex e-con-boxed e-con e-parent\" data-id=\"846c08e\" data-element_type=\"container\">\n\t\t\t\t\t<div class=\"e-con-inner\">\n\t\t\t\t<div class=\"elementor-element elementor-element-82514d6 elementor-widget elementor-widget-pafe-form-builder-field\" data-id=\"82514d6\" data-element_type=\"widget\" data-widget_type=\"pafe-form-builder-field.default\">\n\t\t\t\t<div class=\"elementor-widget-container\">\n\t\t\t\t\t\t\t\r\n\t\t<div class=\"elementor-form-fields-wrapper elementor-labels-above pafe-form-builder-field pafe-form-builder-label-animation\">\r\n\t\t\t<div class=\"elementor-field-type-email elementor-field-group elementor-column elementor-field-group-emailAdres elementor-col-100 elementor-field-required elementor-mark-required\">\r\n\t\t\t\t<label for=\"form-field-emailAdres\" class=\"elementor-field-label pafe-label-inline\">E-Mail-Adresse<\/label><div class=\"pafe-field-container pafe-field-inline\"><input size=\"1\" class=\"elementor-field elementor-size- \" type=\"email\" name=\"form_fields[emailAdres]\" id=\"form-field-emailAdres\" autocomplete=\"on\" data-pafe-form-builder-default-value=\"\" required=\"required\" aria-required=\"true\" data-pafe-form-builder-form-id=\"NieuweWinkel\"><\/div><div data-pafe-form-builder-required><\/div>\t\t\t<\/div>\r\n\t\t<\/div>\r\n\t\t\t\t\t<\/div>\n\t\t\t\t<\/div>\n\t\t\t\t<div class=\"elementor-element elementor-element-a13b8d6 elementor-widget elementor-widget-pafe-form-builder-field\" data-id=\"a13b8d6\" data-element_type=\"widget\" data-widget_type=\"pafe-form-builder-field.default\">\n\t\t\t\t<div class=\"elementor-widget-container\">\n\t\t\t\t\t\t\t\r\n\t\t<div class=\"elementor-form-fields-wrapper elementor-labels-above pafe-form-builder-field pafe-form-builder-label-animation\">\r\n\t\t\t<div class=\"elementor-field-type-number elementor-field-group elementor-column elementor-field-group-mobileNummer elementor-col-100 elementor-field-required elementor-mark-required\">\r\n\t\t\t\t<label for=\"form-field-mobileNummer\" class=\"elementor-field-label pafe-label-inline\">Handynummer<\/label><div class=\"pafe-field-container pafe-field-inline\"><input class=\"elementor-field elementor-size-  elementor-field-textual\" type=\"number\" name=\"form_fields[mobileNummer]\" id=\"form-field-mobileNummer\" autocomplete=\"on\" data-pafe-form-builder-default-value=\"\" required=\"required\" aria-required=\"true\" data-pafe-form-builder-form-id=\"NieuweWinkel\" step=\"any\" data-pafe-remove-value=\"false\"><\/div><div data-pafe-form-builder-required><\/div>\t\t\t<\/div>\r\n\t\t<\/div>\r\n\t\t\t\t\t<\/div>\n\t\t\t\t<\/div>\n\t\t\t\t\t<\/div>\n\t\t\t\t<\/div>\n\t\t\t\t\t<\/div>\n\t\t\t\t<\/div>\n\t\t<div class=\"wd-negative-gap elementor-element elementor-element-e010562 e-flex e-con-boxed e-con e-parent\" data-id=\"e010562\" data-element_type=\"container\">\n\t\t\t\t\t<div class=\"e-con-inner\">\n\t\t\t\t<div class=\"elementor-element elementor-element-b10c754 elementor-widget elementor-widget-pafe-form-builder-field\" data-id=\"b10c754\" data-element_type=\"widget\" data-widget_type=\"pafe-form-builder-field.default\">\n\t\t\t\t<div class=\"elementor-widget-container\">\n\t\t\t\t\t\t\t\r\n\t\t<div class=\"elementor-form-fields-wrapper elementor-labels-above pafe-form-builder-field\">\r\n\t\t\t<div class=\"elementor-field-type-radio elementor-field-group elementor-column elementor-field-group-apparatuur elementor-col-100 elementor-field-required elementor-mark-required\">\r\n\t\t\t\t<label style=\"display:none\" for=\"form-field-apparatuur\" class=\"elementor-field-label\">Ausr\u00fcstung<\/label><div data-pafe-form-builder-required><\/div><div class=\"pafe-field-container\"><form><div class=\"elementor-field-subgroup  elementor-subgroup-inline\"><span class=\"elementor-field-option\"><input type=\"radio\" value=\"Eigenes Equipment\" data-value=\"Eigenes Equipment\" id=\"form-field-apparatuur-0\" name=\"form_fields[apparatuur]\" data-pafe-form-builder-default-value=\"\" required=\"required\" aria-required=\"true\" data-pafe-form-builder-form-id=\"NieuweWinkel\"> <label for=\"form-field-apparatuur-0\" class=\"pafe-checkbox-label\">Eigenes Equipment<\/label><\/span><span class=\"elementor-field-option\"><input type=\"radio\" value=\"Mietangebot\" data-value=\"Mietangebot\" id=\"form-field-apparatuur-1\" name=\"form_fields[apparatuur]\" data-pafe-form-builder-default-value=\"\" required=\"required\" aria-required=\"true\" data-pafe-form-builder-form-id=\"NieuweWinkel\"> <label for=\"form-field-apparatuur-1\" class=\"pafe-checkbox-label\">Mietangebot<\/label><\/span><\/div><\/form><\/div>\t\t\t<\/div>\r\n\t\t<\/div>\r\n\t\t\t\t\t<\/div>\n\t\t\t\t<\/div>\n\t\t\t\t<div class=\"elementor-element elementor-element-fbb9f2a elementor-widget elementor-widget-pafe-form-builder-field\" data-id=\"fbb9f2a\" data-element_type=\"widget\" data-widget_type=\"pafe-form-builder-field.default\">\n\t\t\t\t<div class=\"elementor-widget-container\">\n\t\t\t\t\t\t\t\r\n\t\t<div class=\"elementor-form-fields-wrapper elementor-labels-above pafe-form-builder-field pafe-form-builder-label-animation\">\r\n\t\t\t<div class=\"elementor-field-type-text elementor-field-group elementor-column elementor-field-group-opmerking elementor-col-100\">\r\n\t\t\t\t<label for=\"form-field-opmerking\" class=\"elementor-field-label pafe-label-inline\">Bemerkung<\/label><div class=\"pafe-field-container pafe-field-inline\"><input size=\"1\" class=\"elementor-field elementor-size- \" type=\"text\" name=\"form_fields[opmerking]\" id=\"form-field-opmerking\" autocomplete=\"on\" data-pafe-form-builder-default-value=\"\" data-pafe-form-builder-form-id=\"NieuweWinkel\"><\/div><div data-pafe-form-builder-required><\/div>\t\t\t<\/div>\r\n\t\t<\/div>\r\n\t\t\t\t\t<\/div>\n\t\t\t\t<\/div>\n\t\t<div class=\"wd-negative-gap elementor-element elementor-element-034a9bc e-flex e-con-boxed e-con e-parent\" data-id=\"034a9bc\" data-element_type=\"container\">\n\t\t\t\t\t<div class=\"e-con-inner\">\n\t\t<div class=\"elementor-element elementor-element-5e8693a e-con-full e-flex e-con e-parent\" data-id=\"5e8693a\" data-element_type=\"container\">\n\t\t\t\t<div class=\"elementor-element elementor-element-3fec6ee elementor-widget elementor-widget-wd_text_block\" data-id=\"3fec6ee\" data-element_type=\"widget\" data-widget_type=\"wd_text_block.default\">\n\t\t\t\t<div class=\"elementor-widget-container\">\n\t\t\t\t\t\t\t<div class=\"wd-text-block reset-last-child text-left\">\n\t\t\t\n\t\t\t<p style=\"text-align: center;\">E-Mail <a href=\"mailto:verkoop@Cerme.nl\">verkoop@Cerme.nl<\/a> - Telefon <a href=\"tel:070%20404%2018%2012\">070 - 404 18 12<\/a> - Sie k\u00f6nnen auch eine <a href=\"https:\/\/web.whatsapp.com\/send?phone=31704041812\" target=\"_blank\" rel=\"noopener\">Whatsapp-Nachricht<\/a> an diese Nummer senden.<\/p>\n\t\t\t\t\t<\/div>\n\t\t\t\t\t\t<\/div>\n\t\t\t\t<\/div>\n\t\t\t\t<\/div>\n\t\t<div class=\"wd-negative-gap elementor-element elementor-element-1c0bc8b e-flex e-con-boxed e-con e-parent\" data-id=\"1c0bc8b\" data-element_type=\"container\">\n\t\t\t\t\t<div class=\"e-con-inner\">\n\t\t\t\t<div class=\"elementor-element elementor-element-903f5fa elementor-align-right elementor-widget elementor-widget-pafe-form-builder-submit\" data-id=\"903f5fa\" data-element_type=\"widget\" data-widget_type=\"pafe-form-builder-submit.default\">\n\t\t\t\t<div class=\"elementor-widget-container\">\n\t\t\t\t\t\t\t<input type=\"hidden\" name=\"post_id\" value=\"35420\" data-pafe-form-builder-hidden-form-id=\"NieuweWinkel\"\/>\r\n\t\t<input type=\"hidden\" name=\"form_id\" value=\"903f5fa\" data-pafe-form-builder-hidden-form-id=\"NieuweWinkel\"\/>\r\n\t\t<input type=\"hidden\" name=\"remote_ip\" value=\"216.73.216.52\" data-pafe-form-builder-hidden-form-id=\"NieuweWinkel\"\/>\r\n\r\n\t\t\t\t\t<input type=\"hidden\" name=\"redirect\" value=\"\" data-pafe-form-builder-hidden-form-id=\"NieuweWinkel\" data-pafe-form-builder-open-new-tab=\"\"\/>\r\n\t\t\r\n\t\t\r\n\t\t\r\n\t\t\r\n\t\t<div class=\"elementor-button-wrapper\">\r\n\t\t\t<button class=\"elementor-button pafe-form-builder-button elementor-size-lg\" data-pafe-submit-keyboard=\"false\" data-pafe-submit-hide=\"true\" role=\"button\" data-pafe-form-builder-required-text=\"Dieses Feld muss ausgef\u00fcllt werden.\" pafe-form-builder-submit=\"right\" data-pafe-form-builder-submit-form-id=\"NieuweWinkel\" data-pafe-razor-payment=\"no\" data-pafe-razor-sub=\"no\">\r\n\t\t\t\t\t\t<span class=\"elementor-button-content-wrapper\">\r\n\t\t\t<span class=\"elementor-button-text elementor-form-spinner\"><i class=\"fa fa-spinner fa-spin\"><\/i><\/span>\r\n\t\t\t\t\t\t<span class=\"elementor-button-icon elementor-align-icon-left\">\r\n\t\t\t\t<i class=\"fa fa-envelope\" aria-hidden=\"true\"><\/i>\r\n\t\t\t<\/span>\r\n\t\t\t\t\t\t<span class=\"elementor-button-text\">Senden<\/span>\r\n\t\t<\/span>\r\n\t\t\t\t\t<\/button>\r\n\t\t<\/div>\r\n\r\n\t\t\r\n\t\t                \t\t\t\t\t\t\r\n        \r\n        \t\t<div id=\"pafe-form-builder-trigger-success-NieuweWinkel\" data-pafe-form-builder-trigger-success=\"NieuweWinkel\" data-disable-clean-form=\"no\" style=\"display: none\"><\/div>\r\n\t\t<div id=\"pafe-form-builder-trigger-failed-NieuweWinkel\" data-pafe-form-builder-trigger-failed=\"NieuweWinkel\" style=\"display: none\"><\/div>\r\n\t\t<div class=\"pafe-form-builder-alert pafe-form-builder-alert--mail\">\r\n\t\t\t<div class=\"elementor-message elementor-message-success\" role=\"alert\" data-pafe-form-builder-message=\"Das Formular wurde erfolgreich gesendet.\">Das Formular wurde erfolgreich gesendet.<\/div>\r\n\t\t\t<div class=\"elementor-message elementor-message-danger\" role=\"alert\" data-pafe-form-builder-message=\"Es ist ein Fehler aufgetreten.\">Es ist ein Fehler aufgetreten.<\/div>\r\n\t\t\t<!-- <div class=\"elementor-message elementor-help-inline\" role=\"alert\">Server error. Form not sent.<\/div> -->\r\n\t\t<\/div>\r\n\t\t\t\t\t\t\t\t<\/div>\n\t\t\t\t<\/div>\n\t\t\t\t\t<\/div>\n\t\t\t\t<\/div>\n\t\t\t\t\t<\/div>\n\t\t\t\t<\/div>\n\t\t\t\t<div class=\"elementor-element elementor-element-7bf3035 elementor-widget elementor-widget-elementskit-heading\" data-id=\"7bf3035\" data-element_type=\"widget\" data-widget_type=\"elementskit-heading.default\">\n\t\t\t\t\t<div class=\"ekit-wid-con\" ><div class=\"ekit-heading elementskit-section-title-wraper text_left   ekit_heading_tablet-   ekit_heading_mobile-\">\t\t\t\t<span class='ekit-heading__shadow-text'>\n\t\t\t\t\tKOSTENLOSE TESTVERSION\t\t\t\t<\/span>\n\t\t\t<h2 class=\"ekit-heading--title elementskit-section-title \">Nutzungsbedingungen <span><span>ABC, drei Monate kostenlose Testversion<\/span><\/span><\/h2><div class=\"ekit_heading_separetor_wraper ekit_heading_elementskit-border-divider ekit-dotted\"><div class=\"elementskit-border-divider ekit-dotted\"><\/div><\/div><h5 class=\"ekit-heading--subtitle elementskit-section-subtitle   ekit-heading__subtitle-has-border\">\n\t\t\t\t\t\tHabt ihr schon Ausr\u00fcstung? Die Kosten f\u00fcr den Testzeitraum betragen 0,00 \u20ac inkl. Support mit Videosupport.\n\t\t\t\t\t<\/h5>\t\t\t\t<div class='ekit-heading__description'>\n\t\t\t\t\t<p><strong>Ein modernes Kassensystem mieten? \u20ac <span style=\"font-size: 18px;background-color: var(--wd-main-bgcolor);color: var(--wd-text-color)\">75,- pro Monat, <span style=\"color: #333333\">Kaution* \u20ac 250,-<\/span><\/span><\/strong><\/p>\n<ul>\n<li><span style=\"font-size: 18px;background-color: var(--wd-main-bgcolor);color: var(--wd-text-color)\">Sie erhalten ein Kassensystem mit PIN-Ger\u00e4t, Kassenschublade und Bondrucker.<\/span><\/li>\n<li><span style=\"font-size: 18px;background-color: var(--wd-main-bgcolor);color: var(--wd-text-color)\"><span style=\"font-size: 18px;background-color: var(--wd-main-bgcolor);color: #333333\">Das Pfand<strong>*<\/strong> wird in voller H\u00f6he zur\u00fcckerstattet, sofern wir unsere Ware unbesch\u00e4digt in der Originalverpackung zur\u00fccksenden.  <\/span><\/span><\/li>\n<li><span style=\"font-size: 18px;background-color: var(--wd-main-bgcolor);color: var(--wd-text-color)\"><span style=\"font-size: 18px;background-color: var(--wd-main-bgcolor);color: #333333\">Nach der Testphase k\u00f6nnen Sie das Kassensystem zu einem attraktiven Tarif \u00fcbernehmen, neue Ger\u00e4te kaufen oder weiter mieten.  <\/span><\/span><\/li>\n<li><span style=\"font-size: 18px;background-color: var(--wd-main-bgcolor);color: var(--wd-text-color)\"><span style=\"font-size: 18px;background-color: var(--wd-main-bgcolor);color: #333333\">Wir werden Sie 14 Tage vor Ablauf der Testphase konsultieren.<\/span><\/span><\/li>\n<\/ul>\n<p><strong>Nach der Probezeit<\/strong><\/p>\n<p><span style=\"color: #333333\">CermePOS Vollversion 32,50 \u20ac pro Monat, Mindestlaufzeit 6 Monate, K\u00fcndigung pro Quartal.  <\/span><\/p>\n<p><strong>M\u00f6chten Sie sich unverbindlich mit einem Kassensystem am Point of Sale vertraut machen?<\/strong><\/p>\n\t\t\t\t<\/div>\n\t\t\t<\/div><\/div>\t\t\t\t<\/div>\n\t\t\t\t<div class=\"elementor-element elementor-element-a0b7334 elementor-hidden-desktop elementor-hidden-tablet elementor-hidden-mobile elementor-widget elementor-widget-wd_text_block\" data-id=\"a0b7334\" data-element_type=\"widget\" data-widget_type=\"wd_text_block.default\">\n\t\t\t\t<div class=\"elementor-widget-container\">\n\t\t\t\t\t\t\t<div class=\"wd-text-block reset-last-child text-left\">\n\t\t\t\n\t\t\t<p style=\"text-align: center;\"><strong> Bedingungen ABC, drei Monate kostenlos testen<\/strong><\/p><p style=\"text-align: center;\">Habt ihr schon Ausr\u00fcstung? Die Kosten f\u00fcr den Testzeitraum betragen 0,00 \u20ac inkl. Support mit Videosupport.<\/p><p style=\"text-align: left;\">Ein modernes Kassensystem mieten? \u20ac <span style=\"font-size: 18px; background-color: var(--wd-main-bgcolor); color: var(--wd-text-color);\">75,- pro Monat, <span style=\"color: #333333;\">Kaution<strong>*<\/strong> \u20ac 250,-<\/span> Sie erhalten ein Kassensystem mit PIN-Ger\u00e4t, Kassenschublade und Belegdrucker.<br><\/span><span style=\"font-size: 18px; background-color: var(--wd-main-bgcolor); color: var(--wd-text-color);\"><span style=\"font-size: 18px; background-color: var(--wd-main-bgcolor); color: #333333;\">Das Pfand<strong>*<\/strong> wird in voller H\u00f6he zur\u00fcckerstattet, sofern wir unsere Ware unbesch\u00e4digt in der Originalverpackung zur\u00fccksenden. Nach der Testphase k\u00f6nnen Sie das Kassensystem zu einem attraktiven Tarif \u00fcbernehmen, neue Ger\u00e4te kaufen oder weiter mieten. Wir werden Sie 14 Tage vor Ablauf der Testphase konsultieren.<\/span><br><\/span><\/p><p style=\"text-align: center;\"><strong style=\"font-size: 18px; color: var(--wd-text-color); background-color: var(--wd-main-bgcolor);\">Nach der Probezeit<\/strong><\/p><p style=\"text-align: center;\"><span style=\"color: #333333;\">CermePOS Vollversion 32,50 \u20ac pro Monat, Mindestlaufzeit 6 Monate, K\u00fcndigung pro Quartal.  <\/span><\/p><p style=\"text-align: center;\"><strong style=\"color: #333333; font-size: 18px; text-align: center; background-color: var(--wd-main-bgcolor);\">M\u00f6chten Sie sich unverbindlich mit einem Kassensystem am Point of Sale vertraut machen?<\/strong><\/p>\n\t\t\t\t\t<\/div>\n\t\t\t\t\t\t<\/div>\n\t\t\t\t<\/div>\n\t\t\t\t\t<\/div>\n\t\t\t\t<\/div>\n\t\t\t\t\t<\/div>\n\t\t\t\t<\/div>\n\t\t\t\t<\/div>\n\t\t","protected":false},"excerpt":{"rendered":"<p>Herzlichen Gl\u00fcckwunsch zu Ihrem neuen Shop! Herzlichen Gl\u00fcckwunsch zu Ihrem neuen Shop! Wir m\u00f6chten Ihnen helfen, eine gute Kassen- und<\/p>\n","protected":false},"author":3,"featured_media":0,"parent":0,"menu_order":0,"comment_status":"closed","ping_status":"closed","template":"","meta":{"footnotes":""},"class_list":["post-35420","page","type-page","status-publish","hentry"],"brizy_media":[],"_links":{"self":[{"href":"https:\/\/cermepos.com\/de\/wp-json\/wp\/v2\/pages\/35420","targetHints":{"allow":["GET"]}}],"collection":[{"href":"https:\/\/cermepos.com\/de\/wp-json\/wp\/v2\/pages"}],"about":[{"href":"https:\/\/cermepos.com\/de\/wp-json\/wp\/v2\/types\/page"}],"author":[{"embeddable":true,"href":"https:\/\/cermepos.com\/de\/wp-json\/wp\/v2\/users\/3"}],"replies":[{"embeddable":true,"href":"https:\/\/cermepos.com\/de\/wp-json\/wp\/v2\/comments?post=35420"}],"version-history":[{"count":0,"href":"https:\/\/cermepos.com\/de\/wp-json\/wp\/v2\/pages\/35420\/revisions"}],"wp:attachment":[{"href":"https:\/\/cermepos.com\/de\/wp-json\/wp\/v2\/media?parent=35420"}],"curies":[{"name":"wp","href":"https:\/\/api.w.org\/{rel}","templated":true}]}}