{"id":34464,"date":"2023-06-06T14:29:05","date_gmt":"2023-06-06T12:29:05","guid":{"rendered":"https:\/\/www.cermepos.com\/oplossing\/ruhmesmaschine-ci-50\/"},"modified":"2023-06-06T14:29:05","modified_gmt":"2023-06-06T12:29:05","slug":"ruhm-maschine-ci-50","status":"publish","type":"product","link":"https:\/\/cermepos.com\/de\/oplossing\/ruhm-maschine-ci-50\/","title":{"rendered":"Ruhmesmaschine &#8211; CI-50"},"content":{"rendered":"<h1>Glory Machine &#8211; CI-50 Back Office &#8211; Banknoten- und Kohlerecycler<\/h1>\n<p>Die Handhabung und Bewegung von Bargeld in jeder Einzelhandelsumgebung kann kostspielig sein und die Effizienz Ihrer Mitarbeiter und Abl\u00e4ufe beeintr\u00e4chtigen. Der CI-50 f\u00fcr das Backoffice ist Teil unserer dynamischen CASHINFINITY-L\u00f6sung\u2122. Eine kompakte Cash-Management-L\u00f6sung f\u00fcr den Einzelhandel, die sowohl einen Banknoten- als auch einen M\u00fcnzrecycler kombiniert. Der CI-50 beschleunigt Back-Office-Geldprozesse an kosteng\u00fcnstigen Standorten. Der CI-50 steigert die Produktivit\u00e4t Ihrer Mitarbeiter und verringert das Risiko, Geld zu verlieren, und erm\u00f6glicht es Ihren Mitarbeitern, sich auf wertvollere Aktivit\u00e4ten zu konzentrieren, die das Kundenerlebnis verbessern und das Gesch\u00e4ftswachstum vorantreiben.<\/p>\n<p><strong>Leistungsbeschreibung<\/strong><br \/>\n<strong>DIMENSIONEN<\/strong><\/p>\n<p><strong>MIT KASSETTENSAMMLUNG:<\/strong><\/p>\n<ul>\n<li style=\"list-style-type: none;\">\n<ul>\n<li>CI-50B (ohne Monitor): 340 mm x 800 mm x 900 mm &#8211; UL-291 24-Stunden-Safe (*Monitorh\u00f6he: 480 mm)<\/li>\n<li>CI-10C: 270 mm x 795 mm x 900 mm<\/li>\n<\/ul>\n<\/li>\n<\/ul>\n<p><strong>MIT FREIFALLSICHEREM BEUTEL:<\/strong><\/p>\n<ul>\n<li style=\"list-style-type: none;\">\n<ul>\n<li>CI-50B (ohne Monitor): 400m x 980mm x 920mm (CENIII-sicher)<\/li>\n<li>CI-10C: 270 mm x 795 mm x 900 mm<\/li>\n<\/ul>\n<\/li>\n<\/ul>\n<p><strong>MIT STAPELBARER TRESORTASCHE:<\/strong><\/p>\n<ul>\n<li style=\"list-style-type: none;\">\n<ul>\n<li>CI-50B (ohne Monitor): 340 mm x 950 mm x 900 mm UL-291 24 Stunden sicher (*Monitorh\u00f6he: 560 mm)<\/li>\n<li>CI-10C: 270 mm x 795 mm x 900 mm<\/li>\n<\/ul>\n<\/li>\n<\/ul>\n<p><strong>SICHERE TYPEN<\/strong><\/p>\n<ul>\n<li style=\"list-style-type: none;\">\n<ul>\n<li>UL-291<\/li>\n<li>CENIII (mit Freifall-Sicherheitssack und stapelsicherem Beutel)<\/li>\n<li>CENIV (nur mit stapelbarer Tresortasche)<\/li>\n<\/ul>\n<\/li>\n<\/ul>\n<p>&nbsp;<\/p>\n<p>&nbsp;<\/p>\n","protected":false},"excerpt":{"rendered":"<p><strong>Ruhmesmaschine &#8211; CI-50<\/strong><\/p>\n<p>Geeignet unter anderem f\u00fcr einen Gro\u00dfmarkt, wo gro\u00dfe Bargeldsummen schnell gez\u00e4hlt und auf gef\u00e4lschte Banknoten \u00fcberpr\u00fcft werden m\u00fcssen. Kapazit\u00e4t, bevor Sie die Geldkassette nachf\u00fcllen oder leeren m\u00fcssen, 1.200 Transaktionen.<\/p>\n","protected":false},"featured_media":33475,"comment_status":"open","ping_status":"closed","template":"","meta":[],"product_brand":[],"product_cat":[1611,1610],"product_tag":[],"class_list":{"0":"post-34464","1":"product","2":"type-product","3":"status-publish","4":"has-post-thumbnail","6":"product_cat-bargeld-automatisierung","7":"product_cat-hardware-kassensysteme","9":"first","10":"instock","11":"shipping-taxable","12":"product-type-simple"},"brizy_media":[],"_links":{"self":[{"href":"https:\/\/cermepos.com\/de\/wp-json\/wp\/v2\/product\/34464","targetHints":{"allow":["GET"]}}],"collection":[{"href":"https:\/\/cermepos.com\/de\/wp-json\/wp\/v2\/product"}],"about":[{"href":"https:\/\/cermepos.com\/de\/wp-json\/wp\/v2\/types\/product"}],"replies":[{"embeddable":true,"href":"https:\/\/cermepos.com\/de\/wp-json\/wp\/v2\/comments?post=34464"}],"version-history":[{"count":0,"href":"https:\/\/cermepos.com\/de\/wp-json\/wp\/v2\/product\/34464\/revisions"}],"wp:featuredmedia":[{"embeddable":true,"href":"https:\/\/cermepos.com\/de\/wp-json\/wp\/v2\/media\/33475"}],"wp:attachment":[{"href":"https:\/\/cermepos.com\/de\/wp-json\/wp\/v2\/media?parent=34464"}],"wp:term":[{"taxonomy":"product_brand","embeddable":true,"href":"https:\/\/cermepos.com\/de\/wp-json\/wp\/v2\/product_brand?post=34464"},{"taxonomy":"product_cat","embeddable":true,"href":"https:\/\/cermepos.com\/de\/wp-json\/wp\/v2\/product_cat?post=34464"},{"taxonomy":"product_tag","embeddable":true,"href":"https:\/\/cermepos.com\/de\/wp-json\/wp\/v2\/product_tag?post=34464"}],"curies":[{"name":"wp","href":"https:\/\/api.w.org\/{rel}","templated":true}]}}