{"id":34465,"date":"2023-06-06T14:19:41","date_gmt":"2023-06-06T12:19:41","guid":{"rendered":"https:\/\/www.cermepos.com\/oplossing\/ruhmesmaschine-ci-10x\/"},"modified":"2023-06-06T14:19:41","modified_gmt":"2023-06-06T12:19:41","slug":"glory-machine-ci-10x","status":"publish","type":"product","link":"https:\/\/cermepos.com\/de\/oplossing\/glory-machine-ci-10x\/","title":{"rendered":"Ruhmesmaschine &#8211; CI-10X"},"content":{"rendered":"<h1><strong>Glory Machine &#8211; CI-10X f\u00fcr den Point of Sale<\/strong><\/h1>\n<p>Mit einem \u00fcberarbeiteten Design, das den Betrieb f\u00fcr Mitarbeiter und Kunden verbessert, macht die CI-10X-Geldrecyclingl\u00f6sung den Umgang des Personals mit Bargeld am Point of Sale \u00fcberfl\u00fcssig. Durch die Automatisierung der Bargeldabwicklung wird das Risiko von Fehlern und Verlusten minimiert und gleichzeitig die Produktivit\u00e4t der Mitarbeiter und des Kundendienstes verbessert. CI-10X kann auch die Bargeldversorgung innerhalb des Ger\u00e4ts automatisch \u00fcberpr\u00fcfen und optimieren. Es verbindet Bargeldbewegungen genau, effizient und reibungslos, um die Bargeldabwicklung sowohl f\u00fcr Verbraucher als auch f\u00fcr Einzelh\u00e4ndler zu verbessern. Bieten Sie Zahlungsm\u00f6glichkeiten und verbessern Sie das Einkaufserlebnis Ihrer Kunden.<\/p>\n<p><strong>Leistungsbeschreibung<\/strong><br \/>\n<strong>ACHTEN SIE AUF DAS RECYCLING-MODUL<\/strong><\/p>\n<p>4 Recycling-Module (4 x 100 Notizen)<\/p>\n<p><strong>GESAMTKAPAZIT\u00c4T DER NOTEN<\/strong><\/p>\n<ul>\n<li>700 Noten (Interface-Kassettentyp)<\/li>\n<li>850 &#8211; 760 Banknoten (Sammlerkassette)<\/li>\n<\/ul>\n<p>Abh\u00e4ngig von der Qualit\u00e4t der Banknote. Die Kapazit\u00e4ten dienen nur als Referenz und k\u00f6nnen nicht garantiert werden.<\/p>\n<p><strong>MODULE F\u00dcR DAS RECYCLING VON M\u00dcNZEN<\/strong><\/p>\n<ul>\n<li>8 Recycling-Stapler<\/li>\n<\/ul>\n","protected":false},"excerpt":{"rendered":"<h2><strong>Ruhmesmaschine &#8211; CI-10X<\/strong><\/h2>\n<p>Der gro\u00dfe Bruder des CI-5X, dieser Geldwechselautomat, wird auf den Boden gestellt. Es hat eine gro\u00dfe Kapazit\u00e4t von bis zu 600 Transaktionen, bevor Sie die Geldkassette leeren oder auff\u00fcllen m\u00fcssen.<\/p>\n","protected":false},"featured_media":33472,"comment_status":"open","ping_status":"closed","template":"","meta":[],"product_brand":[],"product_cat":[1611,1610],"product_tag":[],"class_list":{"0":"post-34465","1":"product","2":"type-product","3":"status-publish","4":"has-post-thumbnail","6":"product_cat-bargeld-automatisierung","7":"product_cat-hardware-kassensysteme","9":"first","10":"instock","11":"shipping-taxable","12":"product-type-simple"},"brizy_media":[],"_links":{"self":[{"href":"https:\/\/cermepos.com\/de\/wp-json\/wp\/v2\/product\/34465","targetHints":{"allow":["GET"]}}],"collection":[{"href":"https:\/\/cermepos.com\/de\/wp-json\/wp\/v2\/product"}],"about":[{"href":"https:\/\/cermepos.com\/de\/wp-json\/wp\/v2\/types\/product"}],"replies":[{"embeddable":true,"href":"https:\/\/cermepos.com\/de\/wp-json\/wp\/v2\/comments?post=34465"}],"version-history":[{"count":0,"href":"https:\/\/cermepos.com\/de\/wp-json\/wp\/v2\/product\/34465\/revisions"}],"wp:featuredmedia":[{"embeddable":true,"href":"https:\/\/cermepos.com\/de\/wp-json\/wp\/v2\/media\/33472"}],"wp:attachment":[{"href":"https:\/\/cermepos.com\/de\/wp-json\/wp\/v2\/media?parent=34465"}],"wp:term":[{"taxonomy":"product_brand","embeddable":true,"href":"https:\/\/cermepos.com\/de\/wp-json\/wp\/v2\/product_brand?post=34465"},{"taxonomy":"product_cat","embeddable":true,"href":"https:\/\/cermepos.com\/de\/wp-json\/wp\/v2\/product_cat?post=34465"},{"taxonomy":"product_tag","embeddable":true,"href":"https:\/\/cermepos.com\/de\/wp-json\/wp\/v2\/product_tag?post=34465"}],"curies":[{"name":"wp","href":"https:\/\/api.w.org\/{rel}","templated":true}]}}