{"id":34467,"date":"2023-06-05T14:41:12","date_gmt":"2023-06-05T12:41:12","guid":{"rendered":"https:\/\/www.cermepos.com\/oplossing\/ruhmesmaschine-ci-5\/"},"modified":"2023-06-05T14:41:12","modified_gmt":"2023-06-05T12:41:12","slug":"ruhm-maschine-ci-5","status":"publish","type":"product","link":"https:\/\/cermepos.com\/de\/oplossing\/ruhm-maschine-ci-5\/","title":{"rendered":"Ruhmesmaschine &#8211; CI-5"},"content":{"rendered":"<h1>Glory Machine &#8211; CI-5 &#8211; Kleingeld-Recycling-System<\/h1>\n<p>Die Handhabung und Bewegung von Bargeld in jeder Einzelhandelsumgebung kann kostspielig sein und die Effizienz Ihrer Mitarbeiter und Abl\u00e4ufe beeintr\u00e4chtigen. Unabh\u00e4ngig von der Gr\u00f6\u00dfe Ihres Unternehmens ben\u00f6tigen Sie eine Cash-Management-L\u00f6sung, die flexibel ist und Ihre individuellen Herausforderungen und Ziele erfolgreich bew\u00e4ltigt. Das CI-5 Kleingeld-Recyclingsystem, das Teil unserer dynamischen CASHINFINITY-L\u00f6sung\u2122 ist, macht die Verarbeitung von Bargeld am Point of Sale durch das Personal \u00fcberfl\u00fcssig. Wenn der CI-5 in Ihr bestehendes POS-System integriert ist, automatisiert er sicher die Bargeldabwicklung an Zahlungspositionen, minimiert das Risiko von Fehlern und Verlusten und verbessert die Produktivit\u00e4t von Mitarbeitern und Kundenservice.<\/p>\n<h3>Leistungsbeschreibung<\/h3>\n<p><strong>VERF\u00dcGBARKEIT<\/strong><\/p>\n<p>Wenden Sie sich an <a href=\"\/?page_id=12812\"><strong>CermePOS,<\/strong> <\/a>um die Verf\u00fcgbarkeit in bestimmten L\u00e4ndern zu erfahren<\/p>\n<p><strong>DIMENSIONEN<\/strong><\/p>\n<ul>\n<li style=\"list-style-type: none;\">\n<ul>\n<li>CI-5C: 300 (H) x 320 (B) x 590 (T) mm<\/li>\n<li>CI-5B: 300 (H) x 200 (B) x 590 (T) mm<\/li>\n<\/ul>\n<\/li>\n<\/ul>\n<p><strong>ACHTEN SIE AUF DAS RECYCLING-MODUL<\/strong><\/p>\n<ul>\n<li style=\"list-style-type: none;\">\n<ul>\n<li>CI-5B: 3 Recycling-Module<\/li>\n<li>CI-5B: kostenloses Modul f\u00fcr Recycling-Layouts<\/li>\n<li>CI-5C: 8 Recycling-Module<\/li>\n<li>CI-5C: Recycling-Modul mit freiem Layout<\/li>\n<\/ul>\n<\/li>\n<\/ul>\n<p><strong>GESAMTKAPAZIT\u00c4T DER NOTEN<\/strong><\/p>\n<ul>\n<li style=\"list-style-type: none;\">\n<ul>\n<li>300* Banknoten (*abh\u00e4ngig von der Banknotendicke)<\/li>\n<\/ul>\n<\/li>\n<\/ul>\n","protected":false},"excerpt":{"rendered":"<p>Ruhmesmaschine &#8211; CI-5 . Dieser Geldautomat wird in Gesch\u00e4ften mit viel Bargeld verwendet, wie z. B. Fast Food, B\u00e4ckerei oder Supermarkt. Es ist von begrenzter Gr\u00f6\u00dfe und nimmt wenig Platz ein.  <span style=\"background-color: var(--wd-main-bgcolor); color: var(--wd-text-color); font-size: 18px;\">Kapazit\u00e4t: durchschnittlich 200 Transaktionen, bevor Sie die Geldkassette nachf\u00fcllen oder leeren m\u00fcssen.<\/span><\/p>\n","protected":false},"featured_media":33469,"comment_status":"open","ping_status":"closed","template":"","meta":[],"product_brand":[],"product_cat":[1611,1610],"product_tag":[],"class_list":{"0":"post-34467","1":"product","2":"type-product","3":"status-publish","4":"has-post-thumbnail","6":"product_cat-bargeld-automatisierung","7":"product_cat-hardware-kassensysteme","9":"first","10":"instock","11":"shipping-taxable","12":"product-type-simple"},"brizy_media":[],"_links":{"self":[{"href":"https:\/\/cermepos.com\/de\/wp-json\/wp\/v2\/product\/34467","targetHints":{"allow":["GET"]}}],"collection":[{"href":"https:\/\/cermepos.com\/de\/wp-json\/wp\/v2\/product"}],"about":[{"href":"https:\/\/cermepos.com\/de\/wp-json\/wp\/v2\/types\/product"}],"replies":[{"embeddable":true,"href":"https:\/\/cermepos.com\/de\/wp-json\/wp\/v2\/comments?post=34467"}],"version-history":[{"count":0,"href":"https:\/\/cermepos.com\/de\/wp-json\/wp\/v2\/product\/34467\/revisions"}],"wp:featuredmedia":[{"embeddable":true,"href":"https:\/\/cermepos.com\/de\/wp-json\/wp\/v2\/media\/33469"}],"wp:attachment":[{"href":"https:\/\/cermepos.com\/de\/wp-json\/wp\/v2\/media?parent=34467"}],"wp:term":[{"taxonomy":"product_brand","embeddable":true,"href":"https:\/\/cermepos.com\/de\/wp-json\/wp\/v2\/product_brand?post=34467"},{"taxonomy":"product_cat","embeddable":true,"href":"https:\/\/cermepos.com\/de\/wp-json\/wp\/v2\/product_cat?post=34467"},{"taxonomy":"product_tag","embeddable":true,"href":"https:\/\/cermepos.com\/de\/wp-json\/wp\/v2\/product_tag?post=34467"}],"curies":[{"name":"wp","href":"https:\/\/api.w.org\/{rel}","templated":true}]}}