{"id":34499,"date":"2023-05-26T16:24:25","date_gmt":"2023-05-26T14:24:25","guid":{"rendered":"https:\/\/www.cermepos.com\/oplossing\/cermepos-webshop\/"},"modified":"2023-05-26T16:24:25","modified_gmt":"2023-05-26T14:24:25","slug":"cermepos-webshop","status":"publish","type":"product","link":"https:\/\/cermepos.com\/de\/oplossing\/cermepos-webshop\/","title":{"rendered":"CermePOS Webshop"},"content":{"rendered":"<p>Eine hochmoderne Webshop-Plattform, die vollst\u00e4ndig in CermePOS integriert ist. Nat\u00fcrlich ist das Google SEO-Ranking eine wichtige Optimierung dieses Webshops. Mit der Google Tag Manager-Integration k\u00f6nnen Sie alle Ihre Statistiken und Leistungen verfolgen. Sie k\u00f6nnen das Zahlungsmodul verwenden, um IDEAL, Bancontact, Creditcads, Sofort, Klara zu akzeptieren. Das integrierte Logistikmodul macht es Ihnen sehr einfach, Paketscheine direkt f\u00fcr den von Ihnen bevorzugten Spediteur zu drucken, wie z.B. DHL, Postnl, DPD, FedEx, POST, DSV, Homerr, Brenger, Bringly.<\/p>\n","protected":false},"excerpt":{"rendered":"<p>Eine hochmoderne Webshop-Plattform, die vollst\u00e4ndig in CermePOS integriert ist. Nat\u00fcrlich ist das Google SEO-Ranking eine wichtige Optimierung dieses Webshops. Mit<\/p>\n","protected":false},"featured_media":0,"comment_status":"open","ping_status":"closed","template":"","meta":[],"product_brand":[],"product_cat":[1614],"product_tag":[],"class_list":{"0":"post-34499","1":"product","2":"type-product","3":"status-publish","5":"product_cat-software-kassensysteme","7":"first","8":"instock","9":"shipping-taxable","10":"product-type-simple"},"brizy_media":[],"_links":{"self":[{"href":"https:\/\/cermepos.com\/de\/wp-json\/wp\/v2\/product\/34499","targetHints":{"allow":["GET"]}}],"collection":[{"href":"https:\/\/cermepos.com\/de\/wp-json\/wp\/v2\/product"}],"about":[{"href":"https:\/\/cermepos.com\/de\/wp-json\/wp\/v2\/types\/product"}],"replies":[{"embeddable":true,"href":"https:\/\/cermepos.com\/de\/wp-json\/wp\/v2\/comments?post=34499"}],"version-history":[{"count":0,"href":"https:\/\/cermepos.com\/de\/wp-json\/wp\/v2\/product\/34499\/revisions"}],"wp:attachment":[{"href":"https:\/\/cermepos.com\/de\/wp-json\/wp\/v2\/media?parent=34499"}],"wp:term":[{"taxonomy":"product_brand","embeddable":true,"href":"https:\/\/cermepos.com\/de\/wp-json\/wp\/v2\/product_brand?post=34499"},{"taxonomy":"product_cat","embeddable":true,"href":"https:\/\/cermepos.com\/de\/wp-json\/wp\/v2\/product_cat?post=34499"},{"taxonomy":"product_tag","embeddable":true,"href":"https:\/\/cermepos.com\/de\/wp-json\/wp\/v2\/product_tag?post=34499"}],"curies":[{"name":"wp","href":"https:\/\/api.w.org\/{rel}","templated":true}]}}