{"id":34509,"date":"2023-05-26T16:22:16","date_gmt":"2023-05-26T14:22:16","guid":{"rendered":"https:\/\/www.cermepos.com\/oplossing\/cermepos-lite\/"},"modified":"2023-06-21T12:11:22","modified_gmt":"2023-06-21T10:11:22","slug":"cermepos-lite","status":"publish","type":"product","link":"https:\/\/cermepos.com\/de\/oplossing\/cermepos-lite\/","title":{"rendered":"CermePOS Lite"},"content":{"rendered":"\t\t<div data-elementor-type=\"wp-post\" data-elementor-id=\"34509\" class=\"elementor elementor-34509 elementor-30890\">\n\t\t\t\t<div class=\"wd-negative-gap elementor-element elementor-element-6cc1298 e-flex e-con-boxed e-con e-parent\" data-id=\"6cc1298\" data-element_type=\"container\">\n\t\t\t\t\t<div class=\"e-con-inner\">\n\t\t<div class=\"elementor-element elementor-element-8355f0f e-con-full e-flex e-con e-parent\" data-id=\"8355f0f\" data-element_type=\"container\">\n\t\t\t\t<div class=\"elementor-element elementor-element-0f8ef3c color-scheme-inherit text-left elementor-widget elementor-widget-text-editor\" data-id=\"0f8ef3c\" data-element_type=\"widget\" data-widget_type=\"text-editor.default\">\n\t\t\t\t\t\t\t\t\t<p><strong>CermePOS Lite &#8211; die Einsteigerversion<\/strong><\/p>\n<p>Geeignet f\u00fcr den H\u00e4ndler, der eine moderne Registrierkasse mit Touchscreen w\u00fcnscht, um die Verk\u00e4ufe t\u00e4tigen zu k\u00f6nnen und keine weiteren W\u00fcnsche hat.<\/p>\n\t\t\t\t\t\t\t\t<\/div>\n\t\t<div class=\"wd-negative-gap elementor-element elementor-element-5ec12d7 e-flex e-con-boxed e-con e-parent\" data-id=\"5ec12d7\" data-element_type=\"container\">\n\t\t\t\t\t<div class=\"e-con-inner\">\n\t\t<div class=\"elementor-element elementor-element-8018b25 e-con-full e-flex e-con e-parent\" data-id=\"8018b25\" data-element_type=\"container\">\n\t\t\t\t<div class=\"elementor-element elementor-element-de0120b color-scheme-inherit text-left elementor-widget elementor-widget-text-editor\" data-id=\"de0120b\" data-element_type=\"widget\" data-widget_type=\"text-editor.default\">\n\t\t\t\t\t\t\t\t\t<p><strong>Diese Version kann:  <\/strong><\/p>\n<p style=\"padding-left: 40px;\">+\/+ Pin-Transaktionen verarbeiten<\/p>\n<p style=\"padding-left: 40px;\">+\/+ Belege drucken<\/p>\n<p style=\"padding-left: 40px;\">+\/+ Verk\u00e4ufe registrieren<\/p>\n<p style=\"padding-left: 40px;\">+\/+ Angebote erstellen<\/p>\n<p style=\"padding-left: 40px;\">+\/+ Artikel und Gruppen erstellen<\/p>\n<p style=\"padding-left: 40px;\">+\/+ Erstellen und Verwenden von Schnellschaltfl\u00e4chen<\/p>\n\t\t\t\t\t\t\t\t<\/div>\n\t\t\t\t<\/div>\n\t\t<div class=\"elementor-element elementor-element-4e8de9e e-con-full e-flex e-con e-parent\" data-id=\"4e8de9e\" data-element_type=\"container\">\n\t\t\t\t<div class=\"elementor-element elementor-element-be2a493 color-scheme-inherit text-left elementor-widget elementor-widget-text-editor\" data-id=\"be2a493\" data-element_type=\"widget\" data-widget_type=\"text-editor.default\">\n\t\t\t\t\t\t\t\t\t<p><strong>Kann aber nicht:<\/strong><\/p>\n<p style=\"padding-left: 40px;\">-\/- K\u00e4ufe registrieren<\/p>\n<p style=\"padding-left: 40px;\">-\/- Bestandsverfolgung<\/p>\n<p style=\"padding-left: 40px;\">-\/- Verkaufsrechnungen erstellen<\/p>\n<p style=\"padding-left: 40px;\">\/- Aktionen mit einer Treuekarte<\/p>\n<p style=\"padding-left: 40px;\">-\/- Ausf\u00fchren von CRM-Vorg\u00e4ngen<\/p>\n<p style=\"padding-left: 40px;\">-\/- MwSt.-Erkl\u00e4rung<\/p>\n<p style=\"text-align: center;\">\n\t\t\t\t\t\t\t\t<\/div>\n\t\t\t\t<\/div>\n\t\t\t\t\t<\/div>\n\t\t\t\t<\/div>\n\t\t\t\t<div class=\"elementor-element elementor-element-735f82a color-scheme-inherit text-left elementor-widget elementor-widget-text-editor\" data-id=\"735f82a\" data-element_type=\"widget\" data-widget_type=\"text-editor.default\">\n\t\t\t\t\t\t\t\t\t<p>Sie haben das Recht, die Vollversion bis zu 6 Monate nach dem Kauf zu w\u00e4hlen, Sie zahlen nur die Preisdifferenz.<\/p>\n<p style=\"text-align: center;\"><em><strong>Um herauszufinden, ob diese Version f\u00fcr Ihr Gesch\u00e4ft geeignet ist, kontaktieren Sie uns f\u00fcr eine ma\u00dfgeschneiderte Beratung.<\/strong><\/em><\/p>\n\t\t\t\t\t\t\t\t<\/div>\n\t\t\t\t<\/div>\n\t\t\t\t\t<\/div>\n\t\t\t\t<\/div>\n\t\t\t\t<\/div>\n\t\t","protected":false},"excerpt":{"rendered":"<p>CermePOS Lite &#8211; die Einsteigerversion Geeignet f\u00fcr den H\u00e4ndler, der eine moderne Registrierkasse mit Touchscreen w\u00fcnscht, um die Verk\u00e4ufe t\u00e4tigen<\/p>\n","protected":false},"featured_media":0,"comment_status":"open","ping_status":"closed","template":"","meta":[],"product_brand":[],"product_cat":[1614],"product_tag":[],"class_list":{"0":"post-34509","1":"product","2":"type-product","3":"status-publish","5":"product_cat-software-kassensysteme","7":"first","8":"instock","9":"shipping-taxable","10":"product-type-simple"},"brizy_media":[],"_links":{"self":[{"href":"https:\/\/cermepos.com\/de\/wp-json\/wp\/v2\/product\/34509","targetHints":{"allow":["GET"]}}],"collection":[{"href":"https:\/\/cermepos.com\/de\/wp-json\/wp\/v2\/product"}],"about":[{"href":"https:\/\/cermepos.com\/de\/wp-json\/wp\/v2\/types\/product"}],"replies":[{"embeddable":true,"href":"https:\/\/cermepos.com\/de\/wp-json\/wp\/v2\/comments?post=34509"}],"version-history":[{"count":0,"href":"https:\/\/cermepos.com\/de\/wp-json\/wp\/v2\/product\/34509\/revisions"}],"wp:attachment":[{"href":"https:\/\/cermepos.com\/de\/wp-json\/wp\/v2\/media?parent=34509"}],"wp:term":[{"taxonomy":"product_brand","embeddable":true,"href":"https:\/\/cermepos.com\/de\/wp-json\/wp\/v2\/product_brand?post=34509"},{"taxonomy":"product_cat","embeddable":true,"href":"https:\/\/cermepos.com\/de\/wp-json\/wp\/v2\/product_cat?post=34509"},{"taxonomy":"product_tag","embeddable":true,"href":"https:\/\/cermepos.com\/de\/wp-json\/wp\/v2\/product_tag?post=34509"}],"curies":[{"name":"wp","href":"https:\/\/api.w.org\/{rel}","templated":true}]}}