{"id":34511,"date":"2023-05-26T16:23:35","date_gmt":"2023-05-26T14:23:35","guid":{"rendered":"https:\/\/www.cermepos.com\/oplossing\/cermepos-grosshandelssoftware\/"},"modified":"2023-05-26T16:23:35","modified_gmt":"2023-05-26T14:23:35","slug":"cermepos-wholesale-software","status":"publish","type":"product","link":"https:\/\/cermepos.com\/de\/oplossing\/cermepos-wholesale-software\/","title":{"rendered":"CermePOS Gro\u00dfhandelssoftware"},"content":{"rendered":"<p>CermePOS Handel<\/p>\n<p>Diese Point-of-Sale-Software f\u00fcr den Gro\u00dfhandel ist mit allen erdenklichen Funktionen ausgestattet, die die Prozesse rund um Einkauf und Verkauf automatisieren. Sie k\u00f6nnen wiegen, scannen, versenden, zitieren und die Logistikfunktionen unterst\u00fctzen Sie bei der Ausf\u00fchrung. Zusammen mit einer Einkaufs-App f\u00fcr Ihre Kunden sparen Sie viel Zeit bei den administrativen Prozessen. Diese Software hat sich seit Jahren bew\u00e4hrt und wird bei zahlreichen Gro\u00dfh\u00e4ndlern in den Niederlanden, Belgien, \u00d6sterreich, Frankreich und Deutschland eingesetzt.<\/p>\n<p style=\"text-align: center;\"><strong><em>M\u00f6chten Sie mehr Bestellungen erhalten, Ihre Einkaufs- oder Verkaufsprozesse rationalisieren? Wir helfen Ihnen gerne mit Wissen und Expertise.<\/em><\/strong><\/p>\n","protected":false},"excerpt":{"rendered":"<p>CermePOS Handel Diese Point-of-Sale-Software f\u00fcr den Gro\u00dfhandel ist mit allen erdenklichen Funktionen ausgestattet, die die Prozesse rund um Einkauf und<\/p>\n","protected":false},"featured_media":0,"comment_status":"open","ping_status":"closed","template":"","meta":[],"product_brand":[],"product_cat":[1614],"product_tag":[],"class_list":{"0":"post-34511","1":"product","2":"type-product","3":"status-publish","5":"product_cat-software-kassensysteme","7":"first","8":"instock","9":"shipping-taxable","10":"product-type-simple"},"brizy_media":[],"_links":{"self":[{"href":"https:\/\/cermepos.com\/de\/wp-json\/wp\/v2\/product\/34511","targetHints":{"allow":["GET"]}}],"collection":[{"href":"https:\/\/cermepos.com\/de\/wp-json\/wp\/v2\/product"}],"about":[{"href":"https:\/\/cermepos.com\/de\/wp-json\/wp\/v2\/types\/product"}],"replies":[{"embeddable":true,"href":"https:\/\/cermepos.com\/de\/wp-json\/wp\/v2\/comments?post=34511"}],"version-history":[{"count":0,"href":"https:\/\/cermepos.com\/de\/wp-json\/wp\/v2\/product\/34511\/revisions"}],"wp:attachment":[{"href":"https:\/\/cermepos.com\/de\/wp-json\/wp\/v2\/media?parent=34511"}],"wp:term":[{"taxonomy":"product_brand","embeddable":true,"href":"https:\/\/cermepos.com\/de\/wp-json\/wp\/v2\/product_brand?post=34511"},{"taxonomy":"product_cat","embeddable":true,"href":"https:\/\/cermepos.com\/de\/wp-json\/wp\/v2\/product_cat?post=34511"},{"taxonomy":"product_tag","embeddable":true,"href":"https:\/\/cermepos.com\/de\/wp-json\/wp\/v2\/product_tag?post=34511"}],"curies":[{"name":"wp","href":"https:\/\/api.w.org\/{rel}","templated":true}]}}