{"id":34513,"date":"2023-05-26T16:23:10","date_gmt":"2023-05-26T14:23:10","guid":{"rendered":"https:\/\/www.cermepos.com\/oplossing\/cermepos-horeca\/"},"modified":"2023-05-26T16:23:10","modified_gmt":"2023-05-26T14:23:10","slug":"cermepos-catering","status":"publish","type":"product","link":"https:\/\/cermepos.com\/de\/oplossing\/cermepos-catering\/","title":{"rendered":"CermePOS-Horeca"},"content":{"rendered":"<p>Die Kassensoftware CermePOS hat sich in der Hotellerie bew\u00e4hrt. Es wird in den Niederlanden, Deutschland, \u00d6sterreich und Frankreich verwendet. Sehr einfach zu verwalten durch die Benutzer. Es bietet eine L\u00f6sung f\u00fcr Restaurants, Caf\u00e9s, Bistros, Snackbars und Fast-Food-Fachgesch\u00e4fte. Es wurde in Zusammenarbeit mit der Industrie entwickelt und ist mit seinen intuitiven Bildschirmen sehr einfach zu erlernen und zu bedienen<\/p>\n","protected":false},"excerpt":{"rendered":"<p>Die Kassensoftware CermePOS hat sich in der Hotellerie bew\u00e4hrt. Es wird in den Niederlanden, Deutschland, \u00d6sterreich und Frankreich verwendet. Sehr<\/p>\n","protected":false},"featured_media":0,"comment_status":"open","ping_status":"closed","template":"","meta":[],"product_brand":[],"product_cat":[1614],"product_tag":[],"class_list":{"0":"post-34513","1":"product","2":"type-product","3":"status-publish","5":"product_cat-software-kassensysteme","7":"first","8":"instock","9":"shipping-taxable","10":"product-type-simple"},"brizy_media":[],"_links":{"self":[{"href":"https:\/\/cermepos.com\/de\/wp-json\/wp\/v2\/product\/34513","targetHints":{"allow":["GET"]}}],"collection":[{"href":"https:\/\/cermepos.com\/de\/wp-json\/wp\/v2\/product"}],"about":[{"href":"https:\/\/cermepos.com\/de\/wp-json\/wp\/v2\/types\/product"}],"replies":[{"embeddable":true,"href":"https:\/\/cermepos.com\/de\/wp-json\/wp\/v2\/comments?post=34513"}],"version-history":[{"count":0,"href":"https:\/\/cermepos.com\/de\/wp-json\/wp\/v2\/product\/34513\/revisions"}],"wp:attachment":[{"href":"https:\/\/cermepos.com\/de\/wp-json\/wp\/v2\/media?parent=34513"}],"wp:term":[{"taxonomy":"product_brand","embeddable":true,"href":"https:\/\/cermepos.com\/de\/wp-json\/wp\/v2\/product_brand?post=34513"},{"taxonomy":"product_cat","embeddable":true,"href":"https:\/\/cermepos.com\/de\/wp-json\/wp\/v2\/product_cat?post=34513"},{"taxonomy":"product_tag","embeddable":true,"href":"https:\/\/cermepos.com\/de\/wp-json\/wp\/v2\/product_tag?post=34513"}],"curies":[{"name":"wp","href":"https:\/\/api.w.org\/{rel}","templated":true}]}}