{"id":34535,"date":"2023-04-26T15:13:37","date_gmt":"2023-04-26T13:13:37","guid":{"rendered":"https:\/\/www.cermepos.com\/oplossing\/sk-40-preis-checker\/"},"modified":"2023-06-21T12:14:38","modified_gmt":"2023-06-21T10:14:38","slug":"sk-40-preis-checker","status":"publish","type":"product","link":"https:\/\/cermepos.com\/de\/oplossing\/sk-40-preis-checker\/","title":{"rendered":"SK-40 Preis-Checker"},"content":{"rendered":"\t\t<div data-elementor-type=\"wp-post\" data-elementor-id=\"34535\" class=\"elementor elementor-34535 elementor-28855\">\n\t\t\t\t\t\t<section class=\"wd-negative-gap elementor-section elementor-top-section elementor-element elementor-element-2fe3176a elementor-section-boxed elementor-section-height-default elementor-section-height-default\" data-id=\"2fe3176a\" data-element_type=\"section\" data-e-type=\"section\">\n\t\t\t\t\t\t<div class=\"elementor-container elementor-column-gap-default\">\n\t\t\t\t\t<div class=\"elementor-column elementor-col-100 elementor-top-column elementor-element elementor-element-304c5774\" data-id=\"304c5774\" data-element_type=\"column\" data-e-type=\"column\">\n\t\t\t<div class=\"elementor-widget-wrap elementor-element-populated\">\n\t\t\t\t\t\t<div class=\"elementor-element elementor-element-d1840e3 color-scheme-inherit text-left elementor-widget elementor-widget-text-editor\" data-id=\"d1840e3\" data-element_type=\"widget\" data-e-type=\"widget\" data-widget_type=\"text-editor.default\">\n\t\t\t\t\t\t\t\t\t<div id=\"product-product\" class=\"container\">\n<div class=\"row\">\n<div id=\"content\" class=\"\">\n<div class=\"product-blocks blocks-default\">\n<div class=\"product-blocks-default product-blocks-338 grid-rows\">\n<div class=\"grid-row grid-row-338-1\">\n<div class=\"grid-cols\">\n<div class=\"grid-col grid-col-338-1-1\">\n<div class=\"grid-items\">\n<div class=\"grid-item grid-item-338-1-1-1\">\n<div class=\"module module-blocks module-blocks-330 blocks-grid\">\n<div class=\"module-body\">\n<div class=\"module-item module-item-1\">\n<div class=\"block-body expand-block\">\n<p>Der Preispr\u00fcfer SK-40 ist mit einem 4,3-Zoll-Farbdisplay und einer Preissteuerungsfunktion ausgestattet. Ihre Kunden k\u00f6nnen mit diesem Ger\u00e4t den Barcode eines Produkts scannen und den Preis herausfinden. Der Farbbildschirm kann Multimediadateien f\u00fcr Werbung und Werbung abspielen. Der SK-40 Preispr\u00fcfer von Scantech ID kann \u00fcber eine Registrierkasse, das Backoffice oder ein Internetkonto gesteuert werden.<\/p>\n<h3> <\/h3>\n<h3 class=\"title module-title block-title\">Leistungsbeschreibung<\/h3>\n<div class=\"block-wrapper\">\n<div class=\"block-content block-attributes\">\n<div id=\"tab-specification\">\n<div class=\"table-responsive\">\n<table class=\"table table-bordered\" style=\"height: 1218px;\" width=\"310\">\n<thead>\n<tr>\n<td colspan=\"2\"><strong>Preis-Checker<\/strong><\/td>\n<\/tr>\n<\/thead>\n<tbody>\n<tr>\n<td>Bildschirmgr\u00f6\u00dfe<\/td>\n<td>4,3&#8243; Diagonale<\/td>\n<\/tr>\n<tr>\n<td>L\u00f6sung<\/td>\n<p>: <\/p>\n<td>480 x 272 Pixel \/ 65.535 Farben<\/td>\n<\/tr>\n<tr>\n<td>Arbeitsspeicher<\/td>\n<td>RAM 128MB\/Flash 256MB Erweiterbar \u00fcber USB-Stick und SD-Karte<\/td>\n<\/tr>\n<tr>\n<td>Abmessungen:<\/td>\n<td>193 mm x 176 mm x 85 mm (7,6&#8243; x 6,9&#8243; x 3,3&#8243;)<\/td>\n<\/tr>\n<tr>\n<td>Grafik<\/td>\n<td>PNG\/JPEG\/GIF\/BMP Audio unterst\u00fctzt WAV\/WMA\/MP3 Video unterst\u00fctzt MPEG-4\/H.264<\/td>\n<\/tr>\n<tr>\n<td>Hochwertige<\/td>\n<td>Soundlautsprecher f\u00fcr \u00fcberragende Audioleistung &#8211; Audioanschl\u00fcsse: 16-Bit-PCM 44.1 KHz<\/td>\n<\/tr>\n<tr>\n<td>Scanner<\/td>\n<td>Omnidirektionaler Laserscanner: Hochgeschwindigkeitsscannen, hochempfindlich und omnidirektional. Lesen von fragmentierten Barcodes. Sichtbare Laserdiode 635 nm. Scanmuster: 6-Wege-Scanfeld, 24 Zeilen. Scangeschwindigkeit: 2000 Scans\/Sek. Bis zu 300 mm @ UPC\/EAN 100%, PCS 90% oder 2D Imager: sichtbares rotes Licht 650nm. Scangeschwindigkeit: 200 Scans\/Sek. autoadaptiv im linearen Modus, 56 Bilder\/Sek. autoadaptiver 2D-Modus. Aufl\u00f6sung: 752 horizontale x 480 vertikale Pixel, 256 Graustufen<\/td>\n<\/tr>\n<tr>\n<td>Stromversorgung<\/td>\n<td>DC 12V\/1,5A Netzteil oder PoE<\/td>\n<\/tr>\n<tr>\n<td>Verbindung<\/td>\n<td>WLAN (optional f\u00fcr Linux OS) \/ Ethernet \/ POE (Power Over Ethernet). Sonstiges: Unterst\u00fctzt NFC \/ Exit-Gate-Steuerungsfunktion<\/td>\n<\/tr>\n<tr>\n<td> <\/td>\n<td> <\/td>\n<\/tr>\n<tr>\n<td> <\/td>\n<td> <\/td>\n<\/tr>\n<\/tbody>\n<\/table>\n<\/div>\n<\/div>\n<\/div>\n<\/div>\n<\/div>\n<\/div>\n<\/div>\n<\/div>\n<\/div>\n<\/div>\n<\/div>\n<\/div>\n<\/div>\n<\/div>\n<\/div>\n<\/div>\n<\/div>\n<\/div>\n\t\t\t\t\t\t\t\t<\/div>\n\t\t\t\t\t<\/div>\n\t\t<\/div>\n\t\t\t\t\t<\/div>\n\t\t<\/section>\n\t\t\t\t<\/div>\n\t\t","protected":false},"excerpt":{"rendered":"<p>Der Preispr\u00fcfer SK-40 ist mit einem 4,3-Zoll-Farbdisplay und einer Preissteuerungsfunktion ausgestattet. Ihre Kunden k\u00f6nnen mit diesem Ger\u00e4t den Barcode eines<\/p>\n","protected":false},"featured_media":33406,"comment_status":"open","ping_status":"closed","template":"","meta":[],"product_brand":[],"product_cat":[1619],"product_tag":[],"class_list":{"0":"post-34535","1":"product","2":"type-product","3":"status-publish","4":"has-post-thumbnail","6":"product_cat-preis-checker","8":"first","9":"instock","10":"shipping-taxable","11":"product-type-simple"},"brizy_media":[],"_links":{"self":[{"href":"https:\/\/cermepos.com\/de\/wp-json\/wp\/v2\/product\/34535","targetHints":{"allow":["GET"]}}],"collection":[{"href":"https:\/\/cermepos.com\/de\/wp-json\/wp\/v2\/product"}],"about":[{"href":"https:\/\/cermepos.com\/de\/wp-json\/wp\/v2\/types\/product"}],"replies":[{"embeddable":true,"href":"https:\/\/cermepos.com\/de\/wp-json\/wp\/v2\/comments?post=34535"}],"version-history":[{"count":0,"href":"https:\/\/cermepos.com\/de\/wp-json\/wp\/v2\/product\/34535\/revisions"}],"wp:featuredmedia":[{"embeddable":true,"href":"https:\/\/cermepos.com\/de\/wp-json\/wp\/v2\/media\/33406"}],"wp:attachment":[{"href":"https:\/\/cermepos.com\/de\/wp-json\/wp\/v2\/media?parent=34535"}],"wp:term":[{"taxonomy":"product_brand","embeddable":true,"href":"https:\/\/cermepos.com\/de\/wp-json\/wp\/v2\/product_brand?post=34535"},{"taxonomy":"product_cat","embeddable":true,"href":"https:\/\/cermepos.com\/de\/wp-json\/wp\/v2\/product_cat?post=34535"},{"taxonomy":"product_tag","embeddable":true,"href":"https:\/\/cermepos.com\/de\/wp-json\/wp\/v2\/product_tag?post=34535"}],"curies":[{"name":"wp","href":"https:\/\/api.w.org\/{rel}","templated":true}]}}