{"id":34547,"date":"2023-04-24T16:56:52","date_gmt":"2023-04-24T14:56:52","guid":{"rendered":"https:\/\/www.cermepos.com\/oplossing\/wintec-s500-scalepos\/"},"modified":"2023-04-24T16:56:52","modified_gmt":"2023-04-24T14:56:52","slug":"wintec-s500-scalepos","status":"publish","type":"product","link":"https:\/\/cermepos.com\/de\/oplossing\/wintec-s500-scalepos\/","title":{"rendered":"Wintec S500 Scalepos"},"content":{"rendered":"<p><strong>Wintec S500, die All-in-One-Waagenkassenl\u00f6sung<\/strong><\/p>\n<p>Eine Waage, ein Barcode-Etikettendrucker, eine Registrierkasse und ein Bondrucker in einem Ger\u00e4t, Sie k\u00f6nnen wiegen, bepreisen, vorverpacken und bezahlen. Dieses Modell ist so konzipiert, dass es Platz spart und Ihren Kunden ein luxuri\u00f6ses Aussehen verleiht. Gro\u00dfer Touchscreen, f\u00fcr Sie oder Ihre Mitarbeiter und ein gro\u00dfes Display f\u00fcr Ihre Kunden. Ihr POS-Berater denkt gerne mit Ihnen \u00fcber die beste L\u00f6sung nach.<\/p>\n","protected":false},"excerpt":{"rendered":"<p>Wintec S500, die All-in-One-Waagenkassenl\u00f6sung Eine Waage, ein Barcode-Etikettendrucker, eine Registrierkasse und ein Bondrucker in einem Ger\u00e4t, Sie k\u00f6nnen wiegen, bepreisen,<\/p>\n","protected":false},"featured_media":33388,"comment_status":"open","ping_status":"closed","template":"","meta":[],"product_brand":[],"product_cat":[1622],"product_tag":[],"class_list":{"0":"post-34547","1":"product","2":"type-product","3":"status-publish","4":"has-post-thumbnail","6":"product_cat-skalen","8":"first","9":"instock","10":"shipping-taxable","11":"product-type-simple"},"brizy_media":[],"_links":{"self":[{"href":"https:\/\/cermepos.com\/de\/wp-json\/wp\/v2\/product\/34547","targetHints":{"allow":["GET"]}}],"collection":[{"href":"https:\/\/cermepos.com\/de\/wp-json\/wp\/v2\/product"}],"about":[{"href":"https:\/\/cermepos.com\/de\/wp-json\/wp\/v2\/types\/product"}],"replies":[{"embeddable":true,"href":"https:\/\/cermepos.com\/de\/wp-json\/wp\/v2\/comments?post=34547"}],"version-history":[{"count":0,"href":"https:\/\/cermepos.com\/de\/wp-json\/wp\/v2\/product\/34547\/revisions"}],"wp:featuredmedia":[{"embeddable":true,"href":"https:\/\/cermepos.com\/de\/wp-json\/wp\/v2\/media\/33388"}],"wp:attachment":[{"href":"https:\/\/cermepos.com\/de\/wp-json\/wp\/v2\/media?parent=34547"}],"wp:term":[{"taxonomy":"product_brand","embeddable":true,"href":"https:\/\/cermepos.com\/de\/wp-json\/wp\/v2\/product_brand?post=34547"},{"taxonomy":"product_cat","embeddable":true,"href":"https:\/\/cermepos.com\/de\/wp-json\/wp\/v2\/product_cat?post=34547"},{"taxonomy":"product_tag","embeddable":true,"href":"https:\/\/cermepos.com\/de\/wp-json\/wp\/v2\/product_tag?post=34547"}],"curies":[{"name":"wp","href":"https:\/\/api.w.org\/{rel}","templated":true}]}}