{"id":34548,"date":"2022-05-27T11:54:06","date_gmt":"2022-05-27T09:54:06","guid":{"rendered":"https:\/\/www.cermepos.com\/oplossing\/yomani-stift-terminal\/"},"modified":"2023-06-21T12:16:13","modified_gmt":"2023-06-21T10:16:13","slug":"yomani-stift-terminal","status":"publish","type":"product","link":"https:\/\/cermepos.com\/de\/oplossing\/yomani-stift-terminal\/","title":{"rendered":"Yomani Stift-Terminal"},"content":{"rendered":"\t\t<div data-elementor-type=\"wp-post\" data-elementor-id=\"34548\" class=\"elementor elementor-34548 elementor-1083\">\n\t\t\t\t\t\t<section class=\"wd-negative-gap elementor-section elementor-top-section elementor-element elementor-element-0b3c724 elementor-section-boxed elementor-section-height-default elementor-section-height-default\" data-id=\"0b3c724\" data-element_type=\"section\">\n\t\t\t\t\t\t<div class=\"elementor-container elementor-column-gap-default\">\n\t\t\t\t\t<div class=\"elementor-column elementor-col-100 elementor-top-column elementor-element elementor-element-ebcf75c\" data-id=\"ebcf75c\" data-element_type=\"column\">\n\t\t\t<div class=\"elementor-widget-wrap elementor-element-populated\">\n\t\t\t\t\t\t<div class=\"elementor-element elementor-element-b9b0a13 elementor-widget elementor-widget-wd_text_block\" data-id=\"b9b0a13\" data-element_type=\"widget\" data-widget_type=\"wd_text_block.default\">\n\t\t\t\t<div class=\"elementor-widget-container\">\n\t\t\t\t\t\t\t<div class=\"wd-text-block reset-last-child text-left\">\n\t\t\t\n\t\t\t<ul><li>PIN-Ger\u00e4t Yomani<\/li><\/ul><p>Unabh\u00e4ngig davon, welches Gesch\u00e4ft Sie haben, wenn Sie mit PIN bezahlen, ben\u00f6tigen Sie ein PIN-Terminal bei einem Zahlungsanbieter. Cerme arbeitet mit dem Zahlungsanbieter Worldline zusammen.&nbsp;Das Bild ist von der Marke Yomani, dem Arbeitstier unter den Stiftklemmen, Sie haben sie wahrscheinlich schon einmal verwendet. Sorgt daf\u00fcr, dass Ihre Kunden schnell und sicher bezahlen k\u00f6nnen. Nat\u00fcrlich funktioniert dieses Ger\u00e4t auch mit Debitkarten \u00fcber das Handy anstelle der Bankkarte. Kosten pro Transaktion: 6 Cent.<\/p><ul><li>Schnelle Abwicklung kontaktloser Zahlungen<\/li><li>Robustes, schlankes Design und hochaufl\u00f6sendes Farbdisplay<\/li><li>Alle bekannten Zahlungsm\u00f6glichkeiten, mit Karte oder Smartphone<\/li><\/ul>\n\t\t\t\t\t<\/div>\n\t\t\t\t\t\t<\/div>\n\t\t\t\t<\/div>\n\t\t\t\t\t<\/div>\n\t\t<\/div>\n\t\t\t\t\t<\/div>\n\t\t<\/section>\n\t\t\t\t<\/div>\n\t\t","protected":false},"excerpt":{"rendered":"<p>PIN-Ger\u00e4t Yomani Unabh\u00e4ngig davon, welches Gesch\u00e4ft Sie haben, wenn Sie mit PIN bezahlen, ben\u00f6tigen Sie ein PIN-Terminal bei einem Zahlungsanbieter.<\/p>\n","protected":false},"featured_media":33412,"comment_status":"closed","ping_status":"closed","template":"","meta":[],"product_brand":[],"product_cat":[1610],"product_tag":[],"class_list":{"0":"post-34548","1":"product","2":"type-product","3":"status-publish","4":"has-post-thumbnail","6":"product_cat-hardware-kassensysteme","8":"first","9":"instock","10":"featured","11":"shipping-taxable","12":"product-type-simple"},"brizy_media":[],"_links":{"self":[{"href":"https:\/\/cermepos.com\/de\/wp-json\/wp\/v2\/product\/34548","targetHints":{"allow":["GET"]}}],"collection":[{"href":"https:\/\/cermepos.com\/de\/wp-json\/wp\/v2\/product"}],"about":[{"href":"https:\/\/cermepos.com\/de\/wp-json\/wp\/v2\/types\/product"}],"replies":[{"embeddable":true,"href":"https:\/\/cermepos.com\/de\/wp-json\/wp\/v2\/comments?post=34548"}],"version-history":[{"count":0,"href":"https:\/\/cermepos.com\/de\/wp-json\/wp\/v2\/product\/34548\/revisions"}],"wp:featuredmedia":[{"embeddable":true,"href":"https:\/\/cermepos.com\/de\/wp-json\/wp\/v2\/media\/33412"}],"wp:attachment":[{"href":"https:\/\/cermepos.com\/de\/wp-json\/wp\/v2\/media?parent=34548"}],"wp:term":[{"taxonomy":"product_brand","embeddable":true,"href":"https:\/\/cermepos.com\/de\/wp-json\/wp\/v2\/product_brand?post=34548"},{"taxonomy":"product_cat","embeddable":true,"href":"https:\/\/cermepos.com\/de\/wp-json\/wp\/v2\/product_cat?post=34548"},{"taxonomy":"product_tag","embeddable":true,"href":"https:\/\/cermepos.com\/de\/wp-json\/wp\/v2\/product_tag?post=34548"}],"curies":[{"name":"wp","href":"https:\/\/api.w.org\/{rel}","templated":true}]}}