{"id":34571,"date":"2023-03-07T01:53:04","date_gmt":"2023-03-07T00:53:04","guid":{"rendered":"https:\/\/www.cermepos.com\/oplossing\/magellan-datalogic\/"},"modified":"2023-06-21T12:18:46","modified_gmt":"2023-06-21T10:18:46","slug":"magellan-datalogic","status":"publish","type":"product","link":"https:\/\/cermepos.com\/de\/oplossing\/magellan-datalogic\/","title":{"rendered":"Magellan Datalogic"},"content":{"rendered":"\t\t<div data-elementor-type=\"wp-post\" data-elementor-id=\"34571\" class=\"elementor elementor-34571 elementor-24116\">\n\t\t\t\t\t\t<section class=\"wd-negative-gap elementor-section elementor-top-section elementor-element elementor-element-0b3c724 elementor-section-boxed elementor-section-height-default elementor-section-height-default\" data-id=\"0b3c724\" data-element_type=\"section\">\n\t\t\t\t\t\t<div class=\"elementor-container elementor-column-gap-default\">\n\t\t\t\t\t<div class=\"elementor-column elementor-col-100 elementor-top-column elementor-element elementor-element-ebcf75c\" data-id=\"ebcf75c\" data-element_type=\"column\">\n\t\t\t<div class=\"elementor-widget-wrap elementor-element-populated\">\n\t\t\t\t\t\t<div class=\"elementor-element elementor-element-b9b0a13 elementor-widget__width-initial elementor-widget elementor-widget-wd_text_block\" data-id=\"b9b0a13\" data-element_type=\"widget\" data-widget_type=\"wd_text_block.default\">\n\t\t\t\t<div class=\"elementor-widget-container\">\n\t\t\t\t\t\t\t<div class=\"wd-text-block reset-last-child text-left\">\n\t\t\t\n\t\t\t<p style=\"text-align: center;\">Datalogic Magellan (integriert) Barcode-Scanner &amp;; Waage<\/p><p>Schnelles Scannen und Wiegen von Produkten an der Kasse eines Supermarkts. Diese Art von Scannerwaage eignet sich aufgrund der Standardgr\u00f6\u00dfen ideal f\u00fcr den Einbau in die Kasse eines Supermarktes. Der Einbau in eine Kasse ist selbstverst\u00e4ndlich m\u00f6glich, bitte kontaktieren Sie uns vorab.<\/p><ul><li style=\"text-align: left;\">Geschwindigkeit des Scannens und Wiegens<\/li><li style=\"text-align: left;\">Barcodes scannen, keine Fehler bei der Betragseingabe<\/li><li style=\"text-align: left;\">Robustes Design<\/li><\/ul>\n\t\t\t\t\t<\/div>\n\t\t\t\t\t\t<\/div>\n\t\t\t\t<\/div>\n\t\t\t\t<section class=\"wd-negative-gap elementor-section elementor-inner-section elementor-element elementor-element-7e385fb elementor-section-boxed elementor-section-height-default elementor-section-height-default\" data-id=\"7e385fb\" data-element_type=\"section\">\n\t\t\t\t\t\t<div class=\"elementor-container elementor-column-gap-default\">\n\t\t\t\t\t<div class=\"elementor-column elementor-col-100 elementor-inner-column elementor-element elementor-element-e272e1f\" data-id=\"e272e1f\" data-element_type=\"column\">\n\t\t\t<div class=\"elementor-widget-wrap elementor-element-populated\">\n\t\t\t\t\t\t<div class=\"elementor-element elementor-element-f4cb997 elementor-widget__width-initial elementor-widget elementor-widget-wd_image_or_svg\" data-id=\"f4cb997\" data-element_type=\"widget\" data-widget_type=\"wd_image_or_svg.default\">\n\t\t\t\t<div class=\"elementor-widget-container\">\n\t\t\t\t\t\n\t\t<div class=\"wd-image text-left\">\n\t\t\t\t\t\t\t\t<img decoding=\"async\" width=\"357\" height=\"163\" src=\"https:\/\/cermepos.com\/wp-content\/uploads\/2023\/03\/scanner-weegschaal.jpg\" class=\"attachment-full size-full\" alt=\"\" srcset=\"https:\/\/cermepos.com\/wp-content\/uploads\/2023\/03\/scanner-weegschaal.jpg 357w, https:\/\/cermepos.com\/wp-content\/uploads\/2023\/03\/scanner-weegschaal-300x137.jpg 300w, https:\/\/cermepos.com\/wp-content\/uploads\/2023\/03\/scanner-weegschaal-20x9.jpg 20w, https:\/\/cermepos.com\/wp-content\/uploads\/2023\/03\/scanner-weegschaal-150x68.jpg 150w\" sizes=\"(max-width: 357px) 100vw, 357px\" \/>\t\t\t\t\t<\/div>\n\n\t\t\t\t\t\t<\/div>\n\t\t\t\t<\/div>\n\t\t\t\t\t<\/div>\n\t\t<\/div>\n\t\t\t\t\t<\/div>\n\t\t<\/section>\n\t\t\t\t\t<\/div>\n\t\t<\/div>\n\t\t\t\t\t<\/div>\n\t\t<\/section>\n\t\t\t\t<\/div>\n\t\t","protected":false},"excerpt":{"rendered":"<p>Datalogic Magellan (integriert) Barcode-Scanner &amp;; Waage Schnelles Scannen und Wiegen von Produkten an der Kasse eines Supermarkts. Diese Art von<\/p>\n","protected":false},"featured_media":33403,"comment_status":"closed","ping_status":"closed","template":"","meta":[],"product_brand":[],"product_cat":[1617,1610,1622],"product_tag":[],"class_list":{"0":"post-34571","1":"product","2":"type-product","3":"status-publish","4":"has-post-thumbnail","6":"product_cat-barcode-scanner","7":"product_cat-hardware-kassensysteme","8":"product_cat-skalen","10":"first","11":"instock","12":"featured","13":"shipping-taxable","14":"product-type-simple"},"brizy_media":[],"_links":{"self":[{"href":"https:\/\/cermepos.com\/de\/wp-json\/wp\/v2\/product\/34571","targetHints":{"allow":["GET"]}}],"collection":[{"href":"https:\/\/cermepos.com\/de\/wp-json\/wp\/v2\/product"}],"about":[{"href":"https:\/\/cermepos.com\/de\/wp-json\/wp\/v2\/types\/product"}],"replies":[{"embeddable":true,"href":"https:\/\/cermepos.com\/de\/wp-json\/wp\/v2\/comments?post=34571"}],"version-history":[{"count":0,"href":"https:\/\/cermepos.com\/de\/wp-json\/wp\/v2\/product\/34571\/revisions"}],"wp:featuredmedia":[{"embeddable":true,"href":"https:\/\/cermepos.com\/de\/wp-json\/wp\/v2\/media\/33403"}],"wp:attachment":[{"href":"https:\/\/cermepos.com\/de\/wp-json\/wp\/v2\/media?parent=34571"}],"wp:term":[{"taxonomy":"product_brand","embeddable":true,"href":"https:\/\/cermepos.com\/de\/wp-json\/wp\/v2\/product_brand?post=34571"},{"taxonomy":"product_cat","embeddable":true,"href":"https:\/\/cermepos.com\/de\/wp-json\/wp\/v2\/product_cat?post=34571"},{"taxonomy":"product_tag","embeddable":true,"href":"https:\/\/cermepos.com\/de\/wp-json\/wp\/v2\/product_tag?post=34571"}],"curies":[{"name":"wp","href":"https:\/\/api.w.org\/{rel}","templated":true}]}}