{"id":34572,"date":"2023-04-20T12:58:51","date_gmt":"2023-04-20T10:58:51","guid":{"rendered":"https:\/\/www.cermepos.com\/oplossing\/datensammler\/"},"modified":"2023-06-21T12:18:52","modified_gmt":"2023-06-21T10:18:52","slug":"datensammler","status":"publish","type":"product","link":"https:\/\/cermepos.com\/de\/oplossing\/datensammler\/","title":{"rendered":"Datensammler"},"content":{"rendered":"\t\t<div data-elementor-type=\"wp-post\" data-elementor-id=\"34572\" class=\"elementor elementor-34572 elementor-28292\">\n\t\t\t\t\t\t<section class=\"wd-negative-gap elementor-section elementor-top-section elementor-element elementor-element-0b3c724 elementor-section-boxed elementor-section-height-default elementor-section-height-default\" data-id=\"0b3c724\" data-element_type=\"section\">\n\t\t\t\t\t\t<div class=\"elementor-container elementor-column-gap-default\">\n\t\t\t\t\t<div class=\"elementor-column elementor-col-100 elementor-top-column elementor-element elementor-element-ebcf75c\" data-id=\"ebcf75c\" data-element_type=\"column\">\n\t\t\t<div class=\"elementor-widget-wrap elementor-element-populated\">\n\t\t\t\t\t\t<div class=\"elementor-element elementor-element-b9b0a13 elementor-widget elementor-widget-wd_text_block\" data-id=\"b9b0a13\" data-element_type=\"widget\" data-widget_type=\"wd_text_block.default\">\n\t\t\t\t<div class=\"elementor-widget-container\">\n\t\t\t\t\t\t\t<div class=\"wd-text-block reset-last-child text-left\">\n\t\t\t\n\t\t\t<h5><strong><span style=\"font-size: 18px;\">Datalogic Zebra TC21  <\/span><\/strong><\/h5><p>Zeitgewinnung durch Beschleunigung und Vereinfachung der Datenerfassungsprozesse.<\/p><p><b>Filialen: <\/b><span style=\"font-size: 18px; background-color: var(--wd-main-bgcolor); color: var(--wd-text-color);\">Supermarkt, Einzelhandel, Gro\u00dfhandel und Lager.<\/span><\/p><p>Der Zebra TC21 Datensammler wird zum Sammeln von Daten in verschiedenen Umgebungen und Prozessen verwendet. Es handelt sich um ein mobiles Ger\u00e4t, das f\u00fcr die Erfassung und Verarbeitung von Daten wie Barcodes und RFID-Tags entwickelt wurde. Anwendung: Bei der Ausf\u00fchrung verschiedener Aufgaben wie Bestandsverwaltung, Kommissionierung, Versand und Empfang von Bestellungen. Kann sowohl im Innen- als auch im Au\u00dfenbereich verwendet werden.<\/p>\n\t\t\t\t\t<\/div>\n\t\t\t\t\t\t<\/div>\n\t\t\t\t<\/div>\n\t\t\t\t<section class=\"wd-negative-gap elementor-section elementor-inner-section elementor-element elementor-element-7e385fb elementor-section-boxed elementor-section-height-default elementor-section-height-default\" data-id=\"7e385fb\" data-element_type=\"section\">\n\t\t\t\t\t\t<div class=\"elementor-container elementor-column-gap-default\">\n\t\t\t\t\t<div class=\"elementor-column elementor-col-100 elementor-inner-column elementor-element elementor-element-e272e1f\" data-id=\"e272e1f\" data-element_type=\"column\">\n\t\t\t<div class=\"elementor-widget-wrap elementor-element-populated\">\n\t\t\t\t\t\t<div class=\"elementor-element elementor-element-f4cb997 elementor-widget elementor-widget-wd_image_or_svg\" data-id=\"f4cb997\" data-element_type=\"widget\" data-widget_type=\"wd_image_or_svg.default\">\n\t\t\t\t<div class=\"elementor-widget-container\">\n\t\t\t\t\t\n\t\t<div class=\"wd-image text-left\">\n\t\t\t\t\t\t\t\t\t\t\t\t\t<\/div>\n\n\t\t\t\t\t\t<\/div>\n\t\t\t\t<\/div>\n\t\t\t\t\t<\/div>\n\t\t<\/div>\n\t\t\t\t\t<\/div>\n\t\t<\/section>\n\t\t\t\t\t<\/div>\n\t\t<\/div>\n\t\t\t\t\t<\/div>\n\t\t<\/section>\n\t\t\t\t<\/div>\n\t\t","protected":false},"excerpt":{"rendered":"<p>Datalogic Zebra TC21 Zeitgewinnung durch Beschleunigung und Vereinfachung der Datenerfassungsprozesse. Filialen: Supermarkt, Einzelhandel, Gro\u00dfhandel und Lager. Der Zebra TC21 Datensammler<\/p>\n","protected":false},"featured_media":33415,"comment_status":"closed","ping_status":"closed","template":"","meta":[],"product_brand":[],"product_cat":[1610],"product_tag":[],"class_list":{"0":"post-34572","1":"product","2":"type-product","3":"status-publish","4":"has-post-thumbnail","6":"product_cat-hardware-kassensysteme","8":"first","9":"instock","10":"featured","11":"shipping-taxable","12":"product-type-simple"},"brizy_media":[],"_links":{"self":[{"href":"https:\/\/cermepos.com\/de\/wp-json\/wp\/v2\/product\/34572","targetHints":{"allow":["GET"]}}],"collection":[{"href":"https:\/\/cermepos.com\/de\/wp-json\/wp\/v2\/product"}],"about":[{"href":"https:\/\/cermepos.com\/de\/wp-json\/wp\/v2\/types\/product"}],"replies":[{"embeddable":true,"href":"https:\/\/cermepos.com\/de\/wp-json\/wp\/v2\/comments?post=34572"}],"version-history":[{"count":0,"href":"https:\/\/cermepos.com\/de\/wp-json\/wp\/v2\/product\/34572\/revisions"}],"wp:featuredmedia":[{"embeddable":true,"href":"https:\/\/cermepos.com\/de\/wp-json\/wp\/v2\/media\/33415"}],"wp:attachment":[{"href":"https:\/\/cermepos.com\/de\/wp-json\/wp\/v2\/media?parent=34572"}],"wp:term":[{"taxonomy":"product_brand","embeddable":true,"href":"https:\/\/cermepos.com\/de\/wp-json\/wp\/v2\/product_brand?post=34572"},{"taxonomy":"product_cat","embeddable":true,"href":"https:\/\/cermepos.com\/de\/wp-json\/wp\/v2\/product_cat?post=34572"},{"taxonomy":"product_tag","embeddable":true,"href":"https:\/\/cermepos.com\/de\/wp-json\/wp\/v2\/product_tag?post=34572"}],"curies":[{"name":"wp","href":"https:\/\/api.w.org\/{rel}","templated":true}]}}