{"id":34576,"date":"2023-04-24T16:07:44","date_gmt":"2023-04-24T14:07:44","guid":{"rendered":"https:\/\/www.cermepos.com\/oplossing\/digitale-waage-dibaldi-325\/"},"modified":"2023-04-24T16:07:44","modified_gmt":"2023-04-24T14:07:44","slug":"digitale-waage-dibaldi-325","status":"publish","type":"product","link":"https:\/\/cermepos.com\/de\/oplossing\/digitale-waage-dibaldi-325\/","title":{"rendered":"Digitale Waage &#8211; Dibaldi 325"},"content":{"rendered":"<p><strong><span style=\"font-size: 18px; background-color: var(--wd-main-bgcolor); color: var(--wd-text-color);\">Die Wahl einer Waage h\u00e4ngt von dem Zweck ab, f\u00fcr den Sie wiegen  <\/span><\/strong><\/p>\n<p><span style=\"font-size: 18px; background-color: var(--wd-main-bgcolor); color: var(--wd-text-color);\">Wenn Sie nur wiegen m\u00f6chten, ohne ein Etikett zu drucken, dann reicht eine preiswerte Digitalwaage aus. Ein Beispiel ist der Dibaldi 325.  <\/span><span style=\"background-color: var(--wd-main-bgcolor); color: var(--wd-text-color); font-size: 18px;\">Diese Waage kann mit dem Kassensystem CermePOS verkn\u00fcpft werden. Der Kassierer sieht auf Knopfdruck das gewichtete Gewicht, den Kilopreis, den Gesamtbetrag und wird dem Kassenbon hinzugef\u00fcgt.<\/span><\/p>\n","protected":false},"excerpt":{"rendered":"<p>Die Wahl einer Waage h\u00e4ngt von dem Zweck ab, f\u00fcr den Sie wiegen Wenn Sie nur wiegen m\u00f6chten, ohne ein<\/p>\n","protected":false},"featured_media":33400,"comment_status":"open","ping_status":"closed","template":"","meta":[],"product_brand":[],"product_cat":[1622],"product_tag":[],"class_list":{"0":"post-34576","1":"product","2":"type-product","3":"status-publish","4":"has-post-thumbnail","6":"product_cat-skalen","8":"first","9":"instock","10":"shipping-taxable","11":"product-type-simple"},"brizy_media":[],"_links":{"self":[{"href":"https:\/\/cermepos.com\/de\/wp-json\/wp\/v2\/product\/34576","targetHints":{"allow":["GET"]}}],"collection":[{"href":"https:\/\/cermepos.com\/de\/wp-json\/wp\/v2\/product"}],"about":[{"href":"https:\/\/cermepos.com\/de\/wp-json\/wp\/v2\/types\/product"}],"replies":[{"embeddable":true,"href":"https:\/\/cermepos.com\/de\/wp-json\/wp\/v2\/comments?post=34576"}],"version-history":[{"count":0,"href":"https:\/\/cermepos.com\/de\/wp-json\/wp\/v2\/product\/34576\/revisions"}],"wp:featuredmedia":[{"embeddable":true,"href":"https:\/\/cermepos.com\/de\/wp-json\/wp\/v2\/media\/33400"}],"wp:attachment":[{"href":"https:\/\/cermepos.com\/de\/wp-json\/wp\/v2\/media?parent=34576"}],"wp:term":[{"taxonomy":"product_brand","embeddable":true,"href":"https:\/\/cermepos.com\/de\/wp-json\/wp\/v2\/product_brand?post=34576"},{"taxonomy":"product_cat","embeddable":true,"href":"https:\/\/cermepos.com\/de\/wp-json\/wp\/v2\/product_cat?post=34576"},{"taxonomy":"product_tag","embeddable":true,"href":"https:\/\/cermepos.com\/de\/wp-json\/wp\/v2\/product_tag?post=34576"}],"curies":[{"name":"wp","href":"https:\/\/api.w.org\/{rel}","templated":true}]}}