{"id":34580,"date":"2022-05-27T12:07:13","date_gmt":"2022-05-27T10:07:13","guid":{"rendered":"https:\/\/www.cermepos.com\/oplossing\/pos-all-in-one-computer-mit-touchscreen\/"},"modified":"2023-06-21T12:18:51","modified_gmt":"2023-06-21T10:18:51","slug":"pos-all-in-one-computer-mit-touchscreen","status":"publish","type":"product","link":"https:\/\/cermepos.com\/de\/oplossing\/pos-all-in-one-computer-mit-touchscreen\/","title":{"rendered":"POS-All-in-One-Computer mit Touchscreen"},"content":{"rendered":"\t\t<div data-elementor-type=\"wp-post\" data-elementor-id=\"34580\" class=\"elementor elementor-34580 elementor-1098\">\n\t\t\t\t\t\t<section class=\"wd-negative-gap elementor-section elementor-top-section elementor-element elementor-element-0b3c724 elementor-section-boxed elementor-section-height-default elementor-section-height-default\" data-id=\"0b3c724\" data-element_type=\"section\">\n\t\t\t\t\t\t<div class=\"elementor-container elementor-column-gap-default\">\n\t\t\t\t\t<div class=\"elementor-column elementor-col-100 elementor-top-column elementor-element elementor-element-ebcf75c\" data-id=\"ebcf75c\" data-element_type=\"column\">\n\t\t\t<div class=\"elementor-widget-wrap elementor-element-populated\">\n\t\t\t\t\t\t<div class=\"elementor-element elementor-element-b9b0a13 elementor-widget elementor-widget-wd_text_block\" data-id=\"b9b0a13\" data-element_type=\"widget\" data-widget_type=\"wd_text_block.default\">\n\t\t\t\t<div class=\"elementor-widget-container\">\n\t\t\t\t\t\t\t<div class=\"wd-text-block reset-last-child text-left\">\n\t\t\t\n\t\t\t<h5>POS-All-in-One-Computer mit Touchscreen<\/h5><p>Ein POS-Computer ist ein robuster All-in-One-Computer, der mit einem Touchscreen (Touchscreen) anstelle einer Tastatur ausgestattet ist. Anstelle einer Tastatur verf\u00fcgt der Kassierer \u00fcber einen Tocuscreen, mit dem die gesamte Transaktion abgewickelt werden kann. Das spart Zeit und verringert die Fehlerwahrscheinlichkeit. Der POS-Computer verf\u00fcgt \u00fcber zus\u00e4tzliche Anschl\u00fcsse f\u00fcr einen Barcode-Scanner, eine Waage, ein Kundendisplay und ein PIN-Ger\u00e4t.<\/p><p><span style=\"background-color: var(--wd-main-bgcolor); color: var(--wd-text-color); font-size: 18px;\">Aufgrund der Zuverl\u00e4ssigkeit arbeiten wir unter anderem mit der Marke Colormetrics zusammen<\/span><\/p><p> <span style=\"font-size: 18px; background-color: var(--wd-main-bgcolor); color: var(--wd-text-color);\">Touchscreen statt Tastatur<\/span><\/p><ul><li>Zus\u00e4tzliche Anschl\u00fcsse<\/li><li>Kein L\u00fcfter, leise<\/li><\/ul><p> <\/p><p> <\/p>\n\t\t\t\t\t<\/div>\n\t\t\t\t\t\t<\/div>\n\t\t\t\t<\/div>\n\t\t\t\t<section class=\"wd-negative-gap elementor-section elementor-inner-section elementor-element elementor-element-7e385fb elementor-section-boxed elementor-section-height-default elementor-section-height-default\" data-id=\"7e385fb\" data-element_type=\"section\">\n\t\t\t\t\t\t<div class=\"elementor-container elementor-column-gap-default\">\n\t\t\t\t\t<div class=\"elementor-column elementor-col-50 elementor-inner-column elementor-element elementor-element-e272e1f\" data-id=\"e272e1f\" data-element_type=\"column\">\n\t\t\t<div class=\"elementor-widget-wrap elementor-element-populated\">\n\t\t\t\t\t\t<div class=\"elementor-element elementor-element-f4cb997 elementor-widget elementor-widget-wd_image_or_svg\" data-id=\"f4cb997\" data-element_type=\"widget\" data-widget_type=\"wd_image_or_svg.default\">\n\t\t\t\t<div class=\"elementor-widget-container\">\n\t\t\t\t\t\n\t\t<div class=\"wd-image text-left\">\n\t\t\t\t\t\t\t\t<img decoding=\"async\" width=\"700\" height=\"672\" src=\"https:\/\/cermepos.com\/wp-content\/uploads\/2023\/04\/backside-colormetrics-4100.jpg\" class=\"attachment-full size-full\" alt=\"\" srcset=\"https:\/\/cermepos.com\/wp-content\/uploads\/2023\/04\/backside-colormetrics-4100.jpg 700w, https:\/\/cermepos.com\/wp-content\/uploads\/2023\/04\/backside-colormetrics-4100-300x288.jpg 300w, https:\/\/cermepos.com\/wp-content\/uploads\/2023\/04\/backside-colormetrics-4100-20x20.jpg 20w, https:\/\/cermepos.com\/wp-content\/uploads\/2023\/04\/backside-colormetrics-4100-150x144.jpg 150w\" sizes=\"(max-width: 700px) 100vw, 700px\" \/>\t\t\t\t\t<\/div>\n\n\t\t\t\t\t\t<\/div>\n\t\t\t\t<\/div>\n\t\t\t\t\t<\/div>\n\t\t<\/div>\n\t\t\t\t<div class=\"elementor-column elementor-col-50 elementor-inner-column elementor-element elementor-element-06c8955\" data-id=\"06c8955\" data-element_type=\"column\">\n\t\t\t<div class=\"elementor-widget-wrap elementor-element-populated\">\n\t\t\t\t\t\t<div class=\"elementor-element elementor-element-efecd9f elementor-widget elementor-widget-wd_text_block\" data-id=\"efecd9f\" data-element_type=\"widget\" data-widget_type=\"wd_text_block.default\">\n\t\t\t\t<div class=\"elementor-widget-container\">\n\t\t\t\t\t\t\t<div class=\"wd-text-block reset-last-child text-left\">\n\t\t\t\n\t\t\t<p>Keine Beschreibung<br>1 19V DC-Eingang<br>2 VGA-Anschluss<br>3 USB 2.0 x3<br>4 USB 3.0 XI<br>5 RJ45 (COM4)<br>6 RJ45 (COM3)<br>7 RJ45 (COM2)<br>8 RJ45 (COMI)<br>9 LAN-Anschluss<br>10 RJII (Kassenschublade)<br>11 Line Out XI<br>12 USB 2.0 x2<br>13 USV-Stecker<br>14 HDD-Abdeckung<br>15\" VFD-Abdeckung\/8\" \" 10\" Display (Option)\"<br>16 ID\/2D-Barcodescanner (Option)<br>17 MSR\/ i-Button\/ RFID (Option)<br>18 Ein-\/Ausschalter<\/p>\n\t\t\t\t\t<\/div>\n\t\t\t\t\t\t<\/div>\n\t\t\t\t<\/div>\n\t\t\t\t\t<\/div>\n\t\t<\/div>\n\t\t\t\t\t<\/div>\n\t\t<\/section>\n\t\t\t\t\t<\/div>\n\t\t<\/div>\n\t\t\t\t\t<\/div>\n\t\t<\/section>\n\t\t\t\t<\/div>\n\t\t","protected":false},"excerpt":{"rendered":"<p>POS-All-in-One-Computer mit Touchscreen Ein POS-Computer ist ein robuster All-in-One-Computer, der mit einem Touchscreen (Touchscreen) anstelle einer Tastatur ausgestattet ist. Anstelle<\/p>\n","protected":false},"featured_media":33355,"comment_status":"closed","ping_status":"closed","template":"","meta":[],"product_brand":[],"product_cat":[1610],"product_tag":[],"class_list":{"0":"post-34580","1":"product","2":"type-product","3":"status-publish","4":"has-post-thumbnail","6":"product_cat-hardware-kassensysteme","8":"first","9":"instock","10":"featured","11":"shipping-taxable","12":"product-type-simple"},"brizy_media":[],"_links":{"self":[{"href":"https:\/\/cermepos.com\/de\/wp-json\/wp\/v2\/product\/34580","targetHints":{"allow":["GET"]}}],"collection":[{"href":"https:\/\/cermepos.com\/de\/wp-json\/wp\/v2\/product"}],"about":[{"href":"https:\/\/cermepos.com\/de\/wp-json\/wp\/v2\/types\/product"}],"replies":[{"embeddable":true,"href":"https:\/\/cermepos.com\/de\/wp-json\/wp\/v2\/comments?post=34580"}],"version-history":[{"count":0,"href":"https:\/\/cermepos.com\/de\/wp-json\/wp\/v2\/product\/34580\/revisions"}],"wp:featuredmedia":[{"embeddable":true,"href":"https:\/\/cermepos.com\/de\/wp-json\/wp\/v2\/media\/33355"}],"wp:attachment":[{"href":"https:\/\/cermepos.com\/de\/wp-json\/wp\/v2\/media?parent=34580"}],"wp:term":[{"taxonomy":"product_brand","embeddable":true,"href":"https:\/\/cermepos.com\/de\/wp-json\/wp\/v2\/product_brand?post=34580"},{"taxonomy":"product_cat","embeddable":true,"href":"https:\/\/cermepos.com\/de\/wp-json\/wp\/v2\/product_cat?post=34580"},{"taxonomy":"product_tag","embeddable":true,"href":"https:\/\/cermepos.com\/de\/wp-json\/wp\/v2\/product_tag?post=34580"}],"curies":[{"name":"wp","href":"https:\/\/api.w.org\/{rel}","templated":true}]}}