{"id":34587,"date":"2023-04-24T16:33:46","date_gmt":"2023-04-24T14:33:46","guid":{"rendered":"https:\/\/www.cermepos.com\/oplossing\/digi-elektronik-barcodewaage-sm-120-p-15-kg\/"},"modified":"2023-04-24T16:33:46","modified_gmt":"2023-04-24T14:33:46","slug":"digi-elektronik-barcodescale-sm-120-p-15-kg","status":"publish","type":"product","link":"https:\/\/cermepos.com\/de\/oplossing\/digi-elektronik-barcodescale-sm-120-p-15-kg\/","title":{"rendered":"Digi Elektronik Barcodewaage SM-120 P 15 kg"},"content":{"rendered":"<p><strong><span style=\"background-color: var(--wd-main-bgcolor); color: var(--wd-text-color); font-size: 18px;\">Fleisch- und Frischeabteilung f\u00fcr Einsteiger mit Etikettendrucker  <\/span><\/strong><\/p>\n<p><span style=\"background-color: var(--wd-main-bgcolor); color: var(--wd-text-color); font-size: 18px;\">Ein Einstiegsmodell f\u00fcr die Fleisch- oder Frischeabteilung in Ihrem Supermarkt, mit Etikettendrucker, ist die DIGI SM120. An der Kasse wird das Barcode-Etikett gescannt und alle Informationen erscheinen auf dem Bildschirm.<\/span><\/p>\n<p>&nbsp;<\/p>\n<p><strong>Digi Elektronik Barcodewaage SM-120 P 15 kg<\/strong><\/p>\n<ul>\n<li>Es funktioniert mit einem Steckdosenanschluss.<\/li>\n<li>W\u00e4geempfindlichkeit von 2 Gramm bis 6 kg, 5 Gramm zwischen 6-15 kg<\/li>\n<li>Gro\u00dfer und hintergrundbeleuchteter, doppelseitig erh\u00f6hter LCD-Bildschirm f\u00fcr Benutzer und Kunden<\/li>\n<li>56 vordefinierte Elemente, darunter 10 numerische Zahlen, 17 Steuertasten<\/li>\n<li>83 Folientastaturen insgesamt<\/li>\n<li>Kassette und leicht abnehmbarer Druckermechanismus<\/li>\n<li>Bedruckung von 60 mm breiten Belegen oder Etiketten<\/li>\n<li>RS-232, 10\/100M Ethernet-Anschl\u00fcsse<\/li>\n<li>356 x 283 mm flache Waagschale<\/li>\n<\/ul>\n","protected":false},"excerpt":{"rendered":"<p>Fleisch- und Frischeabteilung f\u00fcr Einsteiger mit Etikettendrucker Ein Einstiegsmodell f\u00fcr die Fleisch- oder Frischeabteilung in Ihrem Supermarkt, mit Etikettendrucker, ist<\/p>\n","protected":false},"featured_media":33397,"comment_status":"open","ping_status":"closed","template":"","meta":[],"product_brand":[],"product_cat":[1622],"product_tag":[],"class_list":{"0":"post-34587","1":"product","2":"type-product","3":"status-publish","4":"has-post-thumbnail","6":"product_cat-skalen","8":"first","9":"instock","10":"shipping-taxable","11":"product-type-simple"},"brizy_media":[],"_links":{"self":[{"href":"https:\/\/cermepos.com\/de\/wp-json\/wp\/v2\/product\/34587","targetHints":{"allow":["GET"]}}],"collection":[{"href":"https:\/\/cermepos.com\/de\/wp-json\/wp\/v2\/product"}],"about":[{"href":"https:\/\/cermepos.com\/de\/wp-json\/wp\/v2\/types\/product"}],"replies":[{"embeddable":true,"href":"https:\/\/cermepos.com\/de\/wp-json\/wp\/v2\/comments?post=34587"}],"version-history":[{"count":0,"href":"https:\/\/cermepos.com\/de\/wp-json\/wp\/v2\/product\/34587\/revisions"}],"wp:featuredmedia":[{"embeddable":true,"href":"https:\/\/cermepos.com\/de\/wp-json\/wp\/v2\/media\/33397"}],"wp:attachment":[{"href":"https:\/\/cermepos.com\/de\/wp-json\/wp\/v2\/media?parent=34587"}],"wp:term":[{"taxonomy":"product_brand","embeddable":true,"href":"https:\/\/cermepos.com\/de\/wp-json\/wp\/v2\/product_brand?post=34587"},{"taxonomy":"product_cat","embeddable":true,"href":"https:\/\/cermepos.com\/de\/wp-json\/wp\/v2\/product_cat?post=34587"},{"taxonomy":"product_tag","embeddable":true,"href":"https:\/\/cermepos.com\/de\/wp-json\/wp\/v2\/product_tag?post=34587"}],"curies":[{"name":"wp","href":"https:\/\/api.w.org\/{rel}","templated":true}]}}