{"id":33710,"date":"2023-05-30T13:34:47","date_gmt":"2023-05-30T11:34:47","guid":{"rendered":"https:\/\/www.cermepos.com\/cash-automation-traitement-avance-des-especes\/"},"modified":"2025-02-04T00:18:16","modified_gmt":"2025-02-03T23:18:16","slug":"cash-automation-traitement-avance-des-especes","status":"publish","type":"page","link":"https:\/\/cermepos.com\/fr\/cash-automation-traitement-avance-des-especes\/","title":{"rendered":"Cash Automation, traitement avanc\u00e9 des esp\u00e8ces"},"content":{"rendered":"\t\t<div data-elementor-type=\"wp-page\" data-elementor-id=\"33710\" class=\"elementor elementor-33710 elementor-31000\">\n\t\t\t\t<div class=\"elementor-element elementor-element-bd8737c wd-section-stretch e-flex e-con-boxed e-con e-parent\" data-id=\"bd8737c\" data-element_type=\"container\" data-settings=\"{&quot;background_background&quot;:&quot;classic&quot;,&quot;shape_divider_bottom&quot;:&quot;wd_curved_line&quot;}\">\n\t\t\t\t\t<div class=\"e-con-inner\">\n\t\t\t\t<div class=\"elementor-shape elementor-shape-bottom\" aria-hidden=\"true\" data-negative=\"false\">\n\t\t\t<svg xmlns=\"http:\/\/www.w3.org\/2000\/svg\" class=\"wd-divider\" xmlns:xlink=\"http:\/\/www.w3.org\/1999\/xlink\" x=\"0px\" y=\"0px\"\n\t viewBox=\"0 0 100 100\" width=\"100%\" height=\"50px\" preserveAspectRatio=\"none\">\n<path class=\"elementor-shape-fill\" display=\"none\" d=\"M100,25.8V100H0V52.5c-4.9-6.8-9.5-13.8-15-19.7V101h125V20.9C106.3,22,103,23.7,100,25.8z\"\/>\n<path class=\"elementor-shape-fill\" d=\"M0,0v99c22-20.6,28.7-69.7,61.4-69.7c18.8,0,29.1,16.2,38.6,34V0L0,0z\"\/>\n<\/svg>\n\t\t<\/div>\n\t\t<div class=\"elementor-element elementor-element-060c6eb e-con-full e-flex e-con e-child\" data-id=\"060c6eb\" data-element_type=\"container\" data-settings=\"{&quot;background_background&quot;:&quot;video&quot;}\">\n\t\t\t\t<div class=\"elementor-element elementor-element-5d538fc elementor-widget elementor-widget-elementskit-heading\" data-id=\"5d538fc\" data-element_type=\"widget\" data-widget_type=\"elementskit-heading.default\">\n\t\t\t\t\t<div class=\"ekit-wid-con\" ><div class=\"ekit-heading elementskit-section-title-wraper text_center   ekit_heading_tablet-   ekit_heading_mobile-\">\t\t\t\t<span class='ekit-heading__shadow-text'>\n\t\t\t\t\tCermePOS\t\t\t\t<\/span>\n\t\t\t<h1 class=\"ekit-heading--title elementskit-section-title \">  <span><span>Cash Automation<\/span><\/span>  <\/h1><\/div><\/div>\t\t\t\t<\/div>\n\t\t\t\t<div class=\"elementor-element elementor-element-4c2e8e2 color-scheme-inherit text-left elementor-widget elementor-widget-text-editor\" data-id=\"4c2e8e2\" data-element_type=\"widget\" data-widget_type=\"text-editor.default\">\n\t\t\t\t\t\t\t\t\t<p>Automatisation de la tr\u00e9sorerie avec les Gory Machines. La manipulation des esp\u00e8ces dans votre environnement de vente au d\u00e9tail peut \u00eatre co\u00fbteuse et affecter l&#8217;efficacit\u00e9 du personnel, les processus commerciaux, l&#8217;hygi\u00e8ne et la s\u00e9curit\u00e9. Les syst\u00e8mes de recyclage des esp\u00e8ces de Glory font partie de la solution dynamique CASHINFINITY\u2122.<\/p>\n\t\t\t\t\t\t\t\t<\/div>\n\t\t\t\t<\/div>\n\t\t<div class=\"elementor-element elementor-element-42b682a e-con-full elementor-hidden-tablet elementor-hidden-mobile e-flex e-con e-child\" data-id=\"42b682a\" data-element_type=\"container\">\n\t\t\t\t<\/div>\n\t\t\t\t\t<\/div>\n\t\t\t\t<\/div>\n\t\t<div class=\"elementor-element elementor-element-f17d3e8 wd-section-stretch e-flex e-con-boxed e-con e-parent\" data-id=\"f17d3e8\" data-element_type=\"container\">\n\t\t\t\t\t<div class=\"e-con-inner\">\n\t\t<div class=\"elementor-element elementor-element-2ee7b85 e-con-full e-flex e-con e-child\" data-id=\"2ee7b85\" data-element_type=\"container\">\n\t\t\t\t<div class=\"elementor-element elementor-element-06ce928 elementor-widget elementor-widget-wd_text_block\" data-id=\"06ce928\" data-element_type=\"widget\" data-widget_type=\"wd_text_block.default\">\n\t\t\t\t<div class=\"elementor-widget-container\">\n\t\t\t\t\t\t\t<div class=\"wd-text-block reset-last-child text-left\">\n\t\t\t\n\t\t\t<h2>Automatisation de la tr\u00e9sorerie<\/h2><p>Lorsque les solutions d'automatisation des esp\u00e8ces sont int\u00e9gr\u00e9es \u00e0 notre syst\u00e8me de point de vente, cela automatise la manipulation des esp\u00e8ces car les machines Glory CASHINFINITY\u2122 se chargent de la collecte et du d\u00e9caissement correct de la monnaie. Le risque d'erreurs de caisse ou de fraude est minimis\u00e9 et l'hygi\u00e8ne et la productivit\u00e9 s'en trouvent am\u00e9lior\u00e9es.<\/p><p style=\"text-align: center;\"><span style=\"color: #000080;\"><strong>Bon \u00e0 savoir, tous les distributeurs automatiques de Glory d\u00e9tectent les faux billets !<\/strong><\/span><\/p><p><strong>Glory Machine - CI-10X<br \/><\/strong>Grande s\u0153ur de la CI-5X, cette machine \u00e0 changer l'argent est pos\u00e9e sur le sol. Il a une grande capacit\u00e9, jusqu'\u00e0 600 transactions avant de devoir vider ou recharger la cassette.<\/p>\n\t\t\t\t\t<\/div>\n\t\t\t\t\t\t<\/div>\n\t\t\t\t<\/div>\n\t\t\t\t<div class=\"elementor-element elementor-element-77a26b9 color-scheme-inherit text-left elementor-widget elementor-widget-text-editor\" data-id=\"77a26b9\" data-element_type=\"widget\" data-widget_type=\"text-editor.default\">\n\t\t\t\t\t\t\t\t\t<p><strong>Glory Machine &#8211; CI-5X<br \/><\/strong>Ce distributeur de billets est utilis\u00e9 dans les magasins o\u00f9 l&#8217;on dispose de beaucoup d&#8217;argent liquide, comme les fast-foods, les boulangeries ou les supermarch\u00e9s. Il est de taille limit\u00e9e et prend peu de place. <span style=\"background-color: var(--wd-main-bgcolor); color: var(--wd-text-color); font-size: 18px;\">Capacit\u00e9 : une moyenne de 200 transactions avant de devoir remplir ou vider la cassette.<\/span><\/p>\t\t\t\t\t\t\t\t<\/div>\n\t\t\t\t<div class=\"elementor-element elementor-element-0bbda46 elementor-widget elementor-widget-wd_text_block\" data-id=\"0bbda46\" data-element_type=\"widget\" data-widget_type=\"wd_text_block.default\">\n\t\t\t\t<div class=\"elementor-widget-container\">\n\t\t\t\t\t\t\t<div class=\"wd-text-block reset-last-child text-left\">\n\t\t\t\n\t\t\t<p><strong>Glory Machine - CI-10X<br \/><\/strong>Grande s\u0153ur de la CI-5X, cette machine \u00e0 changer l'argent est pos\u00e9e sur le sol. Il a une grande capacit\u00e9, jusqu'\u00e0 600 transactions avant de devoir vider ou recharger la cassette.<\/p>\n\t\t\t\t\t<\/div>\n\t\t\t\t\t\t<\/div>\n\t\t\t\t<\/div>\n\t\t\t\t<div class=\"elementor-element elementor-element-44accac elementor-widget elementor-widget-wd_text_block\" data-id=\"44accac\" data-element_type=\"widget\" data-widget_type=\"wd_text_block.default\">\n\t\t\t\t<div class=\"elementor-widget-container\">\n\t\t\t\t\t\t\t<div class=\"wd-text-block reset-last-child text-left\">\n\t\t\t\n\t\t\t<p><strong>Glory Machine - CI-50<br><\/strong>Convient, entre autres, \u00e0 un march\u00e9 de gros, o\u00f9 de grandes sommes d'argent doivent \u00eatre compt\u00e9es rapidement et contr\u00f4l\u00e9es pour d\u00e9tecter les faux billets. Capacit\u00e9, avant de devoir remplir ou vider la cassette, 1 200 transactions.<\/p>\n\t\t\t\t\t<\/div>\n\t\t\t\t\t\t<\/div>\n\t\t\t\t<\/div>\n\t\t\t\t<\/div>\n\t\t<div class=\"elementor-element elementor-element-a8504e2 e-con-full e-flex e-con e-child\" data-id=\"a8504e2\" data-element_type=\"container\">\n\t\t\t\t<div class=\"elementor-element elementor-element-f9f9029 elementor-widget__width-initial elementor-widget elementor-widget-wd_text_block\" data-id=\"f9f9029\" data-element_type=\"widget\" data-widget_type=\"wd_text_block.default\">\n\t\t\t\t<div class=\"elementor-widget-container\">\n\t\t\t\t\t\t\t<div class=\"wd-text-block reset-last-child text-left\">\n\t\t\t\n\t\t\t<p style=\"margin: 0cm; margin-bottom: .0001pt;\"><strong>S\u00e9curit\u00e9<\/strong><\/p><p style=\"margin: 0cm; margin-bottom: .0001pt;\">D\u00e9pistage de la fausse monnaie, comptage et \u00e9change. Vous connaissez \u00e0 tout moment le montant exact des liquidit\u00e9s disponibles, au centime pr\u00e8s. Ces donn\u00e9es sont accessibles via l'environnement en nuage CermePOS.<\/p><p style=\"margin: 0cm; margin-bottom: .0001pt;\"><b>Fin de journ\u00e9e <\/b><\/p><p style=\"margin: 0cm; margin-bottom: .0001pt;\">A la fin de la journ\u00e9e ou lors d'un changement de caissier, il suffit d'appuyer sur un bouton pour formater les esp\u00e8ces. Ne vous inqui\u00e9tez pas, tout se passera bien, jusqu'au dernier centime !<\/p><p style=\"margin: 0cm; margin-bottom: .0001pt;\">\u00a0<\/p><p style=\"margin: 0cm; margin-bottom: .0001pt;\"><strong>Hygi\u00e8ne <\/strong><\/p><p style=\"margin: 0cm; margin-bottom: .0001pt;\">L'argent change fr\u00e9quemment de mains et peut entrer en contact avec diff\u00e9rentes surfaces, ce qui en fait un r\u00e9servoir de micro-organismes, y compris de bact\u00e9ries. Avec un monnayeur Glory, vous augmentez l'hygi\u00e8ne pour vous et vos employ\u00e9s.<\/p>\n\t\t\t\t\t<\/div>\n\t\t\t\t\t\t<\/div>\n\t\t\t\t<\/div>\n\t\t\t\t<div class=\"elementor-element elementor-element-4dec279 elementor-widget elementor-widget-wd_products_tabs\" data-id=\"4dec279\" data-element_type=\"widget\" data-widget_type=\"wd_products_tabs.default\">\n\t\t\t\t<div class=\"elementor-widget-container\">\n\t\t\t\t\t\t\t<div class=\"wd-tabs wd-products-tabs tabs-design-default\">\n\t\t\t<div class=\"wd-tabs-header text-center\">\n\t\t\t\t\n\t\t\t\t\n\t\t\t\t<div class=\"wd-nav-wrapper wd-nav-tabs-wrapper tabs-navigation-wrapper\">\n\n\t\t\t\t\t<ul class=\"wd-nav wd-nav-tabs products-tabs-title wd-style-underline wd-icon-pos-top\">\n\t\t\t\t\t\t\t\t\t\t\t\t\t\n\t\t\t\t\t\t\t<li data-atts=\"{&quot;layout&quot;:&quot;grid&quot;,&quot;pagination&quot;:&quot;&quot;,&quot;pagination_arrows_position&quot;:null,&quot;items_per_page&quot;:12,&quot;spacing&quot;:&quot;10&quot;,&quot;spacing_tablet&quot;:&quot;&quot;,&quot;spacing_mobile&quot;:&quot;&quot;,&quot;columns&quot;:{&quot;unit&quot;:&quot;px&quot;,&quot;size&quot;:3,&quot;sizes&quot;:[]},&quot;products_masonry&quot;:&quot;&quot;,&quot;products_different_sizes&quot;:&quot;&quot;,&quot;product_quantity&quot;:&quot;&quot;,&quot;product_hover&quot;:&quot;inherit&quot;,&quot;sale_countdown&quot;:&quot;0&quot;,&quot;stretch_product_tablet&quot;:0,&quot;stretch_product_mobile&quot;:0,&quot;stock_progress_bar&quot;:&quot;0&quot;,&quot;highlighted_products&quot;:0,&quot;products_divider&quot;:null,&quot;products_bordered_grid&quot;:&quot;&quot;,&quot;products_bordered_grid_style&quot;:null,&quot;products_with_background&quot;:&quot;0&quot;,&quot;products_shadow&quot;:&quot;&quot;,&quot;products_color_scheme&quot;:&quot;default&quot;,&quot;img_size&quot;:&quot;woodmart_shop_catalog_x2&quot;,&quot;elementor&quot;:true,&quot;sync_parent_id&quot;:null,&quot;slides_per_view&quot;:null,&quot;scroll_per_page&quot;:null,&quot;center_mode&quot;:null,&quot;wrap&quot;:null,&quot;autoheight&quot;:null,&quot;autoplay&quot;:null,&quot;speed&quot;:null,&quot;scroll_carousel_init&quot;:null,&quot;disable_overflow_carousel&quot;:null,&quot;hide_prev_next_buttons&quot;:null,&quot;carousel_arrows_position&quot;:null,&quot;hide_pagination_control&quot;:null,&quot;dynamic_pagination_control&quot;:null,&quot;hide_scrollbar&quot;:null,&quot;carousel_sync&quot;:null,&quot;sync_child_id&quot;:null,&quot;img_size_custom&quot;:null,&quot;stretch_product&quot;:null,&quot;grid_gallery&quot;:&quot;&quot;,&quot;grid_gallery_control&quot;:null,&quot;grid_gallery_enable_arrows&quot;:null,&quot;lazy_loading&quot;:&quot;no&quot;,&quot;post_type&quot;:&quot;ids&quot;,&quot;include&quot;:[&quot;31134&quot;,&quot;31208&quot;,&quot;31213&quot;],&quot;taxonomies&quot;:null,&quot;ajax_recently_viewed&quot;:null,&quot;orderby&quot;:&quot;&quot;,&quot;offset&quot;:null,&quot;query_type&quot;:&quot;OR&quot;,&quot;order&quot;:null,&quot;hide_out_of_stock&quot;:&quot;no&quot;,&quot;meta_key&quot;:null,&quot;exclude&quot;:null}\" class=\" wd-active\">\n\t\t\t\t\t\t\t\t<a href=\"#\" class=\"wd-nav-link\">\n\t\t\t\t\t\t\t\t\t\n\t\t\t\t\t\t\t\t\t<span class=\"tab-label nav-link-text\">\n\t\t\t\t\t\t\t\t\t\tGestion sans num\u00e9raire\t\t\t\t\t\t\t\t\t<\/span>\n\t\t\t\t\t\t\t\t<\/a>\n\t\t\t\t\t\t\t<\/li>\n\t\t\t\t\t\t\t\t\t\t\t<\/ul>\n\t\t\t\t<\/div>\n\t\t\t<\/div>\n\n\t\t\t\t\t\t\t\t\t\t\t\t<div class=\"wd-tabs-content-wrapper\">\n\t\t\t\t\t<div class=\"wd-sticky-loader\"><span class=\"wd-loader\"><\/span><\/div>\n\t\t\t\t\n\t\t\t\t\t\t\t<div class=\"wd-products-element wd-tab-content wd-active wd-in\">\n\n\t\t\t\n\t\t\t\n\t\t\t\n\t\t\t\n\t\t\t<div class=\"products wd-products grid-columns-3 elements-grid title-line-one wd-grid-g\" data-paged=\"1\" data-atts=\"{&quot;speed&quot;:null,&quot;slides_per_view&quot;:null,&quot;wrap&quot;:null,&quot;autoplay&quot;:null,&quot;autoheight&quot;:null,&quot;hide_pagination_control&quot;:null,&quot;dynamic_pagination_control&quot;:null,&quot;hide_prev_next_buttons&quot;:null,&quot;carousel_arrows_position&quot;:null,&quot;hide_scrollbar&quot;:null,&quot;scroll_per_page&quot;:null,&quot;center_mode&quot;:null,&quot;post_type&quot;:&quot;ids&quot;,&quot;spacing&quot;:&quot;10&quot;,&quot;carousel_sync&quot;:null,&quot;sync_parent_id&quot;:null,&quot;sync_child_id&quot;:null,&quot;scroll_carousel_init&quot;:null,&quot;disable_overflow_carousel&quot;:null,&quot;include&quot;:[&quot;31134&quot;,&quot;31208&quot;,&quot;31213&quot;],&quot;taxonomies&quot;:null,&quot;offset&quot;:null,&quot;order&quot;:null,&quot;meta_key&quot;:null,&quot;exclude&quot;:null,&quot;ajax_recently_viewed&quot;:null,&quot;pagination_arrows_position&quot;:null,&quot;columns&quot;:{&quot;unit&quot;:&quot;px&quot;,&quot;size&quot;:3,&quot;sizes&quot;:[]},&quot;products_masonry&quot;:&quot;&quot;,&quot;products_different_sizes&quot;:&quot;&quot;,&quot;product_quantity&quot;:&quot;&quot;,&quot;sale_countdown&quot;:&quot;0&quot;,&quot;stretch_product&quot;:null,&quot;stock_progress_bar&quot;:&quot;0&quot;,&quot;products_divider&quot;:null,&quot;products_bordered_grid&quot;:&quot;&quot;,&quot;products_bordered_grid_style&quot;:null,&quot;products_with_background&quot;:&quot;0&quot;,&quot;products_shadow&quot;:&quot;&quot;,&quot;img_size&quot;:&quot;woodmart_shop_catalog_x2&quot;,&quot;img_size_custom&quot;:null,&quot;grid_gallery_control&quot;:null,&quot;grid_gallery_enable_arrows&quot;:null,&quot;force_not_ajax&quot;:&quot;no&quot;,&quot;wrapper_classes&quot;:&quot; wd-tab-content wd-active wd-in&quot;,&quot;elementor&quot;:true}\" data-source=\"shortcode\" data-columns=\"3\" data-grid-gallery=\"\" style=\"--wd-col-lg:3;--wd-col-md:3;--wd-col-sm:2;--wd-gap-lg:10px;\">\n\t\t\n\t\t\t\t\t\t\t\t<div class=\"wd-product wd-hover-tiled wd-col product-grid-item product type-product post-34463 status-publish instock product_cat-automatisation-de-la-tresorerie product_cat-systemes-de-point-de-vente-materiels has-post-thumbnail shipping-taxable product-type-simple\" data-loop=\"1\" data-id=\"34463\">\n\t\t\t\t\n\t\n<div class=\"product-wrapper\">\n\t<div class=\"product-element-top wd-quick-shop\">\n\t\t<a href=\"https:\/\/cermepos.com\/fr\/oplossing\/glory-machine-ci-10x\/\" class=\"product-image-link\" tabindex=\"-1\" aria-label=\"Glory Machine &#8211; CI-10X\">\n\t\t\t<img decoding=\"async\" width=\"600\" height=\"600\" src=\"https:\/\/cermepos.com\/wp-content\/uploads\/2023\/06\/ci10X-hero-680x970-desktop-600x600.png\" class=\"attachment-woodmart_shop_catalog_x2 size-woodmart_shop_catalog_x2\" alt=\"\" srcset=\"https:\/\/cermepos.com\/wp-content\/uploads\/2023\/06\/ci10X-hero-680x970-desktop-600x600.png 600w, https:\/\/cermepos.com\/wp-content\/uploads\/2023\/06\/ci10X-hero-680x970-desktop-300x300.png 300w, https:\/\/cermepos.com\/wp-content\/uploads\/2023\/06\/ci10X-hero-680x970-desktop-1024x1024.png 1024w, https:\/\/cermepos.com\/wp-content\/uploads\/2023\/06\/ci10X-hero-680x970-desktop-150x150.png 150w, https:\/\/cermepos.com\/wp-content\/uploads\/2023\/06\/ci10X-hero-680x970-desktop-768x768.png 768w, https:\/\/cermepos.com\/wp-content\/uploads\/2023\/06\/ci10X-hero-680x970-desktop-1536x1536.png 1536w, https:\/\/cermepos.com\/wp-content\/uploads\/2023\/06\/ci10X-hero-680x970-desktop-800x800.png 800w, https:\/\/cermepos.com\/wp-content\/uploads\/2023\/06\/ci10X-hero-680x970-desktop.png 2048w\" sizes=\"(max-width: 600px) 100vw, 600px\" \/>\t\t<\/a>\n\n\t\t\n\t\t<div class=\"wd-buttons wd-pos-r-t\">\n\t\t\t\t\t\t<div class=\"wd-add-btn wd-action-btn wd-style-icon wd-add-cart-icon\"><\/div>\n\t\t\t\t\t\t\t\t\t\t\t<\/div>\n\t<\/div>\n\n\t<div class=\"product-element-bottom\">\n\t\t<h3 class=\"wd-entities-title\"><a href=\"https:\/\/cermepos.com\/fr\/oplossing\/glory-machine-ci-10x\/\">Glory Machine &#8211; CI-10X<\/a><\/h3>\t\t\t\t\t\t\t\t\t\t\n\n\t\t\n\t\t\t\t\n\t\t\t<\/div>\n<\/div>\n<\/div>\n\t\t\t\t\t\t\t\t<div class=\"wd-product wd-hover-tiled wd-col product-grid-item product type-product post-34468 status-publish instock product_cat-automatisation-de-la-tresorerie product_cat-systemes-de-point-de-vente-materiels has-post-thumbnail shipping-taxable product-type-simple\" data-loop=\"2\" data-id=\"34468\">\n\t\t\t\t\n\t\n<div class=\"product-wrapper\">\n\t<div class=\"product-element-top wd-quick-shop\">\n\t\t<a href=\"https:\/\/cermepos.com\/fr\/oplossing\/gloire-machine-ci-5\/\" class=\"product-image-link\" tabindex=\"-1\" aria-label=\"Glory Machine &#8211; CI-5\">\n\t\t\t<img decoding=\"async\" width=\"600\" height=\"600\" src=\"https:\/\/cermepos.com\/wp-content\/uploads\/2023\/06\/glory-CI-5-products-and-service-hero-detail_desktop-600x600.png\" class=\"attachment-woodmart_shop_catalog_x2 size-woodmart_shop_catalog_x2\" alt=\"\" srcset=\"https:\/\/cermepos.com\/wp-content\/uploads\/2023\/06\/glory-CI-5-products-and-service-hero-detail_desktop-600x600.png 600w, https:\/\/cermepos.com\/wp-content\/uploads\/2023\/06\/glory-CI-5-products-and-service-hero-detail_desktop-300x300.png 300w, https:\/\/cermepos.com\/wp-content\/uploads\/2023\/06\/glory-CI-5-products-and-service-hero-detail_desktop-1024x1024.png 1024w, https:\/\/cermepos.com\/wp-content\/uploads\/2023\/06\/glory-CI-5-products-and-service-hero-detail_desktop-150x150.png 150w, https:\/\/cermepos.com\/wp-content\/uploads\/2023\/06\/glory-CI-5-products-and-service-hero-detail_desktop-768x768.png 768w, https:\/\/cermepos.com\/wp-content\/uploads\/2023\/06\/glory-CI-5-products-and-service-hero-detail_desktop-1536x1536.png 1536w, https:\/\/cermepos.com\/wp-content\/uploads\/2023\/06\/glory-CI-5-products-and-service-hero-detail_desktop-800x800.png 800w, https:\/\/cermepos.com\/wp-content\/uploads\/2023\/06\/glory-CI-5-products-and-service-hero-detail_desktop.png 2048w\" sizes=\"(max-width: 600px) 100vw, 600px\" \/>\t\t<\/a>\n\n\t\t\n\t\t<div class=\"wd-buttons wd-pos-r-t\">\n\t\t\t\t\t\t<div class=\"wd-add-btn wd-action-btn wd-style-icon wd-add-cart-icon\"><\/div>\n\t\t\t\t\t\t\t\t\t\t\t<\/div>\n\t<\/div>\n\n\t<div class=\"product-element-bottom\">\n\t\t<h3 class=\"wd-entities-title\"><a href=\"https:\/\/cermepos.com\/fr\/oplossing\/gloire-machine-ci-5\/\">Glory Machine &#8211; CI-5<\/a><\/h3>\t\t\t\t\t\t\t\t\t\t\n\n\t\t\n\t\t\t\t\n\t\t\t<\/div>\n<\/div>\n<\/div>\n\t\t\t\t\t\t\t\t<div class=\"wd-product wd-hover-tiled wd-col product-grid-item product type-product post-34461 status-publish last instock product_cat-automatisation-de-la-tresorerie product_cat-systemes-de-point-de-vente-materiels has-post-thumbnail shipping-taxable product-type-simple\" data-loop=\"3\" data-id=\"34461\">\n\t\t\t\t\n\t\n<div class=\"product-wrapper\">\n\t<div class=\"product-element-top wd-quick-shop\">\n\t\t<a href=\"https:\/\/cermepos.com\/fr\/oplossing\/glory-machine-ci-50\/\" class=\"product-image-link\" tabindex=\"-1\" aria-label=\"Glory Machine &#8211; CI-50\">\n\t\t\t<img decoding=\"async\" width=\"600\" height=\"600\" src=\"https:\/\/cermepos.com\/wp-content\/uploads\/2023\/06\/ci-50-backoffice-hero-detail-desktop-600x600.png\" class=\"attachment-woodmart_shop_catalog_x2 size-woodmart_shop_catalog_x2\" alt=\"\" srcset=\"https:\/\/cermepos.com\/wp-content\/uploads\/2023\/06\/ci-50-backoffice-hero-detail-desktop-600x600.png 600w, https:\/\/cermepos.com\/wp-content\/uploads\/2023\/06\/ci-50-backoffice-hero-detail-desktop-300x300.png 300w, https:\/\/cermepos.com\/wp-content\/uploads\/2023\/06\/ci-50-backoffice-hero-detail-desktop-1024x1024.png 1024w, https:\/\/cermepos.com\/wp-content\/uploads\/2023\/06\/ci-50-backoffice-hero-detail-desktop-150x150.png 150w, https:\/\/cermepos.com\/wp-content\/uploads\/2023\/06\/ci-50-backoffice-hero-detail-desktop-768x768.png 768w, https:\/\/cermepos.com\/wp-content\/uploads\/2023\/06\/ci-50-backoffice-hero-detail-desktop-1536x1536.png 1536w, https:\/\/cermepos.com\/wp-content\/uploads\/2023\/06\/ci-50-backoffice-hero-detail-desktop-800x800.png 800w, https:\/\/cermepos.com\/wp-content\/uploads\/2023\/06\/ci-50-backoffice-hero-detail-desktop.png 2048w\" sizes=\"(max-width: 600px) 100vw, 600px\" \/>\t\t<\/a>\n\n\t\t\n\t\t<div class=\"wd-buttons wd-pos-r-t\">\n\t\t\t\t\t\t<div class=\"wd-add-btn wd-action-btn wd-style-icon wd-add-cart-icon\"><\/div>\n\t\t\t\t\t\t\t\t\t\t\t<\/div>\n\t<\/div>\n\n\t<div class=\"product-element-bottom\">\n\t\t<h3 class=\"wd-entities-title\"><a href=\"https:\/\/cermepos.com\/fr\/oplossing\/glory-machine-ci-50\/\">Glory Machine &#8211; CI-50<\/a><\/h3>\t\t\t\t\t\t\t\t\t\t\n\n\t\t\n\t\t\t\t\n\t\t\t<\/div>\n<\/div>\n<\/div>\n\t\t\n\t\t\t\t<\/div>\n\t\n\t\t\n\t\t\n\t\t\t\t\t<\/div>\n\t\t\n\t\t\n\t\t\t\t\t<\/div>\n\t\t\t\t\t\t\t\t\t<\/div>\n\t\t\t\t\t\t<\/div>\n\t\t\t\t<\/div>\n\t\t\t\t<\/div>\n\t\t\t\t\t<\/div>\n\t\t\t\t<\/div>\n\t\t\t\t<\/div>\n\t\t","protected":false},"excerpt":{"rendered":"<p>CermePOS Cash Automation Automatisation de la tr\u00e9sorerie avec les Gory Machines. La manipulation des esp\u00e8ces dans votre environnement de vente<\/p>\n","protected":false},"author":3,"featured_media":0,"parent":0,"menu_order":0,"comment_status":"closed","ping_status":"closed","template":"","meta":{"footnotes":""},"class_list":["post-33710","page","type-page","status-publish","hentry"],"brizy_media":[],"_links":{"self":[{"href":"https:\/\/cermepos.com\/fr\/wp-json\/wp\/v2\/pages\/33710","targetHints":{"allow":["GET"]}}],"collection":[{"href":"https:\/\/cermepos.com\/fr\/wp-json\/wp\/v2\/pages"}],"about":[{"href":"https:\/\/cermepos.com\/fr\/wp-json\/wp\/v2\/types\/page"}],"author":[{"embeddable":true,"href":"https:\/\/cermepos.com\/fr\/wp-json\/wp\/v2\/users\/3"}],"replies":[{"embeddable":true,"href":"https:\/\/cermepos.com\/fr\/wp-json\/wp\/v2\/comments?post=33710"}],"version-history":[{"count":12,"href":"https:\/\/cermepos.com\/fr\/wp-json\/wp\/v2\/pages\/33710\/revisions"}],"predecessor-version":[{"id":36365,"href":"https:\/\/cermepos.com\/fr\/wp-json\/wp\/v2\/pages\/33710\/revisions\/36365"}],"wp:attachment":[{"href":"https:\/\/cermepos.com\/fr\/wp-json\/wp\/v2\/media?parent=33710"}],"curies":[{"name":"wp","href":"https:\/\/api.w.org\/{rel}","templated":true}]}}