{"id":33728,"date":"2019-05-23T05:10:04","date_gmt":"2019-05-23T03:10:04","guid":{"rendered":"https:\/\/www.cermepos.com\/automatisation-des-magasins\/"},"modified":"2023-06-26T18:29:42","modified_gmt":"2023-06-26T16:29:42","slug":"automatisation-des-magasins","status":"publish","type":"page","link":"https:\/\/cermepos.com\/fr\/automatisation-des-magasins\/","title":{"rendered":"Automatisation des magasins"},"content":{"rendered":"\t\t<div data-elementor-type=\"wp-post\" data-elementor-id=\"33728\" class=\"elementor elementor-33728 elementor-12962\">\n\t\t\t\t<div class=\"elementor-element elementor-element-a076c1a wd-section-stretch e-flex e-con-boxed e-con e-parent\" data-id=\"a076c1a\" data-element_type=\"container\" data-settings=\"{&quot;background_background&quot;:&quot;classic&quot;,&quot;shape_divider_bottom&quot;:&quot;wd_sweet_wave&quot;}\">\n\t\t\t\t\t<div class=\"e-con-inner\">\n\t\t\t\t<div class=\"elementor-shape elementor-shape-bottom\" aria-hidden=\"true\" data-negative=\"false\">\n\t\t\t<svg width=\"100%\" height=\"50px\" viewBox=\"0 0 1920 80\" xmlns=\"http:\/\/www.w3.org\/2000\/svg\" class=\"wd-divider\" preserveAspectRatio=\"none\">\n<path class=\"elementor-shape-fill\" d=\"M1920,60s-169.5,20-510,20S850.5,20,510,20,0,60,0,60V0H1920Z\" \/>\n<\/svg>\n\t\t<\/div>\n\t\t<div class=\"elementor-element elementor-element-c4b42af e-con-full e-flex e-con e-parent\" data-id=\"c4b42af\" data-element_type=\"container\">\n\t\t<div class=\"elementor-element elementor-element-546c7c6 e-con-full e-flex e-con e-parent\" data-id=\"546c7c6\" data-element_type=\"container\">\n\t\t<div class=\"elementor-element elementor-element-1fbe351 e-con-full e-flex e-con e-parent\" data-id=\"1fbe351\" data-element_type=\"container\">\n\t\t\t\t<div class=\"elementor-element elementor-element-3030c0f wd-width-100 elementor-widget elementor-widget-wd_title\" data-id=\"3030c0f\" data-element_type=\"widget\" data-widget_type=\"wd_title.default\">\n\t\t\t\t<div class=\"elementor-widget-container\">\n\t\t\t\t\t\t\t<div class=\"title-wrapper wd-set-mb reset-last-child wd-title-color-white wd-title-style-underlined wd-title-size-default text-left\">\n\n\t\t\t\t\t\t\t\t\t\t\t<div class=\"title-subtitle subtitle-color-white subtitle-style-background wd-fontsize-xs\">\n\t\t\t\t\tCermePOS Logiciel de caisse\t\t\t\t<\/div>\n\t\t\t\n\t\t\t<div class=\"liner-continer\">\n\t\t\t\t<h4 class=\"woodmart-title-container title wd-fontsize-l\">Automatisation des magasins avec CermePOS<\/h4> \n\t\t\t\t\t\t\t<\/div>\n\n\t\t\t\t\t\t\t<div class=\"title-after_title reset-last-child wd-fontsize-xs\">\n\t\t\t\t\t<p>Automatisation des magasins avec CermePOS, un syst\u00e8me de pointe qui rend votre magasin rentable en un rien de temps. Vous avez toujours une longueur d'avance sur la concurrence. Avec CermePOS, vous pouvez g\u00e9rer votre magasin, contr\u00f4ler les stocks et augmenter les ventes.<\/p><p>Il fonctionne avec des codes-barres : vous pouvez ainsi gagner beaucoup de temps \u00e0 la caisse et offrir \u00e0 vos clients un meilleur service. Vous \u00e9vitez les erreurs de saisie des prix et les d\u00e9tournements d'argent par les caissiers.<\/p><p>Il vous donne un aper\u00e7u de votre chiffre d'affaires et du montant exact dans chaque caisse \u00e0 tout moment de la journ\u00e9e ! En quelques clics, vous pouvez imprimer votre inventaire et la liste des commandes.<\/p><p>Il est \u00e9galement tr\u00e8s facile \u00e0 utiliser. Votre personnel peut s'en sortir en quelques heures, m\u00eame s'il n'a aucune connaissance pr\u00e9alable des ordinateurs. CermePOS est reconnu pour sa simplicit\u00e9, sa pr\u00e9cision et sa rapidit\u00e9 : indispensable pour une meilleure gestion de votre magasin.<\/p><p>CermePOS est certifi\u00e9 par le NMI et dispose donc d'un num\u00e9ro d'admission. CermePOS peut donc \u00eatre directement reli\u00e9 \u00e0 une balance de caisse int\u00e9gr\u00e9e.<\/p>\t\t\t\t<\/div>\n\t\t\t\t\t<\/div>\n\t\t\t\t\t\t<\/div>\n\t\t\t\t<\/div>\n\t\t\t\t<\/div>\n\t\t\t\t<\/div>\n\t\t\t\t<\/div>\n\t\t<div class=\"elementor-element elementor-element-058a1f0 e-con-full e-flex e-con e-parent\" data-id=\"058a1f0\" data-element_type=\"container\">\n\t\t\t\t<div class=\"elementor-element elementor-element-e20742a elementor-invisible elementor-widget elementor-widget-image\" data-id=\"e20742a\" data-element_type=\"widget\" data-settings=\"{&quot;_animation&quot;:&quot;slideInRight&quot;}\" data-widget_type=\"image.default\">\n\t\t\t\t\t\t\t\t\t\t\t\t\t\t\t<img decoding=\"async\" src=\"https:\/\/www.cermepos.com\/wp-content\/uploads\/2019\/05\/cerme-pos-software-hardware-solutions.jpg\" title=\"\" alt=\"\" loading=\"lazy\" \/>\t\t\t\t\t\t\t\t\t\t\t\t\t\t\t<\/div>\n\t\t\t\t<\/div>\n\t\t\t\t\t<\/div>\n\t\t\t\t<\/div>\n\t\t\t\t<\/div>\n\t\t","protected":false},"excerpt":{"rendered":"<p>CermePOS Logiciel de caisse Automatisation des magasins avec CermePOS Automatisation des magasins avec CermePOS, un syst\u00e8me de pointe qui rend<\/p>\n","protected":false},"author":1,"featured_media":0,"parent":0,"menu_order":0,"comment_status":"closed","ping_status":"closed","template":"","meta":{"footnotes":""},"class_list":["post-33728","page","type-page","status-publish","hentry"],"brizy_media":[],"_links":{"self":[{"href":"https:\/\/cermepos.com\/fr\/wp-json\/wp\/v2\/pages\/33728","targetHints":{"allow":["GET"]}}],"collection":[{"href":"https:\/\/cermepos.com\/fr\/wp-json\/wp\/v2\/pages"}],"about":[{"href":"https:\/\/cermepos.com\/fr\/wp-json\/wp\/v2\/types\/page"}],"author":[{"embeddable":true,"href":"https:\/\/cermepos.com\/fr\/wp-json\/wp\/v2\/users\/1"}],"replies":[{"embeddable":true,"href":"https:\/\/cermepos.com\/fr\/wp-json\/wp\/v2\/comments?post=33728"}],"version-history":[{"count":0,"href":"https:\/\/cermepos.com\/fr\/wp-json\/wp\/v2\/pages\/33728\/revisions"}],"wp:attachment":[{"href":"https:\/\/cermepos.com\/fr\/wp-json\/wp\/v2\/media?parent=33728"}],"curies":[{"name":"wp","href":"https:\/\/api.w.org\/{rel}","templated":true}]}}