{"id":33807,"date":"2023-04-04T14:25:48","date_gmt":"2023-04-04T12:25:48","guid":{"rendered":"https:\/\/www.cermepos.com\/systeme-de-point-de-vente-pour-charcuterie-logiciel\/"},"modified":"2025-02-04T00:04:58","modified_gmt":"2025-02-03T23:04:58","slug":"systeme-de-point-de-vente-pour-charcuterie-logiciel","status":"publish","type":"page","link":"https:\/\/cermepos.com\/fr\/systeme-de-point-de-vente-pour-charcuterie-logiciel\/","title":{"rendered":"Syst\u00e8me de point de vente pour charcuterie, logiciel"},"content":{"rendered":"\t\t<div data-elementor-type=\"wp-page\" data-elementor-id=\"33807\" class=\"elementor elementor-33807 elementor-27610\">\n\t\t\t\t<div class=\"elementor-element elementor-element-75ee205 wd-section-stretch e-flex e-con-boxed e-con e-parent\" data-id=\"75ee205\" data-element_type=\"container\" data-settings=\"{&quot;background_background&quot;:&quot;video&quot;,&quot;background_video_link&quot;:&quot;https:\\\/\\\/www.cermepos.com\\\/wp-content\\\/uploads\\\/2023\\\/05\\\/delicatessen-cashier-klanten.mp4&quot;,&quot;shape_divider_bottom&quot;:&quot;wd_curved_line&quot;}\">\n\t\t\t\t\t<div class=\"e-con-inner\">\n\t\t<div class=\"elementor-background-video-container elementor-hidden-mobile\" aria-hidden=\"true\">\n\t\t\t\t\t\t\t<video class=\"elementor-background-video-hosted\" autoplay muted playsinline loop><\/video>\n\t\t\t\t\t<\/div>\t\t<div class=\"elementor-shape elementor-shape-bottom\" aria-hidden=\"true\" data-negative=\"false\">\n\t\t\t<svg xmlns=\"http:\/\/www.w3.org\/2000\/svg\" class=\"wd-divider\" xmlns:xlink=\"http:\/\/www.w3.org\/1999\/xlink\" x=\"0px\" y=\"0px\"\n\t viewBox=\"0 0 100 100\" width=\"100%\" height=\"50px\" preserveAspectRatio=\"none\">\n<path class=\"elementor-shape-fill\" display=\"none\" d=\"M100,25.8V100H0V52.5c-4.9-6.8-9.5-13.8-15-19.7V101h125V20.9C106.3,22,103,23.7,100,25.8z\"\/>\n<path class=\"elementor-shape-fill\" d=\"M0,0v99c22-20.6,28.7-69.7,61.4-69.7c18.8,0,29.1,16.2,38.6,34V0L0,0z\"\/>\n<\/svg>\n\t\t<\/div>\n\t\t<div class=\"elementor-element elementor-element-9a79be8 e-con-full e-flex e-con e-child\" data-id=\"9a79be8\" data-element_type=\"container\" data-settings=\"{&quot;background_background&quot;:&quot;video&quot;}\">\n\t\t\t\t<div class=\"elementor-element elementor-element-400e189 elementor-widget elementor-widget-wd_text_block\" data-id=\"400e189\" data-element_type=\"widget\" data-widget_type=\"wd_text_block.default\">\n\t\t\t\t<div class=\"elementor-widget-container\">\n\t\t\t\t\t\t\t<div class=\"wd-text-block reset-last-child text-left\">\n\t\t\t\n\t\t\t<h2>Syst\u00e8me POS pour charcuterie<\/h2><p>Les gourmandises telles que les fromages fins, les chocolats, les truffes et les vins exclusifs sont souvent consid\u00e9r\u00e9es comme des articles de luxe et vendues dans des magasins sp\u00e9cialis\u00e9s. Ces produits sont vendus au poids ou sous forme d'unit\u00e9s pr\u00e9emball\u00e9es. CermePOS delicatessen vous aide \u00e0 faire du pr\u00e9emballage \u00e0 la vitesse de l'\u00e9clair. Si vous effectuez un pr\u00e9emballage, vous \u00eates tenu de fournir une liste d'ingr\u00e9dients et\/ou d'allerg\u00e8nes. Cela se fait g\u00e9n\u00e9ralement par l'\u00e9tiquetage du produit. Cette \u00e9tiquette \u00e0 code-barres acc\u00e9l\u00e8re et facilite le processus d'encaissement. La lecture d'un code-barres \u00e9vite les erreurs de saisie manuelle, .<\/p>\n\t\t\t\t\t<\/div>\n\t\t\t\t\t\t<\/div>\n\t\t\t\t<\/div>\n\t\t\t\t<\/div>\n\t\t<div class=\"elementor-element elementor-element-995b042 e-con-full elementor-hidden-tablet elementor-hidden-mobile e-flex e-con e-child\" data-id=\"995b042\" data-element_type=\"container\">\n\t\t\t\t<div class=\"elementor-element elementor-element-13637e7 elementor-widget elementor-widget-elementskit-heading\" data-id=\"13637e7\" data-element_type=\"widget\" data-widget_type=\"elementskit-heading.default\">\n\t\t\t\t\t<div class=\"ekit-wid-con\" ><div class=\"ekit-heading elementskit-section-title-wraper text_center   ekit_heading_tablet-   ekit_heading_mobile-\">\t\t\t\t<span class='ekit-heading__shadow-text'>\n\t\t\t\t\tCermePOS\t\t\t\t<\/span>\n\t\t\t<h1 class=\"ekit-heading--title elementskit-section-title \">Syst\u00e8me POS <span><span>Delicatesse<\/span><\/span> magasins  <\/h1><\/div><\/div>\t\t\t\t<\/div>\n\t\t\t\t<\/div>\n\t\t\t\t\t<\/div>\n\t\t\t\t<\/div>\n\t\t<div class=\"elementor-element elementor-element-0ef7c2b wd-section-stretch e-flex e-con-boxed e-con e-parent\" data-id=\"0ef7c2b\" data-element_type=\"container\">\n\t\t\t\t\t<div class=\"e-con-inner\">\n\t\t<div class=\"elementor-element elementor-element-6446954 e-con-full e-flex e-con e-child\" data-id=\"6446954\" data-element_type=\"container\">\n\t\t\t\t<div class=\"elementor-element elementor-element-abb1ebe elementor-widget elementor-widget-wd_text_block\" data-id=\"abb1ebe\" data-element_type=\"widget\" data-widget_type=\"wd_text_block.default\">\n\t\t\t\t<div class=\"elementor-widget-container\">\n\t\t\t\t\t\t\t<div class=\"wd-text-block reset-last-child text-left\">\n\t\t\t\n\t\t\t<p><strong>B\u00e9n\u00e9fice suppl\u00e9mentaire, en vrac pour les parties commercialisables<\/strong><\/p><p>Le reconditionnement de produits en vrac en portions vendables est une m\u00e9thode couramment utilis\u00e9e par les d\u00e9taillants pour r\u00e9aliser des b\u00e9n\u00e9fices suppl\u00e9mentaires. Ce processus peut prendre beaucoup de temps, car une portion doit \u00eatre \u00e9tiquet\u00e9e avec le prix, le poids, les ingr\u00e9dients et les allerg\u00e8nes.<\/p><p>Heureusement, les balances de Cermepos ont une fonction pratique. Il suffit de fixer le prix au gramme, d'activer le mode reconditionnement et d\u00e8s que vous retirez la portion de la balance, une \u00e9tiquette \u00e0 code-barres est automatiquement imprim\u00e9e.<\/p><p><img decoding=\"async\" class=\" wd-lazy-fade alignnone size-medium wp-image-32323\" src=\"https:\/\/cermepos.com\/wp-content\/themes\/woodmart\/images\/lazy.svg\" data-src=\"https:\/\/www.cermepos.com\/wp-content\/uploads\/2023\/06\/delicatessen-300x169.jpg\" alt=\"syst\u00e8me de caisse pour charcuterie\" width=\"300\" height=\"169\" srcset=\"\" data-srcset=\"https:\/\/cermepos.com\/wp-content\/uploads\/2023\/06\/delicatessen-300x169.jpg 300w, https:\/\/cermepos.com\/wp-content\/uploads\/2023\/06\/delicatessen-1024x576.jpg 1024w, https:\/\/cermepos.com\/wp-content\/uploads\/2023\/06\/delicatessen-768x432.jpg 768w, https:\/\/cermepos.com\/wp-content\/uploads\/2023\/06\/delicatessen-1536x864.jpg 1536w, https:\/\/cermepos.com\/wp-content\/uploads\/2023\/06\/delicatessen-2048x1152.jpg 2048w, https:\/\/cermepos.com\/wp-content\/uploads\/2023\/06\/delicatessen-20x11.jpg 20w, https:\/\/cermepos.com\/wp-content\/uploads\/2023\/06\/delicatessen-800x450.jpg 800w, https:\/\/cermepos.com\/wp-content\/uploads\/2023\/06\/delicatessen-150x84.jpg 150w\" sizes=\"(max-width: 300px) 100vw, 300px\" \/><\/p><p>Faire des b\u00e9n\u00e9fices suppl\u00e9mentaires avec un logiciel intelligent ? <span style=\"font-size: 18px; background-color: var(--wd-main-bgcolor); color: var(--wd-text-color);\">Renseignez-vous aupr\u00e8s de votre conseiller POS.<\/span><\/p>\n\t\t\t\t\t<\/div>\n\t\t\t\t\t\t<\/div>\n\t\t\t\t<\/div>\n\t\t\t\t<\/div>\n\t\t<div class=\"elementor-element elementor-element-21e5002 e-con-full e-flex e-con e-child\" data-id=\"21e5002\" data-element_type=\"container\">\n\t\t\t\t<div class=\"elementor-element elementor-element-c7a27f6 elementor-widget elementor-widget-wd_text_block\" data-id=\"c7a27f6\" data-element_type=\"widget\" data-widget_type=\"wd_text_block.default\">\n\t\t\t\t<div class=\"elementor-widget-container\">\n\t\t\t\t\t\t\t<div class=\"wd-text-block reset-last-child text-left\">\n\t\t\t\n\t\t\t<p><strong>Peser <\/strong><\/p><p>Il existe trois options : le Wintec <a href=\"https:\/\/www.cermepos.com\/oplossing\/wintec-s100-weegschaal\/\">S100<\/a>, <a href=\"https:\/\/www.cermepos.com\/oplossing\/wintec-s300-kassa-weegschaal-en-kassabon-printer-in-een\/\">S300<\/a> ou <a href=\"https:\/\/www.cermepos.com\/oplossing\/wintec-s500\/\">S500<\/a>. Vous souhaitez simplement peser et imprimer une \u00e9tiquette \u00e0 code-barres ? Le <a href=\"https:\/\/www.cermepos.com\/oplossing\/wintec-s100-weegschaal\/\">S100<\/a> est satisfaisant. Pas d'\u00e9tiquette de code-barres, mais peser et passer \u00e0 la caisse ? Le choix d'un <a href=\"https:\/\/www.cermepos.com\/oplossing\/wintec-s300-kassa-weegschaal-en-kassabon-printer-in-een\/\">S300<\/a> est judicieux. Vous souhaitez une solution tout-en-un, une balance, une imprimante d'\u00e9tiquettes de codes-barres, une caisse enregistreuse et une imprimante de re\u00e7us en un seul appareil ? Le Wintec <a href=\"https:\/\/www.cermepos.com\/oplossing\/wintec-s500\/\">S500<\/a> est la r\u00e9ponse, ce cheval de bataille ne vous laissera pas tomber.<\/p>\n\t\t\t\t\t<\/div>\n\t\t\t\t\t\t<\/div>\n\t\t\t\t<\/div>\n\t\t\t\t<div class=\"elementor-element elementor-element-228e440 elementor-widget elementor-widget-wd_products_tabs\" data-id=\"228e440\" data-element_type=\"widget\" data-widget_type=\"wd_products_tabs.default\">\n\t\t\t\t<div class=\"elementor-widget-container\">\n\t\t\t\t\t\t\t<div class=\"wd-tabs wd-products-tabs tabs-design-default\">\n\t\t\t<div class=\"wd-tabs-header text-center\">\n\t\t\t\t\n\t\t\t\t\n\t\t\t\t<div class=\"wd-nav-wrapper wd-nav-tabs-wrapper tabs-navigation-wrapper\">\n\n\t\t\t\t\t<ul class=\"wd-nav wd-nav-tabs products-tabs-title wd-style-underline wd-icon-pos-top\">\n\t\t\t\t\t\t\t\t\t\t\t\t\t\n\t\t\t\t\t\t\t<li data-atts=\"{&quot;layout&quot;:&quot;grid&quot;,&quot;pagination&quot;:&quot;&quot;,&quot;pagination_arrows_position&quot;:null,&quot;items_per_page&quot;:12,&quot;spacing&quot;:&quot;10&quot;,&quot;spacing_tablet&quot;:&quot;&quot;,&quot;spacing_mobile&quot;:&quot;&quot;,&quot;columns&quot;:{&quot;unit&quot;:&quot;px&quot;,&quot;size&quot;:3,&quot;sizes&quot;:[]},&quot;products_masonry&quot;:&quot;&quot;,&quot;products_different_sizes&quot;:&quot;&quot;,&quot;product_quantity&quot;:&quot;&quot;,&quot;product_hover&quot;:&quot;inherit&quot;,&quot;sale_countdown&quot;:&quot;0&quot;,&quot;stretch_product_tablet&quot;:0,&quot;stretch_product_mobile&quot;:0,&quot;stock_progress_bar&quot;:&quot;0&quot;,&quot;highlighted_products&quot;:0,&quot;products_divider&quot;:null,&quot;products_bordered_grid&quot;:&quot;&quot;,&quot;products_bordered_grid_style&quot;:null,&quot;products_with_background&quot;:&quot;0&quot;,&quot;products_shadow&quot;:&quot;&quot;,&quot;products_color_scheme&quot;:&quot;default&quot;,&quot;img_size&quot;:&quot;woodmart_shop_catalog_x2&quot;,&quot;elementor&quot;:true,&quot;sync_parent_id&quot;:null,&quot;slides_per_view&quot;:null,&quot;scroll_per_page&quot;:null,&quot;center_mode&quot;:null,&quot;wrap&quot;:null,&quot;autoheight&quot;:null,&quot;autoplay&quot;:null,&quot;speed&quot;:null,&quot;scroll_carousel_init&quot;:null,&quot;disable_overflow_carousel&quot;:null,&quot;hide_prev_next_buttons&quot;:null,&quot;carousel_arrows_position&quot;:null,&quot;hide_pagination_control&quot;:null,&quot;dynamic_pagination_control&quot;:null,&quot;hide_scrollbar&quot;:null,&quot;carousel_sync&quot;:null,&quot;sync_child_id&quot;:null,&quot;img_size_custom&quot;:null,&quot;stretch_product&quot;:null,&quot;grid_gallery&quot;:&quot;&quot;,&quot;grid_gallery_control&quot;:null,&quot;grid_gallery_enable_arrows&quot;:null,&quot;lazy_loading&quot;:&quot;no&quot;,&quot;post_type&quot;:&quot;ids&quot;,&quot;include&quot;:[&quot;28625&quot;,&quot;28621&quot;,&quot;28615&quot;],&quot;taxonomies&quot;:null,&quot;ajax_recently_viewed&quot;:null,&quot;orderby&quot;:&quot;&quot;,&quot;offset&quot;:null,&quot;query_type&quot;:&quot;OR&quot;,&quot;order&quot;:null,&quot;hide_out_of_stock&quot;:&quot;no&quot;,&quot;meta_key&quot;:null,&quot;exclude&quot;:null}\" class=\" wd-active\">\n\t\t\t\t\t\t\t\t<a href=\"#\" class=\"wd-nav-link\">\n\t\t\t\t\t\t\t\t\t\n\t\t\t\t\t\t\t\t\t<span class=\"tab-label nav-link-text\">\n\t\t\t\t\t\t\t\t\t\tBalances\t\t\t\t\t\t\t\t\t<\/span>\n\t\t\t\t\t\t\t\t<\/a>\n\t\t\t\t\t\t\t<\/li>\n\t\t\t\t\t\t\t\t\t\t\t<\/ul>\n\t\t\t\t<\/div>\n\t\t\t<\/div>\n\n\t\t\t\t\t\t\t\t\t\t\t\t<div class=\"wd-tabs-content-wrapper\">\n\t\t\t\t\t<div class=\"wd-sticky-loader\"><span class=\"wd-loader\"><\/span><\/div>\n\t\t\t\t\n\t\t\t\t\t\t\t<div class=\"wd-products-element wd-tab-content wd-active wd-in\">\n\n\t\t\t\n\t\t\t\n\t\t\t\n\t\t\t\n\t\t\t<div class=\"products wd-products grid-columns-3 elements-grid title-line-one wd-grid-g\" data-paged=\"1\" data-atts=\"{&quot;speed&quot;:null,&quot;slides_per_view&quot;:null,&quot;wrap&quot;:null,&quot;autoplay&quot;:null,&quot;autoheight&quot;:null,&quot;hide_pagination_control&quot;:null,&quot;dynamic_pagination_control&quot;:null,&quot;hide_prev_next_buttons&quot;:null,&quot;carousel_arrows_position&quot;:null,&quot;hide_scrollbar&quot;:null,&quot;scroll_per_page&quot;:null,&quot;center_mode&quot;:null,&quot;post_type&quot;:&quot;ids&quot;,&quot;spacing&quot;:&quot;10&quot;,&quot;carousel_sync&quot;:null,&quot;sync_parent_id&quot;:null,&quot;sync_child_id&quot;:null,&quot;scroll_carousel_init&quot;:null,&quot;disable_overflow_carousel&quot;:null,&quot;include&quot;:[&quot;28625&quot;,&quot;28621&quot;,&quot;28615&quot;],&quot;taxonomies&quot;:null,&quot;offset&quot;:null,&quot;order&quot;:null,&quot;meta_key&quot;:null,&quot;exclude&quot;:null,&quot;ajax_recently_viewed&quot;:null,&quot;pagination_arrows_position&quot;:null,&quot;columns&quot;:{&quot;unit&quot;:&quot;px&quot;,&quot;size&quot;:3,&quot;sizes&quot;:[]},&quot;products_masonry&quot;:&quot;&quot;,&quot;products_different_sizes&quot;:&quot;&quot;,&quot;product_quantity&quot;:&quot;&quot;,&quot;sale_countdown&quot;:&quot;0&quot;,&quot;stretch_product&quot;:null,&quot;stock_progress_bar&quot;:&quot;0&quot;,&quot;products_divider&quot;:null,&quot;products_bordered_grid&quot;:&quot;&quot;,&quot;products_bordered_grid_style&quot;:null,&quot;products_with_background&quot;:&quot;0&quot;,&quot;products_shadow&quot;:&quot;&quot;,&quot;img_size&quot;:&quot;woodmart_shop_catalog_x2&quot;,&quot;img_size_custom&quot;:null,&quot;grid_gallery_control&quot;:null,&quot;grid_gallery_enable_arrows&quot;:null,&quot;force_not_ajax&quot;:&quot;no&quot;,&quot;wrapper_classes&quot;:&quot; wd-tab-content wd-active wd-in&quot;,&quot;elementor&quot;:true}\" data-source=\"shortcode\" data-columns=\"3\" data-grid-gallery=\"\" style=\"--wd-col-lg:3;--wd-col-md:3;--wd-col-sm:2;--wd-gap-lg:10px;\">\n\t\t\n\t\t\t\t\t\t\t\t<div class=\"wd-product wd-hover-tiled wd-col product-grid-item product type-product post-34552 status-publish instock product_cat-balances has-post-thumbnail shipping-taxable product-type-simple\" data-loop=\"1\" data-id=\"34552\">\n\t\t\t\t\n\t\n<div class=\"product-wrapper\">\n\t<div class=\"product-element-top wd-quick-shop\">\n\t\t<a href=\"https:\/\/cermepos.com\/fr\/oplossing\/echelle-wintec-s100\/\" class=\"product-image-link\" tabindex=\"-1\" aria-label=\"Wintec S100 \u00c9chelle\">\n\t\t\t<img decoding=\"async\" width=\"600\" height=\"600\" src=\"https:\/\/cermepos.com\/wp-content\/uploads\/2023\/04\/wintec-s100-600x600.png\" class=\"attachment-woodmart_shop_catalog_x2 size-woodmart_shop_catalog_x2\" alt=\"\" srcset=\"https:\/\/cermepos.com\/wp-content\/uploads\/2023\/04\/wintec-s100-600x600.png 600w, https:\/\/cermepos.com\/wp-content\/uploads\/2023\/04\/wintec-s100-300x300.png 300w, https:\/\/cermepos.com\/wp-content\/uploads\/2023\/04\/wintec-s100-1024x1024.png 1024w, https:\/\/cermepos.com\/wp-content\/uploads\/2023\/04\/wintec-s100-150x150.png 150w, https:\/\/cermepos.com\/wp-content\/uploads\/2023\/04\/wintec-s100-768x768.png 768w, https:\/\/cermepos.com\/wp-content\/uploads\/2023\/04\/wintec-s100-1536x1536.png 1536w, https:\/\/cermepos.com\/wp-content\/uploads\/2023\/04\/wintec-s100-800x800.png 800w, https:\/\/cermepos.com\/wp-content\/uploads\/2023\/04\/wintec-s100-500x500.png 500w, https:\/\/cermepos.com\/wp-content\/uploads\/2023\/04\/wintec-s100.png 2048w\" sizes=\"(max-width: 600px) 100vw, 600px\" \/>\t\t<\/a>\n\n\t\t\n\t\t<div class=\"wd-buttons wd-pos-r-t\">\n\t\t\t\t\t\t<div class=\"wd-add-btn wd-action-btn wd-style-icon wd-add-cart-icon\"><\/div>\n\t\t\t\t\t\t\t\t\t\t\t<\/div>\n\t<\/div>\n\n\t<div class=\"product-element-bottom\">\n\t\t<h3 class=\"wd-entities-title\"><a href=\"https:\/\/cermepos.com\/fr\/oplossing\/echelle-wintec-s100\/\">Wintec S100 \u00c9chelle<\/a><\/h3>\t\t\t\t\t\t\t\t\t\t\n\n\t\t\n\t\t\t\t\n\t\t\t<\/div>\n<\/div>\n<\/div>\n\t\t\t\t\t\t\t\t<div class=\"wd-product wd-hover-tiled wd-col product-grid-item product type-product post-34540 status-publish instock product_cat-balances has-post-thumbnail shipping-taxable product-type-simple\" data-loop=\"2\" data-id=\"34540\">\n\t\t\t\t\n\t\n<div class=\"product-wrapper\">\n\t<div class=\"product-element-top wd-quick-shop\">\n\t\t<a href=\"https:\/\/cermepos.com\/fr\/oplossing\/wintec-s300-pos-scale-and-receipt-printer-in-one\/\" class=\"product-image-link\" tabindex=\"-1\" aria-label=\"Wintec S300, balance enregistreuse et imprimante de re\u00e7us en un\">\n\t\t\t<img decoding=\"async\" width=\"600\" height=\"600\" src=\"https:\/\/cermepos.com\/wp-content\/uploads\/2023\/04\/wintec-s300-600x600.png\" class=\"attachment-woodmart_shop_catalog_x2 size-woodmart_shop_catalog_x2\" alt=\"\" srcset=\"https:\/\/cermepos.com\/wp-content\/uploads\/2023\/04\/wintec-s300-600x600.png 600w, https:\/\/cermepos.com\/wp-content\/uploads\/2023\/04\/wintec-s300-300x300.png 300w, https:\/\/cermepos.com\/wp-content\/uploads\/2023\/04\/wintec-s300-1024x1024.png 1024w, https:\/\/cermepos.com\/wp-content\/uploads\/2023\/04\/wintec-s300-150x150.png 150w, https:\/\/cermepos.com\/wp-content\/uploads\/2023\/04\/wintec-s300-768x768.png 768w, https:\/\/cermepos.com\/wp-content\/uploads\/2023\/04\/wintec-s300-1536x1536.png 1536w, https:\/\/cermepos.com\/wp-content\/uploads\/2023\/04\/wintec-s300-800x800.png 800w, https:\/\/cermepos.com\/wp-content\/uploads\/2023\/04\/wintec-s300-500x500.png 500w, https:\/\/cermepos.com\/wp-content\/uploads\/2023\/04\/wintec-s300.png 2048w\" sizes=\"(max-width: 600px) 100vw, 600px\" \/>\t\t<\/a>\n\n\t\t\n\t\t<div class=\"wd-buttons wd-pos-r-t\">\n\t\t\t\t\t\t<div class=\"wd-add-btn wd-action-btn wd-style-icon wd-add-cart-icon\"><\/div>\n\t\t\t\t\t\t\t\t\t\t\t<\/div>\n\t<\/div>\n\n\t<div class=\"product-element-bottom\">\n\t\t<h3 class=\"wd-entities-title\"><a href=\"https:\/\/cermepos.com\/fr\/oplossing\/wintec-s300-pos-scale-and-receipt-printer-in-one\/\">Wintec S300, balance enregistreuse et imprimante de re\u00e7us en un<\/a><\/h3>\t\t\t\t\t\t\t\t\t\t\n\n\t\t\n\t\t\t\t\n\t\t\t<\/div>\n<\/div>\n<\/div>\n\t\t\t\t\t\t\t\t<div class=\"wd-product wd-hover-tiled wd-col product-grid-item product type-product post-34539 status-publish last instock product_cat-balances has-post-thumbnail shipping-taxable product-type-simple\" data-loop=\"3\" data-id=\"34539\">\n\t\t\t\t\n\t\n<div class=\"product-wrapper\">\n\t<div class=\"product-element-top wd-quick-shop\">\n\t\t<a href=\"https:\/\/cermepos.com\/fr\/oplossing\/wintec-s500-scalepos\/\" class=\"product-image-link\" tabindex=\"-1\" aria-label=\"Wintec S500 Scalepos\">\n\t\t\t<img decoding=\"async\" width=\"600\" height=\"600\" src=\"https:\/\/cermepos.com\/wp-content\/uploads\/2023\/04\/acs-s500-weegschaal-600x600.png\" class=\"attachment-woodmart_shop_catalog_x2 size-woodmart_shop_catalog_x2\" alt=\"\" srcset=\"https:\/\/cermepos.com\/wp-content\/uploads\/2023\/04\/acs-s500-weegschaal-600x600.png 600w, https:\/\/cermepos.com\/wp-content\/uploads\/2023\/04\/acs-s500-weegschaal-300x300.png 300w, https:\/\/cermepos.com\/wp-content\/uploads\/2023\/04\/acs-s500-weegschaal-1024x1024.png 1024w, https:\/\/cermepos.com\/wp-content\/uploads\/2023\/04\/acs-s500-weegschaal-150x150.png 150w, https:\/\/cermepos.com\/wp-content\/uploads\/2023\/04\/acs-s500-weegschaal-768x768.png 768w, https:\/\/cermepos.com\/wp-content\/uploads\/2023\/04\/acs-s500-weegschaal-1536x1536.png 1536w, https:\/\/cermepos.com\/wp-content\/uploads\/2023\/04\/acs-s500-weegschaal-800x800.png 800w, https:\/\/cermepos.com\/wp-content\/uploads\/2023\/04\/acs-s500-weegschaal-500x500.png 500w, https:\/\/cermepos.com\/wp-content\/uploads\/2023\/04\/acs-s500-weegschaal.png 2048w\" sizes=\"(max-width: 600px) 100vw, 600px\" \/>\t\t<\/a>\n\n\t\t\n\t\t<div class=\"wd-buttons wd-pos-r-t\">\n\t\t\t\t\t\t<div class=\"wd-add-btn wd-action-btn wd-style-icon wd-add-cart-icon\"><\/div>\n\t\t\t\t\t\t\t\t\t\t\t<\/div>\n\t<\/div>\n\n\t<div class=\"product-element-bottom\">\n\t\t<h3 class=\"wd-entities-title\"><a href=\"https:\/\/cermepos.com\/fr\/oplossing\/wintec-s500-scalepos\/\">Wintec S500 Scalepos<\/a><\/h3>\t\t\t\t\t\t\t\t\t\t\n\n\t\t\n\t\t\t\t\n\t\t\t<\/div>\n<\/div>\n<\/div>\n\t\t\n\t\t\t\t<\/div>\n\t\n\t\t\n\t\t\n\t\t\t\t\t<\/div>\n\t\t\n\t\t\n\t\t\t\t\t<\/div>\n\t\t\t\t\t\t\t\t\t<\/div>\n\t\t\t\t\t\t<\/div>\n\t\t\t\t<\/div>\n\t\t\t\t<\/div>\n\t\t\t\t\t<\/div>\n\t\t\t\t<\/div>\n\t\t\t\t<\/div>\n\t\t","protected":false},"excerpt":{"rendered":"<p>Syst\u00e8me POS pour charcuterie Les gourmandises telles que les fromages fins, les chocolats, les truffes et les vins exclusifs sont<\/p>\n","protected":false},"author":1,"featured_media":0,"parent":0,"menu_order":0,"comment_status":"closed","ping_status":"closed","template":"","meta":{"footnotes":""},"class_list":["post-33807","page","type-page","status-publish","hentry"],"brizy_media":[],"_links":{"self":[{"href":"https:\/\/cermepos.com\/fr\/wp-json\/wp\/v2\/pages\/33807","targetHints":{"allow":["GET"]}}],"collection":[{"href":"https:\/\/cermepos.com\/fr\/wp-json\/wp\/v2\/pages"}],"about":[{"href":"https:\/\/cermepos.com\/fr\/wp-json\/wp\/v2\/types\/page"}],"author":[{"embeddable":true,"href":"https:\/\/cermepos.com\/fr\/wp-json\/wp\/v2\/users\/1"}],"replies":[{"embeddable":true,"href":"https:\/\/cermepos.com\/fr\/wp-json\/wp\/v2\/comments?post=33807"}],"version-history":[{"count":3,"href":"https:\/\/cermepos.com\/fr\/wp-json\/wp\/v2\/pages\/33807\/revisions"}],"predecessor-version":[{"id":36332,"href":"https:\/\/cermepos.com\/fr\/wp-json\/wp\/v2\/pages\/33807\/revisions\/36332"}],"wp:attachment":[{"href":"https:\/\/cermepos.com\/fr\/wp-json\/wp\/v2\/media?parent=33807"}],"curies":[{"name":"wp","href":"https:\/\/api.w.org\/{rel}","templated":true}]}}