{"id":33874,"date":"2023-05-08T13:41:03","date_gmt":"2023-05-08T11:41:03","guid":{"rendered":"https:\/\/www.cermepos.com\/logiciel-de-nettoyage-a-sec-cermepos-6-0-solution-pos-puissante-pour-lindustrie-du-nettoyage-a-sec\/"},"modified":"2025-02-04T00:13:05","modified_gmt":"2025-02-03T23:13:05","slug":"logiciel-de-nettoyage-a-sec-cermepos-6-0-solution-pos-puissante-pour-lindustrie-du-nettoyage-a-sec","status":"publish","type":"page","link":"https:\/\/cermepos.com\/fr\/logiciel-de-nettoyage-a-sec-cermepos-6-0-solution-pos-puissante-pour-lindustrie-du-nettoyage-a-sec\/","title":{"rendered":"Logiciel de nettoyage \u00e0 sec &#8211; CermePOS 6.0 Solution POS puissante pour l&#8217;industrie du nettoyage \u00e0 sec"},"content":{"rendered":"\t\t<div data-elementor-type=\"wp-page\" data-elementor-id=\"33874\" class=\"elementor elementor-33874 elementor-29366\">\n\t\t\t\t<div class=\"elementor-element elementor-element-68ebcb0 wd-section-stretch e-flex e-con-boxed e-con e-parent\" data-id=\"68ebcb0\" data-element_type=\"container\" data-e-type=\"container\" data-settings=\"{&quot;background_background&quot;:&quot;video&quot;,&quot;background_video_link&quot;:&quot;https:\\\/\\\/www.cermepos.com\\\/wp-content\\\/uploads\\\/2023\\\/05\\\/stomerij-video.mp4&quot;,&quot;shape_divider_bottom&quot;:&quot;wd_curved_line&quot;}\">\n\t\t\t\t\t<div class=\"e-con-inner\">\n\t\t<div class=\"elementor-background-video-container elementor-hidden-mobile\">\n\t\t\t\t\t\t\t<video class=\"elementor-background-video-hosted\" role=\"presentation\" autoplay muted playsinline loop><\/video>\n\t\t\t\t\t<\/div>\t\t<div class=\"elementor-shape elementor-shape-bottom\" aria-hidden=\"true\" data-negative=\"false\">\n\t\t\t<svg xmlns=\"http:\/\/www.w3.org\/2000\/svg\" class=\"wd-divider\" xmlns:xlink=\"http:\/\/www.w3.org\/1999\/xlink\" x=\"0px\" y=\"0px\"\n\t viewBox=\"0 0 100 100\" width=\"100%\" height=\"50px\" preserveAspectRatio=\"none\">\n<path class=\"elementor-shape-fill\" display=\"none\" d=\"M100,25.8V100H0V52.5c-4.9-6.8-9.5-13.8-15-19.7V101h125V20.9C106.3,22,103,23.7,100,25.8z\"\/>\n<path class=\"elementor-shape-fill\" d=\"M0,0v99c22-20.6,28.7-69.7,61.4-69.7c18.8,0,29.1,16.2,38.6,34V0L0,0z\"\/>\n<\/svg>\n\t\t<\/div>\n\t\t<div class=\"elementor-element elementor-element-ddead5b e-con-full elementor-hidden-tablet elementor-hidden-mobile e-flex e-con e-child\" data-id=\"ddead5b\" data-element_type=\"container\" data-e-type=\"container\">\n\t\t\t\t<\/div>\n\t\t<div class=\"elementor-element elementor-element-9f5dd93 e-con-full e-flex e-con e-child\" data-id=\"9f5dd93\" data-element_type=\"container\" data-e-type=\"container\" data-settings=\"{&quot;background_background&quot;:&quot;video&quot;}\">\n\t\t\t\t<div class=\"elementor-element elementor-element-c7510e6 elementor-widget elementor-widget-elementskit-heading\" data-id=\"c7510e6\" data-element_type=\"widget\" data-e-type=\"widget\" data-widget_type=\"elementskit-heading.default\">\n\t\t\t\t\t<div class=\"ekit-wid-con\" ><div class=\"ekit-heading elementskit-section-title-wraper text_left   ekit_heading_tablet-   ekit_heading_mobile-\">\t\t\t\t<span class='ekit-heading__shadow-text'>\n\t\t\t\t\tCermePOS\t\t\t\t<\/span>\n\t\t\t<h1 class=\"ekit-heading--title elementskit-section-title \">Un logiciel puissant pour les <span><span>Stomerijbranche<\/span><\/h1><\/div><\/div>\t\t\t\t<\/div>\n\t\t\t\t<div class=\"elementor-element elementor-element-1a6e904 elementor-widget elementor-widget-wd_text_block\" data-id=\"1a6e904\" data-element_type=\"widget\" data-e-type=\"widget\" data-widget_type=\"wd_text_block.default\">\n\t\t\t\t<div class=\"elementor-widget-container\">\n\t\t\t\t\t\t\t<div class=\"wd-text-block reset-last-child text-left\">\n\t\t\t\n\t\t\t<h1>Logiciel de nettoyage \u00e0 sec<\/h1><p>Le logiciel de nettoyage \u00e0 sec fonctionne diff\u00e9remment des solutions de point de vente standard pour les magasins. L'apport, la collecte et la livraison des v\u00eatements doivent \u00eatre clairement consign\u00e9s. Gr\u00e2ce \u00e0 un coupon lavable, les articles sont \u00e9tiquet\u00e9s avant le d\u00e9but du traitement. Lorsque le client vient r\u00e9cup\u00e9rer les articles livr\u00e9s, vous voulez savoir o\u00f9 ils se trouvent en un rien de temps. C'est pourquoi les d\u00e9veloppeurs ont mis au point un syst\u00e8me pratique, des codes-barres qu'il suffit de scanner. Ce code-barres est imprim\u00e9 sur le re\u00e7u. Et au moment de l'enl\u00e8vement, le syst\u00e8me de caisse vous avertit si le paiement est en attente.<\/p><p style=\"text-align: center;\"><strong>Votre conseiller PDV se fera un plaisir de vous faire une d\u00e9monstration. <\/strong><\/p><p>Lorem ipsum dolor sit amet, consectetur adipiscing elit. Ut elit tellus, luctus nec ullamcorper mattis, pulvinar dapibus leo.<\/p>\n\t\t\t\t\t<\/div>\n\t\t\t\t\t\t<\/div>\n\t\t\t\t<\/div>\n\t\t\t\t<\/div>\n\t\t\t\t\t<\/div>\n\t\t\t\t<\/div>\n\t\t<div class=\"elementor-element elementor-element-82dedaf wd-section-stretch e-flex e-con-boxed e-con e-parent\" data-id=\"82dedaf\" data-element_type=\"container\" data-e-type=\"container\">\n\t\t\t\t\t<div class=\"e-con-inner\">\n\t\t<div class=\"elementor-element elementor-element-dbd80cf e-con-full e-flex e-con e-child\" data-id=\"dbd80cf\" data-element_type=\"container\" data-e-type=\"container\">\n\t\t\t\t<div class=\"elementor-element elementor-element-2bb6fae elementor-widget elementor-widget-wd_text_block\" data-id=\"2bb6fae\" data-element_type=\"widget\" data-e-type=\"widget\" data-widget_type=\"wd_text_block.default\">\n\t\t\t\t<div class=\"elementor-widget-container\">\n\t\t\t\t\t\t\t<div class=\"wd-text-block reset-last-child text-left\">\n\t\t\t\n\t\t\t<h2>Syst\u00e8me POS pour le nettoyage \u00e0 sec<\/h2><p><span style=\"color: var(--wd-text-color); font-size: 18px;\">Si vous avez des accords sp\u00e9ciaux avec des entreprises, il est bon de savoir que notre syst\u00e8me POS avec logiciel de nettoyage \u00e0 sec peut \u00e9galement livrer sur facture. Les grandes entreprises qui ont de nombreux travaux de nettoyage \u00e0 sec, par exemple celles qui ont des uniformes comme la s\u00e9curit\u00e9, les soins de sant\u00e9 et les transports publics, travaillent souvent avec un syst\u00e8me de points. Ce n'est pas un probl\u00e8me avec CermePOS, vous cr\u00e9ez un client et listez les arrangements sp\u00e9ciaux, les travaux livr\u00e9s sont collect\u00e9s et factur\u00e9s p\u00e9riodiquement. <\/span><\/p><p style=\"text-align: center;\"><b>Votre conseiller PDV se fera un plaisir de vous faire une d\u00e9monstration. <\/b><\/p><p>Lorem ipsum dolor sit amet, consectetur adipiscing elit. Ut elit tellus, luctus nec ullamcorper mattis, pulvinar dapibus leo.<\/p>\n\t\t\t\t\t<\/div>\n\t\t\t\t\t\t<\/div>\n\t\t\t\t<\/div>\n\t\t\t\t<\/div>\n\t\t<div class=\"elementor-element elementor-element-e3c7116 e-con-full e-flex e-con e-child\" data-id=\"e3c7116\" data-element_type=\"container\" data-e-type=\"container\">\n\t\t\t\t<div class=\"elementor-element elementor-element-b50e80f elementor-widget elementor-widget-wd_text_block\" data-id=\"b50e80f\" data-element_type=\"widget\" data-e-type=\"widget\" data-widget_type=\"wd_text_block.default\">\n\t\t\t\t<div class=\"elementor-widget-container\">\n\t\t\t\t\t\t\t<div class=\"wd-text-block reset-last-child text-left\">\n\t\t\t\n\t\t\t<h3>Nettoyage \u00e0 sec Logiciel - Livraison et collecte<\/h3><p>Si le client apporte des articles, vous pouvez pr\u00e9ciser dans le logiciel de nettoyage \u00e0 sec si l'article est compos\u00e9 de plusieurs parties, un costume trois pi\u00e8ces par exemple. Mais que dire du commentaire \"nettoyez \u00e0 vos risques et p\u00e9rils\". Parfois, il y a une tache ou l'objet est dans un \u00e9tat tel que vous ne pouvez pas garantir que le processus de nettoyage le rendra propre et entier. En appuyant sur un bouton, le logiciel de nettoyage \u00e0 sec vous permet d'indiquer, pour chaque article, s'il s'agit d'une op\u00e9ration sp\u00e9ciale. De cette mani\u00e8re, les accords sont clairs pour tout le monde.<\/p><p>Lorem ipsum dolor sit amet, consectetur adipiscing elit. Ut elit tellus, luctus nec ullamcorper mattis, pulvinar dapibus leo.<\/p>\n\t\t\t\t\t<\/div>\n\t\t\t\t\t\t<\/div>\n\t\t\t\t<\/div>\n\t\t\t\t<\/div>\n\t\t\t\t\t<\/div>\n\t\t\t\t<\/div>\n\t\t<div class=\"wd-negative-gap elementor-element elementor-element-a14853a e-flex e-con-boxed e-con e-parent\" data-id=\"a14853a\" data-element_type=\"container\" data-e-type=\"container\">\n\t\t\t\t\t<div class=\"e-con-inner\">\n\t\t\t\t<div class=\"elementor-element elementor-element-2bc2fbb elementor-widget elementor-widget-wd_text_block\" data-id=\"2bc2fbb\" data-element_type=\"widget\" data-e-type=\"widget\" data-widget_type=\"wd_text_block.default\">\n\t\t\t\t<div class=\"elementor-widget-container\">\n\t\t\t\t\t\t\t<div class=\"wd-text-block reset-last-child text-left\">\n\t\t\t\n\t\t\t<h4><strong>Nettoyage \u00e0 sec Bonprinter<\/strong><\/h4><p><img decoding=\"async\" class=\" wd-lazy-fade size-medium wp-image-31751 alignleft\" src=\"https:\/\/cermepos.com\/wp-content\/themes\/woodmart\/images\/lazy.svg\" data-src=\"https:\/\/www.cermepos.com\/wp-content\/uploads\/2023\/06\/Epson-Wasbare-Bonprinter-300x290.png\" alt=\"Logiciel de nettoyage \u00e0 sec - Imprimante de re\u00e7us lavables\" width=\"300\" height=\"290\" srcset=\"\" data-srcset=\"https:\/\/cermepos.com\/wp-content\/uploads\/2023\/06\/Epson-Wasbare-Bonprinter-300x290.png 300w, https:\/\/cermepos.com\/wp-content\/uploads\/2023\/06\/Epson-Wasbare-Bonprinter-20x20.png 20w, https:\/\/cermepos.com\/wp-content\/uploads\/2023\/06\/Epson-Wasbare-Bonprinter-150x145.png 150w, https:\/\/cermepos.com\/wp-content\/uploads\/2023\/06\/Epson-Wasbare-Bonprinter.png 605w\" sizes=\"(max-width: 300px) 100vw, 300px\" \/><\/p><p>Les articles \u00e0 traiter sont munis d'un coupon lavable, qui r\u00e9siste \u00e0 l'humidit\u00e9 et \u00e0 d'autres proc\u00e9d\u00e9s de nettoyage. Si vous utilisez un pistolet \u00e0 code-barres, un balayage suffit pour afficher toutes les informations relatives \u00e0 l'article sur l'\u00e9cran de votre syst\u00e8me POS.&nbsp;Si vous avez un article compos\u00e9 de plusieurs pi\u00e8ces, par exemple un costume trois pi\u00e8ces, l'imprimante imprimera automatiquement trois re\u00e7us, de sorte que vous ne perdrez jamais rien.<\/p>\n\t\t\t\t\t<\/div>\n\t\t\t\t\t\t<\/div>\n\t\t\t\t<\/div>\n\t\t\t\t\t<\/div>\n\t\t\t\t<\/div>\n\t\t\t\t<\/div>\n\t\t","protected":false},"excerpt":{"rendered":"<p>CermePOS Un logiciel puissant pour les Stomerijbranche Logiciel de nettoyage \u00e0 sec Le logiciel de nettoyage \u00e0 sec fonctionne diff\u00e9remment<\/p>\n","protected":false},"author":1,"featured_media":0,"parent":0,"menu_order":0,"comment_status":"closed","ping_status":"closed","template":"","meta":{"footnotes":""},"class_list":["post-33874","page","type-page","status-publish","hentry"],"brizy_media":[],"_links":{"self":[{"href":"https:\/\/cermepos.com\/fr\/wp-json\/wp\/v2\/pages\/33874","targetHints":{"allow":["GET"]}}],"collection":[{"href":"https:\/\/cermepos.com\/fr\/wp-json\/wp\/v2\/pages"}],"about":[{"href":"https:\/\/cermepos.com\/fr\/wp-json\/wp\/v2\/types\/page"}],"author":[{"embeddable":true,"href":"https:\/\/cermepos.com\/fr\/wp-json\/wp\/v2\/users\/1"}],"replies":[{"embeddable":true,"href":"https:\/\/cermepos.com\/fr\/wp-json\/wp\/v2\/comments?post=33874"}],"version-history":[{"count":3,"href":"https:\/\/cermepos.com\/fr\/wp-json\/wp\/v2\/pages\/33874\/revisions"}],"predecessor-version":[{"id":36353,"href":"https:\/\/cermepos.com\/fr\/wp-json\/wp\/v2\/pages\/33874\/revisions\/36353"}],"wp:attachment":[{"href":"https:\/\/cermepos.com\/fr\/wp-json\/wp\/v2\/media?parent=33874"}],"curies":[{"name":"wp","href":"https:\/\/api.w.org\/{rel}","templated":true}]}}