{"id":33902,"date":"2019-05-21T00:45:55","date_gmt":"2019-05-20T22:45:55","guid":{"rendered":"https:\/\/www.cermepos.com\/solutions\/"},"modified":"2023-06-26T16:18:50","modified_gmt":"2023-06-26T14:18:50","slug":"solutions","status":"publish","type":"page","link":"https:\/\/cermepos.com\/fr\/solutions\/","title":{"rendered":"Meilleur syst\u00e8me de point de vente"},"content":{"rendered":"\t\t<div data-elementor-type=\"wp-post\" data-elementor-id=\"33902\" class=\"elementor elementor-33902 elementor-12876\">\n\t\t\t\t<div class=\"elementor-element elementor-element-d7518a1 wd-section-stretch e-flex e-con-boxed e-con e-parent\" data-id=\"d7518a1\" data-element_type=\"container\" data-settings=\"{&quot;background_background&quot;:&quot;classic&quot;,&quot;shape_divider_bottom&quot;:&quot;triangle-asymmetrical&quot;}\">\n\t\t\t\t\t<div class=\"e-con-inner\">\n\t\t\t\t<div class=\"elementor-shape elementor-shape-bottom\" aria-hidden=\"true\" data-negative=\"false\">\n\t\t\t<svg xmlns=\"http:\/\/www.w3.org\/2000\/svg\" viewBox=\"0 0 1000 100\" preserveAspectRatio=\"none\">\n\t<path class=\"elementor-shape-fill\" d=\"M738,99l262-93V0H0v5.6L738,99z\"\/>\n<\/svg>\t\t<\/div>\n\t\t<div class=\"elementor-element elementor-element-1b274b3 e-con-full e-flex e-con e-parent\" data-id=\"1b274b3\" data-element_type=\"container\">\n\t\t\t\t<div class=\"elementor-element elementor-element-119bd5d elementor-widget elementor-widget-elementskit-heading\" data-id=\"119bd5d\" data-element_type=\"widget\" data-widget_type=\"elementskit-heading.default\">\n\t\t\t\t\t<div class=\"ekit-wid-con\" ><div class=\"ekit-heading elementskit-section-title-wraper text_center   ekit_heading_tablet-   ekit_heading_mobile-\">\t\t\t\t<span class='ekit-heading__shadow-text'>\n\t\t\t\t\tCermePOS\t\t\t\t<\/span>\n\t\t\t<h1 class=\"ekit-heading--title elementskit-section-title \"><span><span>Winkelautomatisering<\/span><\/span><\/h1><\/div><\/div>\t\t\t\t<\/div>\n\t\t\t\t<div class=\"elementor-element elementor-element-3eeddff color-scheme-inherit text-left elementor-widget elementor-widget-text-editor\" data-id=\"3eeddff\" data-element_type=\"widget\" data-widget_type=\"text-editor.default\">\n\t\t\t\t\t\t\t\t\t<p>Un syst\u00e8me de pointe qui permet \u00e0 votre entreprise de passer \u00e0 la vitesse sup\u00e9rieure. Vous avez toujours une longueur d&#8217;avance sur la concurrence. Avec CermePOS, vous g\u00e9rez votre magasin, votre stock, vos achats et vos ventes. Des rapports clairs vous indiquent o\u00f9 les ventes et\/ou les b\u00e9n\u00e9fices peuvent \u00eatre augment\u00e9s.<\/p>\n\t\t\t\t\t\t\t\t<\/div>\n\t\t\t\t<\/div>\n\t\t<div class=\"elementor-element elementor-element-88d45b3 elementor-hidden-phone e-con-full e-flex e-con e-parent\" data-id=\"88d45b3\" data-element_type=\"container\">\n\t\t\t\t<\/div>\n\t\t\t\t\t<\/div>\n\t\t\t\t<\/div>\n\t\t<div class=\"wd-negative-gap elementor-element elementor-element-2ffab40 wd-section-stretch e-flex e-con-boxed e-con e-parent\" data-id=\"2ffab40\" data-element_type=\"container\" data-settings=\"{&quot;background_background&quot;:&quot;classic&quot;}\">\n\t\t\t\t\t<div class=\"e-con-inner\">\n\t\t\t\t<div class=\"elementor-element elementor-element-2137ae4 color-scheme-inherit text-left elementor-widget elementor-widget-text-editor\" data-id=\"2137ae4\" data-element_type=\"widget\" data-widget_type=\"text-editor.default\">\n\t\t\t\t\t\t\t\t\t<p>  Facile \u00e0 utiliser, votre personnel peut commencer \u00e0 s&#8217;en servir presque imm\u00e9diatement, sans connaissances pr\u00e9alables en informatique. CermePOS est connu pour sa simplicit\u00e9, sa pr\u00e9cision et sa rapidit\u00e9 : indispensable pour une gestion professionnelle de votre entreprise.<\/p>\n<p>  Il fonctionne avec un code-barres, ce qui \u00e9vite les erreurs lors de la saisie d&#8217;un prix. Il garantit la rapidit\u00e9 du passage \u00e0 la caisse. A tout moment de la journ\u00e9e, vous avez une vue d&#8217;ensemble du chiffre d&#8217;affaires et du montant exact qui devrait se trouver dans la caisse. Moins de risques de fraude et des services am\u00e9lior\u00e9s !<\/p>\n<p>  CermePOS est certifi\u00e9 par l&#8217;Institut n\u00e9erlandais des mesures et dispose donc d&#8217;un num\u00e9ro d&#8217;approbation, les balances int\u00e9gr\u00e9es peuvent \u00eatre directement coupl\u00e9es.<\/p>\n\t\t\t\t\t\t\t\t<\/div>\n\t\t\t\t\t<\/div>\n\t\t\t\t<\/div>\n\t\t<div class=\"elementor-element elementor-element-c47734d wd-section-stretch e-flex e-con-boxed e-con e-parent\" data-id=\"c47734d\" data-element_type=\"container\" data-settings=\"{&quot;background_background&quot;:&quot;classic&quot;,&quot;shape_divider_top&quot;:&quot;triangle-asymmetrical&quot;,&quot;shape_divider_bottom&quot;:&quot;triangle-asymmetrical&quot;}\">\n\t\t\t\t\t<div class=\"e-con-inner\">\n\t\t\t\t<div class=\"elementor-shape elementor-shape-top\" aria-hidden=\"true\" data-negative=\"false\">\n\t\t\t<svg xmlns=\"http:\/\/www.w3.org\/2000\/svg\" viewBox=\"0 0 1000 100\" preserveAspectRatio=\"none\">\n\t<path class=\"elementor-shape-fill\" d=\"M738,99l262-93V0H0v5.6L738,99z\"\/>\n<\/svg>\t\t<\/div>\n\t\t\t\t<div class=\"elementor-shape elementor-shape-bottom\" aria-hidden=\"true\" data-negative=\"false\">\n\t\t\t<svg xmlns=\"http:\/\/www.w3.org\/2000\/svg\" viewBox=\"0 0 1000 100\" preserveAspectRatio=\"none\">\n\t<path class=\"elementor-shape-fill\" d=\"M738,99l262-93V0H0v5.6L738,99z\"\/>\n<\/svg>\t\t<\/div>\n\t\t<div class=\"elementor-element elementor-element-1168b6d e-con-full e-flex e-con e-parent\" data-id=\"1168b6d\" data-element_type=\"container\">\n\t\t\t\t<div class=\"elementor-element elementor-element-7bda04a elementor-widget elementor-widget-wd_image_or_svg\" data-id=\"7bda04a\" data-element_type=\"widget\" data-widget_type=\"wd_image_or_svg.default\">\n\t\t\t\t<div class=\"elementor-widget-container\">\n\t\t\t\t\t\n\t\t<div class=\"wd-image text-center\">\n\t\t\t\t\t\t\t\t<img decoding=\"async\" width=\"800\" height=\"341\" src=\"https:\/\/cermepos.com\/wp-content\/uploads\/2023\/05\/1111-2-800x341.png\" class=\"attachment-woocommerce_single size-woocommerce_single\" alt=\"\" srcset=\"https:\/\/cermepos.com\/wp-content\/uploads\/2023\/05\/1111-2-800x341.png 800w, https:\/\/cermepos.com\/wp-content\/uploads\/2023\/05\/1111-2-300x128.png 300w, https:\/\/cermepos.com\/wp-content\/uploads\/2023\/05\/1111-2-1024x436.png 1024w, https:\/\/cermepos.com\/wp-content\/uploads\/2023\/05\/1111-2-768x327.png 768w, https:\/\/cermepos.com\/wp-content\/uploads\/2023\/05\/1111-2-1536x654.png 1536w, https:\/\/cermepos.com\/wp-content\/uploads\/2023\/05\/1111-2-2048x872.png 2048w, https:\/\/cermepos.com\/wp-content\/uploads\/2023\/05\/1111-2-20x9.png 20w, https:\/\/cermepos.com\/wp-content\/uploads\/2023\/05\/1111-2-150x64.png 150w\" sizes=\"(max-width: 800px) 100vw, 800px\" \/>\t\t\t\t\t<\/div>\n\n\t\t\t\t\t\t<\/div>\n\t\t\t\t<\/div>\n\t\t\t\t<\/div>\n\t\t<div class=\"elementor-element elementor-element-1051b03 e-con-full e-flex e-con e-parent\" data-id=\"1051b03\" data-element_type=\"container\">\n\t\t\t\t<\/div>\n\t\t\t\t\t<\/div>\n\t\t\t\t<\/div>\n\t\t\t\t<section class=\"elementor-section elementor-top-section elementor-element elementor-element-60e6376 elementor-section-content-middle elementor-section-stretched elementor-section-boxed elementor-section-height-default elementor-section-height-default\" data-id=\"60e6376\" data-element_type=\"section\" data-settings=\"{&quot;stretch_section&quot;:&quot;section-stretched&quot;,&quot;background_background&quot;:&quot;classic&quot;,&quot;shape_divider_top&quot;:&quot;triangle-asymmetrical&quot;,&quot;shape_divider_bottom&quot;:&quot;triangle-asymmetrical&quot;}\">\n\t\t\t\t\t<div class=\"elementor-shape elementor-shape-top\" aria-hidden=\"true\" data-negative=\"false\">\n\t\t\t<svg xmlns=\"http:\/\/www.w3.org\/2000\/svg\" viewBox=\"0 0 1000 100\" preserveAspectRatio=\"none\">\n\t<path class=\"elementor-shape-fill\" d=\"M738,99l262-93V0H0v5.6L738,99z\"\/>\n<\/svg>\t\t<\/div>\n\t\t\t\t<div class=\"elementor-shape elementor-shape-bottom\" aria-hidden=\"true\" data-negative=\"false\">\n\t\t\t<svg xmlns=\"http:\/\/www.w3.org\/2000\/svg\" viewBox=\"0 0 1000 100\" preserveAspectRatio=\"none\">\n\t<path class=\"elementor-shape-fill\" d=\"M738,99l262-93V0H0v5.6L738,99z\"\/>\n<\/svg>\t\t<\/div>\n\t\t\t\t\t<div class=\"elementor-container elementor-column-gap-extended\">\n\t\t\t\t\t<div class=\"elementor-column elementor-col-100 elementor-top-column elementor-element elementor-element-2cf700e\" data-id=\"2cf700e\" data-element_type=\"column\">\n\t\t\t<div class=\"elementor-widget-wrap elementor-element-populated\">\n\t\t\t\t\t\t\t<\/div>\n\t\t<\/div>\n\t\t\t\t\t<\/div>\n\t\t<\/section>\n\t\t\t\t<section class=\"elementor-section elementor-top-section elementor-element elementor-element-8299354 elementor-section-content-middle elementor-section-boxed elementor-section-height-default elementor-section-height-default\" data-id=\"8299354\" data-element_type=\"section\">\n\t\t\t\t\t\t<div class=\"elementor-container elementor-column-gap-extended\">\n\t\t\t\t\t<div class=\"elementor-column elementor-col-50 elementor-top-column elementor-element elementor-element-1286aba\" data-id=\"1286aba\" data-element_type=\"column\">\n\t\t\t<div class=\"elementor-widget-wrap\">\n\t\t\t\t\t\t\t<\/div>\n\t\t<\/div>\n\t\t\t\t<div class=\"elementor-column elementor-col-50 elementor-top-column elementor-element elementor-element-fd38207\" data-id=\"fd38207\" data-element_type=\"column\">\n\t\t\t<div class=\"elementor-widget-wrap elementor-element-populated\">\n\t\t\t\t\t\t\t<\/div>\n\t\t<\/div>\n\t\t\t\t\t<\/div>\n\t\t<\/section>\n\t\t\t\t<\/div>\n\t\t","protected":false},"excerpt":{"rendered":"<p>CermePOS Winkelautomatisering Un syst\u00e8me de pointe qui permet \u00e0 votre entreprise de passer \u00e0 la vitesse sup\u00e9rieure. Vous avez toujours<\/p>\n","protected":false},"author":1,"featured_media":0,"parent":0,"menu_order":0,"comment_status":"closed","ping_status":"closed","template":"elementor_theme","meta":{"footnotes":""},"class_list":["post-33902","page","type-page","status-publish","hentry"],"brizy_media":[],"_links":{"self":[{"href":"https:\/\/cermepos.com\/fr\/wp-json\/wp\/v2\/pages\/33902","targetHints":{"allow":["GET"]}}],"collection":[{"href":"https:\/\/cermepos.com\/fr\/wp-json\/wp\/v2\/pages"}],"about":[{"href":"https:\/\/cermepos.com\/fr\/wp-json\/wp\/v2\/types\/page"}],"author":[{"embeddable":true,"href":"https:\/\/cermepos.com\/fr\/wp-json\/wp\/v2\/users\/1"}],"replies":[{"embeddable":true,"href":"https:\/\/cermepos.com\/fr\/wp-json\/wp\/v2\/comments?post=33902"}],"version-history":[{"count":0,"href":"https:\/\/cermepos.com\/fr\/wp-json\/wp\/v2\/pages\/33902\/revisions"}],"wp:attachment":[{"href":"https:\/\/cermepos.com\/fr\/wp-json\/wp\/v2\/media?parent=33902"}],"curies":[{"name":"wp","href":"https:\/\/api.w.org\/{rel}","templated":true}]}}