{"id":33914,"date":"2019-05-20T23:29:58","date_gmt":"2019-05-20T21:29:58","guid":{"rendered":"https:\/\/www.cermepos.com\/a-propos-de-nous\/"},"modified":"2025-02-04T00:53:47","modified_gmt":"2025-02-03T23:53:47","slug":"a-propos-de-nous","status":"publish","type":"page","link":"https:\/\/cermepos.com\/fr\/a-propos-de-nous\/","title":{"rendered":"A propos de nous"},"content":{"rendered":"\t\t<div data-elementor-type=\"wp-post\" data-elementor-id=\"33914\" class=\"elementor elementor-33914 elementor-12817\">\n\t\t\t\t<div class=\"elementor-element elementor-element-d30fbe9 wd-section-stretch e-flex e-con-boxed e-con e-parent\" data-id=\"d30fbe9\" data-element_type=\"container\" data-settings=\"{&quot;background_background&quot;:&quot;classic&quot;,&quot;shape_divider_bottom&quot;:&quot;triangle-asymmetrical&quot;}\">\n\t\t\t\t\t<div class=\"e-con-inner\">\n\t\t\t\t<div class=\"elementor-shape elementor-shape-bottom\" aria-hidden=\"true\" data-negative=\"false\">\n\t\t\t<svg xmlns=\"http:\/\/www.w3.org\/2000\/svg\" viewBox=\"0 0 1000 100\" preserveAspectRatio=\"none\">\n\t<path class=\"elementor-shape-fill\" d=\"M738,99l262-93V0H0v5.6L738,99z\"\/>\n<\/svg>\t\t<\/div>\n\t\t<div class=\"elementor-element elementor-element-7ecbcfa e-con-full e-flex e-con e-child\" data-id=\"7ecbcfa\" data-element_type=\"container\">\n\t\t\t\t<div class=\"elementor-element elementor-element-fc9fcea wd-width-100 elementor-widget elementor-widget-wd_title\" data-id=\"fc9fcea\" data-element_type=\"widget\" data-widget_type=\"wd_title.default\">\n\t\t\t\t<div class=\"elementor-widget-container\">\n\t\t\t\t\t\t\t<div class=\"title-wrapper wd-set-mb reset-last-child wd-title-color-white wd-title-style-underlined wd-title-size-default text-center\">\n\n\t\t\t\t\t\t\t\t\t\t\t<div class=\"title-subtitle subtitle-color-white subtitle-style-background wd-fontsize-xs\">\n\t\t\t\t\tQUI SOMMES-NOUS ?\t\t\t\t<\/div>\n\t\t\t\n\t\t\t<div class=\"liner-continer\">\n\t\t\t\t<h4 class=\"woodmart-title-container title wd-fontsize-l\">D\u00e9veloppeurs inspir\u00e9s dans un march\u00e9 de points de vente<\/h4> \n\t\t\t\t\t\t\t<\/div>\n\n\t\t\t\t\t<\/div>\n\t\t\t\t\t\t<\/div>\n\t\t\t\t<\/div>\n\t\t\t\t<div class=\"elementor-element elementor-element-95f46eb elementor-widget elementor-widget-wd_text_block\" data-id=\"95f46eb\" data-element_type=\"widget\" data-widget_type=\"wd_text_block.default\">\n\t\t\t\t<div class=\"elementor-widget-container\">\n\t\t\t\t\t\t\t<div class=\"wd-text-block reset-last-child text-left\">\n\t\t\t\n\t\t\t<p style=\"font-style: normal; font-variant-ligatures: normal; font-variant-caps: normal; font-weight: 300; font-family: Jost, Arial, Helvetica, sans-serif; font-size: 18px; color: rgba(255, 255, 255, 0.8); text-align: justify; white-space-collapse: collapse;\">Cerme ICT Bv vous offre la libert\u00e9 de relever avec succ\u00e8s les d\u00e9fis et les opportunit\u00e9s qui se pr\u00e9sentent \u00e0 vous, tout en cr\u00e9ant de la valeur pour vos clients et pour vous-m\u00eame. Notre syst\u00e8me POS POS convient \u00e0 divers secteurs dans le domaine de la vente au d\u00e9tail, du commerce de gros, de l'h\u00f4tellerie, des soins de sant\u00e9 et de l'\u00e9v\u00e9nementiel.<\/p><p style=\"font-style: normal; font-variant-ligatures: normal; font-variant-caps: normal; font-weight: 300; font-family: Jost, Arial, Helvetica, sans-serif; font-size: 18px; color: rgba(255, 255, 255, 0.8); text-align: justify; white-space-collapse: collapse;\">Avec plus de 20 ans d'exp\u00e9rience, Cerme ICT est devenu un partenaire POS professionnel. Nous croyons au partage de nos connaissances et de notre expertise pour vous rendre plus forts. De la start-up \u00e0 l'entreprise \u00e9tablie, Cerme est pr\u00eat \u00e0 vous soutenir.<\/p>\n\t\t\t\t\t<\/div>\n\t\t\t\t\t\t<\/div>\n\t\t\t\t<\/div>\n\t\t\t\t<\/div>\n\t\t<div class=\"elementor-element elementor-element-832422b e-con-full e-flex e-con e-child\" data-id=\"832422b\" data-element_type=\"container\">\n\t\t\t\t<div class=\"elementor-element elementor-element-464f8bf elementor-widget elementor-widget-wd_text_block\" data-id=\"464f8bf\" data-element_type=\"widget\" data-widget_type=\"wd_text_block.default\">\n\t\t\t\t<div class=\"elementor-widget-container\">\n\t\t\t\t\t\t\t<div class=\"wd-text-block reset-last-child text-left color-scheme-light\">\n\t\t\t\n\t\t\t<p><strong>Histoire, les origines de Cerme ICT Bv<\/strong><\/p><p>En 1999, trois amis, qui se connaissent depuis leurs \u00e9tudes \u00e0 l'universit\u00e9 technique de Delft, envisagent de cr\u00e9er leur propre entreprise. Apr\u00e8s avoir travaill\u00e9 pour KPN Research, ING et Qwest, le choix s'est port\u00e9 sur le secteur de la consultance informatique. Entre-temps, des amis et des connaissances poss\u00e9dant des magasins leur demandaient une assistance technique, l'un d'entre eux ayant besoin d'un syst\u00e8me pour mieux g\u00e9rer son magasin et son commerce de gros.<\/p><p><strong>Florin en euro<\/strong><\/p><p>Pendant ce temps, l'Europe se pr\u00e9pare \u00e0 l'unit\u00e9 mon\u00e9taire. Le d\u00e9taillant a d\u00fb temporairement compter avec deux monnaies. Pour y parvenir, ils ont plus souvent fait appel aux amis de Cerme ICT. Un et un font deux ont pens\u00e9 les anciens camarades de classe et c'est ainsi qu'est n\u00e9e la premi\u00e8re application de shopping appel\u00e9e : CermePOS.<\/p>\n\t\t\t\t\t<\/div>\n\t\t\t\t\t\t<\/div>\n\t\t\t\t<\/div>\n\t\t\t\t<\/div>\n\t\t\t\t\t<\/div>\n\t\t\t\t<\/div>\n\t\t<div class=\"wd-negative-gap elementor-element elementor-element-78c2de6 e-flex e-con-boxed e-con e-parent\" data-id=\"78c2de6\" data-element_type=\"container\">\n\t\t\t\t\t<div class=\"e-con-inner\">\n\t\t\t\t<div class=\"elementor-element elementor-element-a909ac2 elementor-widget elementor-widget-wd_text_block\" data-id=\"a909ac2\" data-element_type=\"widget\" data-widget_type=\"wd_text_block.default\">\n\t\t\t\t<div class=\"elementor-widget-container\">\n\t\t\t\t\t\t\t<div class=\"wd-text-block reset-last-child text-left\">\n\t\t\t\n\t\t\t<p><strong>Pendant ce temps<br \/><\/strong>, nous sommes maintenant en 2023 et CermePOS a connu une croissance consid\u00e9rable, la version est maintenant 6.0 et de nombreux modules pour diff\u00e9rentes industries sont un fait. En attendant, il y a 15 ETP et de nombreux nouveaux services avec des solutions cloud seront d\u00e9ploy\u00e9s dans l'ann\u00e9e \u00e0 venir.<\/p><p><strong>Gestion quotidienne<\/strong><\/p><p>Deux des fondateurs ont \u00e9t\u00e9 rel\u00e9gu\u00e9s \u00e0 l'arri\u00e8re-plan dans un r\u00f4le de conseiller. La gestion quotidienne est confi\u00e9e \u00e0 M. Newzat \u00d6nal.<\/p>\n\t\t\t\t\t<\/div>\n\t\t\t\t\t\t<\/div>\n\t\t\t\t<\/div>\n\t\t\t\t<div class=\"elementor-element elementor-element-fc04253 elementor-widget elementor-widget-wd_text_block\" data-id=\"fc04253\" data-element_type=\"widget\" data-widget_type=\"wd_text_block.default\">\n\t\t\t\t<div class=\"elementor-widget-container\">\n\t\t\t\t\t\t\t<div class=\"wd-text-block reset-last-child text-left\">\n\t\t\t\n\t\t\t<p><strong>Qui est Newzat ?<\/strong><\/p><p>Un p\u00e8re de famille dans l'\u00e2me. Avec sa femme, il a trois enfants. Newzat : \"Comme passe-temps, je joue au football et j'aime sortir avec ma famille. C'est parfois un peu difficile, parce que le personnel est aussi une sorte de famille, mais j'aime \u00e7a et j'ai confiance en l'avenir.<\/p>\n\t\t\t\t\t<\/div>\n\t\t\t\t\t\t<\/div>\n\t\t\t\t<\/div>\n\t\t\t\t\t<\/div>\n\t\t\t\t<\/div>\n\t\t<div class=\"elementor-element elementor-element-66f70f8 wd-section-stretch elementor-hidden-desktop elementor-hidden-tablet elementor-hidden-mobile e-flex e-con-boxed e-con e-parent\" data-id=\"66f70f8\" data-element_type=\"container\" data-settings=\"{&quot;background_background&quot;:&quot;classic&quot;,&quot;shape_divider_top&quot;:&quot;triangle-asymmetrical&quot;,&quot;shape_divider_bottom&quot;:&quot;opacity-tilt&quot;}\">\n\t\t\t\t\t<div class=\"e-con-inner\">\n\t\t\t\t<div class=\"elementor-shape elementor-shape-top\" aria-hidden=\"true\" data-negative=\"false\">\n\t\t\t<svg xmlns=\"http:\/\/www.w3.org\/2000\/svg\" viewBox=\"0 0 1000 100\" preserveAspectRatio=\"none\">\n\t<path class=\"elementor-shape-fill\" d=\"M738,99l262-93V0H0v5.6L738,99z\"\/>\n<\/svg>\t\t<\/div>\n\t\t\t\t<div class=\"elementor-shape elementor-shape-bottom\" aria-hidden=\"true\" data-negative=\"false\">\n\t\t\t<svg xmlns=\"http:\/\/www.w3.org\/2000\/svg\" viewBox=\"0 0 2600 131.1\" preserveAspectRatio=\"none\">\n\t<path class=\"elementor-shape-fill\" d=\"M0 0L2600 0 2600 69.1 0 0z\"\/>\n\t<path class=\"elementor-shape-fill\" style=\"opacity:0.5\" d=\"M0 0L2600 0 2600 69.1 0 69.1z\"\/>\n\t<path class=\"elementor-shape-fill\" style=\"opacity:0.25\" d=\"M2600 0L0 0 0 130.1 2600 69.1z\"\/>\n<\/svg>\t\t<\/div>\n\t\t<div class=\"elementor-element elementor-element-604e1e5 e-con-full e-flex e-con e-child\" data-id=\"604e1e5\" data-element_type=\"container\">\n\t\t\t\t<\/div>\n\t\t<div class=\"elementor-element elementor-element-8a964ee e-con-full e-flex e-con e-child\" data-id=\"8a964ee\" data-element_type=\"container\">\n\t\t\t\t<div class=\"elementor-element elementor-element-caeb382 wd-width-100 elementor-widget elementor-widget-wd_title\" data-id=\"caeb382\" data-element_type=\"widget\" data-widget_type=\"wd_title.default\">\n\t\t\t\t<div class=\"elementor-widget-container\">\n\t\t\t\t\t\t\t<div class=\"title-wrapper wd-set-mb reset-last-child wd-title-color-white wd-title-style-underlined wd-title-size-default text-center\">\n\n\t\t\t\t\t\t\t\t\t\t\t<div class=\"title-subtitle subtitle-color-white subtitle-style-background wd-fontsize-xs\">\n\t\t\t\t\tCLIENT ET SATISFACTION EN CHIFFRES\t\t\t\t<\/div>\n\t\t\t\n\t\t\t<div class=\"liner-continer\">\n\t\t\t\t<h4 class=\"woodmart-title-container title wd-fontsize-l\"><\/h4> \n\t\t\t\t\t\t\t<\/div>\n\n\t\t\t\t\t<\/div>\n\t\t\t\t\t\t<\/div>\n\t\t\t\t<\/div>\n\t\t\t\t<div class=\"elementor-element elementor-element-9dc879b animated-fast color-scheme-light text-left elementor-invisible elementor-widget elementor-widget-text-editor\" data-id=\"9dc879b\" data-element_type=\"widget\" data-settings=\"{&quot;_animation&quot;:&quot;fadeInUp&quot;}\" data-widget_type=\"text-editor.default\">\n\t\t\t\t\t\t\t\t\t<p style=\"text-align: left;\">Notre service de d\u00e9veloppement, dont les programmeurs sont employ\u00e9s par Cerme, est p\u00e9riodiquement \u00e9valu\u00e9 par les utilisateurs de CermePOS.<\/p>\n\t\t\t\t\t\t\t\t<\/div>\n\t\t\t\t<div class=\"elementor-element elementor-element-87a4dba elementor-widget elementor-widget-progress\" data-id=\"87a4dba\" data-element_type=\"widget\" data-widget_type=\"progress.default\">\n\t\t\t\t\t\t\t\t<span class=\"elementor-title\" id=\"elementor-progress-bar-87a4dba\">\n\t\t\t\tBoutique en ligne\t\t\t<\/span>\n\t\t\n\t\t<div aria-labelledby=\"elementor-progress-bar-87a4dba\" class=\"elementor-progress-wrapper\" role=\"progressbar\" aria-valuemin=\"0\" aria-valuemax=\"100\" aria-valuenow=\"95\">\n\t\t\t<div class=\"elementor-progress-bar\" data-max=\"95\">\n\t\t\t\t<span class=\"elementor-progress-text\"><\/span>\n\t\t\t\t\t\t\t\t\t<span class=\"elementor-progress-percentage\">95%<\/span>\n\t\t\t\t\t\t\t<\/div>\n\t\t<\/div>\n\t\t\t\t\t\t<\/div>\n\t\t\t\t<div class=\"elementor-element elementor-element-e162e9f elementor-widget elementor-widget-progress\" data-id=\"e162e9f\" data-element_type=\"widget\" data-widget_type=\"progress.default\">\n\t\t\t\t\t\t\t\t<span class=\"elementor-title\" id=\"elementor-progress-bar-e162e9f\">\n\t\t\t\tVente au d\u00e9tail\t\t\t<\/span>\n\t\t\n\t\t<div aria-labelledby=\"elementor-progress-bar-e162e9f\" class=\"elementor-progress-wrapper\" role=\"progressbar\" aria-valuemin=\"0\" aria-valuemax=\"100\" aria-valuenow=\"95\">\n\t\t\t<div class=\"elementor-progress-bar\" data-max=\"95\">\n\t\t\t\t<span class=\"elementor-progress-text\"><\/span>\n\t\t\t\t\t\t\t\t\t<span class=\"elementor-progress-percentage\">95%<\/span>\n\t\t\t\t\t\t\t<\/div>\n\t\t<\/div>\n\t\t\t\t\t\t<\/div>\n\t\t\t\t<div class=\"elementor-element elementor-element-4e90a85 elementor-widget elementor-widget-progress\" data-id=\"4e90a85\" data-element_type=\"widget\" data-widget_type=\"progress.default\">\n\t\t\t\t\t\t\t\t<span class=\"elementor-title\" id=\"elementor-progress-bar-4e90a85\">\n\t\t\t\tCommerce\t\t\t<\/span>\n\t\t\n\t\t<div aria-labelledby=\"elementor-progress-bar-4e90a85\" class=\"elementor-progress-wrapper\" role=\"progressbar\" aria-valuemin=\"0\" aria-valuemax=\"100\" aria-valuenow=\"90\">\n\t\t\t<div class=\"elementor-progress-bar\" data-max=\"90\">\n\t\t\t\t<span class=\"elementor-progress-text\"><\/span>\n\t\t\t\t\t\t\t\t\t<span class=\"elementor-progress-percentage\">90%<\/span>\n\t\t\t\t\t\t\t<\/div>\n\t\t<\/div>\n\t\t\t\t\t\t<\/div>\n\t\t\t\t<div class=\"elementor-element elementor-element-5cbd3fe elementor-widget elementor-widget-progress\" data-id=\"5cbd3fe\" data-element_type=\"widget\" data-widget_type=\"progress.default\">\n\t\t\t\t\t\t\t\t<span class=\"elementor-title\" id=\"elementor-progress-bar-5cbd3fe\">\n\t\t\t\tNettoyage \u00e0 sec\t\t\t<\/span>\n\t\t\n\t\t<div aria-labelledby=\"elementor-progress-bar-5cbd3fe\" class=\"elementor-progress-wrapper\" role=\"progressbar\" aria-valuemin=\"0\" aria-valuemax=\"100\" aria-valuenow=\"90\">\n\t\t\t<div class=\"elementor-progress-bar\" data-max=\"90\">\n\t\t\t\t<span class=\"elementor-progress-text\"><\/span>\n\t\t\t\t\t\t\t\t\t<span class=\"elementor-progress-percentage\">90%<\/span>\n\t\t\t\t\t\t\t<\/div>\n\t\t<\/div>\n\t\t\t\t\t\t<\/div>\n\t\t\t\t<div class=\"elementor-element elementor-element-36fc544 elementor-widget elementor-widget-progress\" data-id=\"36fc544\" data-element_type=\"widget\" data-widget_type=\"progress.default\">\n\t\t\t\t\t\t\t\t<span class=\"elementor-title\" id=\"elementor-progress-bar-36fc544\">\n\t\t\t\tL'hospitalit\u00e9\t\t\t<\/span>\n\t\t\n\t\t<div aria-labelledby=\"elementor-progress-bar-36fc544\" class=\"elementor-progress-wrapper\" role=\"progressbar\" aria-valuemin=\"0\" aria-valuemax=\"100\" aria-valuenow=\"95\">\n\t\t\t<div class=\"elementor-progress-bar\" data-max=\"95\">\n\t\t\t\t<span class=\"elementor-progress-text\"><\/span>\n\t\t\t\t\t\t\t\t\t<span class=\"elementor-progress-percentage\">95%<\/span>\n\t\t\t\t\t\t\t<\/div>\n\t\t<\/div>\n\t\t\t\t\t\t<\/div>\n\t\t\t\t<div class=\"elementor-element elementor-element-8007d7d elementor-widget elementor-widget-progress\" data-id=\"8007d7d\" data-element_type=\"widget\" data-widget_type=\"progress.default\">\n\t\t\t\t\t\t\t\t<span class=\"elementor-title\" id=\"elementor-progress-bar-8007d7d\">\n\t\t\t\tGestion des entrep\u00f4ts\t\t\t<\/span>\n\t\t\n\t\t<div aria-labelledby=\"elementor-progress-bar-8007d7d\" class=\"elementor-progress-wrapper\" role=\"progressbar\" aria-valuemin=\"0\" aria-valuemax=\"100\" aria-valuenow=\"85\">\n\t\t\t<div class=\"elementor-progress-bar\" data-max=\"85\">\n\t\t\t\t<span class=\"elementor-progress-text\"><\/span>\n\t\t\t\t\t\t\t\t\t<span class=\"elementor-progress-percentage\">85%<\/span>\n\t\t\t\t\t\t\t<\/div>\n\t\t<\/div>\n\t\t\t\t\t\t<\/div>\n\t\t\t\t<div class=\"elementor-element elementor-element-67d8d1a elementor-widget elementor-widget-spacer\" data-id=\"67d8d1a\" data-element_type=\"widget\" data-widget_type=\"spacer.default\">\n\t\t\t\t\t\t\t<div class=\"elementor-spacer\">\n\t\t\t<div class=\"elementor-spacer-inner\"><\/div>\n\t\t<\/div>\n\t\t\t\t\t\t<\/div>\n\t\t\t\t<\/div>\n\t\t\t\t\t<\/div>\n\t\t\t\t<\/div>\n\t\t\t\t<\/div>\n\t\t","protected":false},"excerpt":{"rendered":"<p>QUI SOMMES-NOUS ? D\u00e9veloppeurs inspir\u00e9s dans un march\u00e9 de points de vente Cerme ICT Bv vous offre la libert\u00e9 de<\/p>\n","protected":false},"author":1,"featured_media":0,"parent":0,"menu_order":0,"comment_status":"closed","ping_status":"closed","template":"","meta":{"footnotes":""},"class_list":["post-33914","page","type-page","status-publish","hentry"],"brizy_media":[],"_links":{"self":[{"href":"https:\/\/cermepos.com\/fr\/wp-json\/wp\/v2\/pages\/33914","targetHints":{"allow":["GET"]}}],"collection":[{"href":"https:\/\/cermepos.com\/fr\/wp-json\/wp\/v2\/pages"}],"about":[{"href":"https:\/\/cermepos.com\/fr\/wp-json\/wp\/v2\/types\/page"}],"author":[{"embeddable":true,"href":"https:\/\/cermepos.com\/fr\/wp-json\/wp\/v2\/users\/1"}],"replies":[{"embeddable":true,"href":"https:\/\/cermepos.com\/fr\/wp-json\/wp\/v2\/comments?post=33914"}],"version-history":[{"count":6,"href":"https:\/\/cermepos.com\/fr\/wp-json\/wp\/v2\/pages\/33914\/revisions"}],"predecessor-version":[{"id":36443,"href":"https:\/\/cermepos.com\/fr\/wp-json\/wp\/v2\/pages\/33914\/revisions\/36443"}],"wp:attachment":[{"href":"https:\/\/cermepos.com\/fr\/wp-json\/wp\/v2\/media?parent=33914"}],"curies":[{"name":"wp","href":"https:\/\/api.w.org\/{rel}","templated":true}]}}