{"id":33919,"date":"2023-05-10T12:20:45","date_gmt":"2023-05-10T10:20:45","guid":{"rendered":"https:\/\/www.cermepos.com\/systemes-de-point-de-vente-pos-cermepos-6-0-un-logiciel-puissant-pour-le-commerce-de-detail-la-vente-au-detail-et-les-environnements-de-vente-en-gros\/"},"modified":"2023-06-20T13:37:38","modified_gmt":"2023-06-20T11:37:38","slug":"systemes-de-point-de-vente-pos-cermepos-6-0-un-logiciel-puissant-pour-le-commerce-de-detail-la-vente-au-detail-et-les-environnements-de-vente-en-gros","status":"publish","type":"page","link":"https:\/\/cermepos.com\/fr\/systemes-de-point-de-vente-pos-cermepos-6-0-un-logiciel-puissant-pour-le-commerce-de-detail-la-vente-au-detail-et-les-environnements-de-vente-en-gros\/","title":{"rendered":"Syst\u00e8mes de point de vente POS, CermePOS 6.0, un logiciel puissant pour le commerce de d\u00e9tail, la vente au d\u00e9tail et les environnements de vente en gros"},"content":{"rendered":"\t\t<div data-elementor-type=\"wp-page\" data-elementor-id=\"33919\" class=\"elementor elementor-33919 elementor-29815\">\n\t\t\t\t\t\t<section class=\"wd-negative-gap elementor-section elementor-top-section elementor-element elementor-element-46f787e7 elementor-section-boxed elementor-section-height-default elementor-section-height-default\" data-id=\"46f787e7\" data-element_type=\"section\">\n\t\t\t\t\t\t<div class=\"elementor-container elementor-column-gap-default\">\n\t\t\t\t\t<div class=\"elementor-column elementor-col-100 elementor-top-column elementor-element elementor-element-74408c3f\" data-id=\"74408c3f\" data-element_type=\"column\">\n\t\t\t<div class=\"elementor-widget-wrap elementor-element-populated\">\n\t\t\t\t\t\t<div class=\"elementor-element elementor-element-2834929b color-scheme-inherit text-left elementor-widget elementor-widget-text-editor\" data-id=\"2834929b\" data-element_type=\"widget\" data-widget_type=\"text-editor.default\">\n\t\t\t\t\t\t\t\t\t<h3>Syst\u00e8mes de point de vente pour le commerce de d\u00e9tail, la vente au d\u00e9tail et le commerce de gros, propos\u00e9s par l&#8217;un des meilleurs partenaires en mati\u00e8re de point de vente.<\/h3>\n<p style=\"margin: 0cm; margin-bottom: .0001pt;\">Nos syst\u00e8mes de point de vente sont con\u00e7us pour les environnements de vente au d\u00e9tail, de commerce de d\u00e9tail et de commerce de gros. Des logiciels fiables et s\u00e9curis\u00e9s qui aident les entreprises de vente au d\u00e9tail, de commerce de d\u00e9tail et de commerce de gros \u00e0 rationaliser les processus de vente, \u00e0 optimiser la logistique, \u00e0 g\u00e9rer les stocks et \u00e0 am\u00e9liorer l&#8217;exp\u00e9rience client. Nous utilisons des technologies et des cadres avanc\u00e9s pour d\u00e9velopper nos solutions POS, notamment WinDev, Java, Angular, iOS, Android, C# et .NET. Nos d\u00e9veloppeurs de logiciels exp\u00e9riment\u00e9s, nos chefs de projet et nos contr\u00f4leurs de qualit\u00e9 se concentrent sur le d\u00e9veloppement de solutions POS qui r\u00e9pondent aux exigences sp\u00e9cifiques des clients.<\/p>\n<p style=\"margin: 0cm; margin-bottom: .0001pt;\"><strong> <\/strong><\/p>\n<p style=\"margin: 0cm; margin-bottom: .0001pt;\"><strong><img decoding=\"async\" class=\" wd-lazy-fade wp-image-31554 alignright\" src=\"https:\/\/cermepos.com\/wp-content\/themes\/woodmart\/images\/lazy.svg\" data-src=\"https:\/\/www.cermepos.com\/wp-content\/uploads\/2023\/06\/Kassasystemen_beveiligd_gecertificeerd-300x214.jpg\" alt=\"Syst\u00e8mes de point de vente certifi\u00e9s et s\u00e9curis\u00e9s\" width=\"229\" height=\"180\"> <\/strong><\/p>\n<h3 style=\"margin: 0cm; margin-bottom: .0001pt;\">Certification, h\u00e9bergement, s\u00e9curit\u00e9 et audit p\u00e9riodique<\/h3>\n<div> <\/div>\n<p style=\"margin: 0cm; margin-bottom: .0001pt;\">Nos plateformes sont h\u00e9berg\u00e9es dans un centre de donn\u00e9es certifi\u00e9, \u00e9quilibr\u00e9 en charge et s\u00e9curis\u00e9 de mani\u00e8re plus qu&#8217;ad\u00e9quate. Pour une \u00e9volutivit\u00e9 flexible, nous utilisons notamment Kubernetes et Droplets. En outre, nos applications et nos plateformes font l&#8217;objet d&#8217;audits p\u00e9riodiques afin de maintenir notre certification \u00e0 jour.<\/p>\n<p align=\"center\">\n<p style=\"text-align: center;\" align=\"center\">Faites le premier pas vers un nouveau niveau, contactez-nous d\u00e8s aujourd&#8217;hui pour un appel d&#8217;inspiration !<\/p>\n\t\t\t\t\t\t\t\t<\/div>\n\t\t\t\t\t<\/div>\n\t\t<\/div>\n\t\t\t\t\t<\/div>\n\t\t<\/section>\n\t\t\t\t<\/div>\n\t\t","protected":false},"excerpt":{"rendered":"<p>Syst\u00e8mes de point de vente pour le commerce de d\u00e9tail, la vente au d\u00e9tail et le commerce de gros, propos\u00e9s<\/p>\n","protected":false},"author":3,"featured_media":0,"parent":0,"menu_order":0,"comment_status":"closed","ping_status":"closed","template":"","meta":{"footnotes":""},"class_list":["post-33919","page","type-page","status-publish","hentry"],"brizy_media":[],"_links":{"self":[{"href":"https:\/\/cermepos.com\/fr\/wp-json\/wp\/v2\/pages\/33919","targetHints":{"allow":["GET"]}}],"collection":[{"href":"https:\/\/cermepos.com\/fr\/wp-json\/wp\/v2\/pages"}],"about":[{"href":"https:\/\/cermepos.com\/fr\/wp-json\/wp\/v2\/types\/page"}],"author":[{"embeddable":true,"href":"https:\/\/cermepos.com\/fr\/wp-json\/wp\/v2\/users\/3"}],"replies":[{"embeddable":true,"href":"https:\/\/cermepos.com\/fr\/wp-json\/wp\/v2\/comments?post=33919"}],"version-history":[{"count":0,"href":"https:\/\/cermepos.com\/fr\/wp-json\/wp\/v2\/pages\/33919\/revisions"}],"wp:attachment":[{"href":"https:\/\/cermepos.com\/fr\/wp-json\/wp\/v2\/media?parent=33919"}],"curies":[{"name":"wp","href":"https:\/\/api.w.org\/{rel}","templated":true}]}}