{"id":33988,"date":"2023-05-08T13:51:00","date_gmt":"2023-05-08T11:51:00","guid":{"rendered":"https:\/\/www.cermepos.com\/produits-logiciels\/"},"modified":"2023-06-23T12:26:13","modified_gmt":"2023-06-23T10:26:13","slug":"produits-logiciels","status":"publish","type":"page","link":"https:\/\/cermepos.com\/fr\/produits-logiciels\/","title":{"rendered":"Logiciel de syst\u00e8me POS"},"content":{"rendered":"\t\t<div data-elementor-type=\"wp-page\" data-elementor-id=\"33988\" class=\"elementor elementor-33988 elementor-29370\">\n\t\t\t\t<div class=\"elementor-element elementor-element-18ff90c wd-section-stretch e-flex e-con-boxed e-con e-parent\" data-id=\"18ff90c\" data-element_type=\"container\" data-e-type=\"container\" data-settings=\"{&quot;background_background&quot;:&quot;video&quot;,&quot;shape_divider_bottom&quot;:&quot;wd_curved_line&quot;}\">\n\t\t\t\t\t<div class=\"e-con-inner\">\n\t\t\t\t<div class=\"elementor-shape elementor-shape-bottom\" aria-hidden=\"true\" data-negative=\"false\">\n\t\t\t<svg xmlns=\"http:\/\/www.w3.org\/2000\/svg\" class=\"wd-divider\" xmlns:xlink=\"http:\/\/www.w3.org\/1999\/xlink\" x=\"0px\" y=\"0px\"\n\t viewBox=\"0 0 100 100\" width=\"100%\" height=\"50px\" preserveAspectRatio=\"none\">\n<path class=\"elementor-shape-fill\" display=\"none\" d=\"M100,25.8V100H0V52.5c-4.9-6.8-9.5-13.8-15-19.7V101h125V20.9C106.3,22,103,23.7,100,25.8z\"\/>\n<path class=\"elementor-shape-fill\" d=\"M0,0v99c22-20.6,28.7-69.7,61.4-69.7c18.8,0,29.1,16.2,38.6,34V0L0,0z\"\/>\n<\/svg>\n\t\t<\/div>\n\t\t<div class=\"elementor-element elementor-element-1277a25 e-con-full e-flex e-con e-parent\" data-id=\"1277a25\" data-element_type=\"container\" data-e-type=\"container\" data-settings=\"{&quot;background_background&quot;:&quot;video&quot;}\">\n\t\t\t\t<div class=\"elementor-element elementor-element-61e58f6 elementor-widget elementor-widget-elementskit-heading\" data-id=\"61e58f6\" data-element_type=\"widget\" data-e-type=\"widget\" data-widget_type=\"elementskit-heading.default\">\n\t\t\t\t\t<div class=\"ekit-wid-con\" ><div class=\"ekit-heading elementskit-section-title-wraper text_left   ekit_heading_tablet-   ekit_heading_mobile-\">\t\t\t\t<span class='ekit-heading__shadow-text'>\n\t\t\t\t\tCermePOS\t\t\t\t<\/span>\n\t\t\t<h1 class=\"ekit-heading--title elementskit-section-title \">CermePOS <span><span>SOFTWARE <\/span><\/span> Produits<\/h1><\/div><\/div>\t\t\t\t<\/div>\n\t\t\t\t<div class=\"elementor-element elementor-element-97659dc color-scheme-inherit text-left elementor-widget elementor-widget-text-editor\" data-id=\"97659dc\" data-element_type=\"widget\" data-e-type=\"widget\" data-widget_type=\"text-editor.default\">\n\t\t\t\t\t\t\t\t\t<p><strong>Un partenaire POS fiable et exp\u00e9riment\u00e9<\/strong><\/p>\n<p style=\"margin: 0cm; margin-bottom: .0001pt;\">Cerme ICT BV propose des solutions de point de vente standard et personnalis\u00e9es con\u00e7ues pour les environnements du commerce de d\u00e9tail, de la vente au d\u00e9tail et de la vente en gros. Nos logiciels de point de vente fiables et s\u00e9curis\u00e9s aident les entreprises de vente au d\u00e9tail, de d\u00e9tail et de gros \u00e0 rationaliser leurs processus de vente, \u00e0 optimiser la logistique, \u00e0 g\u00e9rer les stocks et \u00e0 am\u00e9liorer l&#8217;exp\u00e9rience client. Nous utilisons des technologies et des cadres avanc\u00e9s pour d\u00e9velopper nos solutions POS, notamment WinDev, Java, Angular, iOS, Android, C# et .NET. Nos d\u00e9veloppeurs de logiciels exp\u00e9riment\u00e9s, nos chefs de projet et nos contr\u00f4leurs de qualit\u00e9 se concentrent sur le d\u00e9veloppement de solutions POS qui r\u00e9pondent aux exigences sp\u00e9cifiques des clients.<\/p>\n<p style=\"margin: 0cm; margin-bottom: .0001pt;\"><strong> <\/strong><strong> <\/strong><\/p>\n<p style=\"margin: 0cm; margin-bottom: .0001pt;\"><strong>H\u00e9bergement certifi\u00e9, s\u00e9curit\u00e9 et audits p\u00e9riodiques<\/strong><\/p>\n<p style=\"margin: 0cm; margin-bottom: .0001pt;\">Nos plateformes sont h\u00e9berg\u00e9es dans un centre de donn\u00e9es certifi\u00e9, \u00e9quilibr\u00e9 en charge et s\u00e9curis\u00e9 de mani\u00e8re plus qu&#8217;ad\u00e9quate. Pour une \u00e9volutivit\u00e9 flexible, nous utilisons notamment Kubernetes et Droplets. En outre, nos applications et nos plateformes font l&#8217;objet d&#8217;audits p\u00e9riodiques afin de maintenir notre certification \u00e0 jour.<\/p>\n<p align=\"center\">\n<p style=\"text-align: center;\" align=\"center\"><em>Faites le premier pas vers un nouveau niveau, contactez-nous pour une conversation inspirante !<\/em><\/p>\n\t\t\t\t\t\t\t\t<\/div>\n\t\t\t\t<\/div>\n\t\t\t\t\t<\/div>\n\t\t\t\t<\/div>\n\t\t<div class=\"wd-negative-gap elementor-element elementor-element-c7b0037 e-flex e-con-boxed e-con e-parent\" data-id=\"c7b0037\" data-element_type=\"container\" data-e-type=\"container\">\n\t\t\t\t\t<div class=\"e-con-inner\">\n\t\t\t\t\t<\/div>\n\t\t\t\t<\/div>\n\t\t\t\t<\/div>\n\t\t","protected":false},"excerpt":{"rendered":"<p>CermePOS CermePOS SOFTWARE Produits Un partenaire POS fiable et exp\u00e9riment\u00e9 Cerme ICT BV propose des solutions de point de vente<\/p>\n","protected":false},"author":1,"featured_media":0,"parent":0,"menu_order":0,"comment_status":"closed","ping_status":"closed","template":"","meta":{"footnotes":""},"class_list":["post-33988","page","type-page","status-publish","hentry"],"brizy_media":[],"_links":{"self":[{"href":"https:\/\/cermepos.com\/fr\/wp-json\/wp\/v2\/pages\/33988","targetHints":{"allow":["GET"]}}],"collection":[{"href":"https:\/\/cermepos.com\/fr\/wp-json\/wp\/v2\/pages"}],"about":[{"href":"https:\/\/cermepos.com\/fr\/wp-json\/wp\/v2\/types\/page"}],"author":[{"embeddable":true,"href":"https:\/\/cermepos.com\/fr\/wp-json\/wp\/v2\/users\/1"}],"replies":[{"embeddable":true,"href":"https:\/\/cermepos.com\/fr\/wp-json\/wp\/v2\/comments?post=33988"}],"version-history":[{"count":0,"href":"https:\/\/cermepos.com\/fr\/wp-json\/wp\/v2\/pages\/33988\/revisions"}],"wp:attachment":[{"href":"https:\/\/cermepos.com\/fr\/wp-json\/wp\/v2\/media?parent=33988"}],"curies":[{"name":"wp","href":"https:\/\/api.w.org\/{rel}","templated":true}]}}