{"id":35418,"date":"2023-06-19T11:27:39","date_gmt":"2023-06-19T09:27:39","guid":{"rendered":"https:\/\/www.cermepos.com\/le-gout-2\/"},"modified":"2023-06-26T17:59:09","modified_gmt":"2023-06-26T15:59:09","slug":"le-gout-2","status":"publish","type":"page","link":"https:\/\/cermepos.com\/fr\/le-gout-2\/","title":{"rendered":"Le go\u00fbt"},"content":{"rendered":"\t\t<div data-elementor-type=\"wp-page\" data-elementor-id=\"35418\" class=\"elementor elementor-35418 elementor-32374\">\n\t\t\t\t<div class=\"elementor-element elementor-element-364e706 wd-section-stretch e-flex e-con-boxed e-con e-parent\" data-id=\"364e706\" data-element_type=\"container\" data-settings=\"{&quot;background_background&quot;:&quot;classic&quot;}\">\n\t\t\t\t\t<div class=\"e-con-inner\">\n\t\t\t\t<div class=\"elementor-element elementor-element-5cfddab wd-width-100 elementor-widget elementor-widget-wd_title\" data-id=\"5cfddab\" data-element_type=\"widget\" data-widget_type=\"wd_title.default\">\n\t\t\t\t<div class=\"elementor-widget-container\">\n\t\t\t\t\t\t\t<div class=\"title-wrapper wd-set-mb reset-last-child wd-title-color-default wd-title-style-default wd-title-size-default text-center\">\n\n\t\t\t\n\t\t\t<div class=\"liner-continer\">\n\t\t\t\t<h2 class=\"woodmart-title-container title wd-fontsize-l\">F\u00e9licitations pour votre nouvelle boutique!<\/h2> \n\t\t\t\t\t\t\t<\/div>\n\n\t\t\t\t\t<\/div>\n\t\t\t\t\t\t<\/div>\n\t\t\t\t<\/div>\n\t\t\t\t<div class=\"elementor-element elementor-element-8021c63 color-scheme-inherit text-left elementor-widget elementor-widget-text-editor\" data-id=\"8021c63\" data-element_type=\"widget\" data-widget_type=\"text-editor.default\">\n\t\t\t\t\t\t\t\t\t<p>  F\u00e9licitations pour votre nouvelle boutique! Nous aimerions vous aider \u00e0 trouver une bonne solution de caisse enregistreuse et de code PIN pour votre entreprise. Que vous recherchiez un syst\u00e8me de paiement complet, une caisse enregistreuse physique, le logiciel avec ou sans boutique en ligne, nous avons une solution fiable.<\/p>\n<p>Technologie d\u00e9velopp\u00e9e en interne, facile \u00e0 utiliser et vous pouvez payer par mois. Dites-nous quelques choses sur votre entreprise, vous recevrez une proposition comp\u00e9titive avec essai gratuit.<\/p>\n\t\t\t\t\t\t\t\t<\/div>\n\t\t\t\t\t<\/div>\n\t\t\t\t<\/div>\n\t\t<div class=\"wd-negative-gap elementor-element elementor-element-87bd02d e-flex e-con-boxed e-con e-parent\" data-id=\"87bd02d\" data-element_type=\"container\">\n\t\t\t\t\t<div class=\"e-con-inner\">\n\t\t\t\t<div class=\"elementor-element elementor-element-856cdae elementor-widget elementor-widget-image\" data-id=\"856cdae\" data-element_type=\"widget\" data-widget_type=\"image.default\">\n\t\t\t\t\t\t\t\t\t\t\t\t\t\t\t<img decoding=\"async\" width=\"1024\" height=\"175\" src=\"https:\/\/cermepos.com\/wp-content\/themes\/woodmart\/images\/lazy.svg\" data-src=\"https:\/\/cermepos.com\/wp-content\/uploads\/2023\/06\/bericht-voor-bottom-1024x175.jpg\" class=\" wd-lazy-fade attachment-large size-large wp-image-34201\" alt=\"Kassasysteem op proef\" srcset=\"\" data-srcset=\"https:\/\/cermepos.com\/wp-content\/uploads\/2023\/06\/bericht-voor-bottom-1024x175.jpg 1024w, https:\/\/cermepos.com\/wp-content\/uploads\/2023\/06\/bericht-voor-bottom-300x51.jpg 300w, https:\/\/cermepos.com\/wp-content\/uploads\/2023\/06\/bericht-voor-bottom-768x131.jpg 768w, https:\/\/cermepos.com\/wp-content\/uploads\/2023\/06\/bericht-voor-bottom-1536x263.jpg 1536w, https:\/\/cermepos.com\/wp-content\/uploads\/2023\/06\/bericht-voor-bottom-2048x350.jpg 2048w, https:\/\/cermepos.com\/wp-content\/uploads\/2023\/06\/bericht-voor-bottom-800x137.jpg 800w, https:\/\/cermepos.com\/wp-content\/uploads\/2023\/06\/bericht-voor-bottom-150x26.jpg 150w\" sizes=\"(max-width: 1024px) 100vw, 1024px\" \/>\t\t\t\t\t\t\t\t\t\t\t\t\t\t\t<\/div>\n\t\t\t\t<div class=\"elementor-element elementor-element-d0ebb2f elementor-widget elementor-widget-wd_text_block\" data-id=\"d0ebb2f\" data-element_type=\"widget\" data-widget_type=\"wd_text_block.default\">\n\t\t\t\t<div class=\"elementor-widget-container\">\n\t\t\t\t\t\t\t<div class=\"wd-text-block reset-last-child text-left\">\n\t\t\t\n\t\t\t<p style=\"text-align: center;\"><strong>Oui, quand je suis pr\u00eat, je veux me familiariser avec le syst\u00e8me de point de vente CermePOS pendant trois mois sans engagement.<\/strong><\/p>\n\t\t\t\t\t<\/div>\n\t\t\t\t\t\t<\/div>\n\t\t\t\t<\/div>\n\t\t<div class=\"wd-negative-gap elementor-element elementor-element-07f48ec e-flex e-con-boxed e-con e-parent\" data-id=\"07f48ec\" data-element_type=\"container\">\n\t\t\t\t\t<div class=\"e-con-inner\">\n\t\t<div class=\"wd-negative-gap elementor-element elementor-element-c415177 e-flex e-con-boxed e-con e-parent\" data-id=\"c415177\" data-element_type=\"container\">\n\t\t\t\t\t<div class=\"e-con-inner\">\n\t\t\t\t<div class=\"elementor-element elementor-element-256f63e elementor-widget elementor-widget-pafe-form-builder-field\" data-id=\"256f63e\" data-element_type=\"widget\" data-widget_type=\"pafe-form-builder-field.default\">\n\t\t\t\t<div class=\"elementor-widget-container\">\n\t\t\t\t\t\t\t\r\n\t\t<div class=\"elementor-form-fields-wrapper elementor-labels-above pafe-form-builder-field pafe-form-builder-label-animation\">\r\n\t\t\t<div class=\"elementor-field-type-text elementor-field-group elementor-column elementor-field-group-postcode elementor-col-100 elementor-field-required elementor-mark-required\">\r\n\t\t\t\t<label for=\"form-field-postcode\" class=\"elementor-field-label pafe-label-inline\">Code postal Adresse du magasin :<\/label><div class=\"pafe-field-container pafe-field-inline\"><input size=\"1\" class=\"elementor-field elementor-size- \" type=\"text\" name=\"form_fields[postcode]\" id=\"form-field-postcode\" autocomplete=\"on\" data-pafe-form-builder-default-value=\"\" required=\"required\" aria-required=\"true\" data-pafe-form-builder-form-id=\"NieuweWinkel\"><\/div><div data-pafe-form-builder-required><\/div>\t\t\t<\/div>\r\n\t\t<\/div>\r\n\t\t\t\t\t<\/div>\n\t\t\t\t<\/div>\n\t\t\t\t<div class=\"elementor-element elementor-element-23b2cf4 elementor-widget elementor-widget-pafe-form-builder-field\" data-id=\"23b2cf4\" data-element_type=\"widget\" data-widget_type=\"pafe-form-builder-field.default\">\n\t\t\t\t<div class=\"elementor-widget-container\">\n\t\t\t\t\t\t\t\r\n\t\t<div class=\"elementor-form-fields-wrapper elementor-labels-above pafe-form-builder-field pafe-form-builder-label-animation\">\r\n\t\t\t<div class=\"elementor-field-type-text elementor-field-group elementor-column elementor-field-group-naam elementor-col-100 elementor-field-required elementor-mark-required\">\r\n\t\t\t\t<label for=\"form-field-naam\" class=\"elementor-field-label pafe-label-inline\">Nom<\/label><div class=\"pafe-field-container pafe-field-inline\"><input size=\"1\" class=\"elementor-field elementor-size- \" type=\"text\" name=\"form_fields[naam]\" id=\"form-field-naam\" autocomplete=\"on\" data-pafe-form-builder-default-value=\"\" required=\"required\" aria-required=\"true\" data-pafe-form-builder-form-id=\"NieuweWinkel\"><\/div><div data-pafe-form-builder-required><\/div>\t\t\t<\/div>\r\n\t\t<\/div>\r\n\t\t\t\t\t<\/div>\n\t\t\t\t<\/div>\n\t\t\t\t\t<\/div>\n\t\t\t\t<\/div>\n\t\t<div class=\"wd-negative-gap elementor-element elementor-element-846c08e e-flex e-con-boxed e-con e-parent\" data-id=\"846c08e\" data-element_type=\"container\">\n\t\t\t\t\t<div class=\"e-con-inner\">\n\t\t\t\t<div class=\"elementor-element elementor-element-82514d6 elementor-widget elementor-widget-pafe-form-builder-field\" data-id=\"82514d6\" data-element_type=\"widget\" data-widget_type=\"pafe-form-builder-field.default\">\n\t\t\t\t<div class=\"elementor-widget-container\">\n\t\t\t\t\t\t\t\r\n\t\t<div class=\"elementor-form-fields-wrapper elementor-labels-above pafe-form-builder-field pafe-form-builder-label-animation\">\r\n\t\t\t<div class=\"elementor-field-type-email elementor-field-group elementor-column elementor-field-group-emailAdres elementor-col-100 elementor-field-required elementor-mark-required\">\r\n\t\t\t\t<label for=\"form-field-emailAdres\" class=\"elementor-field-label pafe-label-inline\">Adresse e-mail<\/label><div class=\"pafe-field-container pafe-field-inline\"><input size=\"1\" class=\"elementor-field elementor-size- \" type=\"email\" name=\"form_fields[emailAdres]\" id=\"form-field-emailAdres\" autocomplete=\"on\" data-pafe-form-builder-default-value=\"\" required=\"required\" aria-required=\"true\" data-pafe-form-builder-form-id=\"NieuweWinkel\"><\/div><div data-pafe-form-builder-required><\/div>\t\t\t<\/div>\r\n\t\t<\/div>\r\n\t\t\t\t\t<\/div>\n\t\t\t\t<\/div>\n\t\t\t\t<div class=\"elementor-element elementor-element-a13b8d6 elementor-widget elementor-widget-pafe-form-builder-field\" data-id=\"a13b8d6\" data-element_type=\"widget\" data-widget_type=\"pafe-form-builder-field.default\">\n\t\t\t\t<div class=\"elementor-widget-container\">\n\t\t\t\t\t\t\t\r\n\t\t<div class=\"elementor-form-fields-wrapper elementor-labels-above pafe-form-builder-field pafe-form-builder-label-animation\">\r\n\t\t\t<div class=\"elementor-field-type-number elementor-field-group elementor-column elementor-field-group-mobileNummer elementor-col-100 elementor-field-required elementor-mark-required\">\r\n\t\t\t\t<label for=\"form-field-mobileNummer\" class=\"elementor-field-label pafe-label-inline\">Num\u00e9ro de t\u00e9l\u00e9phone portable<\/label><div class=\"pafe-field-container pafe-field-inline\"><input class=\"elementor-field elementor-size-  elementor-field-textual\" type=\"number\" name=\"form_fields[mobileNummer]\" id=\"form-field-mobileNummer\" autocomplete=\"on\" data-pafe-form-builder-default-value=\"\" required=\"required\" aria-required=\"true\" data-pafe-form-builder-form-id=\"NieuweWinkel\" step=\"any\" data-pafe-remove-value=\"false\"><\/div><div data-pafe-form-builder-required><\/div>\t\t\t<\/div>\r\n\t\t<\/div>\r\n\t\t\t\t\t<\/div>\n\t\t\t\t<\/div>\n\t\t\t\t\t<\/div>\n\t\t\t\t<\/div>\n\t\t\t\t\t<\/div>\n\t\t\t\t<\/div>\n\t\t<div class=\"wd-negative-gap elementor-element elementor-element-e010562 e-flex e-con-boxed e-con e-parent\" data-id=\"e010562\" data-element_type=\"container\">\n\t\t\t\t\t<div class=\"e-con-inner\">\n\t\t\t\t<div class=\"elementor-element elementor-element-b10c754 elementor-widget elementor-widget-pafe-form-builder-field\" data-id=\"b10c754\" data-element_type=\"widget\" data-widget_type=\"pafe-form-builder-field.default\">\n\t\t\t\t<div class=\"elementor-widget-container\">\n\t\t\t\t\t\t\t\r\n\t\t<div class=\"elementor-form-fields-wrapper elementor-labels-above pafe-form-builder-field\">\r\n\t\t\t<div class=\"elementor-field-type-radio elementor-field-group elementor-column elementor-field-group-apparatuur elementor-col-100 elementor-field-required elementor-mark-required\">\r\n\t\t\t\t<label style=\"display:none\" for=\"form-field-apparatuur\" class=\"elementor-field-label\">\u00c9quipement<\/label><div data-pafe-form-builder-required><\/div><div class=\"pafe-field-container\"><form><div class=\"elementor-field-subgroup  elementor-subgroup-inline\"><span class=\"elementor-field-option\"><input type=\"radio\" value=\"\u00c9quipement propre\" data-value=\"\u00c9quipement propre\" id=\"form-field-apparatuur-0\" name=\"form_fields[apparatuur]\" data-pafe-form-builder-default-value=\"\" required=\"required\" aria-required=\"true\" data-pafe-form-builder-form-id=\"NieuweWinkel\"> <label for=\"form-field-apparatuur-0\" class=\"pafe-checkbox-label\">\u00c9quipement propre<\/label><\/span><span class=\"elementor-field-option\"><input type=\"radio\" value=\"Proposition de loyer\" data-value=\"Proposition de loyer\" id=\"form-field-apparatuur-1\" name=\"form_fields[apparatuur]\" data-pafe-form-builder-default-value=\"\" required=\"required\" aria-required=\"true\" data-pafe-form-builder-form-id=\"NieuweWinkel\"> <label for=\"form-field-apparatuur-1\" class=\"pafe-checkbox-label\">Proposition de loyer<\/label><\/span><\/div><\/form><\/div>\t\t\t<\/div>\r\n\t\t<\/div>\r\n\t\t\t\t\t<\/div>\n\t\t\t\t<\/div>\n\t\t\t\t<div class=\"elementor-element elementor-element-fbb9f2a elementor-widget elementor-widget-pafe-form-builder-field\" data-id=\"fbb9f2a\" data-element_type=\"widget\" data-widget_type=\"pafe-form-builder-field.default\">\n\t\t\t\t<div class=\"elementor-widget-container\">\n\t\t\t\t\t\t\t\r\n\t\t<div class=\"elementor-form-fields-wrapper elementor-labels-above pafe-form-builder-field pafe-form-builder-label-animation\">\r\n\t\t\t<div class=\"elementor-field-type-text elementor-field-group elementor-column elementor-field-group-opmerking elementor-col-100\">\r\n\t\t\t\t<label for=\"form-field-opmerking\" class=\"elementor-field-label pafe-label-inline\">Remarque<\/label><div class=\"pafe-field-container pafe-field-inline\"><input size=\"1\" class=\"elementor-field elementor-size- \" type=\"text\" name=\"form_fields[opmerking]\" id=\"form-field-opmerking\" autocomplete=\"on\" data-pafe-form-builder-default-value=\"\" data-pafe-form-builder-form-id=\"NieuweWinkel\"><\/div><div data-pafe-form-builder-required><\/div>\t\t\t<\/div>\r\n\t\t<\/div>\r\n\t\t\t\t\t<\/div>\n\t\t\t\t<\/div>\n\t\t<div class=\"wd-negative-gap elementor-element elementor-element-034a9bc e-flex e-con-boxed e-con e-parent\" data-id=\"034a9bc\" data-element_type=\"container\">\n\t\t\t\t\t<div class=\"e-con-inner\">\n\t\t<div class=\"elementor-element elementor-element-5e8693a e-con-full e-flex e-con e-parent\" data-id=\"5e8693a\" data-element_type=\"container\">\n\t\t\t\t<div class=\"elementor-element elementor-element-3fec6ee elementor-widget elementor-widget-wd_text_block\" data-id=\"3fec6ee\" data-element_type=\"widget\" data-widget_type=\"wd_text_block.default\">\n\t\t\t\t<div class=\"elementor-widget-container\">\n\t\t\t\t\t\t\t<div class=\"wd-text-block reset-last-child text-left\">\n\t\t\t\n\t\t\t<p style=\"text-align: center;\">e-mail <a href=\"mailto:verkoop@Cerme.nl\">verkoop@Cerme.nl<\/a> - T\u00e9l\u00e9phone <a href=\"tel:070%20404%2018%2012\">070 - 404 18 12 -<\/a> Vous pouvez \u00e9galement envoyer un message <a href=\"https:\/\/web.whatsapp.com\/send?phone=31704041812\" target=\"_blank\" rel=\"noopener\">Whatsapp<\/a> \u00e0 ce num\u00e9ro.<\/p>\n\t\t\t\t\t<\/div>\n\t\t\t\t\t\t<\/div>\n\t\t\t\t<\/div>\n\t\t\t\t<\/div>\n\t\t<div class=\"wd-negative-gap elementor-element elementor-element-1c0bc8b e-flex e-con-boxed e-con e-parent\" data-id=\"1c0bc8b\" data-element_type=\"container\">\n\t\t\t\t\t<div class=\"e-con-inner\">\n\t\t\t\t<div class=\"elementor-element elementor-element-903f5fa elementor-align-right elementor-widget elementor-widget-pafe-form-builder-submit\" data-id=\"903f5fa\" data-element_type=\"widget\" data-widget_type=\"pafe-form-builder-submit.default\">\n\t\t\t\t<div class=\"elementor-widget-container\">\n\t\t\t\t\t\t\t<input type=\"hidden\" name=\"post_id\" value=\"35418\" data-pafe-form-builder-hidden-form-id=\"NieuweWinkel\"\/>\r\n\t\t<input type=\"hidden\" name=\"form_id\" value=\"903f5fa\" data-pafe-form-builder-hidden-form-id=\"NieuweWinkel\"\/>\r\n\t\t<input type=\"hidden\" name=\"remote_ip\" value=\"216.73.216.52\" data-pafe-form-builder-hidden-form-id=\"NieuweWinkel\"\/>\r\n\r\n\t\t\t\t\t<input type=\"hidden\" name=\"redirect\" value=\"\" data-pafe-form-builder-hidden-form-id=\"NieuweWinkel\" data-pafe-form-builder-open-new-tab=\"\"\/>\r\n\t\t\r\n\t\t\r\n\t\t\r\n\t\t\r\n\t\t<div class=\"elementor-button-wrapper\">\r\n\t\t\t<button class=\"elementor-button pafe-form-builder-button elementor-size-lg\" data-pafe-submit-keyboard=\"false\" data-pafe-submit-hide=\"true\" role=\"button\" data-pafe-form-builder-required-text=\"Ce champ est obligatoire.\" pafe-form-builder-submit=\"right\" data-pafe-form-builder-submit-form-id=\"NieuweWinkel\" data-pafe-razor-payment=\"no\" data-pafe-razor-sub=\"no\">\r\n\t\t\t\t\t\t<span class=\"elementor-button-content-wrapper\">\r\n\t\t\t<span class=\"elementor-button-text elementor-form-spinner\"><i class=\"fa fa-spinner fa-spin\"><\/i><\/span>\r\n\t\t\t\t\t\t<span class=\"elementor-button-icon elementor-align-icon-left\">\r\n\t\t\t\t<i class=\"fa fa-envelope\" aria-hidden=\"true\"><\/i>\r\n\t\t\t<\/span>\r\n\t\t\t\t\t\t<span class=\"elementor-button-text\">Envoyer<\/span>\r\n\t\t<\/span>\r\n\t\t\t\t\t<\/button>\r\n\t\t<\/div>\r\n\r\n\t\t\r\n\t\t                \t\t\t\t\t\t\r\n        \r\n        \t\t<div id=\"pafe-form-builder-trigger-success-NieuweWinkel\" data-pafe-form-builder-trigger-success=\"NieuweWinkel\" data-disable-clean-form=\"no\" style=\"display: none\"><\/div>\r\n\t\t<div id=\"pafe-form-builder-trigger-failed-NieuweWinkel\" data-pafe-form-builder-trigger-failed=\"NieuweWinkel\" style=\"display: none\"><\/div>\r\n\t\t<div class=\"pafe-form-builder-alert pafe-form-builder-alert--mail\">\r\n\t\t\t<div class=\"elementor-message elementor-message-success\" role=\"alert\" data-pafe-form-builder-message=\"Le formulaire a \u00e9t\u00e9 envoy\u00e9 avec succ\u00e8s.\">Le formulaire a \u00e9t\u00e9 envoy\u00e9 avec succ\u00e8s.<\/div>\r\n\t\t\t<div class=\"elementor-message elementor-message-danger\" role=\"alert\" data-pafe-form-builder-message=\"Une erreur s\u2019est produite.\">Une erreur s\u2019est produite.<\/div>\r\n\t\t\t<!-- <div class=\"elementor-message elementor-help-inline\" role=\"alert\">Server error. Form not sent.<\/div> -->\r\n\t\t<\/div>\r\n\t\t\t\t\t\t\t\t<\/div>\n\t\t\t\t<\/div>\n\t\t\t\t\t<\/div>\n\t\t\t\t<\/div>\n\t\t\t\t\t<\/div>\n\t\t\t\t<\/div>\n\t\t\t\t<div class=\"elementor-element elementor-element-7bf3035 elementor-widget elementor-widget-elementskit-heading\" data-id=\"7bf3035\" data-element_type=\"widget\" data-widget_type=\"elementskit-heading.default\">\n\t\t\t\t\t<div class=\"ekit-wid-con\" ><div class=\"ekit-heading elementskit-section-title-wraper text_left   ekit_heading_tablet-   ekit_heading_mobile-\">\t\t\t\t<span class='ekit-heading__shadow-text'>\n\t\t\t\t\tESSAI GRATUIT\t\t\t\t<\/span>\n\t\t\t<h2 class=\"ekit-heading--title elementskit-section-title \">Conditions <span><span>ABC, essai gratuit de trois mois<\/span><\/span><\/h2><div class=\"ekit_heading_separetor_wraper ekit_heading_elementskit-border-divider ekit-dotted\"><div class=\"elementskit-border-divider ekit-dotted\"><\/div><\/div><h5 class=\"ekit-heading--subtitle elementskit-section-subtitle   ekit-heading__subtitle-has-border\">\n\t\t\t\t\t\tAvez-vous d\u00e9j\u00e0 de l\u2019\u00e9quipement? Les co\u00fbts pour la p\u00e9riode d\u2019essai sont de 0,00 \u20ac, y compris le support avec support vid\u00e9o.\n\t\t\t\t\t<\/h5>\t\t\t\t<div class='ekit-heading__description'>\n\t\t\t\t\t<p><strong>Louer un syst\u00e8me de point de vente moderne? \u20ac <span style=\"font-size: 18px;background-color: var(--wd-main-bgcolor);color: var(--wd-text-color)\">75,- par mois, <span style=\"color: #333333\">caution* \u20ac 250,-<\/span><\/span><\/strong><\/p>\n<ul>\n<li><span style=\"font-size: 18px;background-color: var(--wd-main-bgcolor);color: var(--wd-text-color)\">Vous recevrez un syst\u00e8me de point de vente avec dispositif PIN, tiroir-caisse et imprimante de re\u00e7us.<\/span><\/li>\n<li><span style=\"font-size: 18px;background-color: var(--wd-main-bgcolor);color: var(--wd-text-color)\"><span style=\"font-size: 18px;background-color: var(--wd-main-bgcolor);color: #333333\">La caution<strong>*<\/strong> sera restitu\u00e9e en totalit\u00e9, \u00e0 condition que nous retournions nos marchandises intactes dans leur emballage d\u2019origine.  <\/span><\/span><\/li>\n<li><span style=\"font-size: 18px;background-color: var(--wd-main-bgcolor);color: var(--wd-text-color)\"><span style=\"font-size: 18px;background-color: var(--wd-main-bgcolor);color: #333333\">Apr\u00e8s la p\u00e9riode d\u2019essai, vous pouvez prendre en charge le syst\u00e8me de point de vente \u00e0 un tarif attractif, choisir d\u2019acheter du nouveau mat\u00e9riel ou de continuer \u00e0 louer.  <\/span><\/span><\/li>\n<li><span style=\"font-size: 18px;background-color: var(--wd-main-bgcolor);color: var(--wd-text-color)\"><span style=\"font-size: 18px;background-color: var(--wd-main-bgcolor);color: #333333\">Nous vous consulterons 14 jours avant la fin de la p\u00e9riode d\u2019essai.<\/span><\/span><\/li>\n<\/ul>\n<p><strong>Apr\u00e8s la p\u00e9riode d\u2019essai<\/strong><\/p>\n<p><span style=\"color: #333333\">CermePOS Version compl\u00e8te 32,50 \u20ac par mois, dur\u00e9e minimale 6 mois, annulation par trimestre.  <\/span><\/p>\n<p><strong>Souhaitez-vous vous familiariser avec un syst\u00e8me de point de vente sans obligation?<\/strong><\/p>\n\t\t\t\t<\/div>\n\t\t\t<\/div><\/div>\t\t\t\t<\/div>\n\t\t\t\t<div class=\"elementor-element elementor-element-a0b7334 elementor-hidden-desktop elementor-hidden-tablet elementor-hidden-mobile elementor-widget elementor-widget-wd_text_block\" data-id=\"a0b7334\" data-element_type=\"widget\" data-widget_type=\"wd_text_block.default\">\n\t\t\t\t<div class=\"elementor-widget-container\">\n\t\t\t\t\t\t\t<div class=\"wd-text-block reset-last-child text-left\">\n\t\t\t\n\t\t\t<p style=\"text-align: center;\"><strong> Conditions ABC, trois mois d\u2019essai gratuit<\/strong><\/p><p style=\"text-align: center;\">Avez-vous d\u00e9j\u00e0 de l\u2019\u00e9quipement? Les co\u00fbts pour la p\u00e9riode d\u2019essai sont de 0,00 \u20ac, y compris le support avec support vid\u00e9o.<\/p><p style=\"text-align: left;\">Louer un syst\u00e8me de point de vente moderne? \u20ac <span style=\"font-size: 18px; background-color: var(--wd-main-bgcolor); color: var(--wd-text-color);\">75,- par mois, <span style=\"color: #333333;\">caution<strong>*<\/strong> \u20ac 250<\/span> ,- Vous recevrez un syst\u00e8me de caisse enregistreuse avec dispositif PIN, tiroir-caisse et imprimante de re\u00e7us.<br><\/span><span style=\"font-size: 18px; background-color: var(--wd-main-bgcolor); color: var(--wd-text-color);\"><span style=\"font-size: 18px; background-color: var(--wd-main-bgcolor); color: #333333;\">La caution<strong>*<\/strong> sera restitu\u00e9e en totalit\u00e9, \u00e0 condition que nous retournions nos marchandises intactes dans leur emballage d\u2019origine. Apr\u00e8s la p\u00e9riode d\u2019essai, vous pouvez prendre en charge le syst\u00e8me de point de vente \u00e0 un tarif attractif, choisir d\u2019acheter du nouveau mat\u00e9riel ou de continuer \u00e0 louer. Nous vous consulterons 14 jours avant la fin de la p\u00e9riode d\u2019essai.<\/span><br><\/span><\/p><p style=\"text-align: center;\"><strong style=\"font-size: 18px; color: var(--wd-text-color); background-color: var(--wd-main-bgcolor);\">Apr\u00e8s la p\u00e9riode d\u2019essai<\/strong><\/p><p style=\"text-align: center;\"><span style=\"color: #333333;\">CermePOS Version compl\u00e8te 32,50 \u20ac par mois, dur\u00e9e minimale 6 mois, annulation par trimestre.  <\/span><\/p><p style=\"text-align: center;\"><strong style=\"color: #333333; font-size: 18px; text-align: center; background-color: var(--wd-main-bgcolor);\">Souhaitez-vous vous familiariser avec un syst\u00e8me de point de vente sans obligation?<\/strong><\/p>\n\t\t\t\t\t<\/div>\n\t\t\t\t\t\t<\/div>\n\t\t\t\t<\/div>\n\t\t\t\t\t<\/div>\n\t\t\t\t<\/div>\n\t\t\t\t\t<\/div>\n\t\t\t\t<\/div>\n\t\t\t\t<\/div>\n\t\t","protected":false},"excerpt":{"rendered":"<p>F\u00e9licitations pour votre nouvelle boutique! F\u00e9licitations pour votre nouvelle boutique! Nous aimerions vous aider \u00e0 trouver une bonne solution de<\/p>\n","protected":false},"author":3,"featured_media":0,"parent":0,"menu_order":0,"comment_status":"closed","ping_status":"closed","template":"","meta":{"footnotes":""},"class_list":["post-35418","page","type-page","status-publish","hentry"],"brizy_media":[],"_links":{"self":[{"href":"https:\/\/cermepos.com\/fr\/wp-json\/wp\/v2\/pages\/35418","targetHints":{"allow":["GET"]}}],"collection":[{"href":"https:\/\/cermepos.com\/fr\/wp-json\/wp\/v2\/pages"}],"about":[{"href":"https:\/\/cermepos.com\/fr\/wp-json\/wp\/v2\/types\/page"}],"author":[{"embeddable":true,"href":"https:\/\/cermepos.com\/fr\/wp-json\/wp\/v2\/users\/3"}],"replies":[{"embeddable":true,"href":"https:\/\/cermepos.com\/fr\/wp-json\/wp\/v2\/comments?post=35418"}],"version-history":[{"count":0,"href":"https:\/\/cermepos.com\/fr\/wp-json\/wp\/v2\/pages\/35418\/revisions"}],"wp:attachment":[{"href":"https:\/\/cermepos.com\/fr\/wp-json\/wp\/v2\/media?parent=35418"}],"curies":[{"name":"wp","href":"https:\/\/api.w.org\/{rel}","templated":true}]}}