{"id":34461,"date":"2023-06-06T14:29:05","date_gmt":"2023-06-06T12:29:05","guid":{"rendered":"https:\/\/www.cermepos.com\/oplossing\/glory-machine-ci-50\/"},"modified":"2023-06-06T14:29:05","modified_gmt":"2023-06-06T12:29:05","slug":"glory-machine-ci-50","status":"publish","type":"product","link":"https:\/\/cermepos.com\/fr\/oplossing\/glory-machine-ci-50\/","title":{"rendered":"Glory Machine &#8211; CI-50"},"content":{"rendered":"<h1>Glory Machine &#8211; CI-50 Back Office &#8211; Recycleur de billets et de charbon<\/h1>\n<p>La manipulation et le transfert d\u2019argent dans n\u2019importe quel environnement de vente au d\u00e9tail peuvent \u00eatre co\u00fbteux et affecter l\u2019efficacit\u00e9 de votre personnel et de vos op\u00e9rations. Le CI-50 pour le back office fait partie de notre solution dynamique CASHINFINITY\u2122. Une solution compacte de gestion de tr\u00e9sorerie de d\u00e9tail qui combine \u00e0 la fois un recycleur de billets et de pi\u00e8ces de monnaie. Le CI-50 acc\u00e9l\u00e8re les processus de financement du back-office dans les endroits \u00e0 faible co\u00fbt. Le CI-50 augmente la productivit\u00e9 de votre main-d\u2019\u0153uvre et r\u00e9duit le risque de perdre de l\u2019argent, et permet \u00e0 votre personnel de se concentrer sur des activit\u00e9s plus pr\u00e9cieuses qui am\u00e9liorent l\u2019exp\u00e9rience client et stimulent la croissance de l\u2019entreprise.<\/p>\n<p><strong>Sp\u00e9cifications<\/strong><br \/>\n<strong>TAILLE<\/strong><\/p>\n<p><strong>AVEC COLLECTION DE CASSETTES :<\/strong><\/p>\n<ul>\n<li style=\"list-style-type: none;\">\n<ul>\n<li>CI-50B (sans moniteur) : 340 mm x 800 mm x 900 mm &#8211; UL-291 Coffre-fort 24 heures (*hauteur du moniteur : 480 mm)<\/li>\n<li>CI-10C : 270 mm x 795 mm x 900 mm<\/li>\n<\/ul>\n<\/li>\n<\/ul>\n<p><strong>AVEC SAC DE S\u00c9CURIT\u00c9 EN CHUTE LIBRE:<\/strong><\/p>\n<ul>\n<li style=\"list-style-type: none;\">\n<ul>\n<li>CI-50B (sans moniteur): 400m x 980mm x 920mm (coffre-fort CENIII)<\/li>\n<li>CI-10C : 270 mm x 795 mm x 900 mm<\/li>\n<\/ul>\n<\/li>\n<\/ul>\n<p><strong>AVEC SAC DE COFFRE-FORT EMPILABLE:<\/strong><\/p>\n<ul>\n<li style=\"list-style-type: none;\">\n<ul>\n<li>CI-50B (sans moniteur) : 340 mm x 950 mm x 900 mm UL-291 24 heures de s\u00e9curit\u00e9 (*hauteur du moniteur : 560 mm)<\/li>\n<li>CI-10C : 270 mm x 795 mm x 900 mm<\/li>\n<\/ul>\n<\/li>\n<\/ul>\n<p><strong>TYPES S\u00dbRS<\/strong><\/p>\n<ul>\n<li style=\"list-style-type: none;\">\n<ul>\n<li>UL-291<\/li>\n<li>CENIII (avec sac de s\u00e9curit\u00e9 en chute libre et sac de s\u00e9curit\u00e9 empilable)<\/li>\n<li>CENIV (uniquement avec sac de s\u00e9curit\u00e9 empilable)<\/li>\n<\/ul>\n<\/li>\n<\/ul>\n<p>&nbsp;<\/p>\n<p>&nbsp;<\/p>\n","protected":false},"excerpt":{"rendered":"<p><strong>Glory Machine &#8211; CI-50<\/strong><\/p>\n<p>Convient pour, entre autres, un march\u00e9 de gros, o\u00f9 de grosses sommes d\u2019argent doivent \u00eatre rapidement compt\u00e9es et examin\u00e9es pour d\u00e9tecter les faux billets. Capacit\u00e9, avant de devoir remplir ou vider la cassette, 1 200 transactions.<\/p>\n","protected":false},"featured_media":33474,"comment_status":"open","ping_status":"closed","template":"","meta":[],"product_brand":[],"product_cat":[1609,1608],"product_tag":[],"class_list":{"0":"post-34461","1":"product","2":"type-product","3":"status-publish","4":"has-post-thumbnail","6":"product_cat-automatisation-de-la-tresorerie","7":"product_cat-systemes-de-point-de-vente-materiels","9":"first","10":"instock","11":"shipping-taxable","12":"product-type-simple"},"brizy_media":[],"_links":{"self":[{"href":"https:\/\/cermepos.com\/fr\/wp-json\/wp\/v2\/product\/34461","targetHints":{"allow":["GET"]}}],"collection":[{"href":"https:\/\/cermepos.com\/fr\/wp-json\/wp\/v2\/product"}],"about":[{"href":"https:\/\/cermepos.com\/fr\/wp-json\/wp\/v2\/types\/product"}],"replies":[{"embeddable":true,"href":"https:\/\/cermepos.com\/fr\/wp-json\/wp\/v2\/comments?post=34461"}],"version-history":[{"count":0,"href":"https:\/\/cermepos.com\/fr\/wp-json\/wp\/v2\/product\/34461\/revisions"}],"wp:featuredmedia":[{"embeddable":true,"href":"https:\/\/cermepos.com\/fr\/wp-json\/wp\/v2\/media\/33474"}],"wp:attachment":[{"href":"https:\/\/cermepos.com\/fr\/wp-json\/wp\/v2\/media?parent=34461"}],"wp:term":[{"taxonomy":"product_brand","embeddable":true,"href":"https:\/\/cermepos.com\/fr\/wp-json\/wp\/v2\/product_brand?post=34461"},{"taxonomy":"product_cat","embeddable":true,"href":"https:\/\/cermepos.com\/fr\/wp-json\/wp\/v2\/product_cat?post=34461"},{"taxonomy":"product_tag","embeddable":true,"href":"https:\/\/cermepos.com\/fr\/wp-json\/wp\/v2\/product_tag?post=34461"}],"curies":[{"name":"wp","href":"https:\/\/api.w.org\/{rel}","templated":true}]}}