{"id":34463,"date":"2023-06-06T14:19:41","date_gmt":"2023-06-06T12:19:41","guid":{"rendered":"https:\/\/www.cermepos.com\/oplossing\/glory-machine-ci-10x\/"},"modified":"2023-06-06T14:19:41","modified_gmt":"2023-06-06T12:19:41","slug":"glory-machine-ci-10x","status":"publish","type":"product","link":"https:\/\/cermepos.com\/fr\/oplossing\/glory-machine-ci-10x\/","title":{"rendered":"Glory Machine &#8211; CI-10X"},"content":{"rendered":"<h1><strong>Glory Machine &#8211; CI-10X pour le point de vente<\/strong><\/h1>\n<p>Avec une conception remani\u00e9e qui am\u00e9liore le fonctionnement pour le personnel et les clients, la solution de recyclage d\u2019argent CI-10X \u00e9limine le besoin pour le personnel de manipuler de l\u2019argent au point de vente. En automatisant la manipulation des esp\u00e8ces, le risque d\u2019erreurs et de pertes est minimis\u00e9, tout en am\u00e9liorant la productivit\u00e9 du personnel et du service \u00e0 la client\u00e8le. CI-10X peut \u00e9galement v\u00e9rifier et optimiser automatiquement l\u2019alimentation en esp\u00e8ces dans l\u2019appareil. Il relie les mouvements d\u2019esp\u00e8ces de mani\u00e8re pr\u00e9cise, efficace et fluide, afin d\u2019am\u00e9liorer la manipulation des esp\u00e8ces pour les consommateurs et les d\u00e9taillants; Offrez un choix de paiement et am\u00e9liorez l\u2019exp\u00e9rience d\u2019achat de votre consommateur.<\/p>\n<p><strong>Sp\u00e9cifications<\/strong><br \/>\n<strong>FAITES ATTENTION AU MODULE DE RECYCLAGE<\/strong><\/p>\n<p>4 modules de recyclage (4 x 100 notes)<\/p>\n<p><strong>CAPACIT\u00c9 TOTALE DES NOTES<\/strong><\/p>\n<ul>\n<li>700 notes (type cassette d\u2019interface)<\/li>\n<li>850 &#8211; 760 billets (type cassette collector)<\/li>\n<\/ul>\n<p>En fonction de la qualit\u00e9 du billet. Les capacit\u00e9s sont fournies \u00e0 titre indicatif et ne peuvent \u00eatre garanties.<\/p>\n<p><strong>MODULES POUR LE RECYCLAGE DES PI\u00c8CES<\/strong><\/p>\n<ul>\n<li>8 gerbeurs de recyclage<\/li>\n<\/ul>\n","protected":false},"excerpt":{"rendered":"<h2><strong>Glory Machine &#8211; CI-10X<\/strong><\/h2>\n<p>Grand fr\u00e8re de la CI-5X, cette machine \u00e0 changer est pos\u00e9e sur le sol. Il a une grande capacit\u00e9, jusqu\u2019\u00e0 600 transactions avant de devoir vider ou r\u00e9approvisionner la cassette de caisse.<\/p>\n","protected":false},"featured_media":33471,"comment_status":"open","ping_status":"closed","template":"","meta":[],"product_brand":[],"product_cat":[1609,1608],"product_tag":[],"class_list":{"0":"post-34463","1":"product","2":"type-product","3":"status-publish","4":"has-post-thumbnail","6":"product_cat-automatisation-de-la-tresorerie","7":"product_cat-systemes-de-point-de-vente-materiels","9":"first","10":"instock","11":"shipping-taxable","12":"product-type-simple"},"brizy_media":[],"_links":{"self":[{"href":"https:\/\/cermepos.com\/fr\/wp-json\/wp\/v2\/product\/34463","targetHints":{"allow":["GET"]}}],"collection":[{"href":"https:\/\/cermepos.com\/fr\/wp-json\/wp\/v2\/product"}],"about":[{"href":"https:\/\/cermepos.com\/fr\/wp-json\/wp\/v2\/types\/product"}],"replies":[{"embeddable":true,"href":"https:\/\/cermepos.com\/fr\/wp-json\/wp\/v2\/comments?post=34463"}],"version-history":[{"count":0,"href":"https:\/\/cermepos.com\/fr\/wp-json\/wp\/v2\/product\/34463\/revisions"}],"wp:featuredmedia":[{"embeddable":true,"href":"https:\/\/cermepos.com\/fr\/wp-json\/wp\/v2\/media\/33471"}],"wp:attachment":[{"href":"https:\/\/cermepos.com\/fr\/wp-json\/wp\/v2\/media?parent=34463"}],"wp:term":[{"taxonomy":"product_brand","embeddable":true,"href":"https:\/\/cermepos.com\/fr\/wp-json\/wp\/v2\/product_brand?post=34463"},{"taxonomy":"product_cat","embeddable":true,"href":"https:\/\/cermepos.com\/fr\/wp-json\/wp\/v2\/product_cat?post=34463"},{"taxonomy":"product_tag","embeddable":true,"href":"https:\/\/cermepos.com\/fr\/wp-json\/wp\/v2\/product_tag?post=34463"}],"curies":[{"name":"wp","href":"https:\/\/api.w.org\/{rel}","templated":true}]}}