{"id":34468,"date":"2023-06-05T14:41:12","date_gmt":"2023-06-05T12:41:12","guid":{"rendered":"https:\/\/www.cermepos.com\/oplossing\/glory-machine-ci-5\/"},"modified":"2023-06-05T14:41:12","modified_gmt":"2023-06-05T12:41:12","slug":"gloire-machine-ci-5","status":"publish","type":"product","link":"https:\/\/cermepos.com\/fr\/oplossing\/gloire-machine-ci-5\/","title":{"rendered":"Glory Machine &#8211; CI-5"},"content":{"rendered":"<h1>Glory Machine &#8211; CI-5 &#8211; Syst\u00e8me de recyclage de l\u2019argent<\/h1>\n<p>La manipulation et le transfert d\u2019argent dans n\u2019importe quel environnement de vente au d\u00e9tail peuvent \u00eatre co\u00fbteux et affecter l\u2019efficacit\u00e9 de votre personnel et de vos op\u00e9rations. Quelle que soit la taille de votre entreprise, vous avez besoin d\u2019une solution de gestion de tr\u00e9sorerie flexible qui r\u00e9pond avec succ\u00e8s \u00e0 vos d\u00e9fis et objectifs uniques. Le syst\u00e8me de recyclage de l\u2019argent petit CI-5, qui fait partie de notre solution\u2122 dynamique CASHINFINITY, \u00e9limine le besoin pour le personnel de traiter l\u2019argent au point de vente. Lorsqu\u2019il est int\u00e9gr\u00e9 \u00e0 votre syst\u00e8me de point de vente existant, le CI-5 automatise en toute s\u00e9curit\u00e9 la manipulation des esp\u00e8ces aux postes de paiement, minimisant ainsi le risque d\u2019erreurs et de pertes et am\u00e9liorant la productivit\u00e9 du personnel et du service client.<\/p>\n<h3>Sp\u00e9cifications<\/h3>\n<p><strong>DISPONIBILIT\u00c9<\/strong><\/p>\n<p>Contactez <a href=\"\/?page_id=12812\"><strong>CermePOS<\/strong> <\/a>pour conna\u00eetre la disponibilit\u00e9 dans des pays sp\u00e9cifiques<\/p>\n<p><strong>TAILLE<\/strong><\/p>\n<ul>\n<li style=\"list-style-type: none;\">\n<ul>\n<li>CI-5C : 300 (H) x 320 (L) x 590 (P) mm<\/li>\n<li>CI-5B: 300 (H) x 200 (W) x 590 (P) mm<\/li>\n<\/ul>\n<\/li>\n<\/ul>\n<p><strong>FAITES ATTENTION AU MODULE DE RECYCLAGE<\/strong><\/p>\n<ul>\n<li style=\"list-style-type: none;\">\n<ul>\n<li>CI-5B : 3 modules de recyclage<\/li>\n<li>CI-5B : module gratuit pour les am\u00e9nagements de recyclage<\/li>\n<li>CI-5C : 8 modules de recyclage<\/li>\n<li>CI-5C : module de recyclage de mise en page libre<\/li>\n<\/ul>\n<\/li>\n<\/ul>\n<p><strong>CAPACIT\u00c9 TOTALE DES NOTES<\/strong><\/p>\n<ul>\n<li style=\"list-style-type: none;\">\n<ul>\n<li>Billets de 300* (*selon l\u2019\u00e9paisseur des billets)<\/li>\n<\/ul>\n<\/li>\n<\/ul>\n","protected":false},"excerpt":{"rendered":"<p>Machine Glory &#8211; CI-5 . Ce distributeur automatique de billets est utilis\u00e9 dans les magasins avec beaucoup d\u2019argent, tels que la restauration rapide, la boulangerie ou un supermarch\u00e9. Il est de taille limit\u00e9e et prend peu de place.  <span style=\"background-color: var(--wd-main-bgcolor); color: var(--wd-text-color); font-size: 18px;\">Capacit\u00e9 : une moyenne de 200 transactions avant de devoir remplir ou vider la cassette.<\/span><\/p>\n","protected":false},"featured_media":33468,"comment_status":"open","ping_status":"closed","template":"","meta":[],"product_brand":[],"product_cat":[1609,1608],"product_tag":[],"class_list":{"0":"post-34468","1":"product","2":"type-product","3":"status-publish","4":"has-post-thumbnail","6":"product_cat-automatisation-de-la-tresorerie","7":"product_cat-systemes-de-point-de-vente-materiels","9":"first","10":"instock","11":"shipping-taxable","12":"product-type-simple"},"brizy_media":[],"_links":{"self":[{"href":"https:\/\/cermepos.com\/fr\/wp-json\/wp\/v2\/product\/34468","targetHints":{"allow":["GET"]}}],"collection":[{"href":"https:\/\/cermepos.com\/fr\/wp-json\/wp\/v2\/product"}],"about":[{"href":"https:\/\/cermepos.com\/fr\/wp-json\/wp\/v2\/types\/product"}],"replies":[{"embeddable":true,"href":"https:\/\/cermepos.com\/fr\/wp-json\/wp\/v2\/comments?post=34468"}],"version-history":[{"count":0,"href":"https:\/\/cermepos.com\/fr\/wp-json\/wp\/v2\/product\/34468\/revisions"}],"wp:featuredmedia":[{"embeddable":true,"href":"https:\/\/cermepos.com\/fr\/wp-json\/wp\/v2\/media\/33468"}],"wp:attachment":[{"href":"https:\/\/cermepos.com\/fr\/wp-json\/wp\/v2\/media?parent=34468"}],"wp:term":[{"taxonomy":"product_brand","embeddable":true,"href":"https:\/\/cermepos.com\/fr\/wp-json\/wp\/v2\/product_brand?post=34468"},{"taxonomy":"product_cat","embeddable":true,"href":"https:\/\/cermepos.com\/fr\/wp-json\/wp\/v2\/product_cat?post=34468"},{"taxonomy":"product_tag","embeddable":true,"href":"https:\/\/cermepos.com\/fr\/wp-json\/wp\/v2\/product_tag?post=34468"}],"curies":[{"name":"wp","href":"https:\/\/api.w.org\/{rel}","templated":true}]}}