{"id":34469,"date":"2023-05-26T16:27:22","date_gmt":"2023-05-26T14:27:22","guid":{"rendered":"https:\/\/www.cermepos.com\/oplossing\/application-cerme-webshop-android\/"},"modified":"2023-05-26T16:27:22","modified_gmt":"2023-05-26T14:27:22","slug":"cerme-webshop-android-app","status":"publish","type":"product","link":"https:\/\/cermepos.com\/fr\/oplossing\/cerme-webshop-android-app\/","title":{"rendered":"APPLICATION CERME WEBSHOP ANDROID"},"content":{"rendered":"<h1>APPLICATION CERME WEBSHOP ANDROID<\/h1>\n<p>Cette application est enti\u00e8rement int\u00e9gr\u00e9e \u00e0 la plate-forme Cerme Webshop.<\/p>\n<p>&#8211; Les clients ne voient leurs propres prix qu\u2019apr\u00e8s s\u2019\u00eatre connect\u00e9s;<\/p>\n<p>&#8211; Ex\u00e9cut\u00e9 dans votre identit\u00e9 d\u2019entreprise;<\/p>\n<p>&#8211; L\u2019application contient un scanner qui utilise l\u2019appareil photo du smartphone;6<\/p>\n<p>&#8211; Vos clients scannent les produits qu\u2019ils souhaitent commander dans leur magasin;<\/p>\n<p>&#8211; Vous recevez des commandes parfaites et vous pouvez faire des offres intelligentes.<\/p>\n<p style=\"text-align: center;\"><strong><br \/>\n  <em>Demandez une rencontre d\u2019inspiration gratuite, avec vous et \/ ou vos employ\u00e9s, <\/em><br \/>\n<\/strong><strong><br \/>\n  <em>laissez-nous vous \u00e9tonner!<\/em><br \/>\n<\/strong><\/p>\n","protected":false},"excerpt":{"rendered":"<p>APPLICATION CERME WEBSHOP ANDROID Cette application est enti\u00e8rement int\u00e9gr\u00e9e \u00e0 la plate-forme Cerme Webshop. &#8211; Les clients ne voient leurs<\/p>\n","protected":false},"featured_media":33447,"comment_status":"open","ping_status":"closed","template":"","meta":[],"product_brand":[],"product_cat":[1612],"product_tag":[],"class_list":{"0":"post-34469","1":"product","2":"type-product","3":"status-publish","4":"has-post-thumbnail","6":"product_cat-systemes-de-point-de-vente-logiciels","8":"first","9":"instock","10":"shipping-taxable","11":"product-type-simple"},"brizy_media":[],"_links":{"self":[{"href":"https:\/\/cermepos.com\/fr\/wp-json\/wp\/v2\/product\/34469","targetHints":{"allow":["GET"]}}],"collection":[{"href":"https:\/\/cermepos.com\/fr\/wp-json\/wp\/v2\/product"}],"about":[{"href":"https:\/\/cermepos.com\/fr\/wp-json\/wp\/v2\/types\/product"}],"replies":[{"embeddable":true,"href":"https:\/\/cermepos.com\/fr\/wp-json\/wp\/v2\/comments?post=34469"}],"version-history":[{"count":0,"href":"https:\/\/cermepos.com\/fr\/wp-json\/wp\/v2\/product\/34469\/revisions"}],"wp:featuredmedia":[{"embeddable":true,"href":"https:\/\/cermepos.com\/fr\/wp-json\/wp\/v2\/media\/33447"}],"wp:attachment":[{"href":"https:\/\/cermepos.com\/fr\/wp-json\/wp\/v2\/media?parent=34469"}],"wp:term":[{"taxonomy":"product_brand","embeddable":true,"href":"https:\/\/cermepos.com\/fr\/wp-json\/wp\/v2\/product_brand?post=34469"},{"taxonomy":"product_cat","embeddable":true,"href":"https:\/\/cermepos.com\/fr\/wp-json\/wp\/v2\/product_cat?post=34469"},{"taxonomy":"product_tag","embeddable":true,"href":"https:\/\/cermepos.com\/fr\/wp-json\/wp\/v2\/product_tag?post=34469"}],"curies":[{"name":"wp","href":"https:\/\/api.w.org\/{rel}","templated":true}]}}