{"id":34480,"date":"2023-05-26T16:27:51","date_gmt":"2023-05-26T14:27:51","guid":{"rendered":"https:\/\/www.cermepos.com\/oplossing\/application-cerme-webshop-ios\/"},"modified":"2023-06-21T12:05:39","modified_gmt":"2023-06-21T10:05:39","slug":"application-cerme-webshop-ios","status":"publish","type":"product","link":"https:\/\/cermepos.com\/fr\/oplossing\/application-cerme-webshop-ios\/","title":{"rendered":"APPLICATION CERME WEBSHOP IOS"},"content":{"rendered":"\t\t<div data-elementor-type=\"wp-post\" data-elementor-id=\"34480\" class=\"elementor elementor-34480 elementor-30910\">\n\t\t\t\t\t\t<section class=\"wd-negative-gap elementor-section elementor-top-section elementor-element elementor-element-59eabb5a elementor-section-boxed elementor-section-height-default elementor-section-height-default\" data-id=\"59eabb5a\" data-element_type=\"section\">\n\t\t\t\t\t\t<div class=\"elementor-container elementor-column-gap-default\">\n\t\t\t\t\t<div class=\"elementor-column elementor-col-100 elementor-top-column elementor-element elementor-element-601217f0\" data-id=\"601217f0\" data-element_type=\"column\">\n\t\t\t<div class=\"elementor-widget-wrap elementor-element-populated\">\n\t\t\t\t\t\t<div class=\"elementor-element elementor-element-778792e color-scheme-inherit text-left elementor-widget elementor-widget-text-editor\" data-id=\"778792e\" data-element_type=\"widget\" data-widget_type=\"text-editor.default\">\n\t\t\t\t\t\t\t\t\t<p><strong>Application de boutique en ligne<\/strong> IOS natif<\/p>\n<p>Cette application est enti\u00e8rement int\u00e9gr\u00e9e \u00e0 la plate-forme Cerme Webshop.<\/p>\n<p>&#8211; Les clients ne voient leurs propres prix qu\u2019apr\u00e8s s\u2019\u00eatre connect\u00e9s;<\/p>\n<p>&#8211; Ex\u00e9cut\u00e9 dans votre identit\u00e9 d\u2019entreprise;<\/p>\n<p>&#8211; L\u2019application contient un scanner qui utilise l\u2019appareil photo du smartphone;<\/p>\n<p>&#8211; Vos clients scannent les produits qu\u2019ils souhaitent commander dans leur magasin;<\/p>\n<p>&#8211; Vous recevez des commandes parfaites et vous pouvez faire des offres intelligentes.<\/p>\n<p style=\"text-align: center;\"><strong><br \/>\n  <em>Demandez une rencontre d\u2019inspiration gratuite, avec vous et \/ ou vos employ\u00e9s, <\/em><br \/>\n<\/strong><strong><br \/>\n  <em>laissez-nous vous \u00e9tonner!<\/em><br \/>\n<\/strong><\/p>\n\t\t\t\t\t\t\t\t<\/div>\n\t\t\t\t\t<\/div>\n\t\t<\/div>\n\t\t\t\t\t<\/div>\n\t\t<\/section>\n\t\t\t\t<\/div>\n\t\t","protected":false},"excerpt":{"rendered":"<p>Application de boutique en ligne IOS natif Cette application est enti\u00e8rement int\u00e9gr\u00e9e \u00e0 la plate-forme Cerme Webshop. &#8211; Les clients<\/p>\n","protected":false},"featured_media":33441,"comment_status":"open","ping_status":"closed","template":"","meta":[],"product_brand":[],"product_cat":[1612],"product_tag":[],"class_list":{"0":"post-34480","1":"product","2":"type-product","3":"status-publish","4":"has-post-thumbnail","6":"product_cat-systemes-de-point-de-vente-logiciels","8":"first","9":"instock","10":"shipping-taxable","11":"product-type-simple"},"brizy_media":[],"_links":{"self":[{"href":"https:\/\/cermepos.com\/fr\/wp-json\/wp\/v2\/product\/34480","targetHints":{"allow":["GET"]}}],"collection":[{"href":"https:\/\/cermepos.com\/fr\/wp-json\/wp\/v2\/product"}],"about":[{"href":"https:\/\/cermepos.com\/fr\/wp-json\/wp\/v2\/types\/product"}],"replies":[{"embeddable":true,"href":"https:\/\/cermepos.com\/fr\/wp-json\/wp\/v2\/comments?post=34480"}],"version-history":[{"count":0,"href":"https:\/\/cermepos.com\/fr\/wp-json\/wp\/v2\/product\/34480\/revisions"}],"wp:featuredmedia":[{"embeddable":true,"href":"https:\/\/cermepos.com\/fr\/wp-json\/wp\/v2\/media\/33441"}],"wp:attachment":[{"href":"https:\/\/cermepos.com\/fr\/wp-json\/wp\/v2\/media?parent=34480"}],"wp:term":[{"taxonomy":"product_brand","embeddable":true,"href":"https:\/\/cermepos.com\/fr\/wp-json\/wp\/v2\/product_brand?post=34480"},{"taxonomy":"product_cat","embeddable":true,"href":"https:\/\/cermepos.com\/fr\/wp-json\/wp\/v2\/product_cat?post=34480"},{"taxonomy":"product_tag","embeddable":true,"href":"https:\/\/cermepos.com\/fr\/wp-json\/wp\/v2\/product_tag?post=34480"}],"curies":[{"name":"wp","href":"https:\/\/api.w.org\/{rel}","templated":true}]}}