{"id":34492,"date":"2023-05-26T16:24:49","date_gmt":"2023-05-26T14:24:49","guid":{"rendered":"https:\/\/www.cermepos.com\/oplossing\/cermepos-wamas\/"},"modified":"2023-06-21T12:09:14","modified_gmt":"2023-06-21T10:09:14","slug":"cermepos-wamas","status":"publish","type":"product","link":"https:\/\/cermepos.com\/fr\/oplossing\/cermepos-wamas\/","title":{"rendered":"CermePOS WaMas"},"content":{"rendered":"\t\t<div data-elementor-type=\"wp-post\" data-elementor-id=\"34492\" class=\"elementor elementor-34492 elementor-30902\">\n\t\t\t\t\t\t<section class=\"wd-negative-gap elementor-section elementor-top-section elementor-element elementor-element-7ff7a278 elementor-section-boxed elementor-section-height-default elementor-section-height-default\" data-id=\"7ff7a278\" data-element_type=\"section\">\n\t\t\t\t\t\t<div class=\"elementor-container elementor-column-gap-default\">\n\t\t\t\t\t<div class=\"elementor-column elementor-col-100 elementor-top-column elementor-element elementor-element-50351ca0\" data-id=\"50351ca0\" data-element_type=\"column\">\n\t\t\t<div class=\"elementor-widget-wrap elementor-element-populated\">\n\t\t\t\t\t\t<div class=\"elementor-element elementor-element-7125cab1 color-scheme-inherit text-left elementor-widget elementor-widget-text-editor\" data-id=\"7125cab1\" data-element_type=\"widget\" data-widget_type=\"text-editor.default\">\n\t\t\t\t\t\t\t\t\t<p>Module d\u2019entrep\u00f4t CermePOS WAMAS, fonctionne en combinaison avec CermePOS-Handel.<\/p>\n<p><span style=\"font-size: 18px; background-color: var(--wd-main-bgcolor); color: var(--wd-text-color);\">Avec l\u2019application mobile et le mat\u00e9riel CermePOS WAMAS, vous pouvez facilement r\u00e9aliser la pr\u00e9paration et l\u2019emballage des commandes.<\/span><\/p>\n\t\t\t\t\t\t\t\t<\/div>\n\t\t\t\t\t<\/div>\n\t\t<\/div>\n\t\t\t\t\t<\/div>\n\t\t<\/section>\n\t\t\t\t<\/div>\n\t\t","protected":false},"excerpt":{"rendered":"<p>Module d\u2019entrep\u00f4t CermePOS WAMAS, fonctionne en combinaison avec CermePOS-Handel. Avec l\u2019application mobile et le mat\u00e9riel CermePOS WAMAS, vous pouvez facilement<\/p>\n","protected":false},"featured_media":0,"comment_status":"open","ping_status":"closed","template":"","meta":[],"product_brand":[],"product_cat":[1612],"product_tag":[],"class_list":{"0":"post-34492","1":"product","2":"type-product","3":"status-publish","5":"product_cat-systemes-de-point-de-vente-logiciels","7":"first","8":"instock","9":"shipping-taxable","10":"product-type-simple"},"brizy_media":[],"_links":{"self":[{"href":"https:\/\/cermepos.com\/fr\/wp-json\/wp\/v2\/product\/34492","targetHints":{"allow":["GET"]}}],"collection":[{"href":"https:\/\/cermepos.com\/fr\/wp-json\/wp\/v2\/product"}],"about":[{"href":"https:\/\/cermepos.com\/fr\/wp-json\/wp\/v2\/types\/product"}],"replies":[{"embeddable":true,"href":"https:\/\/cermepos.com\/fr\/wp-json\/wp\/v2\/comments?post=34492"}],"version-history":[{"count":0,"href":"https:\/\/cermepos.com\/fr\/wp-json\/wp\/v2\/product\/34492\/revisions"}],"wp:attachment":[{"href":"https:\/\/cermepos.com\/fr\/wp-json\/wp\/v2\/media?parent=34492"}],"wp:term":[{"taxonomy":"product_brand","embeddable":true,"href":"https:\/\/cermepos.com\/fr\/wp-json\/wp\/v2\/product_brand?post=34492"},{"taxonomy":"product_cat","embeddable":true,"href":"https:\/\/cermepos.com\/fr\/wp-json\/wp\/v2\/product_cat?post=34492"},{"taxonomy":"product_tag","embeddable":true,"href":"https:\/\/cermepos.com\/fr\/wp-json\/wp\/v2\/product_tag?post=34492"}],"curies":[{"name":"wp","href":"https:\/\/api.w.org\/{rel}","templated":true}]}}