{"id":34497,"date":"2023-05-26T16:24:25","date_gmt":"2023-05-26T14:24:25","guid":{"rendered":"https:\/\/www.cermepos.com\/oplossing\/boutique-en-ligne-cermepos\/"},"modified":"2023-05-26T16:24:25","modified_gmt":"2023-05-26T14:24:25","slug":"cermepos-boutique-en-ligne","status":"publish","type":"product","link":"https:\/\/cermepos.com\/fr\/oplossing\/cermepos-boutique-en-ligne\/","title":{"rendered":"Boutique en ligne CermePOS"},"content":{"rendered":"<p>Une plate-forme de boutique en ligne de pointe enti\u00e8rement int\u00e9gr\u00e9e \u00e0 CermePOS. Bien s\u00fbr, le classement SEO Google est une optimisation importante de cette boutique en ligne. Avec l\u2019int\u00e9gration de Google Tag Manager, vous pouvez suivre toutes vos statistiques et performances. Vous pouvez utiliser le module de paiement pour accepter IDEAL, Bancontact, Creditcads, Sofort, Klara. Le module logistique int\u00e9gr\u00e9 vous permet d\u2019imprimer tr\u00e8s facilement des \u00e9tiquettes de colis directement pour le transitaire que vous pr\u00e9f\u00e9rez, tel que DHL, Postnl, DPD, FedEx, POST, DSV, Homerr, Brenger, Bringly.<\/p>\n","protected":false},"excerpt":{"rendered":"<p>Une plate-forme de boutique en ligne de pointe enti\u00e8rement int\u00e9gr\u00e9e \u00e0 CermePOS. Bien s\u00fbr, le classement SEO Google est une<\/p>\n","protected":false},"featured_media":0,"comment_status":"open","ping_status":"closed","template":"","meta":[],"product_brand":[],"product_cat":[1612],"product_tag":[],"class_list":{"0":"post-34497","1":"product","2":"type-product","3":"status-publish","5":"product_cat-systemes-de-point-de-vente-logiciels","7":"first","8":"instock","9":"shipping-taxable","10":"product-type-simple"},"brizy_media":[],"_links":{"self":[{"href":"https:\/\/cermepos.com\/fr\/wp-json\/wp\/v2\/product\/34497","targetHints":{"allow":["GET"]}}],"collection":[{"href":"https:\/\/cermepos.com\/fr\/wp-json\/wp\/v2\/product"}],"about":[{"href":"https:\/\/cermepos.com\/fr\/wp-json\/wp\/v2\/types\/product"}],"replies":[{"embeddable":true,"href":"https:\/\/cermepos.com\/fr\/wp-json\/wp\/v2\/comments?post=34497"}],"version-history":[{"count":0,"href":"https:\/\/cermepos.com\/fr\/wp-json\/wp\/v2\/product\/34497\/revisions"}],"wp:attachment":[{"href":"https:\/\/cermepos.com\/fr\/wp-json\/wp\/v2\/media?parent=34497"}],"wp:term":[{"taxonomy":"product_brand","embeddable":true,"href":"https:\/\/cermepos.com\/fr\/wp-json\/wp\/v2\/product_brand?post=34497"},{"taxonomy":"product_cat","embeddable":true,"href":"https:\/\/cermepos.com\/fr\/wp-json\/wp\/v2\/product_cat?post=34497"},{"taxonomy":"product_tag","embeddable":true,"href":"https:\/\/cermepos.com\/fr\/wp-json\/wp\/v2\/product_tag?post=34497"}],"curies":[{"name":"wp","href":"https:\/\/api.w.org\/{rel}","templated":true}]}}