{"id":34502,"date":"2023-05-26T16:23:58","date_gmt":"2023-05-26T14:23:58","guid":{"rendered":"https:\/\/www.cermepos.com\/oplossing\/logiciel-de-nettoyage-a-sec-cermepos\/"},"modified":"2023-05-26T16:23:58","modified_gmt":"2023-05-26T14:23:58","slug":"logiciel-de-nettoyage-a-sec-cermepos","status":"publish","type":"product","link":"https:\/\/cermepos.com\/fr\/oplossing\/logiciel-de-nettoyage-a-sec-cermepos\/","title":{"rendered":"Logiciel de nettoyage \u00e0 sec CermePOS"},"content":{"rendered":"<p>CermePOS-Nettoyage \u00e0 sec \/ R\u00e9paration de v\u00eatements<\/p>\n<p>Logiciel de caisse enregistreuse qui a fait ses preuves dans le segment du nettoyage \u00e0 sec et de la r\u00e9paration de v\u00eatements. Une attention particuli\u00e8re a \u00e9t\u00e9 accord\u00e9e \u00e0 l\u2019aper\u00e7u des points \u00e0 l\u2019examen. A l\u2019arriv\u00e9e, un re\u00e7u lavable est imprim\u00e9 avec le num\u00e9ro de s\u00e9rie, ce num\u00e9ro est \u00e9galement mentionn\u00e9 sur le re\u00e7u. Payer directement ou apr\u00e8s n\u2019est pas un probl\u00e8me du tout, le syst\u00e8me de point de vente vous avertit si le paiement n\u2019a pas encore \u00e9t\u00e9 effectu\u00e9. Si vous avez des accords sp\u00e9ciaux avec des clients, aucun probl\u00e8me n\u2019a \u00e9t\u00e9 pris en compte.<\/p>\n<p style=\"text-align: center;\"><strong><em>Si vous voulez savoir comment cr\u00e9er un environnement de point de vente optimal, nous sommes heureux de vous aider.  <\/em><\/strong><\/p>\n<p>&nbsp;<\/p>\n","protected":false},"excerpt":{"rendered":"<p>CermePOS-Nettoyage \u00e0 sec \/ R\u00e9paration de v\u00eatements Logiciel de caisse enregistreuse qui a fait ses preuves dans le segment du<\/p>\n","protected":false},"featured_media":0,"comment_status":"open","ping_status":"closed","template":"","meta":[],"product_brand":[],"product_cat":[1612],"product_tag":[],"class_list":{"0":"post-34502","1":"product","2":"type-product","3":"status-publish","5":"product_cat-systemes-de-point-de-vente-logiciels","7":"first","8":"instock","9":"shipping-taxable","10":"product-type-simple"},"brizy_media":[],"_links":{"self":[{"href":"https:\/\/cermepos.com\/fr\/wp-json\/wp\/v2\/product\/34502","targetHints":{"allow":["GET"]}}],"collection":[{"href":"https:\/\/cermepos.com\/fr\/wp-json\/wp\/v2\/product"}],"about":[{"href":"https:\/\/cermepos.com\/fr\/wp-json\/wp\/v2\/types\/product"}],"replies":[{"embeddable":true,"href":"https:\/\/cermepos.com\/fr\/wp-json\/wp\/v2\/comments?post=34502"}],"version-history":[{"count":0,"href":"https:\/\/cermepos.com\/fr\/wp-json\/wp\/v2\/product\/34502\/revisions"}],"wp:attachment":[{"href":"https:\/\/cermepos.com\/fr\/wp-json\/wp\/v2\/media?parent=34502"}],"wp:term":[{"taxonomy":"product_brand","embeddable":true,"href":"https:\/\/cermepos.com\/fr\/wp-json\/wp\/v2\/product_brand?post=34502"},{"taxonomy":"product_cat","embeddable":true,"href":"https:\/\/cermepos.com\/fr\/wp-json\/wp\/v2\/product_cat?post=34502"},{"taxonomy":"product_tag","embeddable":true,"href":"https:\/\/cermepos.com\/fr\/wp-json\/wp\/v2\/product_tag?post=34502"}],"curies":[{"name":"wp","href":"https:\/\/api.w.org\/{rel}","templated":true}]}}