{"id":34503,"date":"2023-05-26T16:25:15","date_gmt":"2023-05-26T14:25:15","guid":{"rendered":"https:\/\/www.cermepos.com\/oplossing\/application-mobile-cermepos-wamas\/"},"modified":"2023-06-21T12:10:05","modified_gmt":"2023-06-21T10:10:05","slug":"application-mobile-cermepos-wamas","status":"publish","type":"product","link":"https:\/\/cermepos.com\/fr\/oplossing\/application-mobile-cermepos-wamas\/","title":{"rendered":"Application mobile CermePOS WAMAS"},"content":{"rendered":"\t\t<div data-elementor-type=\"wp-post\" data-elementor-id=\"34503\" class=\"elementor elementor-34503 elementor-30904\">\n\t\t\t\t\t\t<section class=\"wd-negative-gap elementor-section elementor-top-section elementor-element elementor-element-6b13962e elementor-section-boxed elementor-section-height-default elementor-section-height-default\" data-id=\"6b13962e\" data-element_type=\"section\" data-e-type=\"section\">\n\t\t\t\t\t\t<div class=\"elementor-container elementor-column-gap-default\">\n\t\t\t\t\t<div class=\"elementor-column elementor-col-100 elementor-top-column elementor-element elementor-element-2bdffda5\" data-id=\"2bdffda5\" data-element_type=\"column\" data-e-type=\"column\">\n\t\t\t<div class=\"elementor-widget-wrap elementor-element-populated\">\n\t\t\t\t\t\t<div class=\"elementor-element elementor-element-635f89da color-scheme-inherit text-left elementor-widget elementor-widget-text-editor\" data-id=\"635f89da\" data-element_type=\"widget\" data-e-type=\"widget\" data-widget_type=\"text-editor.default\">\n\t\t\t\t\t\t\t\t\t<h1>Application mobile CermePOS WAMAS<\/h1>\nApplication mobile bas\u00e9e sur Android qui contr\u00f4le vos coll\u00e8gues dans un entrep\u00f4t avec la pr\u00e9paration de commandes, l\u2019emballage et le recollant.\n<ul>\n \t<li>Enti\u00e8rement optimis\u00e9 sur l\u2019itin\u00e9raire de marche logique afin qu\u2019une commande puisse \u00eatre prise rapidement<\/li>\n \t<li>Cr\u00e9er des t\u00e2ches compos\u00e9es d\u2019un article, de plusieurs articles et\/ou de plusieurs commandes<\/li>\n \t<li>Lors de la collecte de plusieurs commandes dans un itin\u00e9raire p\u00e9destre, l\u2019application fournit la vue d\u2019ensemble par commande<\/li>\n \t<li>Les clients peuvent passer une commande avec cet appareil sans retirer les marchandises d\u2019un rack.<\/li>\n<\/ul>\nPlus besoin de chercher, gain de temps gr\u00e2ce \u00e0 l\u2019optimisation.\n\n&nbsp;\n\n&nbsp;\t\t\t\t\t\t\t\t<\/div>\n\t\t\t\t\t<\/div>\n\t\t<\/div>\n\t\t\t\t\t<\/div>\n\t\t<\/section>\n\t\t\t\t<\/div>\n\t\t","protected":false},"excerpt":{"rendered":"<p>Application mobile CermePOS WAMAS Application mobile bas\u00e9e sur Android qui contr\u00f4le vos coll\u00e8gues dans un entrep\u00f4t avec la pr\u00e9paration de<\/p>\n","protected":false},"featured_media":0,"comment_status":"open","ping_status":"closed","template":"","meta":[],"product_brand":[],"product_cat":[1612],"product_tag":[],"class_list":{"0":"post-34503","1":"product","2":"type-product","3":"status-publish","5":"product_cat-systemes-de-point-de-vente-logiciels","7":"first","8":"instock","9":"shipping-taxable","10":"product-type-simple"},"brizy_media":[],"_links":{"self":[{"href":"https:\/\/cermepos.com\/fr\/wp-json\/wp\/v2\/product\/34503","targetHints":{"allow":["GET"]}}],"collection":[{"href":"https:\/\/cermepos.com\/fr\/wp-json\/wp\/v2\/product"}],"about":[{"href":"https:\/\/cermepos.com\/fr\/wp-json\/wp\/v2\/types\/product"}],"replies":[{"embeddable":true,"href":"https:\/\/cermepos.com\/fr\/wp-json\/wp\/v2\/comments?post=34503"}],"version-history":[{"count":0,"href":"https:\/\/cermepos.com\/fr\/wp-json\/wp\/v2\/product\/34503\/revisions"}],"wp:attachment":[{"href":"https:\/\/cermepos.com\/fr\/wp-json\/wp\/v2\/media?parent=34503"}],"wp:term":[{"taxonomy":"product_brand","embeddable":true,"href":"https:\/\/cermepos.com\/fr\/wp-json\/wp\/v2\/product_brand?post=34503"},{"taxonomy":"product_cat","embeddable":true,"href":"https:\/\/cermepos.com\/fr\/wp-json\/wp\/v2\/product_cat?post=34503"},{"taxonomy":"product_tag","embeddable":true,"href":"https:\/\/cermepos.com\/fr\/wp-json\/wp\/v2\/product_tag?post=34503"}],"curies":[{"name":"wp","href":"https:\/\/api.w.org\/{rel}","templated":true}]}}