{"id":34520,"date":"2023-05-26T16:23:10","date_gmt":"2023-05-26T14:23:10","guid":{"rendered":"https:\/\/www.cermepos.com\/oplossing\/cermepos-horeca\/"},"modified":"2023-05-26T16:23:10","modified_gmt":"2023-05-26T14:23:10","slug":"cermepos-restauration","status":"publish","type":"product","link":"https:\/\/cermepos.com\/fr\/oplossing\/cermepos-restauration\/","title":{"rendered":"CermePOS-Horeca"},"content":{"rendered":"<p>Le logiciel de caisse enregistreuse CermePOS a fait ses preuves dans l\u2019industrie h\u00f4teli\u00e8re. Il est utilis\u00e9 aux Pays-Bas, en Allemagne, en Autriche et en France. Tr\u00e8s facile \u00e0 g\u00e9rer par les utilisateurs. Il offre une solution pour les restaurants, les caf\u00e9s, les bistros, les snack-bars et les boutiques sp\u00e9cialis\u00e9es dans la restauration rapide. D\u00e9velopp\u00e9 en collaboration avec l\u2019industrie, il est tr\u00e8s facile \u00e0 apprendre et \u00e0 utiliser avec ses \u00e9crans intuitifs<\/p>\n","protected":false},"excerpt":{"rendered":"<p>Le logiciel de caisse enregistreuse CermePOS a fait ses preuves dans l\u2019industrie h\u00f4teli\u00e8re. Il est utilis\u00e9 aux Pays-Bas, en Allemagne,<\/p>\n","protected":false},"featured_media":0,"comment_status":"open","ping_status":"closed","template":"","meta":[],"product_brand":[],"product_cat":[1612],"product_tag":[],"class_list":{"0":"post-34520","1":"product","2":"type-product","3":"status-publish","5":"product_cat-systemes-de-point-de-vente-logiciels","7":"first","8":"instock","9":"shipping-taxable","10":"product-type-simple"},"brizy_media":[],"_links":{"self":[{"href":"https:\/\/cermepos.com\/fr\/wp-json\/wp\/v2\/product\/34520","targetHints":{"allow":["GET"]}}],"collection":[{"href":"https:\/\/cermepos.com\/fr\/wp-json\/wp\/v2\/product"}],"about":[{"href":"https:\/\/cermepos.com\/fr\/wp-json\/wp\/v2\/types\/product"}],"replies":[{"embeddable":true,"href":"https:\/\/cermepos.com\/fr\/wp-json\/wp\/v2\/comments?post=34520"}],"version-history":[{"count":0,"href":"https:\/\/cermepos.com\/fr\/wp-json\/wp\/v2\/product\/34520\/revisions"}],"wp:attachment":[{"href":"https:\/\/cermepos.com\/fr\/wp-json\/wp\/v2\/media?parent=34520"}],"wp:term":[{"taxonomy":"product_brand","embeddable":true,"href":"https:\/\/cermepos.com\/fr\/wp-json\/wp\/v2\/product_brand?post=34520"},{"taxonomy":"product_cat","embeddable":true,"href":"https:\/\/cermepos.com\/fr\/wp-json\/wp\/v2\/product_cat?post=34520"},{"taxonomy":"product_tag","embeddable":true,"href":"https:\/\/cermepos.com\/fr\/wp-json\/wp\/v2\/product_tag?post=34520"}],"curies":[{"name":"wp","href":"https:\/\/api.w.org\/{rel}","templated":true}]}}