{"id":34521,"date":"2023-05-26T16:22:16","date_gmt":"2023-05-26T14:22:16","guid":{"rendered":"https:\/\/www.cermepos.com\/oplossing\/cermepos-lite\/"},"modified":"2023-06-21T12:12:07","modified_gmt":"2023-06-21T10:12:07","slug":"cermepos-lite","status":"publish","type":"product","link":"https:\/\/cermepos.com\/fr\/oplossing\/cermepos-lite\/","title":{"rendered":"CermePOS Lite"},"content":{"rendered":"\t\t<div data-elementor-type=\"wp-post\" data-elementor-id=\"34521\" class=\"elementor elementor-34521 elementor-30890\">\n\t\t\t\t<div class=\"wd-negative-gap elementor-element elementor-element-6cc1298 e-flex e-con-boxed e-con e-parent\" data-id=\"6cc1298\" data-element_type=\"container\">\n\t\t\t\t\t<div class=\"e-con-inner\">\n\t\t<div class=\"elementor-element elementor-element-8355f0f e-con-full e-flex e-con e-parent\" data-id=\"8355f0f\" data-element_type=\"container\">\n\t\t\t\t<div class=\"elementor-element elementor-element-0f8ef3c color-scheme-inherit text-left elementor-widget elementor-widget-text-editor\" data-id=\"0f8ef3c\" data-element_type=\"widget\" data-widget_type=\"text-editor.default\">\n\t\t\t\t\t\t\t\t\t<p><strong>CermePOS Lite &#8211; la version d\u2019entr\u00e9e de gamme<\/strong><\/p>\n<p>Convient au d\u00e9taillant qui veut une caisse enregistreuse moderne avec un \u00e9cran tactile pour pouvoir faire les ventes et n\u2019a pas d\u2019autres souhaits.<\/p>\n\t\t\t\t\t\t\t\t<\/div>\n\t\t<div class=\"wd-negative-gap elementor-element elementor-element-5ec12d7 e-flex e-con-boxed e-con e-parent\" data-id=\"5ec12d7\" data-element_type=\"container\">\n\t\t\t\t\t<div class=\"e-con-inner\">\n\t\t<div class=\"elementor-element elementor-element-8018b25 e-con-full e-flex e-con e-parent\" data-id=\"8018b25\" data-element_type=\"container\">\n\t\t\t\t<div class=\"elementor-element elementor-element-de0120b color-scheme-inherit text-left elementor-widget elementor-widget-text-editor\" data-id=\"de0120b\" data-element_type=\"widget\" data-widget_type=\"text-editor.default\">\n\t\t\t\t\t\t\t\t\t<p><strong>Cette version peut :  <\/strong><\/p>\n<p style=\"padding-left: 40px;\">+\/+ Traiter les transactions par code PIN<\/p>\n<p style=\"padding-left: 40px;\">+\/+ Imprimer les re\u00e7us<\/p>\n<p style=\"padding-left: 40px;\">+\/+ Enregistrer les ventes<\/p>\n<p style=\"padding-left: 40px;\">+\/+ Cr\u00e9er des offres<\/p>\n<p style=\"padding-left: 40px;\">+\/+ Cr\u00e9er des articles et des groupes<\/p>\n<p style=\"padding-left: 40px;\">+\/+ Cr\u00e9er et utiliser des boutons rapides<\/p>\n\t\t\t\t\t\t\t\t<\/div>\n\t\t\t\t<\/div>\n\t\t<div class=\"elementor-element elementor-element-4e8de9e e-con-full e-flex e-con e-parent\" data-id=\"4e8de9e\" data-element_type=\"container\">\n\t\t\t\t<div class=\"elementor-element elementor-element-be2a493 color-scheme-inherit text-left elementor-widget elementor-widget-text-editor\" data-id=\"be2a493\" data-element_type=\"widget\" data-widget_type=\"text-editor.default\">\n\t\t\t\t\t\t\t\t\t<p><strong>Mais ne peut pas :<\/strong><\/p>\n<p style=\"padding-left: 40px;\">-\/- Enregistrer les achats<\/p>\n<p style=\"padding-left: 40px;\">-\/- Suivi des stocks<\/p>\n<p style=\"padding-left: 40px;\">-\/- Cr\u00e9er des factures de vente<\/p>\n<p style=\"padding-left: 40px;\">\/- Actions avec une carte de fid\u00e9lit\u00e9<\/p>\n<p style=\"padding-left: 40px;\">-\/- Effectuer des op\u00e9rations CRM<\/p>\n<p style=\"padding-left: 40px;\">-\/- D\u00e9claration de TVA<\/p>\n<p style=\"text-align: center;\">\n\t\t\t\t\t\t\t\t<\/div>\n\t\t\t\t<\/div>\n\t\t\t\t\t<\/div>\n\t\t\t\t<\/div>\n\t\t\t\t<div class=\"elementor-element elementor-element-735f82a color-scheme-inherit text-left elementor-widget elementor-widget-text-editor\" data-id=\"735f82a\" data-element_type=\"widget\" data-widget_type=\"text-editor.default\">\n\t\t\t\t\t\t\t\t\t<p>Vous avez le droit de choisir la version compl\u00e8te jusqu\u2019\u00e0 6 mois apr\u00e8s l\u2019achat, vous ne payez que la diff\u00e9rence de prix.<\/p>\n<p style=\"text-align: center;\"><em><strong>Pour savoir si cette version convient \u00e0 votre magasin, contactez-nous pour des conseils sur mesure.<\/strong><\/em><\/p>\n\t\t\t\t\t\t\t\t<\/div>\n\t\t\t\t<\/div>\n\t\t\t\t\t<\/div>\n\t\t\t\t<\/div>\n\t\t\t\t<\/div>\n\t\t","protected":false},"excerpt":{"rendered":"<p>CermePOS Lite &#8211; la version d\u2019entr\u00e9e de gamme Convient au d\u00e9taillant qui veut une caisse enregistreuse moderne avec un \u00e9cran<\/p>\n","protected":false},"featured_media":0,"comment_status":"open","ping_status":"closed","template":"","meta":[],"product_brand":[],"product_cat":[1612],"product_tag":[],"class_list":{"0":"post-34521","1":"product","2":"type-product","3":"status-publish","5":"product_cat-systemes-de-point-de-vente-logiciels","7":"first","8":"instock","9":"shipping-taxable","10":"product-type-simple"},"brizy_media":[],"_links":{"self":[{"href":"https:\/\/cermepos.com\/fr\/wp-json\/wp\/v2\/product\/34521","targetHints":{"allow":["GET"]}}],"collection":[{"href":"https:\/\/cermepos.com\/fr\/wp-json\/wp\/v2\/product"}],"about":[{"href":"https:\/\/cermepos.com\/fr\/wp-json\/wp\/v2\/types\/product"}],"replies":[{"embeddable":true,"href":"https:\/\/cermepos.com\/fr\/wp-json\/wp\/v2\/comments?post=34521"}],"version-history":[{"count":0,"href":"https:\/\/cermepos.com\/fr\/wp-json\/wp\/v2\/product\/34521\/revisions"}],"wp:attachment":[{"href":"https:\/\/cermepos.com\/fr\/wp-json\/wp\/v2\/media?parent=34521"}],"wp:term":[{"taxonomy":"product_brand","embeddable":true,"href":"https:\/\/cermepos.com\/fr\/wp-json\/wp\/v2\/product_brand?post=34521"},{"taxonomy":"product_cat","embeddable":true,"href":"https:\/\/cermepos.com\/fr\/wp-json\/wp\/v2\/product_cat?post=34521"},{"taxonomy":"product_tag","embeddable":true,"href":"https:\/\/cermepos.com\/fr\/wp-json\/wp\/v2\/product_tag?post=34521"}],"curies":[{"name":"wp","href":"https:\/\/api.w.org\/{rel}","templated":true}]}}