{"id":34522,"date":"2023-05-26T16:22:49","date_gmt":"2023-05-26T14:22:49","guid":{"rendered":"https:\/\/www.cermepos.com\/oplossing\/cermepos-complet\/"},"modified":"2023-05-26T16:22:49","modified_gmt":"2023-05-26T14:22:49","slug":"cermepos-full","status":"publish","type":"product","link":"https:\/\/cermepos.com\/fr\/oplossing\/cermepos-full\/","title":{"rendered":"CermePOS complet"},"content":{"rendered":"<p><strong>CermePOS &#8211; Version compl\u00e8te<\/strong><\/p>\n<p>Logiciel de point de vente avec une vaste gamme de fonctionnalit\u00e9s. Convient pour la vente au d\u00e9tail et la vente au d\u00e9tail ainsi qu\u2019un supermarch\u00e9. D\u00e9velopp\u00e9 en collaboration avec les d\u00e9taillants d\u2019une industrie, facile \u00e0 apprendre et \u00e0 utiliser gr\u00e2ce aux \u00e9crans intuitifs. Le syst\u00e8me de caisse enregistreuse qui vous rend heureux, vous, vos employ\u00e9s et votre comptable. La version compl\u00e8te de CermePOS est \u00e9quip\u00e9e de nombreuses fonctions qui ont \u00e9t\u00e9 sp\u00e9cifiquement d\u00e9velopp\u00e9es pour une industrie.<\/p>\n<p style=\"text-align: center;\"><strong><em>Contactez-nous pour une consultation gratuite, nos conseillers POS se feront un plaisir de vous aider sur votre chemin.<\/em><\/strong><\/p>\n<p>&nbsp;<\/p>\n<p>&nbsp;<\/p>\n","protected":false},"excerpt":{"rendered":"<p>CermePOS &#8211; Version compl\u00e8te Logiciel de point de vente avec une vaste gamme de fonctionnalit\u00e9s. Convient pour la vente au<\/p>\n","protected":false},"featured_media":0,"comment_status":"open","ping_status":"closed","template":"","meta":[],"product_brand":[],"product_cat":[1612],"product_tag":[],"class_list":{"0":"post-34522","1":"product","2":"type-product","3":"status-publish","5":"product_cat-systemes-de-point-de-vente-logiciels","7":"first","8":"instock","9":"shipping-taxable","10":"product-type-simple"},"brizy_media":[],"_links":{"self":[{"href":"https:\/\/cermepos.com\/fr\/wp-json\/wp\/v2\/product\/34522","targetHints":{"allow":["GET"]}}],"collection":[{"href":"https:\/\/cermepos.com\/fr\/wp-json\/wp\/v2\/product"}],"about":[{"href":"https:\/\/cermepos.com\/fr\/wp-json\/wp\/v2\/types\/product"}],"replies":[{"embeddable":true,"href":"https:\/\/cermepos.com\/fr\/wp-json\/wp\/v2\/comments?post=34522"}],"version-history":[{"count":0,"href":"https:\/\/cermepos.com\/fr\/wp-json\/wp\/v2\/product\/34522\/revisions"}],"wp:attachment":[{"href":"https:\/\/cermepos.com\/fr\/wp-json\/wp\/v2\/media?parent=34522"}],"wp:term":[{"taxonomy":"product_brand","embeddable":true,"href":"https:\/\/cermepos.com\/fr\/wp-json\/wp\/v2\/product_brand?post=34522"},{"taxonomy":"product_cat","embeddable":true,"href":"https:\/\/cermepos.com\/fr\/wp-json\/wp\/v2\/product_cat?post=34522"},{"taxonomy":"product_tag","embeddable":true,"href":"https:\/\/cermepos.com\/fr\/wp-json\/wp\/v2\/product_tag?post=34522"}],"curies":[{"name":"wp","href":"https:\/\/api.w.org\/{rel}","templated":true}]}}