{"id":34528,"date":"2023-05-08T15:57:53","date_gmt":"2023-05-08T13:57:53","guid":{"rendered":"https:\/\/www.cermepos.com\/oplossing\/worldline-yoximo\/"},"modified":"2023-06-21T12:13:36","modified_gmt":"2023-06-21T10:13:36","slug":"worldline-yoximo","status":"publish","type":"product","link":"https:\/\/cermepos.com\/fr\/oplossing\/worldline-yoximo\/","title":{"rendered":"Worldline Yoximo"},"content":{"rendered":"\t\t<div data-elementor-type=\"wp-post\" data-elementor-id=\"34528\" class=\"elementor elementor-34528 elementor-29484\">\n\t\t\t\t\t\t<section class=\"wd-negative-gap elementor-section elementor-top-section elementor-element elementor-element-0b3c724 elementor-section-boxed elementor-section-height-default elementor-section-height-default\" data-id=\"0b3c724\" data-element_type=\"section\">\n\t\t\t\t\t\t<div class=\"elementor-container elementor-column-gap-default\">\n\t\t\t\t\t<div class=\"elementor-column elementor-col-100 elementor-top-column elementor-element elementor-element-ebcf75c\" data-id=\"ebcf75c\" data-element_type=\"column\">\n\t\t\t<div class=\"elementor-widget-wrap elementor-element-populated\">\n\t\t\t\t\t\t<div class=\"elementor-element elementor-element-b9b0a13 elementor-widget elementor-widget-wd_text_block\" data-id=\"b9b0a13\" data-element_type=\"widget\" data-widget_type=\"wd_text_block.default\">\n\t\t\t\t<div class=\"elementor-widget-container\">\n\t\t\t\t\t\t\t<div class=\"wd-text-block reset-last-child text-left\">\n\t\t\t\n\t\t\t<ul><li><p>Avec le terminal de paiement mobile YOXIMO vous optimisez l\u2019exp\u00e9rience client jusqu\u2019au paiement.<\/p><p><span data-rte-class=\"rte-temp\"><span class=\"styled\">Le <b>grand \u00e9cran couleur <\/b>et le <b>design ergonomique<\/b> garantissent une facilit\u00e9 d\u2019utilisation et une s\u00e9curit\u00e9 de premier ordre pour le client  <\/span><\/span><span data-rte-class=\"rte-temp\"><span class=\"styled\">Le terminal accepte<b> toutes les<\/b> cartes de paiement, ch\u00e8ques-repas \u00e9lectroniques, cartes de fid\u00e9lit\u00e9, cartes d\u2019identit\u00e9 \u00e9lectroniques et cartes cadeaux de Worldline<\/span><\/span><span data-rte-class=\"rte-temp\"><span class=\"styled\">Il lit les cartes via la puce, la bande magn\u00e9tique ou <b>sans contact <\/b> <\/span><\/span><span data-rte-class=\"rte-temp\"><span class=\"styled\"><b>Connectez-vous facilement et efficacement<\/b> (r\u00e9seau mobile 4G, Wi-Fi) gr\u00e2ce \u00e0 la carte SIM multi-r\u00e9seau qui permet une autonomie de pr\u00e8s de 100%<\/span><\/span><span data-rte-class=\"rte-temp\"><span class=\"styled\"><b>Grande<\/b> autonomie (batterie rechargeable avec une autonomie de 300 paiements)<\/span><\/span><\/p><\/li><\/ul>\n\t\t\t\t\t<\/div>\n\t\t\t\t\t\t<\/div>\n\t\t\t\t<\/div>\n\t\t\t\t\t<\/div>\n\t\t<\/div>\n\t\t\t\t\t<\/div>\n\t\t<\/section>\n\t\t\t\t<\/div>\n\t\t","protected":false},"excerpt":{"rendered":"<p>Avec le terminal de paiement mobile YOXIMO vous optimisez l\u2019exp\u00e9rience client jusqu\u2019au paiement. Le grand \u00e9cran couleur et le design<\/p>\n","protected":false},"featured_media":33408,"comment_status":"closed","ping_status":"closed","template":"","meta":[],"product_brand":[],"product_cat":[1608],"product_tag":[],"class_list":{"0":"post-34528","1":"product","2":"type-product","3":"status-publish","4":"has-post-thumbnail","6":"product_cat-systemes-de-point-de-vente-materiels","8":"first","9":"instock","10":"featured","11":"shipping-taxable","12":"product-type-simple"},"brizy_media":[],"_links":{"self":[{"href":"https:\/\/cermepos.com\/fr\/wp-json\/wp\/v2\/product\/34528","targetHints":{"allow":["GET"]}}],"collection":[{"href":"https:\/\/cermepos.com\/fr\/wp-json\/wp\/v2\/product"}],"about":[{"href":"https:\/\/cermepos.com\/fr\/wp-json\/wp\/v2\/types\/product"}],"replies":[{"embeddable":true,"href":"https:\/\/cermepos.com\/fr\/wp-json\/wp\/v2\/comments?post=34528"}],"version-history":[{"count":0,"href":"https:\/\/cermepos.com\/fr\/wp-json\/wp\/v2\/product\/34528\/revisions"}],"wp:featuredmedia":[{"embeddable":true,"href":"https:\/\/cermepos.com\/fr\/wp-json\/wp\/v2\/media\/33408"}],"wp:attachment":[{"href":"https:\/\/cermepos.com\/fr\/wp-json\/wp\/v2\/media?parent=34528"}],"wp:term":[{"taxonomy":"product_brand","embeddable":true,"href":"https:\/\/cermepos.com\/fr\/wp-json\/wp\/v2\/product_brand?post=34528"},{"taxonomy":"product_cat","embeddable":true,"href":"https:\/\/cermepos.com\/fr\/wp-json\/wp\/v2\/product_cat?post=34528"},{"taxonomy":"product_tag","embeddable":true,"href":"https:\/\/cermepos.com\/fr\/wp-json\/wp\/v2\/product_tag?post=34528"}],"curies":[{"name":"wp","href":"https:\/\/api.w.org\/{rel}","templated":true}]}}