{"id":34539,"date":"2023-04-24T16:56:52","date_gmt":"2023-04-24T14:56:52","guid":{"rendered":"https:\/\/www.cermepos.com\/oplossing\/wintec-s500-scalepos\/"},"modified":"2023-04-24T16:56:52","modified_gmt":"2023-04-24T14:56:52","slug":"wintec-s500-scalepos","status":"publish","type":"product","link":"https:\/\/cermepos.com\/fr\/oplossing\/wintec-s500-scalepos\/","title":{"rendered":"Wintec S500 Scalepos"},"content":{"rendered":"<p><strong>Wintec S500, la solution de caisse enregistreuse tout-en-un<\/strong><\/p>\n<p>Une balance, une imprimante d\u2019\u00e9tiquettes \u00e0 codes-barres, une caisse enregistreuse et une imprimante de re\u00e7us dans un seul appareil, vous pouvez peser, tarifer, pr\u00e9emballer et payer. Ce mod\u00e8le est con\u00e7u pour \u00e9conomiser de l\u2019espace avec un look luxueux pour vos clients. Grand \u00e9cran tactile, pour vous ou vos employ\u00e9s et un grand \u00e9cran pour vos clients. Votre conseiller en point de vente se fera un plaisir de r\u00e9fl\u00e9chir avec vous \u00e0 la meilleure solution.<\/p>\n","protected":false},"excerpt":{"rendered":"<p>Wintec S500, la solution de caisse enregistreuse tout-en-un Une balance, une imprimante d\u2019\u00e9tiquettes \u00e0 codes-barres, une caisse enregistreuse et une<\/p>\n","protected":false},"featured_media":33387,"comment_status":"open","ping_status":"closed","template":"","meta":[],"product_brand":[],"product_cat":[1620],"product_tag":[],"class_list":{"0":"post-34539","1":"product","2":"type-product","3":"status-publish","4":"has-post-thumbnail","6":"product_cat-balances","8":"first","9":"instock","10":"shipping-taxable","11":"product-type-simple"},"brizy_media":[],"_links":{"self":[{"href":"https:\/\/cermepos.com\/fr\/wp-json\/wp\/v2\/product\/34539","targetHints":{"allow":["GET"]}}],"collection":[{"href":"https:\/\/cermepos.com\/fr\/wp-json\/wp\/v2\/product"}],"about":[{"href":"https:\/\/cermepos.com\/fr\/wp-json\/wp\/v2\/types\/product"}],"replies":[{"embeddable":true,"href":"https:\/\/cermepos.com\/fr\/wp-json\/wp\/v2\/comments?post=34539"}],"version-history":[{"count":0,"href":"https:\/\/cermepos.com\/fr\/wp-json\/wp\/v2\/product\/34539\/revisions"}],"wp:featuredmedia":[{"embeddable":true,"href":"https:\/\/cermepos.com\/fr\/wp-json\/wp\/v2\/media\/33387"}],"wp:attachment":[{"href":"https:\/\/cermepos.com\/fr\/wp-json\/wp\/v2\/media?parent=34539"}],"wp:term":[{"taxonomy":"product_brand","embeddable":true,"href":"https:\/\/cermepos.com\/fr\/wp-json\/wp\/v2\/product_brand?post=34539"},{"taxonomy":"product_cat","embeddable":true,"href":"https:\/\/cermepos.com\/fr\/wp-json\/wp\/v2\/product_cat?post=34539"},{"taxonomy":"product_tag","embeddable":true,"href":"https:\/\/cermepos.com\/fr\/wp-json\/wp\/v2\/product_tag?post=34539"}],"curies":[{"name":"wp","href":"https:\/\/api.w.org\/{rel}","templated":true}]}}