{"id":34540,"date":"2023-04-24T16:47:57","date_gmt":"2023-04-24T14:47:57","guid":{"rendered":"https:\/\/www.cermepos.com\/oplossing\/wintec-s300-balance-enregistreuse-et-imprimante-de-recus-en-un\/"},"modified":"2023-04-24T16:47:57","modified_gmt":"2023-04-24T14:47:57","slug":"wintec-s300-pos-scale-and-receipt-printer-in-one","status":"publish","type":"product","link":"https:\/\/cermepos.com\/fr\/oplossing\/wintec-s300-pos-scale-and-receipt-printer-in-one\/","title":{"rendered":"Wintec S300, balance enregistreuse et imprimante de re\u00e7us en un"},"content":{"rendered":"<p><span style=\"background-color: var(--wd-main-bgcolor); color: var(--wd-text-color); font-size: 18px;\">Ce mod\u00e8le est \u00e0 la fois \u00e0 la balance et \u00e0 la caisse enregistreuse avec une imprimante de re\u00e7us, sans imprimante d\u2019\u00e9tiquettes. C\u2019est un bourreau de travail appropri\u00e9 si vous ne faites pas d\u2019auto-emballage. Si vous n\u2019\u00eates pas s\u00fbr ou pensez que vous le ferez \u00e0 l\u2019avenir, le mod\u00e8le ci-dessous est le meilleur choix.<\/span><\/p>\n","protected":false},"excerpt":{"rendered":"<p>Ce mod\u00e8le est \u00e0 la fois \u00e0 la balance et \u00e0 la caisse enregistreuse avec une imprimante de re\u00e7us, sans<\/p>\n","protected":false},"featured_media":33390,"comment_status":"open","ping_status":"closed","template":"","meta":[],"product_brand":[],"product_cat":[1620],"product_tag":[],"class_list":{"0":"post-34540","1":"product","2":"type-product","3":"status-publish","4":"has-post-thumbnail","6":"product_cat-balances","8":"first","9":"instock","10":"shipping-taxable","11":"product-type-simple"},"brizy_media":[],"_links":{"self":[{"href":"https:\/\/cermepos.com\/fr\/wp-json\/wp\/v2\/product\/34540","targetHints":{"allow":["GET"]}}],"collection":[{"href":"https:\/\/cermepos.com\/fr\/wp-json\/wp\/v2\/product"}],"about":[{"href":"https:\/\/cermepos.com\/fr\/wp-json\/wp\/v2\/types\/product"}],"replies":[{"embeddable":true,"href":"https:\/\/cermepos.com\/fr\/wp-json\/wp\/v2\/comments?post=34540"}],"version-history":[{"count":0,"href":"https:\/\/cermepos.com\/fr\/wp-json\/wp\/v2\/product\/34540\/revisions"}],"wp:featuredmedia":[{"embeddable":true,"href":"https:\/\/cermepos.com\/fr\/wp-json\/wp\/v2\/media\/33390"}],"wp:attachment":[{"href":"https:\/\/cermepos.com\/fr\/wp-json\/wp\/v2\/media?parent=34540"}],"wp:term":[{"taxonomy":"product_brand","embeddable":true,"href":"https:\/\/cermepos.com\/fr\/wp-json\/wp\/v2\/product_brand?post=34540"},{"taxonomy":"product_cat","embeddable":true,"href":"https:\/\/cermepos.com\/fr\/wp-json\/wp\/v2\/product_cat?post=34540"},{"taxonomy":"product_tag","embeddable":true,"href":"https:\/\/cermepos.com\/fr\/wp-json\/wp\/v2\/product_tag?post=34540"}],"curies":[{"name":"wp","href":"https:\/\/api.w.org\/{rel}","templated":true}]}}