{"id":34549,"date":"2023-04-24T16:33:46","date_gmt":"2023-04-24T14:33:46","guid":{"rendered":"https:\/\/www.cermepos.com\/oplossing\/digi-elektronik-barcode-balance-sm-120-p-15-kg\/"},"modified":"2023-04-24T16:33:46","modified_gmt":"2023-04-24T14:33:46","slug":"digi-elektronik-barcodescale-sm-120-p-15-kg","status":"publish","type":"product","link":"https:\/\/cermepos.com\/fr\/oplossing\/digi-elektronik-barcodescale-sm-120-p-15-kg\/","title":{"rendered":"Digi Elektronik Barcode Balance SM-120 P 15 Kg"},"content":{"rendered":"<p><strong><span style=\"background-color: var(--wd-main-bgcolor); color: var(--wd-text-color); font-size: 18px;\">D\u00e9partement d\u2019entr\u00e9e de gamme viande et fra\u00eeche, avec imprimante d\u2019\u00e9tiquettes  <\/span><\/strong><\/p>\n<p><span style=\"background-color: var(--wd-main-bgcolor); color: var(--wd-text-color); font-size: 18px;\">Un mod\u00e8le d\u2019entr\u00e9e de gamme pour le rayon viande ou frais de votre supermarch\u00e9, avec imprimante d\u2019\u00e9tiquettes, est le DIGI SM120. \u00c0 la caisse, l\u2019\u00e9tiquette du code-barres est scann\u00e9e et toutes les informations apparaissent \u00e0 l\u2019\u00e9cran.<\/span><\/p>\n<p>&nbsp;<\/p>\n<p><strong>Digi Elektronik Barcode Balance SM-120 P 15 Kg<\/strong><\/p>\n<ul>\n<li>Il fonctionne avec une connexion de prise de courant.<\/li>\n<li>Sensibilit\u00e9 de pes\u00e9e de 2 grammes \u00e0 6 kg, 5 grammes entre 6-15 kg<\/li>\n<li>Grand \u00e9cran LCD sur\u00e9lev\u00e9 double face r\u00e9tro\u00e9clair\u00e9 pour l\u2019utilisateur et le client<\/li>\n<li>56 \u00e9l\u00e9ments pr\u00e9d\u00e9finis, dont 10 nombres, 17 touches de contr\u00f4le<\/li>\n<li>83 claviers \u00e0 membrane au total<\/li>\n<li>Cassette et m\u00e9canisme d\u2019imprimante facilement amovible<\/li>\n<li>Imprimez des re\u00e7us ou des \u00e9tiquettes de 60 mm de large<\/li>\n<li>RS-232, ports de connexion Ethernet 10\/100M<\/li>\n<li>Plateau de pes\u00e9e plat de 356 x 283 mm<\/li>\n<\/ul>\n","protected":false},"excerpt":{"rendered":"<p>D\u00e9partement d\u2019entr\u00e9e de gamme viande et fra\u00eeche, avec imprimante d\u2019\u00e9tiquettes Un mod\u00e8le d\u2019entr\u00e9e de gamme pour le rayon viande ou<\/p>\n","protected":false},"featured_media":33396,"comment_status":"open","ping_status":"closed","template":"","meta":[],"product_brand":[],"product_cat":[1620],"product_tag":[],"class_list":{"0":"post-34549","1":"product","2":"type-product","3":"status-publish","4":"has-post-thumbnail","6":"product_cat-balances","8":"first","9":"instock","10":"shipping-taxable","11":"product-type-simple"},"brizy_media":[],"_links":{"self":[{"href":"https:\/\/cermepos.com\/fr\/wp-json\/wp\/v2\/product\/34549","targetHints":{"allow":["GET"]}}],"collection":[{"href":"https:\/\/cermepos.com\/fr\/wp-json\/wp\/v2\/product"}],"about":[{"href":"https:\/\/cermepos.com\/fr\/wp-json\/wp\/v2\/types\/product"}],"replies":[{"embeddable":true,"href":"https:\/\/cermepos.com\/fr\/wp-json\/wp\/v2\/comments?post=34549"}],"version-history":[{"count":0,"href":"https:\/\/cermepos.com\/fr\/wp-json\/wp\/v2\/product\/34549\/revisions"}],"wp:featuredmedia":[{"embeddable":true,"href":"https:\/\/cermepos.com\/fr\/wp-json\/wp\/v2\/media\/33396"}],"wp:attachment":[{"href":"https:\/\/cermepos.com\/fr\/wp-json\/wp\/v2\/media?parent=34549"}],"wp:term":[{"taxonomy":"product_brand","embeddable":true,"href":"https:\/\/cermepos.com\/fr\/wp-json\/wp\/v2\/product_brand?post=34549"},{"taxonomy":"product_cat","embeddable":true,"href":"https:\/\/cermepos.com\/fr\/wp-json\/wp\/v2\/product_cat?post=34549"},{"taxonomy":"product_tag","embeddable":true,"href":"https:\/\/cermepos.com\/fr\/wp-json\/wp\/v2\/product_tag?post=34549"}],"curies":[{"name":"wp","href":"https:\/\/api.w.org\/{rel}","templated":true}]}}